{"id":3537,"date":"2026-04-01T04:12:05","date_gmt":"2026-04-01T04:12:05","guid":{"rendered":"https:\/\/lyfilter.com\/"},"modified":"2026-04-01T04:12:05","modified_gmt":"2026-04-01T04:12:05","slug":"stainless-steel-liquid-bag-filter-housing","status":"publish","type":"product","link":"https:\/\/lyfilter.com\/pt\/stainless-steel-liquid-bag-filter-housing\/","title":{"rendered":"Caixa do filtro de mangas para l\u00edquidos em a\u00e7o inoxid\u00e1vel"},"content":{"rendered":"<table>\n<thead>\n<tr>\n<th>Carater\u00edstica do produto<\/th>\n<th>Adotar uma estrutura \u00fanica de uma s\u00f3 pe\u00e7a, com especifica\u00e7\u00f5es precisas.<\/th>\n<\/tr>\n<\/thead>\n<tbody>\n<tr>\n<td>Carater\u00edstica do produto<\/td>\n<td>F\u00e1cil de utilizar.<\/td>\n<\/tr>\n<tr>\n<td>Carater\u00edstica do produto<\/td>\n<td>Elevada resist\u00eancia \u00e0 corros\u00e3o.<\/td>\n<\/tr>\n<tr>\n<td>Carater\u00edstica do produto<\/td>\n<td>Estrutura do parafuso de olhal para o fecho do po\u00e7o.<\/td>\n<\/tr>\n<tr>\n<td>Carater\u00edstica do produto<\/td>\n<td>Resist\u00eancia a altas temperaturas at\u00e9 90\u00b0C.<\/td>\n<\/tr>\n<tr>\n<td>Material<\/td>\n<td>SS304\/SS316L<\/td>\n<\/tr>\n<tr>\n<td>Quantidade de sacos<\/td>\n<td>saco \u00fanico ou saco m\u00faltiplo<\/td>\n<\/tr>\n<tr>\n<td>N\u00famero do saco<\/td>\n<td>#1, 2, 3, 4, 5 ou OEM<\/td>\n<\/tr>\n<tr>\n<td>Op\u00e7\u00e3o de quantidade<\/td>\n<td>1 a 18 sacos<\/td>\n<\/tr>\n<tr>\n<td>Taxa de filtragem do saco<\/td>\n<td>0,5, 1, 5, 10, 20, 50, 100, 200 a 500 m\u00edcrones<\/td>\n<\/tr>\n<tr>\n<td>Anel de veda\u00e7\u00e3o<\/td>\n<td>Polido\/jato de areia<\/td>\n<\/tr>\n<tr>\n<td>Utiliza\u00e7\u00e3o<\/td>\n<td>Filtragem de l\u00edquidos<\/td>\n<\/tr>\n<tr>\n<td>Press\u00e3o m\u00e1xima de trabalho<\/td>\n<td>100, 150, 300 psi, OEM<\/td>\n<\/tr>\n<tr>\n<td>Espessura da parede<\/td>\n<td>1,5-5mm<\/td>\n<\/tr>\n<tr>\n<td>Aceitar<\/td>\n<td>Personalizado por OEM<\/td>\n<\/tr>\n<\/tbody>\n<\/table>","protected":false},"excerpt":{"rendered":"<table>\n<thead>\n<tr>\n<th>Porto de in\u00edcio<\/th>\n<th>Guangzhou<\/th>\n<\/tr>\n<\/thead>\n<tbody>\n<tr>\n<td>Capacidade de produ\u00e7\u00e3o<\/td>\n<td>10000 unidades\/m\u00eas<\/td>\n<\/tr>\n<tr>\n<td>Local de origem<\/td>\n<td>Guangdong, China<\/td>\n<\/tr>\n<tr>\n<td>Pagamento<\/td>\n<td>L\/C, T\/T, Garantia de com\u00e9rcio de Alibaba<\/td>\n<\/tr>\n<tr>\n<td>QUANTIDADE M\u00c1XIMA DE ENCOMENDA<\/td>\n<td>1 unidade<\/td>\n<\/tr>\n<tr>\n<td>Modelo<\/td>\n<td>LY-HFPL-10<\/td>\n<\/tr>\n<tr>\n<td>Prazo de entrega<\/td>\n<td>No prazo de 7 dias \u00fateis<\/td>\n<\/tr>\n<tr>\n<td>Certifica\u00e7\u00e3o<\/td>\n<td>ISO 9001<\/td>\n<\/tr>\n<tr>\n<td>Marca<\/td>\n<td>OEM\/Lvyuan<\/td>\n<\/tr>\n<\/tbody>\n<\/table>","protected":false},"featured_media":3538,"comment_status":"open","ping_status":"closed","template":"","meta":{"_gspb_post_css":""},"product_brand":[],"product_cat":[15],"product_tag":[43,42,1064,1066,1065,40],"class_list":{"0":"post-3537","1":"product","2":"type-product","3":"status-publish","4":"has-post-thumbnail","6":"product_cat-stainless-steel-filter-housing","7":"product_tag-corrosion-resistant-filter-housing","8":"product_tag-industrial-liquid-filtration","9":"product_tag-liquid-bag-filter-housing","10":"product_tag-multi-bag-filter-system","11":"product_tag-oem-bag-filter-housing","12":"product_tag-stainless-steel-bag-filter-housing","14":"first","15":"instock","16":"shipping-taxable","17":"product-type-simple"},"_links":{"self":[{"href":"https:\/\/lyfilter.com\/pt\/wp-json\/wp\/v2\/product\/3537","targetHints":{"allow":["GET"]}}],"collection":[{"href":"https:\/\/lyfilter.com\/pt\/wp-json\/wp\/v2\/product"}],"about":[{"href":"https:\/\/lyfilter.com\/pt\/wp-json\/wp\/v2\/types\/product"}],"replies":[{"embeddable":true,"href":"https:\/\/lyfilter.com\/pt\/wp-json\/wp\/v2\/comments?post=3537"}],"wp:featuredmedia":[{"embeddable":true,"href":"https:\/\/lyfilter.com\/pt\/wp-json\/wp\/v2\/media\/3538"}],"wp:attachment":[{"href":"https:\/\/lyfilter.com\/pt\/wp-json\/wp\/v2\/media?parent=3537"}],"wp:term":[{"taxonomy":"product_brand","embeddable":true,"href":"https:\/\/lyfilter.com\/pt\/wp-json\/wp\/v2\/product_brand?post=3537"},{"taxonomy":"product_cat","embeddable":true,"href":"https:\/\/lyfilter.com\/pt\/wp-json\/wp\/v2\/product_cat?post=3537"},{"taxonomy":"product_tag","embeddable":true,"href":"https:\/\/lyfilter.com\/pt\/wp-json\/wp\/v2\/product_tag?post=3537"}],"curies":[{"name":"wp","href":"https:\/\/api.w.org\/{rel}","templated":true}]}}