{"id":2592,"date":"2026-01-08T07:13:58","date_gmt":"2026-01-08T07:13:58","guid":{"rendered":"https:\/\/lyfilter.com\/?post_type=product&#038;p=2592"},"modified":"2026-01-08T07:13:59","modified_gmt":"2026-01-08T07:13:59","slug":"ss-304-316-stainless-steel-filter-bag","status":"publish","type":"product","link":"https:\/\/lyfilter.com\/pt\/ss-304-316-stainless-steel-filter-bag\/","title":{"rendered":"Saco de filtro de a\u00e7o inoxid\u00e1vel SS 304 316"},"content":{"rendered":"<div class=\"unit-detail-html-tabs__content-attr\">\n<div class=\"unit-product-attrparam\">\n<div class=\"unit-product-attrparam__items row\">\n<div class=\"col-12 col-md-6\">\n<div class=\"unit-product-attrparam__item\">\n<div class=\"unit-product-attrparam__label\">\n<table>\n<thead>\n<tr>\n<th>Material<\/th>\n<th>A\u00e7o inoxid\u00e1vel<\/th>\n<\/tr>\n<\/thead>\n<tbody>\n<tr>\n<td>Disponibilidade<\/td>\n<td>OEM<\/td>\n<\/tr>\n<\/tbody>\n<\/table>\n<\/div>\n<\/div>\n<\/div>\n<\/div>\n<\/div>\n<\/div>\n<div class=\"unit-detail-html-tabs__content-featuresAttr\"><\/div>\n<div class=\"unit-detail-html-tabs__content-html\">\n<p><strong>Saco de filtro de a\u00e7o inoxid\u00e1vel SS 304 316<\/strong><\/p>\n<p>MATERIAL DE FILTRO DE A\u00c7O INOXID\u00c1VEL 304 PREFERIDO<\/p>\n<p>O saco de a\u00e7o inoxid\u00e1vel \u00e9 feito de material SUS304 ou SUS316 de a\u00e7o inoxid\u00e1vel n\u00e3o deform\u00e1vel e tecido numa malha de acordo com as especifica\u00e7\u00f5es especificadas. Ap\u00f3s o aquecimento, torna-se numa malha de monofilamento. A tecelagem constitui uma superf\u00edcie lisa, que \u00e9 f\u00e1cil de limpar e pode ser usada repetidamente. Ao mesmo tempo, \u00e9 adequada para a filtragem de alguns l\u00edquidos com elevado teor de impurezas, o que reduz o custo de filtragem.<\/p>\n<p>EXCIPIENTES DE QUALIDADE SUPERIOR<\/p>\n<p>Acess\u00f3rios de boa qualidade s\u00e3o uma condi\u00e7\u00e3o indispens\u00e1vel para a produ\u00e7\u00e3o de sacos filtrantes de boa qualidade. S\u00f3 atrav\u00e9s do nosso controlo rigoroso dos fornecedores \u00e9 poss\u00edvel selecionar acess\u00f3rios de boa qualidade e s\u00f3 depois de passarem os testes de fluoresc\u00eancia e de plastificantes \u00e9 que podem ser utilizados para produzir sacos de filtro.<\/p>\n<p><img decoding=\"async\" src=\"https:\/\/img.yfisher.com\/m6076\/1725732616tgn\/jpg70-t3-scale100.webp\" alt=\"Saco de filtro de a\u00e7o inoxid\u00e1vel SS 304 316 2\" data-lazy=\"2\" title=\"\"><\/p>\n<p><img decoding=\"async\" src=\"https:\/\/img.yfisher.com\/m6076\/1725732616e42\/jpg70-t3-scale100.webp\" alt=\"Saco de filtro de a\u00e7o inoxid\u00e1vel SS 304 316 3\" data-lazy=\"2\" title=\"\"><\/p>\n<p><img decoding=\"async\" src=\"https:\/\/img.yfisher.com\/m6076\/1725732616srt\/jpg70-t3-scale100.webp\" alt=\"Saco de filtro de a\u00e7o inoxid\u00e1vel SS 304 316 4\" data-lazy=\"2\" title=\"\"><\/p>\n<p><img decoding=\"async\" src=\"https:\/\/img.yfisher.com\/m6076\/1725732616e74\/jpg70-t3-scale100.webp\" alt=\"Saco de filtro de a\u00e7o inoxid\u00e1vel SS 304 316 5\" data-lazy=\"2\" title=\"\"><\/p>\n<p><img decoding=\"async\" src=\"https:\/\/img.yfisher.com\/m6076\/1725732616zjv\/jpg70-t3-scale100.webp\" alt=\"Saco de filtro de a\u00e7o inoxid\u00e1vel SS 304 316 6\" data-lazy=\"2\" title=\"\"><\/p>\n<\/div>","protected":false},"excerpt":{"rendered":"<p>Material Stainless Steel Availability OEM SS 304 316 Stainless Steel Filter Bag PREFERRED 304 STAINLESS STEEL FILTER MATERIAL The stainiess steel fiter bag is made of non-deformable stainless steel spun SUS304 or SUS316 material and woven into a mesh according to the specified specifications, After heat setting, it becomes a monofilament mesh. The weaving constitutes [&hellip;]<\/p>\n","protected":false},"featured_media":2594,"comment_status":"open","ping_status":"closed","template":"","meta":{"_gspb_post_css":""},"product_brand":[],"product_cat":[1054],"product_tag":[],"class_list":{"0":"post-2592","1":"product","2":"type-product","3":"status-publish","4":"has-post-thumbnail","6":"product_cat-filter-bag","8":"first","9":"instock","10":"shipping-taxable","11":"product-type-simple"},"_links":{"self":[{"href":"https:\/\/lyfilter.com\/pt\/wp-json\/wp\/v2\/product\/2592","targetHints":{"allow":["GET"]}}],"collection":[{"href":"https:\/\/lyfilter.com\/pt\/wp-json\/wp\/v2\/product"}],"about":[{"href":"https:\/\/lyfilter.com\/pt\/wp-json\/wp\/v2\/types\/product"}],"replies":[{"embeddable":true,"href":"https:\/\/lyfilter.com\/pt\/wp-json\/wp\/v2\/comments?post=2592"}],"wp:featuredmedia":[{"embeddable":true,"href":"https:\/\/lyfilter.com\/pt\/wp-json\/wp\/v2\/media\/2594"}],"wp:attachment":[{"href":"https:\/\/lyfilter.com\/pt\/wp-json\/wp\/v2\/media?parent=2592"}],"wp:term":[{"taxonomy":"product_brand","embeddable":true,"href":"https:\/\/lyfilter.com\/pt\/wp-json\/wp\/v2\/product_brand?post=2592"},{"taxonomy":"product_cat","embeddable":true,"href":"https:\/\/lyfilter.com\/pt\/wp-json\/wp\/v2\/product_cat?post=2592"},{"taxonomy":"product_tag","embeddable":true,"href":"https:\/\/lyfilter.com\/pt\/wp-json\/wp\/v2\/product_tag?post=2592"}],"curies":[{"name":"wp","href":"https:\/\/api.w.org\/{rel}","templated":true}]}}