{"id":2590,"date":"2026-01-08T07:14:03","date_gmt":"2026-01-08T07:14:03","guid":{"rendered":"https:\/\/lyfilter.com\/?post_type=product&#038;p=2590"},"modified":"2026-01-08T07:14:03","modified_gmt":"2026-01-08T07:14:03","slug":"pfte-filter-bag","status":"publish","type":"product","link":"https:\/\/lyfilter.com\/pt\/pfte-filter-bag\/","title":{"rendered":"Saco de filtro PFTE"},"content":{"rendered":"<div class=\"unit-detail-html-tabs__content-attr\">\n<div class=\"unit-product-attrparam\">\n<div class=\"unit-product-attrparam__items row\">\n<div class=\"col-12 col-md-6\">\n<div class=\"unit-product-attrparam__item\">\n<div class=\"unit-product-attrparam__label\">\n<table>\n<thead>\n<tr>\n<th>Material<\/th>\n<th>PTFE<\/th>\n<\/tr>\n<\/thead>\n<tbody>\n<tr>\n<td>Disponibilidade<\/td>\n<td>OEM<\/td>\n<\/tr>\n<\/tbody>\n<\/table>\n<\/div>\n<\/div>\n<\/div>\n<\/div>\n<\/div>\n<\/div>\n<div class=\"unit-detail-html-tabs__content-featuresAttr\"><\/div>\n<div class=\"unit-detail-html-tabs__content-html\">\n<p><strong>Saco de filtro PFTE<\/strong><\/p>\n<p>MAT\u00c9RIAS-PRIMAS SELECCIONADAS DE ALTA QUALIDADE<\/p>\n<p>\u00c9 prefer\u00edvel que o material filtrante de PTFE tenha diferentes condi\u00e7\u00f5es de trabalho e diferentes escolhas, e que os materiais com diferentes espessuras e resist\u00eancias sejam selecionados de acordo com diferentes requisitos.<\/p>\n<p><img decoding=\"async\" src=\"https:\/\/img.yfisher.com\/m6076\/1725732614sjn\/jpg70-t3-scale100.webp\" alt=\"Saco de filtro PFTE 2\" data-lazy=\"2\" title=\"\"><\/p>\n<p><img decoding=\"async\" src=\"https:\/\/img.yfisher.com\/m6076\/1725732614cxr\/jpg70-t3-scale100.webp\" alt=\"Saco de filtro PFTE 3\" data-lazy=\"2\" title=\"\"><\/p>\n<p><img decoding=\"async\" src=\"https:\/\/img.yfisher.com\/m6076\/17257326147fb\/jpg70-t3-scale100.webp\" alt=\"Saco de filtro PFTE 4\" data-lazy=\"2\" title=\"\"><\/p>\n<p><img decoding=\"async\" src=\"https:\/\/img.yfisher.com\/m6076\/1725732614k5l\/jpg70-t3-scale100.webp\" alt=\"Saco de filtro PFTE 5\" data-lazy=\"2\" title=\"\"><\/p>\n<p><img decoding=\"async\" src=\"https:\/\/img.yfisher.com\/m6076\/1725732614pnx\/jpg70-t3-scale100.webp\" alt=\"Saco de filtro PFTE 6\" data-lazy=\"2\" title=\"\"><\/p>\n<\/div>","protected":false},"excerpt":{"rendered":"<table>\n<thead>\n<tr>\n<th>Porto de in\u00edcio<\/th>\n<th>Guangzhou<\/th>\n<\/tr>\n<\/thead>\n<tbody>\n<tr>\n<td>Capacidade de produ\u00e7\u00e3o<\/td>\n<td>10000 unidades\/m\u00eas<\/td>\n<\/tr>\n<tr>\n<td>Local de origem<\/td>\n<td>Guangdong, China<\/td>\n<\/tr>\n<tr>\n<td>Pagamento<\/td>\n<td>T\/T, Western Union, Garantia de com\u00e9rcio de Alibaba, paypal<\/td>\n<\/tr>\n<tr>\n<td>QUANTIDADE M\u00c1XIMA DE ENCOMENDA<\/td>\n<td>1 unidade<\/td>\n<\/tr>\n<tr>\n<td>Modelo<\/td>\n<td>LY-HFPL<\/td>\n<\/tr>\n<tr>\n<td>Prazo de entrega<\/td>\n<td>No prazo de 7 dias \u00fateis<\/td>\n<\/tr>\n<tr>\n<td>Certifica\u00e7\u00e3o<\/td>\n<td>ISO 9001<\/td>\n<\/tr>\n<\/tbody>\n<\/table>","protected":false},"featured_media":2593,"comment_status":"open","ping_status":"closed","template":"","meta":{"_gspb_post_css":""},"product_brand":[],"product_cat":[1054],"product_tag":[279,261,266,260,268,971],"class_list":{"0":"post-2590","1":"product","2":"type-product","3":"status-publish","4":"has-post-thumbnail","6":"product_cat-filter-bag","7":"product_tag-alibaba-trade-assurance","8":"product_tag-guangdong-china","9":"product_tag-guangzhou","10":"product_tag-iso-9001","11":"product_tag-ly-hfpl","12":"product_tag-western-union","14":"first","15":"instock","16":"shipping-taxable","17":"product-type-simple"},"_links":{"self":[{"href":"https:\/\/lyfilter.com\/pt\/wp-json\/wp\/v2\/product\/2590","targetHints":{"allow":["GET"]}}],"collection":[{"href":"https:\/\/lyfilter.com\/pt\/wp-json\/wp\/v2\/product"}],"about":[{"href":"https:\/\/lyfilter.com\/pt\/wp-json\/wp\/v2\/types\/product"}],"replies":[{"embeddable":true,"href":"https:\/\/lyfilter.com\/pt\/wp-json\/wp\/v2\/comments?post=2590"}],"wp:featuredmedia":[{"embeddable":true,"href":"https:\/\/lyfilter.com\/pt\/wp-json\/wp\/v2\/media\/2593"}],"wp:attachment":[{"href":"https:\/\/lyfilter.com\/pt\/wp-json\/wp\/v2\/media?parent=2590"}],"wp:term":[{"taxonomy":"product_brand","embeddable":true,"href":"https:\/\/lyfilter.com\/pt\/wp-json\/wp\/v2\/product_brand?post=2590"},{"taxonomy":"product_cat","embeddable":true,"href":"https:\/\/lyfilter.com\/pt\/wp-json\/wp\/v2\/product_cat?post=2590"},{"taxonomy":"product_tag","embeddable":true,"href":"https:\/\/lyfilter.com\/pt\/wp-json\/wp\/v2\/product_tag?post=2590"}],"curies":[{"name":"wp","href":"https:\/\/api.w.org\/{rel}","templated":true}]}}