{"id":2589,"date":"2026-01-08T07:13:51","date_gmt":"2026-01-08T07:13:51","guid":{"rendered":"https:\/\/lyfilter.com\/?post_type=product&#038;p=2589"},"modified":"2026-01-08T07:13:51","modified_gmt":"2026-01-08T07:13:51","slug":"nmo-nylon-filter-bag","status":"publish","type":"product","link":"https:\/\/lyfilter.com\/pt\/nmo-nylon-filter-bag\/","title":{"rendered":"Saco de filtro de nylon NMO"},"content":{"rendered":"<div id=\"block-JVSo1kkEkB\">\n<div id=\"module-oFFB1t57qD\" class=\"\">\n<div id=\"grid-DKXJDX9oJK\" class=\"container\">\n<div class=\"row no-gutters\">\n<div id=\"cell-HFTPDqMCj3\" class=\"col col-12 col-md-12 col-xl-12\">\n<div class=\"cell-has-list\">\n<div id=\"unit-zqvbREUpma\" class=\"b2b-product_detail-unit-1__wrapper unit-detail-album--y unit-detail-album--bottom\">\n<div class=\"unit-product-detail\">\n<div class=\"row\">\n<div class=\"col col-12 col-md-12 col-xl-7\">\n<div class=\"unit-detail_content\">\n<div class=\"unit-detail_item\">\n<div class=\"unit-social-list d-flex flex-wrap\">\n<div class=\"unit-social-list__icon\">\n<table>\n<thead>\n<tr>\n<th>Material<\/th>\n<th>Nylon<\/th>\n<\/tr>\n<\/thead>\n<tbody>\n<tr>\n<td>Disponibilidade<\/td>\n<td>OEM<\/td>\n<\/tr>\n<\/tbody>\n<\/table>\n<\/div>\n<\/div>\n<\/div>\n<\/div>\n<\/div>\n<\/div>\n<\/div>\n<\/div>\n<\/div>\n<\/div>\n<\/div>\n<\/div>\n<\/div>\n<\/div>\n<div id=\"block-jxTJoa6WsU\">\n<div>\n<div id=\"module-fM3xClvogn\" class=\"\">\n<div>\n<div id=\"grid-T9dGh6wxM4\" class=\"container\">\n<div class=\"row no-gutters\">\n<div id=\"cell-WBf41syh9n\" class=\"col col-12 col-md-12 col-xl-12\">\n<div class=\"\">\n<div id=\"unit-ukyO2oXIn1\" class=\"b2b-product_detail-unit-6__wrapper\">\n<div class=\"unit-detail-html-tabs\" data-tabs-num=\"1\">\n<div class=\"unit-detail-html-tabs__content tab-content\">\n<div id=\"unit-ukyO2oXIn1-15012\" class=\"tab-pane fade show active\" role=\"tabpanel\" aria-labelledby=\"unit-ukyO2oXIn1-15012-tab\">\n<div class=\"unit-detail-html-tabs__content-featuresAttr\"><\/div>\n<div class=\"unit-detail-html-tabs__content-html\">\n<p><strong>Saco de filtro de nylon NMO<\/strong><\/p>\n<p>Malha tecida de nylon de alta resist\u00eancia, e todos eles usam tecnologia de bainha exclusiva para evitar vazamentos de pinhole na maior extens\u00e3o e prender diretamente impurezas maiores do que suas pr\u00f3prias malhas na superf\u00edcie do material. com um di\u00e2metro menor que o da malha. As part\u00edculas com um tamanho de malha passam atrav\u00e9s da malha e entram a jusante. assim, o saco de filtro de monofilamento de nylon consegue uma filtragem de superf\u00edcie. e a superf\u00edcie lisa tamb\u00e9m \u00e9 f\u00e1cil de limpar e reutilizar.<\/p>\n<p><img decoding=\"async\" src=\"https:\/\/img.yfisher.com\/m6076\/17257326121ys\/jpg70-t3-scale100.webp\" alt=\"Saco de filtro de nylon NMO 2\" data-lazy=\"2\" title=\"\"><\/p>\n<p><img decoding=\"async\" src=\"https:\/\/img.yfisher.com\/m6076\/1725732612lyk\/jpg70-t3-scale100.webp\" alt=\"Saco de filtro de nylon NMO 3\" data-lazy=\"2\" title=\"\"><\/p>\n<p><img decoding=\"async\" src=\"https:\/\/img.yfisher.com\/m6076\/1725732612cys\/jpg70-t3-scale100.webp\" alt=\"Saco de filtro de nylon NMO 4\" data-lazy=\"2\" title=\"\"><\/p>\n<p><img decoding=\"async\" src=\"https:\/\/img.yfisher.com\/m6076\/1725732612bdr\/jpg70-t3-scale100.webp\" alt=\"Saco de filtro de nylon NMO 5\" data-lazy=\"2\" title=\"\"><\/p>\n<p><img decoding=\"async\" src=\"https:\/\/img.yfisher.com\/m6076\/17257326121z6\/jpg70-t3-scale100.webp\" alt=\"Saco de filtro de nylon NMO 6\" data-lazy=\"2\" title=\"\"><\/p>\n<\/div>\n<\/div>\n<\/div>\n<\/div>\n<\/div>\n<\/div>\n<\/div>\n<\/div>\n<\/div>\n<\/div>\n<\/div>\n<\/div>\n<\/div>","protected":false},"excerpt":{"rendered":"<table>\n<thead>\n<tr>\n<th>Porto de in\u00edcio<\/th>\n<th>Guangzhou<\/th>\n<\/tr>\n<\/thead>\n<tbody>\n<tr>\n<td>Local de origem<\/td>\n<td>Guangdong, China<\/td>\n<\/tr>\n<tr>\n<td>Pagamento<\/td>\n<td>T\/T, Western Union, Garantia de com\u00e9rcio de Alibaba<\/td>\n<\/tr>\n<tr>\n<td>Modelo<\/td>\n<td>LY-HFPL<\/td>\n<\/tr>\n<tr>\n<td>Prazo de entrega<\/td>\n<td>No prazo de 7 dias \u00fateis<\/td>\n<\/tr>\n<tr>\n<td>Certifica\u00e7\u00e3o<\/td>\n<td>ISO 9001<\/td>\n<\/tr>\n<tr>\n<td>Marca<\/td>\n<td>OEM\/Lvyuan<\/td>\n<\/tr>\n<\/tbody>\n<\/table>","protected":false},"featured_media":2591,"comment_status":"open","ping_status":"closed","template":"","meta":{"_gspb_post_css":""},"product_brand":[],"product_cat":[1054],"product_tag":[279,261,266,260,268,971],"class_list":{"0":"post-2589","1":"product","2":"type-product","3":"status-publish","4":"has-post-thumbnail","6":"product_cat-filter-bag","7":"product_tag-alibaba-trade-assurance","8":"product_tag-guangdong-china","9":"product_tag-guangzhou","10":"product_tag-iso-9001","11":"product_tag-ly-hfpl","12":"product_tag-western-union","14":"first","15":"instock","16":"shipping-taxable","17":"product-type-simple"},"_links":{"self":[{"href":"https:\/\/lyfilter.com\/pt\/wp-json\/wp\/v2\/product\/2589","targetHints":{"allow":["GET"]}}],"collection":[{"href":"https:\/\/lyfilter.com\/pt\/wp-json\/wp\/v2\/product"}],"about":[{"href":"https:\/\/lyfilter.com\/pt\/wp-json\/wp\/v2\/types\/product"}],"replies":[{"embeddable":true,"href":"https:\/\/lyfilter.com\/pt\/wp-json\/wp\/v2\/comments?post=2589"}],"wp:featuredmedia":[{"embeddable":true,"href":"https:\/\/lyfilter.com\/pt\/wp-json\/wp\/v2\/media\/2591"}],"wp:attachment":[{"href":"https:\/\/lyfilter.com\/pt\/wp-json\/wp\/v2\/media?parent=2589"}],"wp:term":[{"taxonomy":"product_brand","embeddable":true,"href":"https:\/\/lyfilter.com\/pt\/wp-json\/wp\/v2\/product_brand?post=2589"},{"taxonomy":"product_cat","embeddable":true,"href":"https:\/\/lyfilter.com\/pt\/wp-json\/wp\/v2\/product_cat?post=2589"},{"taxonomy":"product_tag","embeddable":true,"href":"https:\/\/lyfilter.com\/pt\/wp-json\/wp\/v2\/product_tag?post=2589"}],"curies":[{"name":"wp","href":"https:\/\/api.w.org\/{rel}","templated":true}]}}