{"id":2576,"date":"2026-01-07T06:26:09","date_gmt":"2026-01-07T06:26:09","guid":{"rendered":"https:\/\/lyfilter.com\/?post_type=product&#038;p=2576"},"modified":"2026-01-07T06:26:09","modified_gmt":"2026-01-07T06:26:09","slug":"40-inch-high-flow-cartridge-filter","status":"publish","type":"product","link":"https:\/\/lyfilter.com\/pt\/40-inch-high-flow-cartridge-filter\/","title":{"rendered":"Filtro de cartucho de caudal elevado de 40 polegadas"},"content":{"rendered":"<div id=\"unit-F8cEncbNNJWsYsB\" class=\"\">\n<div class=\"ce-text_item\">\n<div class=\"ce-text\">\n<h1>Especifica\u00e7\u00f5es do filtro de cartucho de alto fluxo<\/h1>\n<\/div>\n<\/div>\n<\/div>\n<div id=\"unit-VjZsqUwLb5aYN8l\" class=\"\">\n<div class=\"ce-text_item\">\n<div class=\"ce-text\">\n<p>O filtro de cartucho de alto fluxo Lvyuan est\u00e1 dispon\u00edvel em uma variedade de precis\u00f5es de filtragem de 1 \u00b5m a 100 \u00b5m para atender a v\u00e1rios requisitos de filtragem. As op\u00e7\u00f5es de comprimento incluem tamanhos de 20\u2033, 40\u2033 e 60\u2033, com produ\u00e7\u00e3o personalizada dispon\u00edvel para atender \u00e0s suas necessidades espec\u00edficas.<\/p>\n<p>&nbsp;<\/p>\n<p>Podemos fornecer fotografias de produtos, desenhos, especifica\u00e7\u00f5es e amostras em v\u00e1rias l\u00ednguas. As encomendas ser\u00e3o conclu\u00eddas dentro do prazo de entrega necess\u00e1rio.<\/p>\n<\/div>\n<\/div>\n<\/div>","protected":false},"excerpt":{"rendered":"<table>\n<thead>\n<tr>\n<th>Porto de in\u00edcio<\/th>\n<th>Guangzhou<\/th>\n<\/tr>\n<\/thead>\n<tbody>\n<tr>\n<td>Capacidade de produ\u00e7\u00e3o<\/td>\n<td>10000pc\/m\u00eas<\/td>\n<\/tr>\n<tr>\n<td>Local de origem<\/td>\n<td>Guangzhou<\/td>\n<\/tr>\n<tr>\n<td>Pagamento<\/td>\n<td>T\/T, Western Union, Garantia de com\u00e9rcio de Alibaba, paypal<\/td>\n<\/tr>\n<tr>\n<td>QUANTIDADE M\u00c1XIMA DE ENCOMENDA<\/td>\n<td>10<\/td>\n<\/tr>\n<tr>\n<td>Prazo de entrega<\/td>\n<td>no prazo de 7 dias<\/td>\n<\/tr>\n<tr>\n<td>Certifica\u00e7\u00e3o<\/td>\n<td>GS<\/td>\n<\/tr>\n<tr>\n<td>Marca<\/td>\n<td>OEM<\/td>\n<\/tr>\n<\/tbody>\n<\/table>","protected":false},"featured_media":2585,"comment_status":"open","ping_status":"closed","template":"","meta":{"_gspb_post_css":""},"product_brand":[],"product_cat":[17,20],"product_tag":[980,279,981,266,259,971],"class_list":{"0":"post-2576","1":"product","2":"type-product","3":"status-publish","4":"has-post-thumbnail","6":"product_cat-sediment-filter","7":"product_cat-high-flow-filter-cartridge","8":"product_tag-10000pc-month","9":"product_tag-alibaba-trade-assurance","10":"product_tag-gs","11":"product_tag-guangzhou","12":"product_tag-oem","13":"product_tag-western-union","15":"first","16":"instock","17":"shipping-taxable","18":"product-type-simple"},"_links":{"self":[{"href":"https:\/\/lyfilter.com\/pt\/wp-json\/wp\/v2\/product\/2576","targetHints":{"allow":["GET"]}}],"collection":[{"href":"https:\/\/lyfilter.com\/pt\/wp-json\/wp\/v2\/product"}],"about":[{"href":"https:\/\/lyfilter.com\/pt\/wp-json\/wp\/v2\/types\/product"}],"replies":[{"embeddable":true,"href":"https:\/\/lyfilter.com\/pt\/wp-json\/wp\/v2\/comments?post=2576"}],"wp:featuredmedia":[{"embeddable":true,"href":"https:\/\/lyfilter.com\/pt\/wp-json\/wp\/v2\/media\/2585"}],"wp:attachment":[{"href":"https:\/\/lyfilter.com\/pt\/wp-json\/wp\/v2\/media?parent=2576"}],"wp:term":[{"taxonomy":"product_brand","embeddable":true,"href":"https:\/\/lyfilter.com\/pt\/wp-json\/wp\/v2\/product_brand?post=2576"},{"taxonomy":"product_cat","embeddable":true,"href":"https:\/\/lyfilter.com\/pt\/wp-json\/wp\/v2\/product_cat?post=2576"},{"taxonomy":"product_tag","embeddable":true,"href":"https:\/\/lyfilter.com\/pt\/wp-json\/wp\/v2\/product_tag?post=2576"}],"curies":[{"name":"wp","href":"https:\/\/api.w.org\/{rel}","templated":true}]}}