{"id":2570,"date":"2026-01-07T06:23:26","date_gmt":"2026-01-07T06:23:26","guid":{"rendered":"https:\/\/lyfilter.com\/?post_type=product&#038;p=2570"},"modified":"2026-01-07T06:23:26","modified_gmt":"2026-01-07T06:23:26","slug":"high-performance-sanitary-filter-housings-in-stainless-steel-2","status":"publish","type":"product","link":"https:\/\/lyfilter.com\/pt\/high-performance-sanitary-filter-housings-in-stainless-steel-2\/","title":{"rendered":"Caixas de filtro sanit\u00e1rio de alto desempenho em a\u00e7o inoxid\u00e1vel"},"content":{"rendered":"<div class=\"unit-detail-html-tabs__content-attr\">\n<div class=\"unit-product-attrparam\">\n<div class=\"unit-product-attrparam__items row\">\n<div class=\"col-12 col-md-6\">\n<div class=\"unit-product-attrparam__item\">\n<div class=\"unit-product-attrparam__label\">\n<table>\n<thead>\n<tr>\n<th>Material<\/th>\n<th>A\u00e7o inoxid\u00e1vel<\/th>\n<\/tr>\n<\/thead>\n<tbody>\n<tr>\n<td>Disponibilidade<\/td>\n<td>OEM\/ODM<\/td>\n<\/tr>\n<\/tbody>\n<\/table>\n<\/div>\n<\/div>\n<\/div>\n<\/div>\n<\/div>\n<\/div>\n<div class=\"unit-detail-html-tabs__content-featuresAttr\"><\/div>\n<div class=\"unit-detail-html-tabs__content-html\">\n<div id=\"module-74E4U0f4f3b0a\">\n<div class=\"ce-d-flex ce-flex-wrap\">\n<div class=\"ce-col-12\">\n<div id=\"unit-zzuNfqHeIMdKBT5\">\n<div class=\"ce-text_item\">\n<div class=\"ce-text\" data-qb-tmp-id=\"lt-270764\" data-gramm=\"false\">\n<div>\n<div class=\"ce-d-flex ce-flex-wrap\">\n<div class=\"ce-col-12\">\n<div id=\"unit-adi8SlZ2NA87g7x\">\n<div class=\"ce-text_item\">\n<div class=\"ce-text\">\n<p><strong>Caixas de filtro sanit\u00e1rio de alto desempenho em a\u00e7o inoxid\u00e1vel<\/strong><\/p>\n<p>&nbsp;<\/p>\n<p>Carater\u00edsticas para Caixas de Filtros Sanit\u00e1rios em A\u00e7o Inoxid\u00e1vel<\/p>\n<ul>\n<li>Design higi\u00e9nico: As nossas caixas de filtros sanit\u00e1rios em a\u00e7o inoxid\u00e1vel s\u00e3o fabricadas com um design higi\u00e9nico, garantindo que o processo de filtragem mant\u00e9m a pureza dos seus produtos.<\/li>\n<li>Resist\u00eancia \u00e0 corros\u00e3o: Constru\u00eddas com a\u00e7o inoxid\u00e1vel de alta qualidade, estas caixas oferecem uma resist\u00eancia excecional \u00e0 corros\u00e3o, tornando-as ideais para utiliza\u00e7\u00e3o em ambientes exigentes.<\/li>\n<li>Facilidade de limpeza: As superf\u00edcies lisas e polidas das nossas caixas de filtros sanit\u00e1rios facilitam a limpeza, permitindo uma manuten\u00e7\u00e3o r\u00e1pida e eficiente.<\/li>\n<li>Material de qualidade alimentar: Fabricadas com a\u00e7o inoxid\u00e1vel de qualidade alimentar, as nossas caixas de filtro cumprem as normas da ind\u00fastria, tornando-as adequadas para aplica\u00e7\u00f5es no sector alimentar e de bebidas.<\/li>\n<li>Op\u00e7\u00f5es personaliz\u00e1veis: Adapte estas caixas de filtro aos seus requisitos espec\u00edficos. Escolha entre v\u00e1rios tamanhos, configura\u00e7\u00f5es e tipos de conex\u00e3o para atender \u00e0s suas necessidades de filtragem.<\/li>\n<li>Integridade da veda\u00e7\u00e3o: O design da caixa assegura uma veda\u00e7\u00e3o segura, evitando qualquer fuga ou contamina\u00e7\u00e3o durante o processo de filtragem.<\/li>\n<li>Conformidade com os padr\u00f5es: As nossas caixas de filtros sanit\u00e1rios cumprem as normas e regulamentos da ind\u00fastria, proporcionando-lhe tranquilidade relativamente \u00e0 seguran\u00e7a e qualidade do produto.<\/li>\n<li>Vasta gama de aplica\u00e7\u00f5es: Quer se trate de produtos farmac\u00eauticos, cosm\u00e9ticos, processamento de alimentos ou outras ind\u00fastrias, estes\u00a0<a href=\"https:\/\/lyfilter.com\/pt\/stainless-steel-filter-housing.html\/\">caixa do filtro em a\u00e7o inoxid\u00e1vel<\/a>s oferecem solu\u00e7\u00f5es de filtragem vers\u00e1teis e fi\u00e1veis.<\/li>\n<li>Constru\u00e7\u00e3o dur\u00e1vel: Com constru\u00e7\u00e3o robusta e materiais dur\u00e1veis, nossas carca\u00e7as de filtros sanit\u00e1rios s\u00e3o constru\u00eddas para suportar os rigores da opera\u00e7\u00e3o cont\u00ednua em ambientes exigentes.<\/li>\n<li>F\u00e1cil instala\u00e7\u00e3o: Concebidas para uma instala\u00e7\u00e3o f\u00e1cil, estas caixas de filtro incluem carater\u00edsticas que simplificam o processo de instala\u00e7\u00e3o, garantindo um tempo de inatividade m\u00ednimo para as suas opera\u00e7\u00f5es.<\/li>\n<\/ul>\n<\/div>\n<\/div>\n<\/div>\n<\/div>\n<\/div>\n<\/div>\n<\/div>\n<\/div>\n<\/div>\n<\/div>\n<\/div>\n<\/div>\n<\/div>","protected":false},"excerpt":{"rendered":"<table>\n<thead>\n<tr>\n<th>Porto de in\u00edcio<\/th>\n<th>Guangzhou<\/th>\n<\/tr>\n<\/thead>\n<tbody>\n<tr>\n<td>Capacidade de produ\u00e7\u00e3o<\/td>\n<td>10000 unidades\/m\u00eas<\/td>\n<\/tr>\n<tr>\n<td>Local de origem<\/td>\n<td>Guangdong, China<\/td>\n<\/tr>\n<tr>\n<td>Pagamento<\/td>\n<td>T\/T, Western Union, paypal<\/td>\n<\/tr>\n<tr>\n<td>QUANTIDADE M\u00c1XIMA DE ENCOMENDA<\/td>\n<td>1 unidade<\/td>\n<\/tr>\n<tr>\n<td>Modelo<\/td>\n<td>LY-FB<\/td>\n<\/tr>\n<tr>\n<td>Prazo de entrega<\/td>\n<td>No prazo de 7 dias \u00fateis<\/td>\n<\/tr>\n<tr>\n<td>Certifica\u00e7\u00e3o<\/td>\n<td>ISO 9001<\/td>\n<\/tr>\n<tr>\n<td>Marca<\/td>\n<td>OEM\/Lvyuan<\/td>\n<\/tr>\n<\/tbody>\n<\/table>","protected":false},"featured_media":2577,"comment_status":"open","ping_status":"closed","template":"","meta":{"_gspb_post_css":""},"product_brand":[],"product_cat":[15],"product_tag":[261,266,260,258,282,971],"class_list":{"0":"post-2570","1":"product","2":"type-product","3":"status-publish","4":"has-post-thumbnail","6":"product_cat-stainless-steel-filter-housing","7":"product_tag-guangdong-china","8":"product_tag-guangzhou","9":"product_tag-iso-9001","10":"product_tag-ly-fb","11":"product_tag-oem-lvyuan","12":"product_tag-western-union","14":"first","15":"instock","16":"shipping-taxable","17":"product-type-simple"},"_links":{"self":[{"href":"https:\/\/lyfilter.com\/pt\/wp-json\/wp\/v2\/product\/2570","targetHints":{"allow":["GET"]}}],"collection":[{"href":"https:\/\/lyfilter.com\/pt\/wp-json\/wp\/v2\/product"}],"about":[{"href":"https:\/\/lyfilter.com\/pt\/wp-json\/wp\/v2\/types\/product"}],"replies":[{"embeddable":true,"href":"https:\/\/lyfilter.com\/pt\/wp-json\/wp\/v2\/comments?post=2570"}],"wp:featuredmedia":[{"embeddable":true,"href":"https:\/\/lyfilter.com\/pt\/wp-json\/wp\/v2\/media\/2577"}],"wp:attachment":[{"href":"https:\/\/lyfilter.com\/pt\/wp-json\/wp\/v2\/media?parent=2570"}],"wp:term":[{"taxonomy":"product_brand","embeddable":true,"href":"https:\/\/lyfilter.com\/pt\/wp-json\/wp\/v2\/product_brand?post=2570"},{"taxonomy":"product_cat","embeddable":true,"href":"https:\/\/lyfilter.com\/pt\/wp-json\/wp\/v2\/product_cat?post=2570"},{"taxonomy":"product_tag","embeddable":true,"href":"https:\/\/lyfilter.com\/pt\/wp-json\/wp\/v2\/product_tag?post=2570"}],"curies":[{"name":"wp","href":"https:\/\/api.w.org\/{rel}","templated":true}]}}