{"id":2569,"date":"2026-01-07T06:18:33","date_gmt":"2026-01-07T06:18:33","guid":{"rendered":"https:\/\/lyfilter.com\/?post_type=product&#038;p=2569"},"modified":"2026-01-07T06:18:33","modified_gmt":"2026-01-07T06:18:33","slug":"various-sizes-porous-hydrophobic-ptfe-sensor-filters","status":"publish","type":"product","link":"https:\/\/lyfilter.com\/pt\/various-sizes-porous-hydrophobic-ptfe-sensor-filters\/","title":{"rendered":"Filtros de sensor de PTFE hidrof\u00f3bico poroso de v\u00e1rios tamanhos"},"content":{"rendered":"<div class=\"unit-detail-html-tabs__content-attr\">\n<div class=\"unit-product-attrparam\">\n<div class=\"unit-product-attrparam__items row\">\n<div class=\"col-12 col-md-6\">\n<div class=\"unit-product-attrparam__item\">\n<div class=\"unit-product-attrparam__label\">\n<table>\n<thead>\n<tr>\n<th>Capacidade de fornecimento<\/th>\n<th>1000000pc\/m\u00eas<\/th>\n<\/tr>\n<\/thead>\n<tbody>\n<tr>\n<td>Material<\/td>\n<td>PE<\/td>\n<\/tr>\n<tr>\n<td>Disponibilidade<\/td>\n<td>OEM\/ODM<\/td>\n<\/tr>\n<\/tbody>\n<\/table>\n<\/div>\n<\/div>\n<\/div>\n<\/div>\n<\/div>\n<\/div>\n<div class=\"unit-detail-html-tabs__content-featuresAttr\"><\/div>\n<div class=\"unit-detail-html-tabs__content-html\">\n<p><strong>Filtros de sensor de PTFE hidrof\u00f3bico poroso OEM de v\u00e1rios tamanhos\u00a0<\/strong><\/p>\n<ul>\n<li>O PTFE \u00e9 utilizado em aplica\u00e7\u00f5es de filtragem de \u00e1gua, como nas membranas hidrof\u00f3bicas de PTFE, que permitem a passagem livre de ar e gases, impedindo a entrada de \u00e1gua l\u00edquida, poeira e outros res\u00edduos contaminantes.<\/li>\n<li>Est\u00e1 dispon\u00edvel em v\u00e1rios tamanhos de poros, incluindo 0,05\u03bcm, 0,1\u03bcm, 0,22\u03bcm, 0,45\u03bcm, 1,0\u03bcm, 3,0\u03bcm, 5,0\u03bcm e 10,0\u03bcm.<\/li>\n<li>Adequado para filtrar microorganismos, vapor e todos os tipos de l\u00edquidos corrosivos.<\/li>\n<li>Pode ser tratado com etanol ou isopropanol para se tornar hidrof\u00edlico, o que pode ser utilizado para filtrar solu\u00e7\u00f5es aquosas.<\/li>\n<li>Fornecido pela MS tem um tamanho de poro que varia de 0,05\u03bcm a 10\u03bcm e est\u00e1 dispon\u00edvel em v\u00e1rias larguras.<\/li>\n<\/ul>\n<form id=\"form1\" action=\"http:\/\/admin.allweyes.com\/admin\/cms\/addok\" method=\"post\" name=\"form1\">\n<div id=\"foot-fixed\" class=\"clearfix  dl-horizontal form-group mt20 foot-fixed\">\n<div>\n<div class=\"clearfix\"><span class=\"data-integrity ml5 pull-left\"><span class=\"text mr5\">\u8d44\u6599\u5b8c\u6574\u6027<\/span>\u00a0<span class=\"numbox\"><span class=\"dataFilled\">2<\/span>\/<span class=\"dataRequired\">2<\/span><\/span><\/span><\/div>\n<\/div>\n<\/div>\n<\/form>\n<p><img decoding=\"async\" title=\"filtros hidrof\u00f3bicos\" src=\"https:\/\/img.yfisher.com\/m6076\/17257328172vy\/jpg70-t3-scale100.webp\" alt=\"filtros hidrof\u00f3bicos\" border=\"0\" vspace=\"0\" data-lazy=\"2\" \/><\/p>\n<\/div>","protected":false},"excerpt":{"rendered":"<table>\n<thead>\n<tr>\n<th>Porto de in\u00edcio<\/th>\n<th>Guangzhou<\/th>\n<\/tr>\n<\/thead>\n<tbody>\n<tr>\n<td>Capacidade de produ\u00e7\u00e3o<\/td>\n<td>10000 unidades\/m\u00eas<\/td>\n<\/tr>\n<tr>\n<td>Local de origem<\/td>\n<td>Guangdong, China<\/td>\n<\/tr>\n<tr>\n<td>Pagamento<\/td>\n<td>T\/T, garantia de com\u00e9rcio Alibaba, paypal<\/td>\n<\/tr>\n<tr>\n<td>QUANTIDADE M\u00c1XIMA DE ENCOMENDA<\/td>\n<td>1 unidade<\/td>\n<\/tr>\n<tr>\n<td>Modelo<\/td>\n<td>LY-FB<\/td>\n<\/tr>\n<tr>\n<td>Prazo de entrega<\/td>\n<td>No prazo de 7 dias \u00fateis<\/td>\n<\/tr>\n<tr>\n<td>Certifica\u00e7\u00e3o<\/td>\n<td>ISO 9001<\/td>\n<\/tr>\n<tr>\n<td>Marca<\/td>\n<td>OEM\/Lvyuan<\/td>\n<\/tr>\n<\/tbody>\n<\/table>","protected":false},"featured_media":2566,"comment_status":"open","ping_status":"closed","template":"","meta":{"_gspb_post_css":""},"product_brand":[],"product_cat":[24],"product_tag":[279,261,266,260,258,282],"class_list":{"0":"post-2569","1":"product","2":"type-product","3":"status-publish","4":"has-post-thumbnail","6":"product_cat-sintered-porous-plastic","7":"product_tag-alibaba-trade-assurance","8":"product_tag-guangdong-china","9":"product_tag-guangzhou","10":"product_tag-iso-9001","11":"product_tag-ly-fb","12":"product_tag-oem-lvyuan","14":"first","15":"instock","16":"shipping-taxable","17":"product-type-simple"},"_links":{"self":[{"href":"https:\/\/lyfilter.com\/pt\/wp-json\/wp\/v2\/product\/2569","targetHints":{"allow":["GET"]}}],"collection":[{"href":"https:\/\/lyfilter.com\/pt\/wp-json\/wp\/v2\/product"}],"about":[{"href":"https:\/\/lyfilter.com\/pt\/wp-json\/wp\/v2\/types\/product"}],"replies":[{"embeddable":true,"href":"https:\/\/lyfilter.com\/pt\/wp-json\/wp\/v2\/comments?post=2569"}],"wp:featuredmedia":[{"embeddable":true,"href":"https:\/\/lyfilter.com\/pt\/wp-json\/wp\/v2\/media\/2566"}],"wp:attachment":[{"href":"https:\/\/lyfilter.com\/pt\/wp-json\/wp\/v2\/media?parent=2569"}],"wp:term":[{"taxonomy":"product_brand","embeddable":true,"href":"https:\/\/lyfilter.com\/pt\/wp-json\/wp\/v2\/product_brand?post=2569"},{"taxonomy":"product_cat","embeddable":true,"href":"https:\/\/lyfilter.com\/pt\/wp-json\/wp\/v2\/product_cat?post=2569"},{"taxonomy":"product_tag","embeddable":true,"href":"https:\/\/lyfilter.com\/pt\/wp-json\/wp\/v2\/product_tag?post=2569"}],"curies":[{"name":"wp","href":"https:\/\/api.w.org\/{rel}","templated":true}]}}