{"id":2563,"date":"2026-01-07T06:21:22","date_gmt":"2026-01-07T06:21:22","guid":{"rendered":"https:\/\/lyfilter.com\/?post_type=product&#038;p=2563"},"modified":"2026-01-07T06:21:23","modified_gmt":"2026-01-07T06:21:23","slug":"30-inch-pp-melt-blown-activated-carbon-water-filter-cartridge","status":"publish","type":"product","link":"https:\/\/lyfilter.com\/pt\/30-inch-pp-melt-blown-activated-carbon-water-filter-cartridge\/","title":{"rendered":"Cartucho de filtro de \u00e1gua de carv\u00e3o ativado soprado por fus\u00e3o PP de 30 polegadas"},"content":{"rendered":"<div class=\"unit-detail-html-tabs__content-attr\">\n<div class=\"unit-product-attrparam\">\n<div class=\"unit-product-attrparam__items row\">\n<div class=\"col-12 col-md-6\">\n<div class=\"unit-product-attrparam__item\">\n<div class=\"unit-product-attrparam__label\">\n<table>\n<thead>\n<tr>\n<th>Capacidade de fornecimento<\/th>\n<th>1000 unidades\/m\u00eas<\/th>\n<\/tr>\n<\/thead>\n<tbody>\n<tr>\n<td>Material<\/td>\n<td>A\u00e7o inoxid\u00e1vel<\/td>\n<\/tr>\n<tr>\n<td>Disponibilidade<\/td>\n<td>OEM\/ODM<\/td>\n<\/tr>\n<\/tbody>\n<\/table>\n<\/div>\n<\/div>\n<\/div>\n<\/div>\n<\/div>\n<\/div>\n<div class=\"unit-detail-html-tabs__content-html\">\n<p><strong>Cartucho de filtro de \u00e1gua de 30 polegadas em PP fundido e carv\u00e3o ativado<\/strong><\/p>\n<p>PP fundido por sopro e\u00a0<strong>cartucho de filtro de \u00e1gua de carv\u00e3o ativado<\/strong>\u00a0s\u00e3o componentes essenciais nos sistemas de filtragem de \u00e1gua, concebidos para remover impurezas e contaminantes da \u00e1gua. Seguem-se algumas especifica\u00e7\u00f5es relacionadas com os cartuchos de filtro de \u00e1gua em PP fundido por sopro e carv\u00e3o ativado, com base nos resultados da pesquisa:<\/p>\n<ul>\n<li>Gama de microns: Dispon\u00edvel em v\u00e1rias gamas de m\u00edcrones, incluindo 1, 5, 10, 25, 50, 75 e 100 m\u00edcrones<\/li>\n<li>Comprimento: Dispon\u00edvel em diferentes comprimentos, incluindo 5 \u2033, 9,75 \u2033, 9,8 \u2033, 10 \u2033, 20 \u2033, 30 \u2033, 40 \u2033, 50 \u2033, 60 \u2033 e 70 \u2033<\/li>\n<li>Efici\u00eancia: Classifica\u00e7\u00e3o nominal com efici\u00eancia de remo\u00e7\u00e3o de contaminantes 85%<\/li>\n<li>Classifica\u00e7\u00e3o de filtra\u00e7\u00e3o: Dispon\u00edvel em v\u00e1rias classifica\u00e7\u00f5es de filtra\u00e7\u00e3o, incluindo 1\u03bcm, 5\u03bcm, 10\u03bcm, 25\u03bcm, 30\u03bcm, 50\u03bcm, 75\u03bcm e 100\u03bcm4<\/li>\n<li>Tampa da extremidade: Dispon\u00edvel em diferentes tipos, incluindo DOE, 222\/plana (SOE), 222\/fin (SOE), 226\/plana (SOE) e 226\/fin (SOE)<\/li>\n<\/ul>\n<\/div>","protected":false},"excerpt":{"rendered":"<table>\n<thead>\n<tr>\n<th>Porto de in\u00edcio<\/th>\n<th>Guangzhou<\/th>\n<\/tr>\n<\/thead>\n<tbody>\n<tr>\n<td>Capacidade de produ\u00e7\u00e3o<\/td>\n<td>10000 unidades\/m\u00eas<\/td>\n<\/tr>\n<tr>\n<td>Local de origem<\/td>\n<td>Guangdong, China<\/td>\n<\/tr>\n<tr>\n<td>Pagamento<\/td>\n<td>T\/T, Western Union, Garantia de com\u00e9rcio de Alibaba<\/td>\n<\/tr>\n<tr>\n<td>QUANTIDADE M\u00c1XIMA DE ENCOMENDA<\/td>\n<td>1 unidade<\/td>\n<\/tr>\n<tr>\n<td>Modelo<\/td>\n<td>LY-FB<\/td>\n<\/tr>\n<tr>\n<td>Prazo de entrega<\/td>\n<td>No prazo de 7 dias \u00fateis<\/td>\n<\/tr>\n<tr>\n<td>Certifica\u00e7\u00e3o<\/td>\n<td>ISO 9001<\/td>\n<\/tr>\n<tr>\n<td>Marca<\/td>\n<td>OEM\/Lvyuan<\/td>\n<\/tr>\n<\/tbody>\n<\/table>","protected":false},"featured_media":2571,"comment_status":"open","ping_status":"closed","template":"","meta":{"_gspb_post_css":""},"product_brand":[],"product_cat":[17,19],"product_tag":[279,261,266,260,258,971],"class_list":{"0":"post-2563","1":"product","2":"type-product","3":"status-publish","4":"has-post-thumbnail","6":"product_cat-sediment-filter","7":"product_cat-melt-blown-filter-cartridge","8":"product_tag-alibaba-trade-assurance","9":"product_tag-guangdong-china","10":"product_tag-guangzhou","11":"product_tag-iso-9001","12":"product_tag-ly-fb","13":"product_tag-western-union","15":"first","16":"instock","17":"shipping-taxable","18":"product-type-simple"},"_links":{"self":[{"href":"https:\/\/lyfilter.com\/pt\/wp-json\/wp\/v2\/product\/2563","targetHints":{"allow":["GET"]}}],"collection":[{"href":"https:\/\/lyfilter.com\/pt\/wp-json\/wp\/v2\/product"}],"about":[{"href":"https:\/\/lyfilter.com\/pt\/wp-json\/wp\/v2\/types\/product"}],"replies":[{"embeddable":true,"href":"https:\/\/lyfilter.com\/pt\/wp-json\/wp\/v2\/comments?post=2563"}],"wp:featuredmedia":[{"embeddable":true,"href":"https:\/\/lyfilter.com\/pt\/wp-json\/wp\/v2\/media\/2571"}],"wp:attachment":[{"href":"https:\/\/lyfilter.com\/pt\/wp-json\/wp\/v2\/media?parent=2563"}],"wp:term":[{"taxonomy":"product_brand","embeddable":true,"href":"https:\/\/lyfilter.com\/pt\/wp-json\/wp\/v2\/product_brand?post=2563"},{"taxonomy":"product_cat","embeddable":true,"href":"https:\/\/lyfilter.com\/pt\/wp-json\/wp\/v2\/product_cat?post=2563"},{"taxonomy":"product_tag","embeddable":true,"href":"https:\/\/lyfilter.com\/pt\/wp-json\/wp\/v2\/product_tag?post=2563"}],"curies":[{"name":"wp","href":"https:\/\/api.w.org\/{rel}","templated":true}]}}