{"id":2549,"date":"2026-01-07T06:14:53","date_gmt":"2026-01-07T06:14:53","guid":{"rendered":"https:\/\/lyfilter.com\/?post_type=product&#038;p=2549"},"modified":"2026-01-07T06:14:54","modified_gmt":"2026-01-07T06:14:54","slug":"lvyuan-manufacturer-stainless-steel-wire-mesh-for-filters-strainers-and-separations","status":"publish","type":"product","link":"https:\/\/lyfilter.com\/pt\/lvyuan-manufacturer-stainless-steel-wire-mesh-for-filters-strainers-and-separations\/","title":{"rendered":"Fabricante de Lvyuan Malha de arame de a\u00e7o inoxid\u00e1vel para filtros, coadores e separa\u00e7\u00f5es"},"content":{"rendered":"<div class=\"unit-detail-html-tabs__content-attr\">\n<div class=\"unit-product-attrparam\">\n<div class=\"unit-product-attrparam__items row\">\n<div class=\"col-12 col-md-6\">\n<div class=\"unit-product-attrparam__item\">\n<div class=\"unit-product-attrparam__label\">\n<table>\n<thead>\n<tr>\n<th>Capacidade de fornecimento<\/th>\n<th>1000000pc\/m\u00eas<\/th>\n<\/tr>\n<\/thead>\n<tbody>\n<tr>\n<td>Material<\/td>\n<td>pe<\/td>\n<\/tr>\n<tr>\n<td>Disponibilidade<\/td>\n<td>OEM\/ODM<\/td>\n<\/tr>\n<\/tbody>\n<\/table>\n<\/div>\n<\/div>\n<\/div>\n<\/div>\n<\/div>\n<\/div>\n<div class=\"unit-detail-html-tabs__content-html\">\n<p><strong>Fabricante de Lvyuan Malha de arame de a\u00e7o inoxid\u00e1vel para filtros, coadores e separa\u00e7\u00f5es<\/strong><\/p>\n<p>&nbsp;<\/p>\n<p>A nossa rede met\u00e1lica de a\u00e7o inoxid\u00e1vel \u00e9 ideal para filtros, coadores e aplica\u00e7\u00f5es de separa\u00e7\u00e3o que exigem for\u00e7a, resist\u00eancia qu\u00edmica e aberturas de precis\u00e3o:<\/p>\n<p>- Constru\u00eddo em a\u00e7o inoxid\u00e1vel de grau 304 ou 316 para resist\u00eancia \u00e0 corros\u00e3o;<\/p>\n<p>- Aberturas de malha apertada de 10 microns at\u00e9 4 mm para filtragem de part\u00edculas finas;<\/p>\n<p>- Est\u00e3o dispon\u00edveis op\u00e7\u00f5es de tecido quadrado liso ou tecido holand\u00eas torcido;<\/p>\n<p>- Resiste a press\u00f5es elevadas e a temperaturas at\u00e9 500\u00b0C;<\/p>\n<p>- Evitar o entupimento com a superf\u00edcie lisa e n\u00e3o absorvente do fio ;<\/p>\n<p>- Tecidos personalizados dispon\u00edveis para as suas necessidades espec\u00edficas de separa\u00e7\u00e3o de part\u00edculas ou de mol\u00e9culas;<\/p>\n<p>- Dispon\u00edvel em folhas, rolos, discos e varetas para se adaptar \u00e0 sua caixa de filtro;<\/p>\n<p>- Cumpre os requisitos sanit\u00e1rios para a filtragem de produtos alimentares, farmac\u00eauticos e qu\u00edmicos;<\/p>\n<p>Com excelente compatibilidade qu\u00edmica e propriedades de limpeza, a nossa malha de arame inoxid\u00e1vel supera outros meios filtrantes. Saiba mais sobre as nossas telas met\u00e1licas de a\u00e7o inoxid\u00e1vel para filtra\u00e7\u00e3o hoje mesmo!<\/p>\n<\/div>","protected":false},"excerpt":{"rendered":"<table>\n<thead>\n<tr>\n<th>Capacidade de produ\u00e7\u00e3o<\/th>\n<th>10000 unidades\/m\u00eas<\/th>\n<\/tr>\n<\/thead>\n<tbody>\n<tr>\n<td>Local de origem<\/td>\n<td>Guangdong, China<\/td>\n<\/tr>\n<tr>\n<td>Pagamento<\/td>\n<td>T\/T, Western Union, Garantia de com\u00e9rcio de Alibaba<\/td>\n<\/tr>\n<tr>\n<td>QUANTIDADE M\u00c1XIMA DE ENCOMENDA<\/td>\n<td>1 unidade<\/td>\n<\/tr>\n<tr>\n<td>Modelo<\/td>\n<td>LY-FB<\/td>\n<\/tr>\n<tr>\n<td>Prazo de entrega<\/td>\n<td>No prazo de 7 dias \u00fateis<\/td>\n<\/tr>\n<tr>\n<td>Certifica\u00e7\u00e3o<\/td>\n<td>ISO 9001<\/td>\n<\/tr>\n<tr>\n<td>Marca<\/td>\n<td>OEM\/Lvyuan<\/td>\n<\/tr>\n<tr>\n<td>Porto de in\u00edcio<\/td>\n<td>Guangzhou<\/td>\n<\/tr>\n<\/tbody>\n<\/table>","protected":false},"featured_media":2558,"comment_status":"open","ping_status":"closed","template":"","meta":{"_gspb_post_css":""},"product_brand":[],"product_cat":[17,18],"product_tag":[279,266,260,258,282,971],"class_list":{"0":"post-2549","1":"product","2":"type-product","3":"status-publish","4":"has-post-thumbnail","6":"product_cat-sediment-filter","7":"product_cat-sintered-metal-filters","8":"product_tag-alibaba-trade-assurance","9":"product_tag-guangzhou","10":"product_tag-iso-9001","11":"product_tag-ly-fb","12":"product_tag-oem-lvyuan","13":"product_tag-western-union","15":"first","16":"instock","17":"shipping-taxable","18":"product-type-simple"},"_links":{"self":[{"href":"https:\/\/lyfilter.com\/pt\/wp-json\/wp\/v2\/product\/2549","targetHints":{"allow":["GET"]}}],"collection":[{"href":"https:\/\/lyfilter.com\/pt\/wp-json\/wp\/v2\/product"}],"about":[{"href":"https:\/\/lyfilter.com\/pt\/wp-json\/wp\/v2\/types\/product"}],"replies":[{"embeddable":true,"href":"https:\/\/lyfilter.com\/pt\/wp-json\/wp\/v2\/comments?post=2549"}],"wp:featuredmedia":[{"embeddable":true,"href":"https:\/\/lyfilter.com\/pt\/wp-json\/wp\/v2\/media\/2558"}],"wp:attachment":[{"href":"https:\/\/lyfilter.com\/pt\/wp-json\/wp\/v2\/media?parent=2549"}],"wp:term":[{"taxonomy":"product_brand","embeddable":true,"href":"https:\/\/lyfilter.com\/pt\/wp-json\/wp\/v2\/product_brand?post=2549"},{"taxonomy":"product_cat","embeddable":true,"href":"https:\/\/lyfilter.com\/pt\/wp-json\/wp\/v2\/product_cat?post=2549"},{"taxonomy":"product_tag","embeddable":true,"href":"https:\/\/lyfilter.com\/pt\/wp-json\/wp\/v2\/product_tag?post=2549"}],"curies":[{"name":"wp","href":"https:\/\/api.w.org\/{rel}","templated":true}]}}