{"id":2542,"date":"2026-01-07T06:12:36","date_gmt":"2026-01-07T06:12:36","guid":{"rendered":"https:\/\/lyfilter.com\/?post_type=product&#038;p=2542"},"modified":"2026-01-07T06:14:07","modified_gmt":"2026-01-07T06:14:07","slug":"sintered-ptfe-filter-elements-high-purity-filtration-solutions","status":"publish","type":"product","link":"https:\/\/lyfilter.com\/pt\/sintered-ptfe-filter-elements-high-purity-filtration-solutions\/","title":{"rendered":"Elementos filtrantes de PTFE sinterizado - Solu\u00e7\u00f5es de filtra\u00e7\u00e3o de alta pureza"},"content":{"rendered":"<div class=\"unit-detail-html-tabs__content-attr\">\n<div class=\"unit-product-attrparam\">\n<div class=\"unit-product-attrparam__items row\">\n<div class=\"col-12 col-md-6\">\n<div class=\"unit-product-attrparam__item\">\n<div class=\"unit-product-attrparam__label\">\n<table>\n<thead>\n<tr>\n<th>Capacidade de fornecimento<\/th>\n<th>1000000pc\/m\u00eas<\/th>\n<\/tr>\n<\/thead>\n<tbody>\n<tr>\n<td>Material<\/td>\n<td>pe<\/td>\n<\/tr>\n<tr>\n<td>Disponibilidade<\/td>\n<td>OEM\/ODM<\/td>\n<\/tr>\n<\/tbody>\n<\/table>\n<\/div>\n<\/div>\n<\/div>\n<\/div>\n<\/div>\n<\/div>\n<div class=\"unit-detail-html-tabs__content-featuresAttr\"><\/div>\n<div class=\"unit-detail-html-tabs__content-html\">\n<p>Elementos filtrantes de PTFE sinterizado - Solu\u00e7\u00f5es de filtra\u00e7\u00e3o de alta pureza<\/p>\n<ul>\n<li>Constru\u00eddo a partir de resina de politetrafluoroetileno puro (PTFE);<\/li>\n<li>Cont\u00e9m uma membrana porosa de PTFE sinterizado com tamanho de poro controlado;<\/li>\n<li>Dispon\u00edvel em classifica\u00e7\u00f5es de microns de 0,1 \u03bcm a 10 \u03bcm para filtragem de part\u00edculas finas;<\/li>\n<li>Volume de vazios extremamente elevado, at\u00e9 90%, permitindo elevados caudais;<\/li>\n<li>Excelente resist\u00eancia qu\u00edmica a quase todos os produtos qu\u00edmicos corrosivos;<\/li>\n<li>Suporta uma utiliza\u00e7\u00e3o cont\u00ednua at\u00e9 500\u00b0F e picos de temperatura at\u00e9 600\u00b0F;<\/li>\n<li>Ampla gama de pH de 1 a 14, incluindo condi\u00e7\u00f5es altamente \u00e1cidas e alcalinas;<\/li>\n<li>Elevada repel\u00eancia \u00e0 \u00e1gua e superf\u00edcie antiaderente para uma limpeza f\u00e1cil;<\/li>\n<li>Elevada capacidade de reten\u00e7\u00e3o de sujidade devido \u00e0 estrutura porosa;<\/li>\n<li>Baixo teor de extract\u00e1veis, em conformidade com as normas da FDA;<\/li>\n<li>Elevada resist\u00eancia mec\u00e2nica e estabilidade dimensional;<\/li>\n<li>Vasta gama de acess\u00f3rios e configura\u00e7\u00f5es de hardware;<\/li>\n<li>Pode ser repetidamente esterilizado a vapor no local;<\/li>\n<li>Ideal para aplica\u00e7\u00f5es cr\u00edticas como linhas de fabrico de semicondutores, produtos farmac\u00eauticos, etc.<\/li>\n<\/ul>\n<p><img decoding=\"async\" src=\"https:\/\/img.yfisher.com\/m6076\/172573280017x\/jpg70-t3-scale100.webp\" alt=\"Elementos filtrantes em PTFE sinterizado - Solu\u00e7\u00f5es de filtra\u00e7\u00e3o de alta pureza 6\" data-lazy=\"2\" title=\"\"><\/p>\n<\/div>","protected":false},"excerpt":{"rendered":"<table>\n<thead>\n<tr>\n<th>Porto de in\u00edcio<\/th>\n<th>Guangzhou<\/th>\n<\/tr>\n<\/thead>\n<tbody>\n<tr>\n<td>Local de origem<\/td>\n<td>Guangdong, China<\/td>\n<\/tr>\n<tr>\n<td>Pagamento<\/td>\n<td>T\/T, garantia de com\u00e9rcio Alibaba, paypal<\/td>\n<\/tr>\n<tr>\n<td>QUANTIDADE M\u00c1XIMA DE ENCOMENDA<\/td>\n<td>1 unidade<\/td>\n<\/tr>\n<tr>\n<td>Modelo<\/td>\n<td>LY-FB<\/td>\n<\/tr>\n<tr>\n<td>Prazo de entrega<\/td>\n<td>No prazo de 7 dias \u00fateis<\/td>\n<\/tr>\n<tr>\n<td>Certifica\u00e7\u00e3o<\/td>\n<td>ISO 9001<\/td>\n<\/tr>\n<tr>\n<td>Marca<\/td>\n<td>OEM\/Lvyuan<\/td>\n<\/tr>\n<\/tbody>\n<\/table>","protected":false},"featured_media":2551,"comment_status":"open","ping_status":"closed","template":"","meta":{"_gspb_post_css":""},"product_brand":[],"product_cat":[24],"product_tag":[279,261,266,260,258,282],"class_list":{"0":"post-2542","1":"product","2":"type-product","3":"status-publish","4":"has-post-thumbnail","6":"product_cat-sintered-porous-plastic","7":"product_tag-alibaba-trade-assurance","8":"product_tag-guangdong-china","9":"product_tag-guangzhou","10":"product_tag-iso-9001","11":"product_tag-ly-fb","12":"product_tag-oem-lvyuan","14":"first","15":"instock","16":"shipping-taxable","17":"product-type-simple"},"_links":{"self":[{"href":"https:\/\/lyfilter.com\/pt\/wp-json\/wp\/v2\/product\/2542","targetHints":{"allow":["GET"]}}],"collection":[{"href":"https:\/\/lyfilter.com\/pt\/wp-json\/wp\/v2\/product"}],"about":[{"href":"https:\/\/lyfilter.com\/pt\/wp-json\/wp\/v2\/types\/product"}],"replies":[{"embeddable":true,"href":"https:\/\/lyfilter.com\/pt\/wp-json\/wp\/v2\/comments?post=2542"}],"wp:featuredmedia":[{"embeddable":true,"href":"https:\/\/lyfilter.com\/pt\/wp-json\/wp\/v2\/media\/2551"}],"wp:attachment":[{"href":"https:\/\/lyfilter.com\/pt\/wp-json\/wp\/v2\/media?parent=2542"}],"wp:term":[{"taxonomy":"product_brand","embeddable":true,"href":"https:\/\/lyfilter.com\/pt\/wp-json\/wp\/v2\/product_brand?post=2542"},{"taxonomy":"product_cat","embeddable":true,"href":"https:\/\/lyfilter.com\/pt\/wp-json\/wp\/v2\/product_cat?post=2542"},{"taxonomy":"product_tag","embeddable":true,"href":"https:\/\/lyfilter.com\/pt\/wp-json\/wp\/v2\/product_tag?post=2542"}],"curies":[{"name":"wp","href":"https:\/\/api.w.org\/{rel}","templated":true}]}}