{"id":2536,"date":"2026-01-07T06:09:25","date_gmt":"2026-01-07T06:09:25","guid":{"rendered":"https:\/\/lyfilter.com\/?post_type=product&#038;p=2536"},"modified":"2026-01-07T06:09:25","modified_gmt":"2026-01-07T06:09:25","slug":"porous-industrial-solid-liquid-filtration-sintered-white-black-pe-filter-cartridge","status":"publish","type":"product","link":"https:\/\/lyfilter.com\/pt\/porous-industrial-solid-liquid-filtration-sintered-white-black-pe-filter-cartridge\/","title":{"rendered":"Cartucho de filtro PE preto branco sinterizado para filtra\u00e7\u00e3o de l\u00edquidos s\u00f3lidos industriais porosos"},"content":{"rendered":"<div class=\"unit-detail-html-tabs__content-attr\">\n<div class=\"unit-product-attrparam\">\n<div class=\"unit-product-attrparam__items row\">\n<div class=\"col-12 col-md-6\">\n<div class=\"unit-product-attrparam__item\">\n<div class=\"unit-product-attrparam__label\">\n<table>\n<thead>\n<tr>\n<th>Capacidade de fornecimento<\/th>\n<th>1000000pc\/m\u00eas<\/th>\n<\/tr>\n<\/thead>\n<tbody>\n<tr>\n<td>Material<\/td>\n<td>pe<\/td>\n<\/tr>\n<tr>\n<td>Disponibilidade<\/td>\n<td>OEM\/ODM<\/td>\n<\/tr>\n<\/tbody>\n<\/table>\n<\/div>\n<\/div>\n<\/div>\n<\/div>\n<\/div>\n<\/div>\n<div class=\"unit-detail-html-tabs__content-featuresAttr\"><\/div>\n<div class=\"unit-detail-html-tabs__content-html\">\n<p><strong>Cartucho de filtro PE preto branco sinterizado para filtra\u00e7\u00e3o de l\u00edquidos s\u00f3lidos industriais porosos<\/strong><\/p>\n<ul>\n<li>Cont\u00e9m PE branco para a camada de pr\u00e9-filtragem e PE preto para a camada de filtragem fina;<\/li>\n<li>Cartucho de filtro sinterizado: estrutura porosa sinterizada com tamanho de poro controlado para remo\u00e7\u00e3o de part\u00edculas s\u00f3lidas;<\/li>\n<li>A camada preta tem poros pequenos, t\u00e3o finos como 5 microns, para uma maior efici\u00eancia de filtragem;<\/li>\n<li>Baixa queda de press\u00e3o no cartucho para uma filtragem de elevado caudal;<\/li>\n<li>Filtro poroso: elevada capacidade de reten\u00e7\u00e3o de sujidade e longa vida \u00fatil;<\/li>\n<li>Suporta temperaturas elevadas at\u00e9 140\u00b0F e um amplo intervalo de pH 1-14;<\/li>\n<li>Pode ser esterilizado a vapor e limpo com produtos qu\u00edmicos;<\/li>\n<li>Excelente compatibilidade qu\u00edmica, resistente \u00e0 maioria dos \u00e1cidos, bases e solventes;<\/li>\n<li>Dispon\u00edvel em comprimentos standard com tubos de v\u00e1rios di\u00e2metros;<\/li>\n<li>Cartucho de filtro PE amplamente utilizado para pr\u00e9-RO e filtragem final em aplica\u00e7\u00f5es farmac\u00eauticas, qu\u00edmicas, alimentares e de bebidas.<\/li>\n<\/ul>\n<p><img decoding=\"async\" src=\"https:\/\/img.yfisher.com\/m6076\/1725732797cjk\/jpg70-t3-scale100.webp\" alt=\"Filtra\u00e7\u00e3o de l\u00edquidos s\u00f3lidos industriais porosos Cartucho de filtro PE preto branco sinterizado 7\" data-lazy=\"2\" title=\"\"><\/p>\n<\/div>","protected":false},"excerpt":{"rendered":"<table>\n<thead>\n<tr>\n<th>Porto de in\u00edcio<\/th>\n<th>Guangzhou<\/th>\n<\/tr>\n<\/thead>\n<tbody>\n<tr>\n<td>Local de origem<\/td>\n<td>Guangdong, China<\/td>\n<\/tr>\n<tr>\n<td>Pagamento<\/td>\n<td>T\/T, paypal<\/td>\n<\/tr>\n<tr>\n<td>QUANTIDADE M\u00c1XIMA DE ENCOMENDA<\/td>\n<td>1 unidade<\/td>\n<\/tr>\n<tr>\n<td>Modelo<\/td>\n<td>LY-FB<\/td>\n<\/tr>\n<tr>\n<td>Prazo de entrega<\/td>\n<td>No prazo de 7 dias \u00fateis<\/td>\n<\/tr>\n<tr>\n<td>Certifica\u00e7\u00e3o<\/td>\n<td>ISO 9001<\/td>\n<\/tr>\n<tr>\n<td>Marca<\/td>\n<td>OEM\/Lvyuan<\/td>\n<\/tr>\n<\/tbody>\n<\/table>","protected":false},"featured_media":2543,"comment_status":"open","ping_status":"closed","template":"","meta":{"_gspb_post_css":""},"product_brand":[],"product_cat":[24],"product_tag":[261,266,260,258,282,979],"class_list":{"0":"post-2536","1":"product","2":"type-product","3":"status-publish","4":"has-post-thumbnail","6":"product_cat-sintered-porous-plastic","7":"product_tag-guangdong-china","8":"product_tag-guangzhou","9":"product_tag-iso-9001","10":"product_tag-ly-fb","11":"product_tag-oem-lvyuan","12":"product_tag-t-t-and-paypal","14":"first","15":"instock","16":"shipping-taxable","17":"product-type-simple"},"_links":{"self":[{"href":"https:\/\/lyfilter.com\/pt\/wp-json\/wp\/v2\/product\/2536","targetHints":{"allow":["GET"]}}],"collection":[{"href":"https:\/\/lyfilter.com\/pt\/wp-json\/wp\/v2\/product"}],"about":[{"href":"https:\/\/lyfilter.com\/pt\/wp-json\/wp\/v2\/types\/product"}],"replies":[{"embeddable":true,"href":"https:\/\/lyfilter.com\/pt\/wp-json\/wp\/v2\/comments?post=2536"}],"wp:featuredmedia":[{"embeddable":true,"href":"https:\/\/lyfilter.com\/pt\/wp-json\/wp\/v2\/media\/2543"}],"wp:attachment":[{"href":"https:\/\/lyfilter.com\/pt\/wp-json\/wp\/v2\/media?parent=2536"}],"wp:term":[{"taxonomy":"product_brand","embeddable":true,"href":"https:\/\/lyfilter.com\/pt\/wp-json\/wp\/v2\/product_brand?post=2536"},{"taxonomy":"product_cat","embeddable":true,"href":"https:\/\/lyfilter.com\/pt\/wp-json\/wp\/v2\/product_cat?post=2536"},{"taxonomy":"product_tag","embeddable":true,"href":"https:\/\/lyfilter.com\/pt\/wp-json\/wp\/v2\/product_tag?post=2536"}],"curies":[{"name":"wp","href":"https:\/\/api.w.org\/{rel}","templated":true}]}}