{"id":2530,"date":"2026-01-07T03:56:56","date_gmt":"2026-01-07T03:56:56","guid":{"rendered":"https:\/\/lyfilter.com\/?post_type=product&#038;p=2530"},"modified":"2026-01-07T03:56:56","modified_gmt":"2026-01-07T03:56:56","slug":"customized-size-pogoda-connector-304-316-stainless-steel-filter-cartridge","status":"publish","type":"product","link":"https:\/\/lyfilter.com\/pt\/customized-size-pogoda-connector-304-316-stainless-steel-filter-cartridge\/","title":{"rendered":"Tamanho personalizado do conetor Pogoda 304 316 Cartucho de filtro de a\u00e7o inoxid\u00e1vel"},"content":{"rendered":"<div class=\"unit-detail-html-tabs__content-attr\">\n<div class=\"unit-product-attrparam\">\n<div class=\"unit-product-attrparam__items row\">\n<div class=\"col-12 col-md-6\">\n<div class=\"unit-product-attrparam__item\">\n<div class=\"unit-product-attrparam__label\">\n<table>\n<thead>\n<tr>\n<th><strong>Atributo<\/strong><\/th>\n<th><strong>Detalhes<\/strong><\/th>\n<\/tr>\n<\/thead>\n<tbody>\n<tr>\n<td><strong>Disponibilidade<\/strong><\/td>\n<td>OEM\/ODM<\/td>\n<\/tr>\n<\/tbody>\n<\/table>\n<\/div>\n<\/div>\n<\/div>\n<\/div>\n<\/div>\n<\/div>\n<div class=\"unit-detail-html-tabs__content-featuresAttr\"><\/div>\n<div class=\"unit-detail-html-tabs__content-html\">\n<p><strong>Tamanho personalizado do conetor Pogoda 304 316 Cartucho de filtro de a\u00e7o inoxid\u00e1vel<\/strong><\/p>\n<p><strong>Descri\u00e7\u00e3o\uff1a<\/strong><\/p>\n<ol>\n<li>Constru\u00eddo em a\u00e7o inoxid\u00e1vel 304 e 316 para resist\u00eancia \u00e0 corros\u00e3o<\/li>\n<li>O desenho do cartucho de filtro plissado proporciona uma \u00e1rea de superf\u00edcie elevada para uma remo\u00e7\u00e3o eficaz dos contaminantes<\/li>\n<li>Remove sedimentos, ferrugem, incrusta\u00e7\u00f5es, lodo, areia, sujidade e outras part\u00edculas<\/li>\n<li>Ideal para aplica\u00e7\u00f5es de elevado caudal com uma queda de press\u00e3o m\u00ednima<\/li>\n<li>Compat\u00edvel com uma vasta gama de sistemas de filtragem industriais, comerciais e residenciais<\/li>\n<li>Dispon\u00edvel em v\u00e1rias classifica\u00e7\u00f5es de microns para diferentes necessidades de filtragem<\/li>\n<li>A malha de suporte exterior em a\u00e7o inoxid\u00e1vel mant\u00e9m a integridade das pregas<\/li>\n<li>Envolvimento interior e exterior em polipropileno para maior durabilidade<\/li>\n<li>O alinhamento radial das pregas permite um fluxo uniforme em toda a superf\u00edcie do filtro<\/li>\n<li>Oferecido em comprimentos padr\u00e3o de 10 \u2033, 20 \u2033, 30 \u2033 e 40 \u2033 para caber na maioria das caixas<\/li>\n<li>Pode suportar temperaturas at\u00e9 180\u00b0F dependendo do material de veda\u00e7\u00e3o<\/li>\n<li>Dire\u00e7\u00e3o de fluxo revers\u00edvel para flexibilidade<\/li>\n<\/ol>\n<p><strong><br \/>\n<\/strong><\/p>\n<p><img decoding=\"async\" src=\"https:\/\/img.yfisher.com\/m6076\/17257327950r2\/jpg70-t3-scale100.webp\" alt=\"Tamanho personalizado Pogoda Connector 304 316 Cartucho de filtro de a\u00e7o inoxid\u00e1vel 6\" data-lazy=\"2\" title=\"\"><\/p>\n<\/div>","protected":false},"excerpt":{"rendered":"<table>\n<thead>\n<tr>\n<th><strong>Atributo<\/strong><\/th>\n<th><strong>Detalhes<\/strong><\/th>\n<\/tr>\n<\/thead>\n<tbody>\n<tr>\n<td><strong>Porto de in\u00edcio<\/strong><\/td>\n<td>Guangzhou<\/td>\n<\/tr>\n<tr>\n<td><strong>Capacidade de produ\u00e7\u00e3o<\/strong><\/td>\n<td>10000 unidades\/m\u00eas<\/td>\n<\/tr>\n<tr>\n<td><strong>Local de origem<\/strong><\/td>\n<td>Guangdong, China<\/td>\n<\/tr>\n<tr>\n<td><strong>Pagamento<\/strong><\/td>\n<td>T\/T, Garantia de com\u00e9rcio de Alibaba, Paypal<\/td>\n<\/tr>\n<tr>\n<td><strong>Modelo<\/strong><\/td>\n<td>LY-FB<\/td>\n<\/tr>\n<tr>\n<td><strong>Prazo de entrega<\/strong><\/td>\n<td>No prazo de 7 dias \u00fateis<\/td>\n<\/tr>\n<tr>\n<td><strong>Certifica\u00e7\u00e3o<\/strong><\/td>\n<td>ISO 9001<\/td>\n<\/tr>\n<tr>\n<td><strong>Marca<\/strong><\/td>\n<td>OEM\/Lvyuan<\/td>\n<\/tr>\n<\/tbody>\n<\/table>","protected":false},"featured_media":2537,"comment_status":"open","ping_status":"closed","template":"","meta":{"_gspb_post_css":""},"product_brand":[],"product_cat":[17,18],"product_tag":[978,977,266,260,258,259],"class_list":{"0":"post-2530","1":"product","2":"type-product","3":"status-publish","4":"has-post-thumbnail","6":"product_cat-sediment-filter","7":"product_cat-sintered-metal-filters","8":"product_tag-alibaba","9":"product_tag-filter-element","10":"product_tag-guangzhou","11":"product_tag-iso-9001","12":"product_tag-ly-fb","13":"product_tag-oem","15":"first","16":"instock","17":"shipping-taxable","18":"product-type-simple"},"_links":{"self":[{"href":"https:\/\/lyfilter.com\/pt\/wp-json\/wp\/v2\/product\/2530","targetHints":{"allow":["GET"]}}],"collection":[{"href":"https:\/\/lyfilter.com\/pt\/wp-json\/wp\/v2\/product"}],"about":[{"href":"https:\/\/lyfilter.com\/pt\/wp-json\/wp\/v2\/types\/product"}],"replies":[{"embeddable":true,"href":"https:\/\/lyfilter.com\/pt\/wp-json\/wp\/v2\/comments?post=2530"}],"wp:featuredmedia":[{"embeddable":true,"href":"https:\/\/lyfilter.com\/pt\/wp-json\/wp\/v2\/media\/2537"}],"wp:attachment":[{"href":"https:\/\/lyfilter.com\/pt\/wp-json\/wp\/v2\/media?parent=2530"}],"wp:term":[{"taxonomy":"product_brand","embeddable":true,"href":"https:\/\/lyfilter.com\/pt\/wp-json\/wp\/v2\/product_brand?post=2530"},{"taxonomy":"product_cat","embeddable":true,"href":"https:\/\/lyfilter.com\/pt\/wp-json\/wp\/v2\/product_cat?post=2530"},{"taxonomy":"product_tag","embeddable":true,"href":"https:\/\/lyfilter.com\/pt\/wp-json\/wp\/v2\/product_tag?post=2530"}],"curies":[{"name":"wp","href":"https:\/\/api.w.org\/{rel}","templated":true}]}}