{"id":2525,"date":"2026-01-07T03:54:51","date_gmt":"2026-01-07T03:54:51","guid":{"rendered":"https:\/\/lyfilter.com\/?post_type=product&#038;p=2525"},"modified":"2026-04-24T23:43:14","modified_gmt":"2026-04-24T23:43:14","slug":"lvyuan-customized-micron-high-flow-filter-cartridge","status":"publish","type":"product","link":"https:\/\/lyfilter.com\/pt\/lvyuan-customized-micron-high-flow-filter-cartridge\/","title":{"rendered":"Cartucho de filtro de alto fluxo de m\u00edcron personalizado Lvyuan"},"content":{"rendered":"<div class=\"unit-detail-html-tabs__content-attr\">\n<div class=\"unit-product-attrparam\">\n<div class=\"unit-product-attrparam__items row\">\n<div class=\"col-12 col-md-6\">\n<div class=\"unit-product-attrparam__item\">\n<div class=\"unit-product-attrparam__label\">\n<table>\n<thead>\n<tr>\n<th><strong>Atributo<\/strong><\/th>\n<th><strong>Detalhes<\/strong><\/th>\n<\/tr>\n<\/thead>\n<tbody>\n<tr>\n<td><strong>Capacidade de fornecimento<\/strong><\/td>\n<td>1000000pc\/m\u00eas<\/td>\n<\/tr>\n<tr>\n<td><strong>Disponibilidade<\/strong><\/td>\n<td>OEM\/ODM<\/td>\n<\/tr>\n<\/tbody>\n<\/table>\n<\/div>\n<\/div>\n<\/div>\n<\/div>\n<\/div>\n<\/div>\n<div class=\"unit-detail-html-tabs__content-html\">\n<p><strong>Cartucho de filtro de alto fluxo Micron personalizado Lvyuan<\/strong><\/p>\n<p>Os cartuchos de filtro da s\u00e9rie High Flow foram concebidos para filtragem de caudal elevado em aplica\u00e7\u00f5es industriais exigentes. Com uma geometria de pregas optimizada e uma constru\u00e7\u00e3o robusta, estes filtros proporcionam at\u00e9 3 vezes a capacidade de caudal dos cartuchos padr\u00e3o para um rendimento m\u00e1ximo.<\/p>\n<p>Constru\u00eddos com v\u00e1rias camadas de meios de polipropileno finamente plissados, os cartuchos de caudal elevado apresentam uma \u00e1rea de superf\u00edcie aumentada e uma capacidade de carga em profundidade para lidar com cargas pesadas de contaminantes. A formula\u00e7\u00e3o patenteada do meio permite um caudal elevado com uma baixa queda de press\u00e3o.<\/p>\n<p>O n\u00facleo central em polipropileno proporciona resist\u00eancia e estabilidade, enquanto as juntas integradas vedam eficazmente o cartucho dentro da caixa. As tampas de extremidade em polipropileno de pe\u00e7a \u00fanica eliminam potenciais pontos de fuga.<\/p>\n<p>Com uma elevada capacidade de reten\u00e7\u00e3o de sujidade e uma efici\u00eancia at\u00e9 99,9% a microns nominais, os cartuchos de filtro High Flow mant\u00eam os caudais do processo durante mais tempo entre mudan\u00e7as. A sua ampla compatibilidade qu\u00edmica permite a utiliza\u00e7\u00e3o em muitas aplica\u00e7\u00f5es.<\/p>\n<p>Os cartuchos de caudal elevado est\u00e3o dispon\u00edveis com v\u00e1rias classifica\u00e7\u00f5es de microns de 1 a 800 microns. A sua pegada de grande di\u00e2metro de 2,5 polegadas, combinada com o design de elevado caudal, torna-os numa solu\u00e7\u00e3o ideal para fluidos de alta velocidade e fluxos de processo de grande volume.<\/p>\n<p>Os caudais que variam entre 250 e 1250 GPM proporcionam flexibilidade no manuseamento de aplica\u00e7\u00f5es industriais dif\u00edceis e opera\u00e7\u00f5es de fabrico de elevado rendimento. Os cartuchos High Flow proporcionam uma filtragem de caudal extremo numa embalagem resistente mas econ\u00f3mica.<\/p>\n<\/div>","protected":false},"excerpt":{"rendered":"<table>\n<thead>\n<tr>\n<th><strong>Atributo<\/strong><\/th>\n<th><strong>Detalhes<\/strong><\/th>\n<\/tr>\n<\/thead>\n<tbody>\n<tr>\n<td><strong>Capacidade de produ\u00e7\u00e3o<\/strong><\/td>\n<td>10000 unidades\/m\u00eas<\/td>\n<\/tr>\n<tr>\n<td><strong>Pagamento<\/strong><\/td>\n<td>T\/T, Garantia de com\u00e9rcio de Alibaba<\/td>\n<\/tr>\n<tr>\n<td><strong>QUANTIDADE M\u00c1XIMA DE ENCOMENDA<\/strong><\/td>\n<td>1 unidade<\/td>\n<\/tr>\n<tr>\n<td><strong>Modelo<\/strong><\/td>\n<td>LY-FB<\/td>\n<\/tr>\n<tr>\n<td><strong>Prazo de entrega<\/strong><\/td>\n<td>No prazo de 7 dias \u00fateis<\/td>\n<\/tr>\n<tr>\n<td><strong>Certifica\u00e7\u00e3o<\/strong><\/td>\n<td>ISO 9001<\/td>\n<\/tr>\n<tr>\n<td><strong>Marca<\/strong><\/td>\n<td>OEM\/Lvyuan<\/td>\n<\/tr>\n<\/tbody>\n<\/table>","protected":false},"featured_media":2531,"comment_status":"open","ping_status":"closed","template":"","meta":{"_gspb_post_css":""},"product_brand":[],"product_cat":[17],"product_tag":[978,977,266,260,258,259],"class_list":{"0":"post-2525","1":"product","2":"type-product","3":"status-publish","4":"has-post-thumbnail","6":"product_cat-sediment-filter","7":"product_tag-alibaba","8":"product_tag-filter-element","9":"product_tag-guangzhou","10":"product_tag-iso-9001","11":"product_tag-ly-fb","12":"product_tag-oem","14":"first","15":"instock","16":"shipping-taxable","17":"product-type-simple"},"_links":{"self":[{"href":"https:\/\/lyfilter.com\/pt\/wp-json\/wp\/v2\/product\/2525","targetHints":{"allow":["GET"]}}],"collection":[{"href":"https:\/\/lyfilter.com\/pt\/wp-json\/wp\/v2\/product"}],"about":[{"href":"https:\/\/lyfilter.com\/pt\/wp-json\/wp\/v2\/types\/product"}],"replies":[{"embeddable":true,"href":"https:\/\/lyfilter.com\/pt\/wp-json\/wp\/v2\/comments?post=2525"}],"wp:featuredmedia":[{"embeddable":true,"href":"https:\/\/lyfilter.com\/pt\/wp-json\/wp\/v2\/media\/2531"}],"wp:attachment":[{"href":"https:\/\/lyfilter.com\/pt\/wp-json\/wp\/v2\/media?parent=2525"}],"wp:term":[{"taxonomy":"product_brand","embeddable":true,"href":"https:\/\/lyfilter.com\/pt\/wp-json\/wp\/v2\/product_brand?post=2525"},{"taxonomy":"product_cat","embeddable":true,"href":"https:\/\/lyfilter.com\/pt\/wp-json\/wp\/v2\/product_cat?post=2525"},{"taxonomy":"product_tag","embeddable":true,"href":"https:\/\/lyfilter.com\/pt\/wp-json\/wp\/v2\/product_tag?post=2525"}],"curies":[{"name":"wp","href":"https:\/\/api.w.org\/{rel}","templated":true}]}}