{"id":2517,"date":"2026-01-07T03:52:43","date_gmt":"2026-01-07T03:52:43","guid":{"rendered":"https:\/\/lyfilter.com\/?post_type=product&#038;p=2517"},"modified":"2026-01-07T03:52:43","modified_gmt":"2026-01-07T03:52:43","slug":"ultrafiltration-polyethylene-pe-needle-filters","status":"publish","type":"product","link":"https:\/\/lyfilter.com\/pt\/ultrafiltration-polyethylene-pe-needle-filters\/","title":{"rendered":"Filtros de agulha de polietileno (PE) de ultrafiltra\u00e7\u00e3o"},"content":{"rendered":"<div class=\"unit-detail-html-tabs__content-attr\">\n<div class=\"unit-product-attrparam\">\n<div class=\"unit-product-attrparam__items row\">\n<div class=\"col-12 col-md-6\">\n<div class=\"unit-product-attrparam__item\">\n<div class=\"unit-product-attrparam__label\">\n<table>\n<thead>\n<tr>\n<th><strong>Atributo<\/strong><\/th>\n<th><strong>Detalhes<\/strong><\/th>\n<\/tr>\n<\/thead>\n<tbody>\n<tr>\n<td><strong>Disponibilidade<\/strong><\/td>\n<td>OEM\/ODM<\/td>\n<\/tr>\n<\/tbody>\n<\/table>\n<\/div>\n<\/div>\n<\/div>\n<\/div>\n<\/div>\n<\/div>\n<div class=\"unit-detail-html-tabs__content-html\">\n<p><strong>Filtros de agulha de polietileno (PE) de ultrafiltra\u00e7\u00e3o\u00a0<\/strong><\/p>\n<p>1. Material PE - O polietileno (PE) \u00e9 um material popular para membranas de ultrafiltra\u00e7\u00e3o. \u00c9 resistente a produtos qu\u00edmicos, econ\u00f3mico e dur\u00e1vel. Os filtros de agulha PE s\u00e3o compat\u00edveis com uma vasta gama de produtos qu\u00edmicos, solventes e l\u00edquidos.<\/p>\n<p>2. Elevado fluxo - As membranas de ultrafiltra\u00e7\u00e3o PE t\u00eam um tamanho de poro de 0,01-0,1 microns e podem atingir um elevado fluxo de permeado de v\u00e1rios a centenas de litros por m2 por hora. O elevado fluxo proporciona uma elevada efici\u00eancia de produ\u00e7\u00e3o e velocidade de processamento.<\/p>\n<p>3. Seletividade - As membranas de ultrafiltra\u00e7\u00e3o PE separam com base no corte de peso molecular. Podem reter mol\u00e9culas grandes e deixar passar mol\u00e9culas pequenas. Esta seletividade torna-as adequadas para aplica\u00e7\u00f5es de separa\u00e7\u00e3o, concentra\u00e7\u00e3o e purifica\u00e7\u00e3o.<\/p>\n<p>4. Resist\u00eancia ao calor - As membranas de ultrafiltra\u00e7\u00e3o PE normais podem suportar l\u00edquidos quentes de 50-70\u00b0C. Os filtros de agulha PE feitos de pl\u00e1sticos de engenharia podem suportar 90-120\u00b0C. A elevada resist\u00eancia ao calor alarga a sua gama de aplica\u00e7\u00f5es.<\/p>\n<p>5. Reutiliza\u00e7\u00e3o - Alguns filtros de agulha PE podem ser lavados em contracorrente ou quimicamente limpos para remover incrusta\u00e7\u00f5es e part\u00edculas no n\u00facleo do filtro e reutilizados. A possibilidade de reutiliza\u00e7\u00e3o prolonga consideravelmente a vida \u00fatil do filtro e reduz os custos.<\/p>\n<p>6. Liga\u00e7\u00f5es - Os filtros de agulhas PE s\u00e3o normalmente fornecidos com inv\u00f3lucros de a\u00e7o inoxid\u00e1vel ou de pl\u00e1stico e disp\u00f5em de conectores comuns, tais como liga\u00e7\u00f5es roscadas ou de flange, para liga\u00e7\u00e3o a tubos ou contentores. A caixa e os conectores devem vedar corretamente para evitar fugas.<\/p>\n<p>7. Especifica\u00e7\u00f5es - Os filtros de agulha PE s\u00e3o fornecidos em vers\u00f5es de baixo caudal (50L\/min) com uma precis\u00e3o de filtragem de 0,01 a 0,2 microns. Pode escolher as especifica\u00e7\u00f5es adequadas com base na sua aplica\u00e7\u00e3o.<\/p>\n<\/div>","protected":false},"excerpt":{"rendered":"<table>\n<thead>\n<tr>\n<th><strong>Atributo<\/strong><\/th>\n<th><strong>Detalhes<\/strong><\/th>\n<\/tr>\n<\/thead>\n<tbody>\n<tr>\n<td><strong>Porto de in\u00edcio<\/strong><\/td>\n<td>Guangzhou<\/td>\n<\/tr>\n<tr>\n<td><strong>Local de origem<\/strong><\/td>\n<td>Guangdong, China<\/td>\n<\/tr>\n<tr>\n<td><strong>Pagamento<\/strong><\/td>\n<td>T\/T, Garantia de com\u00e9rcio de Alibaba, Paypal<\/td>\n<\/tr>\n<tr>\n<td><strong>QUANTIDADE M\u00c1XIMA DE ENCOMENDA<\/strong><\/td>\n<td>1 unidade<\/td>\n<\/tr>\n<tr>\n<td><strong>Modelo<\/strong><\/td>\n<td>LY-FB<\/td>\n<\/tr>\n<tr>\n<td><strong>Prazo de entrega<\/strong><\/td>\n<td>No prazo de 7 dias \u00fateis<\/td>\n<\/tr>\n<tr>\n<td><strong>Certifica\u00e7\u00e3o<\/strong><\/td>\n<td>ISO 9001<\/td>\n<\/tr>\n<tr>\n<td><strong>Marca<\/strong><\/td>\n<td>OEM\/Lvyuan<\/td>\n<\/tr>\n<\/tbody>\n<\/table>","protected":false},"featured_media":2526,"comment_status":"open","ping_status":"closed","template":"","meta":{"_gspb_post_css":""},"product_brand":[],"product_cat":[17,22],"product_tag":[978,977,266,260,258,259],"class_list":{"0":"post-2517","1":"product","2":"type-product","3":"status-publish","4":"has-post-thumbnail","6":"product_cat-sediment-filter","7":"product_cat-sintered-filter-cartridge","8":"product_tag-alibaba","9":"product_tag-filter-element","10":"product_tag-guangzhou","11":"product_tag-iso-9001","12":"product_tag-ly-fb","13":"product_tag-oem","15":"first","16":"instock","17":"shipping-taxable","18":"product-type-simple"},"_links":{"self":[{"href":"https:\/\/lyfilter.com\/pt\/wp-json\/wp\/v2\/product\/2517","targetHints":{"allow":["GET"]}}],"collection":[{"href":"https:\/\/lyfilter.com\/pt\/wp-json\/wp\/v2\/product"}],"about":[{"href":"https:\/\/lyfilter.com\/pt\/wp-json\/wp\/v2\/types\/product"}],"replies":[{"embeddable":true,"href":"https:\/\/lyfilter.com\/pt\/wp-json\/wp\/v2\/comments?post=2517"}],"wp:featuredmedia":[{"embeddable":true,"href":"https:\/\/lyfilter.com\/pt\/wp-json\/wp\/v2\/media\/2526"}],"wp:attachment":[{"href":"https:\/\/lyfilter.com\/pt\/wp-json\/wp\/v2\/media?parent=2517"}],"wp:term":[{"taxonomy":"product_brand","embeddable":true,"href":"https:\/\/lyfilter.com\/pt\/wp-json\/wp\/v2\/product_brand?post=2517"},{"taxonomy":"product_cat","embeddable":true,"href":"https:\/\/lyfilter.com\/pt\/wp-json\/wp\/v2\/product_cat?post=2517"},{"taxonomy":"product_tag","embeddable":true,"href":"https:\/\/lyfilter.com\/pt\/wp-json\/wp\/v2\/product_tag?post=2517"}],"curies":[{"name":"wp","href":"https:\/\/api.w.org\/{rel}","templated":true}]}}