{"id":2505,"date":"2026-01-07T03:31:27","date_gmt":"2026-01-07T03:31:27","guid":{"rendered":"https:\/\/lyfilter.com\/?post_type=product&#038;p=2505"},"modified":"2026-01-07T03:31:28","modified_gmt":"2026-01-07T03:31:28","slug":"lvyuan-0-2-to-5-microns-needle-filter","status":"publish","type":"product","link":"https:\/\/lyfilter.com\/pt\/lvyuan-0-2-to-5-microns-needle-filter\/","title":{"rendered":"Filtro de agulha Lvyuan de 0,2 a 5 microns"},"content":{"rendered":"<div class=\"unit-detail-html-tabs__content-attr\">\n<div class=\"unit-product-attrparam\">\n<div class=\"unit-product-attrparam__items row\">\n<div class=\"col-12 col-md-6\">\n<div class=\"unit-product-attrparam__item\">\n<div class=\"unit-product-attrparam__label\">\n<table>\n<thead>\n<tr>\n<th>item<\/th>\n<th>pormenores<\/th>\n<\/tr>\n<\/thead>\n<tbody>\n<tr>\n<td>Capacidade de fornecimento<\/td>\n<td>1000000pc\/m\u00eas<\/td>\n<\/tr>\n<tr>\n<td>Material<\/td>\n<td>PTFE\/PE<\/td>\n<\/tr>\n<tr>\n<td>Disponibilidade<\/td>\n<td>OEM\/ODM<\/td>\n<\/tr>\n<\/tbody>\n<\/table>\n<\/div>\n<\/div>\n<\/div>\n<\/div>\n<\/div>\n<\/div>\n<div class=\"unit-detail-html-tabs__content-html\">\n<p>Um filtro de agulha \u00e9 um tipo de filtro normalmente utilizado em aplica\u00e7\u00f5es m\u00e9dicas para remover part\u00edculas ou impurezas de fluidos como medicamentos ou sangue. Seguem-se algumas especifica\u00e7\u00f5es para um filtro de agulha:<\/p>\n<ol>\n<li>Tamanho dos poros: Os filtros de agulha t\u00eam tipicamente tamanhos de poros que variam entre 0,2 e 5 microns, dependendo da aplica\u00e7\u00e3o. A dimens\u00e3o dos poros do filtro \u00e9 selecionada com base na dimens\u00e3o das part\u00edculas a remover e no caudal pretendido.<\/li>\n<li>Material: Os filtros de agulha s\u00e3o fabricados a partir de uma variedade de materiais, incluindo polipropileno, nylon, PTFE e PVDF. O material utilizado para o filtro \u00e9 selecionado com base em factores como a compatibilidade qu\u00edmica com o fluido a ser filtrado, a estabilidade t\u00e9rmica e a resist\u00eancia mec\u00e2nica.<\/li>\n<li>Inv\u00f3lucro: O inv\u00f3lucro do filtro de agulha \u00e9 normalmente feito de polipropileno ou outro material pl\u00e1stico. O inv\u00f3lucro foi concebido para se adaptar a uma seringa ou a outro dispositivo de administra\u00e7\u00e3o e para vedar a membrana do filtro.<\/li>\n<li>\u00c1rea de filtragem: A \u00e1rea de filtragem do filtro de agulhas \u00e9 tipicamente pequena, variando de alguns cent\u00edmetros quadrados a alguns mil\u00edmetros quadrados. Isto permite uma elevada efici\u00eancia de filtragem num tamanho compacto.<\/li>\n<li>Caudal: O caudal do filtro de agulhas depende do tamanho dos poros, do material da membrana e da viscosidade do fluido que est\u00e1 a ser filtrado. Em geral, tamanhos de poros mais pequenos e fluidos mais espessos resultam em caudais mais baixos.<\/li>\n<li>Esteriliza\u00e7\u00e3o: Os filtros de agulha s\u00e3o normalmente esterilizados com radia\u00e7\u00e3o gama ou g\u00e1s de \u00f3xido de etileno para garantir que est\u00e3o livres de contaminantes antes da utiliza\u00e7\u00e3o.<\/li>\n<\/ol>\n<p>Em geral, as especifica\u00e7\u00f5es de um filtro de agulhas dependem da aplica\u00e7\u00e3o espec\u00edfica e dos requisitos do utilizador.<\/p>\n<p><img decoding=\"async\" src=\"https:\/\/img.yfisher.com\/m6076\/1725732767nbs\/jpg70-t3-scale100.webp\" alt=\"Lvyuan Filtro de agulha de 0,2 a 5 m\u00edcrons 6\" data-lazy=\"2\" title=\"\"><\/p>\n<\/div>","protected":false},"excerpt":{"rendered":"<table>\n<thead>\n<tr>\n<th>item<\/th>\n<th>pormenores<\/th>\n<\/tr>\n<\/thead>\n<tbody>\n<tr>\n<td>modelo<\/td>\n<td>Filtro de agulha<\/td>\n<\/tr>\n<tr>\n<td>marca<\/td>\n<td>OEM\/Lvyuan<\/td>\n<\/tr>\n<tr>\n<td>porta de arranque<\/td>\n<td>Guangzhou<\/td>\n<\/tr>\n<tr>\n<td>capacidade de produ\u00e7\u00e3o<\/td>\n<td>10000 unidades\/m\u00eas<\/td>\n<\/tr>\n<tr>\n<td>local de origem<\/td>\n<td>Guangdong, China<\/td>\n<\/tr>\n<tr>\n<td>pagamento<\/td>\n<td>T\/T, garantia de com\u00e9rcio Alibaba, paypal<\/td>\n<\/tr>\n<tr>\n<td>moq<\/td>\n<td>1 unidade<\/td>\n<\/tr>\n<tr>\n<td>prazo de entrega<\/td>\n<td>No prazo de 7 dias \u00fateis<\/td>\n<\/tr>\n<tr>\n<td>certifica\u00e7\u00e3o<\/td>\n<td>ISO 9001<\/td>\n<\/tr>\n<\/tbody>\n<\/table>","protected":false},"featured_media":2512,"comment_status":"open","ping_status":"closed","template":"","meta":{"_gspb_post_css":""},"product_brand":[],"product_cat":[24,25],"product_tag":[956,279,964,260,975,976],"class_list":{"0":"post-2505","1":"product","2":"type-product","3":"status-publish","4":"has-post-thumbnail","6":"product_cat-sintered-porous-plastic","7":"product_cat-medical-filters","8":"product_tag-1-piece-moq","9":"product_tag-alibaba-trade-assurance","10":"product_tag-guangdong-manufacturer","11":"product_tag-iso-9001","12":"product_tag-needle-filter","13":"product_tag-oem-needle-filter","15":"first","16":"instock","17":"shipping-taxable","18":"product-type-simple"},"_links":{"self":[{"href":"https:\/\/lyfilter.com\/pt\/wp-json\/wp\/v2\/product\/2505","targetHints":{"allow":["GET"]}}],"collection":[{"href":"https:\/\/lyfilter.com\/pt\/wp-json\/wp\/v2\/product"}],"about":[{"href":"https:\/\/lyfilter.com\/pt\/wp-json\/wp\/v2\/types\/product"}],"replies":[{"embeddable":true,"href":"https:\/\/lyfilter.com\/pt\/wp-json\/wp\/v2\/comments?post=2505"}],"wp:featuredmedia":[{"embeddable":true,"href":"https:\/\/lyfilter.com\/pt\/wp-json\/wp\/v2\/media\/2512"}],"wp:attachment":[{"href":"https:\/\/lyfilter.com\/pt\/wp-json\/wp\/v2\/media?parent=2505"}],"wp:term":[{"taxonomy":"product_brand","embeddable":true,"href":"https:\/\/lyfilter.com\/pt\/wp-json\/wp\/v2\/product_brand?post=2505"},{"taxonomy":"product_cat","embeddable":true,"href":"https:\/\/lyfilter.com\/pt\/wp-json\/wp\/v2\/product_cat?post=2505"},{"taxonomy":"product_tag","embeddable":true,"href":"https:\/\/lyfilter.com\/pt\/wp-json\/wp\/v2\/product_tag?post=2505"}],"curies":[{"name":"wp","href":"https:\/\/api.w.org\/{rel}","templated":true}]}}