{"id":2499,"date":"2026-01-07T03:28:21","date_gmt":"2026-01-07T03:28:21","guid":{"rendered":"https:\/\/lyfilter.com\/?post_type=product&#038;p=2499"},"modified":"2026-01-07T03:28:21","modified_gmt":"2026-01-07T03:28:21","slug":"factory-price-porous-plastic-sintered-pa-membrane-filter-with-screw-connector","status":"publish","type":"product","link":"https:\/\/lyfilter.com\/pt\/factory-price-porous-plastic-sintered-pa-membrane-filter-with-screw-connector\/","title":{"rendered":"Pre\u00e7o de f\u00e1brica Filtro de membrana PA sinterizado de pl\u00e1stico poroso com conetor de parafuso"},"content":{"rendered":"<div class=\"unit-detail-html-tabs__content-attr\">\n<div class=\"unit-product-attrparam\">\n<div class=\"unit-product-attrparam__items row\">\n<div class=\"col-12 col-md-6\">\n<div class=\"unit-product-attrparam__item\">\n<div class=\"unit-product-attrparam__label\">\n<table>\n<thead>\n<tr>\n<th>item<\/th>\n<th>pormenores<\/th>\n<\/tr>\n<\/thead>\n<tbody>\n<tr>\n<td>capacidade de fornecimento<\/td>\n<td>1000000 pe\u00e7as\/m\u00eas<\/td>\n<\/tr>\n<tr>\n<td>material<\/td>\n<td>pe<\/td>\n<\/tr>\n<tr>\n<td>disponibilidade<\/td>\n<td>de origem<\/td>\n<\/tr>\n<\/tbody>\n<\/table>\n<\/div>\n<\/div>\n<\/div>\n<\/div>\n<\/div>\n<\/div>\n<div class=\"unit-detail-html-tabs__content-featuresAttr\"><\/div>\n<div class=\"unit-detail-html-tabs__content-html\">\n<p><strong>Pre\u00e7o de f\u00e1brica Filtro de membrana PA sinterizado de pl\u00e1stico poroso com conetor de parafuso<\/strong><\/p>\n<p><strong>Descri\u00e7\u00e3o do produto<\/strong><\/p>\n<p>O elemento filtrante sinterizado PA \u00e9 feito de polietileno de alto peso molecular de alta qualidade como principal mat\u00e9ria-prima e fibra de carbono atrav\u00e9s de sinteriza\u00e7\u00e3o de f\u00f3rmula cient\u00edfica. Estrutura compacta, forte, leve, pode suportar alta press\u00e3o de filtra\u00e7\u00e3o, n\u00e3o t\u00f3xico e ins\u00edpido, e tem boa resist\u00eancia \u00e0 corros\u00e3o de solventes \u00e1cidos e alcalinos.<\/p>\n<p>1. Carater\u00edsticas do produto do elemento filtrante sinterizado microporoso PA:<\/p>\n<p>1. Resistente \u00e0 corros\u00e3o por \u00e1cidos fortes e \u00e1lcalis fortes, e resistente \u00e0 dissolu\u00e7\u00e3o de solventes org\u00e2nicos;<\/p>\n<p>2. A excelente for\u00e7a e resist\u00eancia ao desgaste garantem a sua vida \u00fatil;<\/p>\n<p>3. A superf\u00edcie da luz exterior dificulta a ader\u00eancia das impurezas;<\/p>\n<p>4. A retrolavagem e a retrolavagem s\u00e3o f\u00e1ceis de reutilizar;<\/p>\n<p>5. Boa resist\u00eancia, o elemento filtrante n\u00e3o \u00e9 f\u00e1cil de partir;<\/p>\n<p>6. Sem fen\u00f3meno de debulha, forte resist\u00eancia \u00e0 press\u00e3o.<\/p>\n<p>&nbsp;<\/p>\n<p><strong>Especifica\u00e7\u00f5es<\/strong><\/p>\n<p>Diameter: \u222e20\u222e25\u222e30\u222e35\u222e38\u222e45\u222e50\u222e60<\/p>\n<p>Tamanho do conetor: M20-M22-M24-M26-M30<\/p>\n<p>Material da junta: polipropileno, a\u00e7o inoxid\u00e1vel 316<\/p>\n<p>Comprimento: 5\u203310\u203320\u203330\u203340\u203360\u203380\u2033<\/p>\n<p>Precis\u00e3o da filtragem: 0,5um-100um<\/p>\n<p><strong>Condi\u00e7\u00f5es de funcionamento<\/strong><\/p>\n<p>0-40\u2103 diferen\u00e7a de press\u00e3o m\u00e1xima de funcionamento 6bar<\/p>\n<p>60 \u2103 diferen\u00e7a de press\u00e3o m\u00e1xima de funcionamento 5bar<\/p>\n<p>80\u2103 diferen\u00e7a de press\u00e3o m\u00e1xima de funcionamento 4,5bar<\/p>\n<p>120\u2103 diferen\u00e7a de press\u00e3o m\u00e1xima de funcionamento 4bar<\/p>\n<p>&nbsp;<\/p>\n<p><strong>M\u00e9todo de regenera\u00e7\u00e3o da vareta filtrante PA:<\/strong><\/p>\n<p>&nbsp;<\/p>\n<ul>\n<li>M\u00e9todo f\u00edsico: Uma vez que a vareta do filtro tem boas propriedades mec\u00e2nicas e n\u00e3o se parte, pode ser utilizado ar comprimido de 0,6 MPa para o sopro de retorno e a remo\u00e7\u00e3o de esc\u00f3rias. O sopro de retorno tamb\u00e9m desempenha um papel na regenera\u00e7\u00e3o dos poros capilares, mas acumula-se na camada do filtro ap\u00f3s uma utiliza\u00e7\u00e3o prolongada. As part\u00edculas finas afectam a taxa de filtra\u00e7\u00e3o e a regenera\u00e7\u00e3o qu\u00edmica deve ser efectuada nesta altura.\n<p>&nbsp;<\/li>\n<li>M\u00e9todo qu\u00edmico: Mergulhar a vareta do filtro PA entupida numa solu\u00e7\u00e3o \u00e1cida ou alcalina com uma concentra\u00e7\u00e3o de 5%-10% para neutralizar os micromateriais entupidos na camada filtrante e, em seguida, recuar com \u00e1gua ou ar para a limpar.<\/li>\n<\/ul>\n<p><strong><br \/>\n<\/strong><\/p>\n<p><img decoding=\"async\" src=\"https:\/\/img.yfisher.com\/m6076\/1725732764rbg\/jpg70-t3-scale100.webp\" alt=\"Pre\u00e7o de f\u00e1brica Filtro de membrana de pl\u00e1stico poroso sinterizado PA com conetor de parafuso 6\" data-lazy=\"2\" title=\"\"><\/p>\n<\/div>","protected":false},"excerpt":{"rendered":"<table>\n<thead>\n<tr>\n<th>item<\/th>\n<th>pormenores<\/th>\n<\/tr>\n<\/thead>\n<tbody>\n<tr>\n<td>porta de arranque<\/td>\n<td>Guangzhou<\/td>\n<\/tr>\n<tr>\n<td>capacidade de produ\u00e7\u00e3o<\/td>\n<td>10000 unidades\/m\u00eas<\/td>\n<\/tr>\n<tr>\n<td>local de origem<\/td>\n<td>Guangdong, China<\/td>\n<\/tr>\n<tr>\n<td>pagamento<\/td>\n<td>D\/P, T\/T, Garantia de com\u00e9rcio de Alibaba, paypal<\/td>\n<\/tr>\n<tr>\n<td>moq<\/td>\n<td>1 unidade<\/td>\n<\/tr>\n<tr>\n<td>prazo de entrega<\/td>\n<td>No prazo de 7 dias \u00fateis<\/td>\n<\/tr>\n<tr>\n<td>certifica\u00e7\u00e3o<\/td>\n<td>ISO 9001<\/td>\n<\/tr>\n<tr>\n<td>marca<\/td>\n<td>OEM\/Lvyuan<\/td>\n<\/tr>\n<\/tbody>\n<\/table>","protected":false},"featured_media":2506,"comment_status":"open","ping_status":"closed","template":"","meta":{"_gspb_post_css":""},"product_brand":[],"product_cat":[24],"product_tag":[956,279,974,964,260,288],"class_list":{"0":"post-2499","1":"product","2":"type-product","3":"status-publish","4":"has-post-thumbnail","6":"product_cat-sintered-porous-plastic","7":"product_tag-1-piece-moq","8":"product_tag-alibaba-trade-assurance","9":"product_tag-dp-payment","10":"product_tag-guangdong-manufacturer","11":"product_tag-iso-9001","12":"product_tag-paypal","14":"first","15":"instock","16":"shipping-taxable","17":"product-type-simple"},"_links":{"self":[{"href":"https:\/\/lyfilter.com\/pt\/wp-json\/wp\/v2\/product\/2499","targetHints":{"allow":["GET"]}}],"collection":[{"href":"https:\/\/lyfilter.com\/pt\/wp-json\/wp\/v2\/product"}],"about":[{"href":"https:\/\/lyfilter.com\/pt\/wp-json\/wp\/v2\/types\/product"}],"replies":[{"embeddable":true,"href":"https:\/\/lyfilter.com\/pt\/wp-json\/wp\/v2\/comments?post=2499"}],"wp:featuredmedia":[{"embeddable":true,"href":"https:\/\/lyfilter.com\/pt\/wp-json\/wp\/v2\/media\/2506"}],"wp:attachment":[{"href":"https:\/\/lyfilter.com\/pt\/wp-json\/wp\/v2\/media?parent=2499"}],"wp:term":[{"taxonomy":"product_brand","embeddable":true,"href":"https:\/\/lyfilter.com\/pt\/wp-json\/wp\/v2\/product_brand?post=2499"},{"taxonomy":"product_cat","embeddable":true,"href":"https:\/\/lyfilter.com\/pt\/wp-json\/wp\/v2\/product_cat?post=2499"},{"taxonomy":"product_tag","embeddable":true,"href":"https:\/\/lyfilter.com\/pt\/wp-json\/wp\/v2\/product_tag?post=2499"}],"curies":[{"name":"wp","href":"https:\/\/api.w.org\/{rel}","templated":true}]}}