{"id":2493,"date":"2026-01-07T03:23:54","date_gmt":"2026-01-07T03:23:54","guid":{"rendered":"https:\/\/lyfilter.com\/?post_type=product&#038;p=2493"},"modified":"2026-01-07T03:23:54","modified_gmt":"2026-01-07T03:23:54","slug":"factory-price-air-filter-for-oxygen-concentrator","status":"publish","type":"product","link":"https:\/\/lyfilter.com\/pt\/factory-price-air-filter-for-oxygen-concentrator\/","title":{"rendered":"Pre\u00e7o de F\u00e1brica Filtro de Ar para Concentrador de Oxig\u00e9nio"},"content":{"rendered":"<div class=\"unit-detail-html-tabs__content-attr\">\n<div class=\"unit-product-attrparam\">\n<div class=\"unit-product-attrparam__items row\">\n<div class=\"col-12 col-md-6\">\n<div class=\"unit-product-attrparam__item\">\n<div class=\"unit-product-attrparam__label\">\n<div class=\"unit-detail-html-tabs__content-attr\">\n<div class=\"unit-product-attrparam\">\n<div class=\"unit-product-attrparam__items row\">\n<div class=\"col-12 col-md-6\">\n<div class=\"unit-product-attrparam__item\">\n<div class=\"unit-product-attrparam__label\">\n<table>\n<thead>\n<tr>\n<th>item<\/th>\n<th>pormenores<\/th>\n<\/tr>\n<\/thead>\n<tbody>\n<tr>\n<td>capacidade de fornecimento<\/td>\n<td>1000000 pe\u00e7as\/m\u00eas<\/td>\n<\/tr>\n<tr>\n<td>material<\/td>\n<td>pe<\/td>\n<\/tr>\n<tr>\n<td>disponibilidade<\/td>\n<td>de origem<\/td>\n<\/tr>\n<\/tbody>\n<\/table>\n<\/div>\n<\/div>\n<\/div>\n<\/div>\n<\/div>\n<\/div>\n<\/div>\n<\/div>\n<\/div>\n<\/div>\n<\/div>\n<\/div>\n<div class=\"unit-detail-html-tabs__content-featuresAttr\"><\/div>\n<div class=\"unit-detail-html-tabs__content-html\">\n<p>O elemento filtrante Lvyuan actua no dispositivo de humidifica\u00e7\u00e3o e filtragem do gerador de oxig\u00e9nio. \u00c9 utilizado principalmente no tratamento m\u00e9dico e na terapia familiar de inala\u00e7\u00e3o de oxig\u00e9nio e nos cuidados de sa\u00fade. Pode ser utilizado como filtro e purifica\u00e7\u00e3o dos gases de escape na entrada do gerador de oxig\u00e9nio, o que reduz significativamente o ru\u00eddo durante a exaust\u00e3o. Ao mesmo tempo, cumpre os requisitos de caudal e caudal em diferentes ambientes de produ\u00e7\u00e3o de oxig\u00e9nio, de modo a manter a estabilidade da concentra\u00e7\u00e3o de oxig\u00e9nio, prolongar a vida \u00fatil dos geradores de oxig\u00e9nio e garantir a seguran\u00e7a dos utilizadores de oxig\u00e9nio.<\/p>\n<p><strong>Carater\u00edsticas:<\/strong><\/p>\n<ul>\n<li>Satisfazem os requisitos de fluxo e velocidade dos geradores de oxig\u00e9nio m\u00e9dicos e dom\u00e9sticos quando o oxig\u00e9nio passa atrav\u00e9s deles;<\/li>\n<li>Excelente efeito de redu\u00e7\u00e3o de ru\u00eddo;<\/li>\n<li>As mat\u00e9rias-primas s\u00e3o polietileno de peso molecular ultra-elevado de qualidade m\u00e9dica, higi\u00e9nico e seguro;<\/li>\n<li>O tamanho e a estrutura podem ser ajustados e personalizados de acordo com os produtos do cliente.<\/li>\n<\/ul>\n<p><img decoding=\"async\" src=\"https:\/\/img.yfisher.com\/m6076\/1725732761i4q\/jpg70-t3-scale100.webp\" alt=\"Pre\u00e7o de F\u00e1brica Filtro de Ar para Concentrador de Oxig\u00e9nio 6\" data-lazy=\"2\" title=\"\"><\/p>\n<\/div>","protected":false},"excerpt":{"rendered":"<table>\n<thead>\n<tr>\n<th>item<\/th>\n<th>pormenores<\/th>\n<\/tr>\n<\/thead>\n<tbody>\n<tr>\n<td>modelo<\/td>\n<td>Filtro de oxig\u00e9nio<\/td>\n<\/tr>\n<tr>\n<td>marca<\/td>\n<td>OEM\/Lvyuan<\/td>\n<\/tr>\n<tr>\n<td>local de origem<\/td>\n<td>Guangdong, China<\/td>\n<\/tr>\n<tr>\n<td>porta de arranque<\/td>\n<td>Guangzhou<\/td>\n<\/tr>\n<tr>\n<td>capacidade de produ\u00e7\u00e3o<\/td>\n<td>10000 unidades\/m\u00eas<\/td>\n<\/tr>\n<tr>\n<td>moq<\/td>\n<td>1 unidade<\/td>\n<\/tr>\n<tr>\n<td>pagamento<\/td>\n<td>T\/T, garantia de com\u00e9rcio Alibaba, paypal<\/td>\n<\/tr>\n<tr>\n<td>prazo de entrega<\/td>\n<td>No prazo de 7 dias \u00fateis<\/td>\n<\/tr>\n<tr>\n<td>certifica\u00e7\u00e3o<\/td>\n<td>ISO 9001<\/td>\n<\/tr>\n<\/tbody>\n<\/table>","protected":false},"featured_media":2500,"comment_status":"open","ping_status":"closed","template":"","meta":{"_gspb_post_css":""},"product_brand":[],"product_cat":[24,25],"product_tag":[956,279,964,260,973,972],"class_list":{"0":"post-2493","1":"product","2":"type-product","3":"status-publish","4":"has-post-thumbnail","6":"product_cat-sintered-porous-plastic","7":"product_cat-medical-filters","8":"product_tag-1-piece-moq","9":"product_tag-alibaba-trade-assurance","10":"product_tag-guangdong-manufacturer","11":"product_tag-iso-9001","12":"product_tag-oem-oxygen-filter","13":"product_tag-oxygen-filter","15":"first","16":"instock","17":"shipping-taxable","18":"product-type-simple"},"_links":{"self":[{"href":"https:\/\/lyfilter.com\/pt\/wp-json\/wp\/v2\/product\/2493","targetHints":{"allow":["GET"]}}],"collection":[{"href":"https:\/\/lyfilter.com\/pt\/wp-json\/wp\/v2\/product"}],"about":[{"href":"https:\/\/lyfilter.com\/pt\/wp-json\/wp\/v2\/types\/product"}],"replies":[{"embeddable":true,"href":"https:\/\/lyfilter.com\/pt\/wp-json\/wp\/v2\/comments?post=2493"}],"wp:featuredmedia":[{"embeddable":true,"href":"https:\/\/lyfilter.com\/pt\/wp-json\/wp\/v2\/media\/2500"}],"wp:attachment":[{"href":"https:\/\/lyfilter.com\/pt\/wp-json\/wp\/v2\/media?parent=2493"}],"wp:term":[{"taxonomy":"product_brand","embeddable":true,"href":"https:\/\/lyfilter.com\/pt\/wp-json\/wp\/v2\/product_brand?post=2493"},{"taxonomy":"product_cat","embeddable":true,"href":"https:\/\/lyfilter.com\/pt\/wp-json\/wp\/v2\/product_cat?post=2493"},{"taxonomy":"product_tag","embeddable":true,"href":"https:\/\/lyfilter.com\/pt\/wp-json\/wp\/v2\/product_tag?post=2493"}],"curies":[{"name":"wp","href":"https:\/\/api.w.org\/{rel}","templated":true}]}}