{"id":2486,"date":"2026-01-07T03:21:09","date_gmt":"2026-01-07T03:21:09","guid":{"rendered":"https:\/\/lyfilter.com\/?post_type=product&#038;p=2486"},"modified":"2026-01-07T03:21:09","modified_gmt":"2026-01-07T03:21:09","slug":"factory-price-humidifier-bottle-filter-sintered-porous-pe-polyethylene-sparger-filter-for-gas-air-filters-diffuser-accessory","status":"publish","type":"product","link":"https:\/\/lyfilter.com\/pt\/factory-price-humidifier-bottle-filter-sintered-porous-pe-polyethylene-sparger-filter-for-gas-air-filters-diffuser-accessory\/","title":{"rendered":"Pre\u00e7o de f\u00e1brica Filtro de garrafa de umidificador Filtro de espargidor de polietileno poroso sinterizado PE para filtros de ar de g\u00e1s acess\u00f3rio de difusor"},"content":{"rendered":"<div class=\"unit-detail-html-tabs__content-attr\">\n<div class=\"unit-product-attrparam\">\n<div class=\"unit-product-attrparam__items row\">\n<div class=\"col-12 col-md-6\">\n<div class=\"unit-product-attrparam__item\">\n<div class=\"unit-product-attrparam__label\">\n<table>\n<thead>\n<tr>\n<th>item<\/th>\n<th>pormenores<\/th>\n<\/tr>\n<\/thead>\n<tbody>\n<tr>\n<td>capacidade de fornecimento<\/td>\n<td>1000000 pe\u00e7as\/m\u00eas<\/td>\n<\/tr>\n<tr>\n<td>material<\/td>\n<td>pe<\/td>\n<\/tr>\n<tr>\n<td>disponibilidade<\/td>\n<td>de origem<\/td>\n<\/tr>\n<\/tbody>\n<\/table>\n<\/div>\n<\/div>\n<\/div>\n<\/div>\n<\/div>\n<\/div>\n<div class=\"unit-detail-html-tabs__content-featuresAttr\"><\/div>\n<div class=\"unit-detail-html-tabs__content-html\">\n<p>Os elementos filtrantes da garrafa de humidificador s\u00e3o amplamente utilizados em garrafas de humidifica\u00e7\u00e3o m\u00e9dica, garrafas de humidifica\u00e7\u00e3o e garrafas de oxig\u00e9nio. A sele\u00e7\u00e3o de material puro e a precis\u00e3o de filtragem equilibrada do elemento de filtro Lvyuan podem fazer com que o oxig\u00eanio seja dividido em bolhas finas atrav\u00e9s do elemento de filtro PE, aumentar o tempo de contato e a \u00e1rea com o l\u00edquido de umidifica\u00e7\u00e3o e efetivamente garantir que quando o oxig\u00eanio passa, n\u00e3o importa a taxa de fluxo pode estar com a umidade O l\u00edquido qu\u00edmico atinge a maior \u00e1rea de contato, de modo a obter uma umidifica\u00e7\u00e3o uniforme, est\u00e9ril e eficiente e, ao mesmo tempo, tem o efeito de redu\u00e7\u00e3o de ru\u00eddo e redu\u00e7\u00e3o de ru\u00eddo, tornando os pacientes mais confort\u00e1veis e \u00e0 vontade.<\/p>\n<p><strong>Carater\u00edsticas:<\/strong><\/p>\n<ul>\n<li>Satisfazem os requisitos de fluxo de v\u00e1rias garrafas de humidifica\u00e7\u00e3o m\u00e9dica quando o oxig\u00e9nio passa atrav\u00e9s delas;<\/li>\n<li>Excelente efeito de redu\u00e7\u00e3o de ru\u00eddo;<\/li>\n<li>O tamanho e a estrutura podem ser ajustados e personalizados de acordo com o produto do cliente;<\/li>\n<li>As mat\u00e9rias-primas s\u00e3o polietileno de peso molecular ultra-elevado de qualidade m\u00e9dica, higi\u00e9nico e seguro.<\/li>\n<\/ul>\n<p><img decoding=\"async\" src=\"https:\/\/img.yfisher.com\/m6076\/1725732759ob8\/jpg70-t3-scale100.webp\" alt=\"Pre\u00e7o de f\u00e1brica Filtro de garrafa de umidificador Filtro de espargidor de polietileno poroso sinterizado PE para filtros de ar de g\u00e1s acess\u00f3rio de difusor 6\" data-lazy=\"2\" title=\"\"><\/p>\n<\/div>","protected":false},"excerpt":{"rendered":"<table>\n<thead>\n<tr>\n<th>item<\/th>\n<th>pormenores<\/th>\n<\/tr>\n<\/thead>\n<tbody>\n<tr>\n<td>porta de arranque<\/td>\n<td>Guangzhou<\/td>\n<\/tr>\n<tr>\n<td>capacidade de produ\u00e7\u00e3o<\/td>\n<td>10000 unidades\/m\u00eas<\/td>\n<\/tr>\n<tr>\n<td>local de origem<\/td>\n<td>Guangdong, China<\/td>\n<\/tr>\n<tr>\n<td>pagamento<\/td>\n<td>T\/T, Garantia de com\u00e9rcio de Alibaba<\/td>\n<\/tr>\n<tr>\n<td>moq<\/td>\n<td>1 unidade<\/td>\n<\/tr>\n<tr>\n<td>prazo de entrega<\/td>\n<td>No prazo de 7 dias \u00fateis<\/td>\n<\/tr>\n<tr>\n<td>certifica\u00e7\u00e3o<\/td>\n<td>ISO 9001<\/td>\n<\/tr>\n<tr>\n<td>marca<\/td>\n<td>OEM\/Lvyuan<\/td>\n<\/tr>\n<\/tbody>\n<\/table>","protected":false},"featured_media":2494,"comment_status":"open","ping_status":"closed","template":"","meta":{"_gspb_post_css":""},"product_brand":[],"product_cat":[24,28,25],"product_tag":[956,279,964,260,968,965],"class_list":{"0":"post-2486","1":"product","2":"type-product","3":"status-publish","4":"has-post-thumbnail","6":"product_cat-sintered-porous-plastic","7":"product_cat-humidifier-bottle-filter","8":"product_cat-medical-filters","9":"product_tag-1-piece-moq","10":"product_tag-alibaba-trade-assurance","11":"product_tag-guangdong-manufacturer","12":"product_tag-iso-9001","13":"product_tag-oem-paper-tubes","14":"product_tag-paper-tubes","16":"first","17":"instock","18":"shipping-taxable","19":"product-type-simple"},"_links":{"self":[{"href":"https:\/\/lyfilter.com\/pt\/wp-json\/wp\/v2\/product\/2486","targetHints":{"allow":["GET"]}}],"collection":[{"href":"https:\/\/lyfilter.com\/pt\/wp-json\/wp\/v2\/product"}],"about":[{"href":"https:\/\/lyfilter.com\/pt\/wp-json\/wp\/v2\/types\/product"}],"replies":[{"embeddable":true,"href":"https:\/\/lyfilter.com\/pt\/wp-json\/wp\/v2\/comments?post=2486"}],"wp:featuredmedia":[{"embeddable":true,"href":"https:\/\/lyfilter.com\/pt\/wp-json\/wp\/v2\/media\/2494"}],"wp:attachment":[{"href":"https:\/\/lyfilter.com\/pt\/wp-json\/wp\/v2\/media?parent=2486"}],"wp:term":[{"taxonomy":"product_brand","embeddable":true,"href":"https:\/\/lyfilter.com\/pt\/wp-json\/wp\/v2\/product_brand?post=2486"},{"taxonomy":"product_cat","embeddable":true,"href":"https:\/\/lyfilter.com\/pt\/wp-json\/wp\/v2\/product_cat?post=2486"},{"taxonomy":"product_tag","embeddable":true,"href":"https:\/\/lyfilter.com\/pt\/wp-json\/wp\/v2\/product_tag?post=2486"}],"curies":[{"name":"wp","href":"https:\/\/api.w.org\/{rel}","templated":true}]}}