{"id":2480,"date":"2026-01-07T03:14:14","date_gmt":"2026-01-07T03:14:14","guid":{"rendered":"https:\/\/lyfilter.com\/?post_type=product&#038;p=2480"},"modified":"2026-01-07T03:14:14","modified_gmt":"2026-01-07T03:14:14","slug":"factory-price-oem-porous-plastic-self-sealing-fitlers","status":"publish","type":"product","link":"https:\/\/lyfilter.com\/pt\/factory-price-oem-porous-plastic-self-sealing-fitlers\/","title":{"rendered":"Pre\u00e7o de F\u00e1brica OEM Pl\u00e1stico Poroso Auto-Selante Fitlers"},"content":{"rendered":"<div class=\"unit-detail-html-tabs__content-attr\">\n<div class=\"unit-product-attrparam\">\n<div class=\"unit-product-attrparam__items row\">\n<div class=\"col-12 col-md-6\">\n<div class=\"unit-product-attrparam__item\">\n<div class=\"unit-product-attrparam__label\">\n<table>\n<thead>\n<tr>\n<th>item<\/th>\n<th>pormenores<\/th>\n<\/tr>\n<\/thead>\n<tbody>\n<tr>\n<td>capacidade de fornecimento<\/td>\n<td>1000000 pe\u00e7as\/m\u00eas<\/td>\n<\/tr>\n<tr>\n<td>material<\/td>\n<td>pe<\/td>\n<\/tr>\n<tr>\n<td>disponibilidade<\/td>\n<td>de origem<\/td>\n<\/tr>\n<\/tbody>\n<\/table>\n<\/div>\n<\/div>\n<\/div>\n<\/div>\n<\/div>\n<\/div>\n<div class=\"unit-detail-html-tabs__content-featuresAttr\"><\/div>\n<div class=\"unit-detail-html-tabs__content-html\">\n<p>O filtro de veda\u00e7\u00e3o do saco de drenagem descart\u00e1vel Lvyuan permite que o ar escape livremente atrav\u00e9s do saco de recolha de res\u00edduos. Uma vez em contacto com o l\u00edquido, o elemento filtrante produzir\u00e1 um efeito de auto-selagem, impedindo eficazmente que o l\u00edquido transborde e evitando que o l\u00edquido polua o instrumento e o ambiente. A v\u00e1lvula de reten\u00e7\u00e3o do saco de drenagem descart\u00e1vel \u00e9 amplamente utilizada no sistema de tratamento de l\u00edquidos residuais no hospital.<\/p>\n<p><strong>Carater\u00edsticas<\/strong><\/p>\n<ul>\n<li>Press\u00e3o de trabalho &gt;50 kPa, equivalente a 5-10 m de coluna de \u00e1gua.<\/li>\n<li>Normas rigorosas de controlo de qualidade, em conformidade com as normas m\u00e9dicas.<\/li>\n<\/ul>\n<div class=\"table-responsive\">\n<table>\n<tbody>\n<tr class=\"firstRow\">\n<td valign=\"top\" width=\"170\"><strong>Item No.<\/strong><\/td>\n<td valign=\"top\" width=\"170\"><strong>Di\u00e2metro exterior<\/strong><\/td>\n<td valign=\"top\" width=\"170\"><strong>Di\u00e2metro interior<\/strong><\/td>\n<td valign=\"top\" width=\"170\"><strong>Altura<\/strong><\/td>\n<td valign=\"top\" width=\"170\"><strong>Di\u00e2metro do copo<\/strong><\/td>\n<td valign=\"top\" width=\"170\"><strong>Altura da ch\u00e1vena<\/strong><\/td>\n<td valign=\"top\" width=\"170\"><strong>Embalagem<\/strong><\/td>\n<\/tr>\n<tr>\n<td valign=\"top\" width=\"170\">LY160-245-X<\/td>\n<td valign=\"top\" width=\"170\">16 mm<\/td>\n<td valign=\"top\" width=\"170\">10 mm<\/td>\n<td valign=\"top\" width=\"170\">25 mm<\/td>\n<td valign=\"top\" width=\"170\">14,5 mm<\/td>\n<td valign=\"top\" width=\"170\">21 mm<\/td>\n<td valign=\"top\" width=\"170\">200pcs\/caixa<\/td>\n<\/tr>\n<tr>\n<td valign=\"top\" width=\"170\">LY198-300-X<\/td>\n<td valign=\"top\" width=\"170\">19 mm<\/td>\n<td valign=\"top\" width=\"170\">13 mm<\/td>\n<td valign=\"top\" width=\"170\">30 mm<\/td>\n<td valign=\"top\" width=\"170\">20 mm<\/td>\n<td valign=\"top\" width=\"170\">26 mm<\/td>\n<td valign=\"top\" width=\"170\">100pcs\/caixa<\/td>\n<\/tr>\n<tr>\n<td valign=\"top\" width=\"170\">LY252<\/td>\n<td valign=\"top\" width=\"170\">16 mm<\/td>\n<td valign=\"top\" width=\"170\">13 mm<\/td>\n<td valign=\"top\" width=\"170\">25 mm<\/td>\n<td valign=\"top\" width=\"170\">18 mm<\/td>\n<td valign=\"top\" width=\"170\">21 mm<\/td>\n<td valign=\"top\" width=\"170\">100pcs\/caixa<\/td>\n<\/tr>\n<tr>\n<td valign=\"top\" width=\"170\">LY276<\/td>\n<td valign=\"top\" width=\"170\">16 mm<\/td>\n<td valign=\"top\" width=\"170\">10 mm<\/td>\n<td valign=\"top\" width=\"170\">25 mm<\/td>\n<td valign=\"top\" width=\"170\">14 mm<\/td>\n<td valign=\"top\" width=\"170\">21 mm<\/td>\n<td valign=\"top\" width=\"170\">100pcs\/caixa<\/td>\n<\/tr>\n<\/tbody>\n<\/table>\n<\/div>\n<p><img decoding=\"async\" src=\"https:\/\/img.yfisher.com\/m6076\/1725732757ler\/jpg70-t3-scale100.webp\" alt=\"Pre\u00e7o de F\u00e1brica OEM Pl\u00e1stico Poroso Auto Vedante Fitlers 6\" data-lazy=\"2\" title=\"\"><\/p>\n<\/div>","protected":false},"excerpt":{"rendered":"<p>item details supply ability 1000000 pc\/month material pe availability oem The Lvyuan Disposable Drainage Bag Sealing Filter Filter allows air to escape freely through the waste collection bag. Once in contact with the liquid, the\u00a0filter element\u00a0will produce a self-sealing effect, effectively preventing the liquid from overflowing and preventing the liquid from polluting the instrument and [&hellip;]<\/p>\n","protected":false},"featured_media":2487,"comment_status":"open","ping_status":"closed","template":"","meta":{"_gspb_post_css":""},"product_brand":[],"product_cat":[24,25,27],"product_tag":[],"class_list":{"0":"post-2480","1":"product","2":"type-product","3":"status-publish","4":"has-post-thumbnail","6":"product_cat-sintered-porous-plastic","7":"product_cat-medical-filters","8":"product_cat-self-sealing-filter","10":"first","11":"instock","12":"shipping-taxable","13":"product-type-simple"},"_links":{"self":[{"href":"https:\/\/lyfilter.com\/pt\/wp-json\/wp\/v2\/product\/2480","targetHints":{"allow":["GET"]}}],"collection":[{"href":"https:\/\/lyfilter.com\/pt\/wp-json\/wp\/v2\/product"}],"about":[{"href":"https:\/\/lyfilter.com\/pt\/wp-json\/wp\/v2\/types\/product"}],"replies":[{"embeddable":true,"href":"https:\/\/lyfilter.com\/pt\/wp-json\/wp\/v2\/comments?post=2480"}],"wp:featuredmedia":[{"embeddable":true,"href":"https:\/\/lyfilter.com\/pt\/wp-json\/wp\/v2\/media\/2487"}],"wp:attachment":[{"href":"https:\/\/lyfilter.com\/pt\/wp-json\/wp\/v2\/media?parent=2480"}],"wp:term":[{"taxonomy":"product_brand","embeddable":true,"href":"https:\/\/lyfilter.com\/pt\/wp-json\/wp\/v2\/product_brand?post=2480"},{"taxonomy":"product_cat","embeddable":true,"href":"https:\/\/lyfilter.com\/pt\/wp-json\/wp\/v2\/product_cat?post=2480"},{"taxonomy":"product_tag","embeddable":true,"href":"https:\/\/lyfilter.com\/pt\/wp-json\/wp\/v2\/product_tag?post=2480"}],"curies":[{"name":"wp","href":"https:\/\/api.w.org\/{rel}","templated":true}]}}