{"id":2462,"date":"2026-01-07T03:03:34","date_gmt":"2026-01-07T03:03:34","guid":{"rendered":"https:\/\/lyfilter.com\/?post_type=product&#038;p=2462"},"modified":"2026-01-07T03:03:34","modified_gmt":"2026-01-07T03:03:34","slug":"factory-price-pe-sintered-filter-for-medical","status":"publish","type":"product","link":"https:\/\/lyfilter.com\/pt\/factory-price-pe-sintered-filter-for-medical\/","title":{"rendered":"Pre\u00e7o de F\u00e1brica Filtro PE Sinterizado para Medicina"},"content":{"rendered":"<div class=\"unit-detail-html-tabs__content-attr\">\n<div class=\"unit-product-attrparam\">\n<div class=\"unit-product-attrparam__items row\">\n<div class=\"col-12 col-md-6\">\n<div class=\"unit-product-attrparam__item\">\n<div class=\"unit-product-attrparam__label\">\n<table>\n<thead>\n<tr>\n<th>item<\/th>\n<th>pormenores<\/th>\n<\/tr>\n<\/thead>\n<tbody>\n<tr>\n<td>capacidade de fornecimento<\/td>\n<td>1000000 pe\u00e7as\/m\u00eas<\/td>\n<\/tr>\n<tr>\n<td>material<\/td>\n<td>pe<\/td>\n<\/tr>\n<tr>\n<td>disponibilidade<\/td>\n<td>de origem<\/td>\n<\/tr>\n<\/tbody>\n<\/table>\n<\/div>\n<\/div>\n<\/div>\n<\/div>\n<\/div>\n<\/div>\n<div class=\"unit-detail-html-tabs__content-featuresAttr\"><\/div>\n<div class=\"unit-detail-html-tabs__content-html\">\n<p><strong>Pre\u00e7o de F\u00e1brica Filtro PE Sinterizado para Medicina<\/strong><\/p>\n<p>O filtro PE sinterizado que liga a tubagem de press\u00e3o negativa e a garrafa requer a fun\u00e7\u00e3o de auto-selagem. Como componente central do recipiente de suc\u00e7\u00e3o de res\u00edduos l\u00edquidos, o filtro sinterizado PE auto-selante pode fornecer as fun\u00e7\u00f5es de ventila\u00e7\u00e3o e filtragem quando n\u00e3o entra em contacto com o l\u00edquido residual. A press\u00e3o negativa pode fazer com que o l\u00edquido residual cl\u00ednico seja bombeado para a garrafa atrav\u00e9s do sistema de suc\u00e7\u00e3o do hospital. Ao mesmo tempo, tamb\u00e9m pode filtrar bact\u00e9rias de poeira e outras subst\u00e2ncias nocivas que evitam a crosinfec\u00e7\u00e3o. No entanto, quando a garrafa est\u00e1 cheia e o filtro sinterizado PE auto-selante entra em contacto com o l\u00edquido residual, o filtro completa instantaneamente a auto-selagem, bloqueando o fluxo de todos os l\u00edquidos e gases. Enquanto isso, ele fornecer\u00e1 uma resist\u00eancia \u00e0 press\u00e3o respons\u00e1vel para evitar que subst\u00e2ncias nocivas entrem no sistema de revestimento de suc\u00e7\u00e3o do hospital para causar polui\u00e7\u00e3o secund\u00e1ria.<\/p>\n<p><img decoding=\"async\" src=\"https:\/\/img.yfisher.com\/m6076\/1725732748kyf\/jpg70-t3-scale100.webp\" alt=\"Pre\u00e7o de F\u00e1brica Filtro PE Sinterizado para Medicina 6\" data-lazy=\"2\" title=\"\"><\/p>\n<\/div>","protected":false},"excerpt":{"rendered":"<table>\n<thead>\n<tr>\n<th>item<\/th>\n<th>pormenores<\/th>\n<\/tr>\n<\/thead>\n<tbody>\n<tr>\n<td>porta de arranque<\/td>\n<td>Guangzhou<\/td>\n<\/tr>\n<tr>\n<td>capacidade de produ\u00e7\u00e3o<\/td>\n<td>10000 unidades\/m\u00eas<\/td>\n<\/tr>\n<tr>\n<td>local de origem<\/td>\n<td>Guangdong, China<\/td>\n<\/tr>\n<tr>\n<td>pagamento<\/td>\n<td>T\/T, garantia de com\u00e9rcio Alibaba, paypal<\/td>\n<\/tr>\n<tr>\n<td>moq<\/td>\n<td>1 unidade<\/td>\n<\/tr>\n<tr>\n<td>prazo de entrega<\/td>\n<td>no prazo de 7 dias \u00fateis<\/td>\n<\/tr>\n<tr>\n<td>certifica\u00e7\u00e3o<\/td>\n<td>ISO 9001<\/td>\n<\/tr>\n<tr>\n<td>marca<\/td>\n<td>OEM\/Lvyuan<\/td>\n<\/tr>\n<\/tbody>\n<\/table>","protected":false},"featured_media":2469,"comment_status":"open","ping_status":"closed","template":"","meta":{"_gspb_post_css":""},"product_brand":[],"product_cat":[24,25],"product_tag":[956,279,964,260,968,965],"class_list":{"0":"post-2462","1":"product","2":"type-product","3":"status-publish","4":"has-post-thumbnail","6":"product_cat-sintered-porous-plastic","7":"product_cat-medical-filters","8":"product_tag-1-piece-moq","9":"product_tag-alibaba-trade-assurance","10":"product_tag-guangdong-manufacturer","11":"product_tag-iso-9001","12":"product_tag-oem-paper-tubes","13":"product_tag-paper-tubes","15":"first","16":"instock","17":"shipping-taxable","18":"product-type-simple"},"_links":{"self":[{"href":"https:\/\/lyfilter.com\/pt\/wp-json\/wp\/v2\/product\/2462","targetHints":{"allow":["GET"]}}],"collection":[{"href":"https:\/\/lyfilter.com\/pt\/wp-json\/wp\/v2\/product"}],"about":[{"href":"https:\/\/lyfilter.com\/pt\/wp-json\/wp\/v2\/types\/product"}],"replies":[{"embeddable":true,"href":"https:\/\/lyfilter.com\/pt\/wp-json\/wp\/v2\/comments?post=2462"}],"wp:featuredmedia":[{"embeddable":true,"href":"https:\/\/lyfilter.com\/pt\/wp-json\/wp\/v2\/media\/2469"}],"wp:attachment":[{"href":"https:\/\/lyfilter.com\/pt\/wp-json\/wp\/v2\/media?parent=2462"}],"wp:term":[{"taxonomy":"product_brand","embeddable":true,"href":"https:\/\/lyfilter.com\/pt\/wp-json\/wp\/v2\/product_brand?post=2462"},{"taxonomy":"product_cat","embeddable":true,"href":"https:\/\/lyfilter.com\/pt\/wp-json\/wp\/v2\/product_cat?post=2462"},{"taxonomy":"product_tag","embeddable":true,"href":"https:\/\/lyfilter.com\/pt\/wp-json\/wp\/v2\/product_tag?post=2462"}],"curies":[{"name":"wp","href":"https:\/\/api.w.org\/{rel}","templated":true}]}}