{"id":2449,"date":"2026-01-07T02:53:49","date_gmt":"2026-01-07T02:53:49","guid":{"rendered":"https:\/\/lyfilter.com\/?post_type=product&#038;p=2449"},"modified":"2026-01-07T02:53:49","modified_gmt":"2026-01-07T02:53:49","slug":"pneumatic-components1-8-1-4-3-8-1-2-3-4-bsp-male-thread-plastic-silencer-pneumatic-black-blue-air-quick-exhaust-muffler","status":"publish","type":"product","link":"https:\/\/lyfilter.com\/pt\/pneumatic-components1-8-1-4-3-8-1-2-3-4-bsp-male-thread-plastic-silencer-pneumatic-black-blue-air-quick-exhaust-muffler\/","title":{"rendered":"Componentes Pneum\u00e1ticos1\/8 1\/4 3\/8 1\/2 3\/4 BSP Rosca macho Silenciador de pl\u00e1stico Pneum\u00e1tico Preto azul Ar R\u00e1pido Silenciador de escape"},"content":{"rendered":"<div class=\"unit-detail-html-tabs__content-attr\">\n<div class=\"unit-product-attrparam\">\n<div class=\"unit-product-attrparam__items row\">\n<div class=\"col-12 col-md-6\">\n<div class=\"unit-product-attrparam__item\">\n<div class=\"unit-product-attrparam__label\">\n<table>\n<thead>\n<tr>\n<th>item<\/th>\n<th>pormenores<\/th>\n<\/tr>\n<\/thead>\n<tbody>\n<tr>\n<td>capacidade de fornecimento<\/td>\n<td>1000000 pe\u00e7as\/m\u00eas<\/td>\n<\/tr>\n<tr>\n<td>material<\/td>\n<td>pe<\/td>\n<\/tr>\n<tr>\n<td>disponibilidade<\/td>\n<td>de origem<\/td>\n<\/tr>\n<\/tbody>\n<\/table>\n<\/div>\n<\/div>\n<\/div>\n<\/div>\n<\/div>\n<\/div>\n<div class=\"unit-detail-html-tabs__content-featuresAttr\"><\/div>\n<div class=\"unit-detail-html-tabs__content-html\">\n<p><strong>Componentes Pneum\u00e1ticos1\/8 1\/4 3\/8 1\/2 3\/4 BSP Rosca macho Silenciador de pl\u00e1stico Pneum\u00e1tico Preto azul Ar R\u00e1pido Silenciador de escape<\/strong><\/p>\n<p>Descri\u00e7\u00e3o do produto:<\/p>\n<p>1. Objetivo do silenciador O silenciador, tamb\u00e9m conhecido por silenciador, \u00e9 um produto de absor\u00e7\u00e3o do som e de redu\u00e7\u00e3o do ru\u00eddo muito utilizado. O silenciador \u00e9 tamb\u00e9m um produto que pode n\u00e3o s\u00f3 passar o fluxo de ar, mas tamb\u00e9m reduzir o ru\u00eddo. O silenciador \u00e9 amplamente utilizado em v\u00e1rios silenciadores de emiss\u00e3o de vapor de caldeiras nos sectores da energia el\u00e9ctrica, petroqu\u00edmico, metal\u00fargico e outros sectores industriais.<\/p>\n<p>2. No processo de produ\u00e7\u00e3o industrial moderna e de utiliza\u00e7\u00e3o do equipamento, o silenciador pode reduzir eficazmente o ru\u00eddo do equipamento pneum\u00e1tico e proporcionar o melhor equil\u00edbrio entre a redu\u00e7\u00e3o do ru\u00eddo e a contrapress\u00e3o aceit\u00e1vel no sistema pneum\u00e1tico. Em geral, os silenciadores est\u00e3o dispon\u00edveis numa vasta gama de tamanhos para se adaptarem \u00e0 maioria das v\u00e1lvulas normalizadas e t\u00eam roscas integradas robustas para garantir uma montagem f\u00e1cil no equipamento pneum\u00e1tico.<\/p>\n<ul>\n<li>Elevada porosidade para assegurar um maior fluxo por unidade de \u00e1rea;<\/li>\n<li>Superf\u00edcie exterior lisa, as impurezas n\u00e3o s\u00e3o f\u00e1ceis de aderir, a lavagem das costas \u00e9 f\u00e1cil e completa;<\/li>\n<li>Capacidade anti-incrustante: a pequena dimens\u00e3o do filtro impede que as impurezas fiquem retidas no corpo do filtro;<\/li>\n<li>Resist\u00eancia a \u00e1cidos fortes, corros\u00e3o alcalina, resist\u00eancia a solventes org\u00e2nicos; 5. Excelentes propriedades mec\u00e2nicas; 6. Sem liberta\u00e7\u00e3o de part\u00edculas. 7. Ampla gama de produtos e vasto \u00e2mbito de aplica\u00e7\u00e3o<\/li>\n<\/ul>\n<p><strong>Especifica\u00e7\u00f5es:\u00a0<\/strong><\/p>\n<p>O comprimento de 1\/8 \u00e9 de cerca de 37 mm, rosca direta: 9,5-10mm, di\u00e2metro do furo interior 6mm.<\/p>\n<p>O comprimento do corpo pequeno de 1\/4 \u00e9 de cerca de 41 mm, di\u00e2metro da rosca: 12-12,5 mm, di\u00e2metro do orif\u00edcio interior 8 mm.<\/p>\n<p>1\/4 O comprimento geral \u00e9 de cerca de 63 mm, di\u00e2metro da rosca: 12-12,5 mm, di\u00e2metro do orif\u00edcio interior 8 mm.<\/p>\n<p>O comprimento de 3\/8 \u00e9 de cerca de 82 mm, di\u00e2metro da rosca: 16-16,2 mm, di\u00e2metro do orif\u00edcio interior: 10 mm.<\/p>\n<p>1\/2 comprimento \u00e9 de cerca de 91 mm, di\u00e2metro da rosca: 20-20,3 mm, di\u00e2metro do orif\u00edcio interior 12 mm.<\/p>\n<p><img decoding=\"async\" src=\"https:\/\/img.yfisher.com\/m6076\/1725732744cbe\/jpg70-t3-scale100.webp\" alt=\"Componentes pneum\u00e1ticos1\/8 1\/4 3\/8 1\/2 3\/4 BSP Rosca macho Silenciador de pl\u00e1stico Pneum\u00e1tico Preto azul Ar R\u00e1pido Silenciador de escape 6\" data-lazy=\"2\" title=\"\"><\/p>\n<\/div>","protected":false},"excerpt":{"rendered":"<table>\n<thead>\n<tr>\n<th>item<\/th>\n<th>pormenores<\/th>\n<\/tr>\n<\/thead>\n<tbody>\n<tr>\n<td>porta de arranque<\/td>\n<td>Guangzhou<\/td>\n<\/tr>\n<tr>\n<td>capacidade de produ\u00e7\u00e3o<\/td>\n<td>10000 unidades\/m\u00eas<\/td>\n<\/tr>\n<tr>\n<td>pagamento<\/td>\n<td>T\/T, garantia de com\u00e9rcio Alibaba, paypal, OA<\/td>\n<\/tr>\n<tr>\n<td>moq<\/td>\n<td>1 unidade<\/td>\n<\/tr>\n<tr>\n<td>prazo de entrega<\/td>\n<td>no prazo de 7 dias \u00fateis<\/td>\n<\/tr>\n<tr>\n<td>certifica\u00e7\u00e3o<\/td>\n<td>ISO 9001<\/td>\n<\/tr>\n<tr>\n<td>marca<\/td>\n<td>OEM\/Lvyuan<\/td>\n<\/tr>\n<\/tbody>\n<\/table>","protected":false},"featured_media":2457,"comment_status":"open","ping_status":"closed","template":"","meta":{"_gspb_post_css":""},"product_brand":[],"product_cat":[24,26],"product_tag":[956,279,262,260,955,965],"class_list":{"0":"post-2449","1":"product","2":"type-product","3":"status-publish","4":"has-post-thumbnail","6":"product_cat-sintered-porous-plastic","7":"product_cat-plastic-silencer","8":"product_tag-1-piece-moq","9":"product_tag-alibaba-trade-assurance","10":"product_tag-guangzhou-port","11":"product_tag-iso-9001","12":"product_tag-oem-packaging","13":"product_tag-paper-tubes","15":"first","16":"instock","17":"shipping-taxable","18":"product-type-simple"},"_links":{"self":[{"href":"https:\/\/lyfilter.com\/pt\/wp-json\/wp\/v2\/product\/2449","targetHints":{"allow":["GET"]}}],"collection":[{"href":"https:\/\/lyfilter.com\/pt\/wp-json\/wp\/v2\/product"}],"about":[{"href":"https:\/\/lyfilter.com\/pt\/wp-json\/wp\/v2\/types\/product"}],"replies":[{"embeddable":true,"href":"https:\/\/lyfilter.com\/pt\/wp-json\/wp\/v2\/comments?post=2449"}],"wp:featuredmedia":[{"embeddable":true,"href":"https:\/\/lyfilter.com\/pt\/wp-json\/wp\/v2\/media\/2457"}],"wp:attachment":[{"href":"https:\/\/lyfilter.com\/pt\/wp-json\/wp\/v2\/media?parent=2449"}],"wp:term":[{"taxonomy":"product_brand","embeddable":true,"href":"https:\/\/lyfilter.com\/pt\/wp-json\/wp\/v2\/product_brand?post=2449"},{"taxonomy":"product_cat","embeddable":true,"href":"https:\/\/lyfilter.com\/pt\/wp-json\/wp\/v2\/product_cat?post=2449"},{"taxonomy":"product_tag","embeddable":true,"href":"https:\/\/lyfilter.com\/pt\/wp-json\/wp\/v2\/product_tag?post=2449"}],"curies":[{"name":"wp","href":"https:\/\/api.w.org\/{rel}","templated":true}]}}