{"id":2444,"date":"2026-01-07T02:50:46","date_gmt":"2026-01-07T02:50:46","guid":{"rendered":"https:\/\/lyfilter.com\/?post_type=product&#038;p=2444"},"modified":"2026-01-07T02:50:46","modified_gmt":"2026-01-07T02:50:46","slug":"factory-oem-sintered-porous-polyethylene-pe-filter-for-filtered-pipette-tips","status":"publish","type":"product","link":"https:\/\/lyfilter.com\/pt\/factory-oem-sintered-porous-polyethylene-pe-filter-for-filtered-pipette-tips\/","title":{"rendered":"F\u00e1brica OEM sinterizada Filtro de polietileno poroso pe para pontas de pipetas filtradas"},"content":{"rendered":"<div class=\"unit-detail-html-tabs__content-attr\">\n<div class=\"unit-product-attrparam\">\n<div class=\"unit-product-attrparam__items row\">\n<div class=\"col-12 col-md-6\">\n<div class=\"unit-product-attrparam__item\">\n<div class=\"unit-product-attrparam__label\">\n<table>\n<thead>\n<tr>\n<th>item<\/th>\n<th>pormenores<\/th>\n<\/tr>\n<\/thead>\n<tbody>\n<tr>\n<td>capacidade de fornecimento<\/td>\n<td>1000000 pe\u00e7as\/m\u00eas<\/td>\n<\/tr>\n<tr>\n<td>material<\/td>\n<td>pe<\/td>\n<\/tr>\n<tr>\n<td>disponibilidade<\/td>\n<td>de origem<\/td>\n<\/tr>\n<\/tbody>\n<\/table>\n<\/div>\n<\/div>\n<\/div>\n<\/div>\n<\/div>\n<\/div>\n<div class=\"unit-detail-html-tabs__content-featuresAttr\"><\/div>\n<div class=\"unit-detail-html-tabs__content-html\">\n<p><strong>F\u00e1brica OEM sinterizada Filtro de polietileno poroso pe para pontas de pipetas filtradas<\/strong><\/p>\n<p>O filtro de pipeta tamb\u00e9m \u00e9 chamado (filtro de ponta, filtro de pipeta, filtro de pipeta, etc.), que \u00e9 feito de polietileno de peso molecular ultra-elevado de qualidade m\u00e9dica e processado por um processo \u00fanico, que \u00e9 hidrof\u00f3bico. O filtro hidrof\u00f3bico cria uma forte barreira contra aeross\u00f3is e l\u00edquidos, eliminando a potencial contamina\u00e7\u00e3o cruzada da amostra e da pipeta que poderia afetar os resultados.<\/p>\n<p>O elemento filtrante da pipeta \u00e9 processado a alta temperatura, produzido e embalado numa oficina limpa, e cada processo garante a aus\u00eancia de polui\u00e7\u00e3o.<\/p>\n<p>O elemento filtrante sinterizado PE para pipetas integra anos de experi\u00eancia de produ\u00e7\u00e3o da Guangzhou Filter Source Company. \u00c9 processado com moldes de precis\u00e3o sem rebarbas. O elemento filtrante tem uma elasticidade moderada e corresponde perfeitamente ao di\u00e2metro interior da ponta para satisfazer os seus requisitos de apar\u00eancia mais exigentes. Os elementos filtrantes sinterizados PE para pipetas est\u00e3o dispon\u00edveis em dezenas de especifica\u00e7\u00f5es para satisfazer as suas necessidades de conce\u00e7\u00e3o de produtos diferenciados.<\/p>\n<p><strong>Barreira perfeita contra aeross\u00f3is<\/strong><\/p>\n<p>O elemento filtrante Lvyuan para a cabe\u00e7a de suc\u00e7\u00e3o \u00e9 feito de polietileno puro de peso molecular ultra-elevado e processado atrav\u00e9s de um processo \u00fanico, que \u00e9 hidrof\u00f3bico.<\/p>\n<p>O filtro hidrof\u00f3bico cria uma forte barreira contra aeross\u00f3is e l\u00edquidos, eliminando a potencial contamina\u00e7\u00e3o cruzada de amostras e pipetas que poderia afetar os resultados.<\/p>\n<p><strong>Sem RNase\/DNase<\/strong><\/p>\n<p>As pontas Lvyuan s\u00e3o processadas a alta temperatura com elementos filtrantes, produzidas e embaladas em oficinas limpas, e cada processo garante a aus\u00eancia de polui\u00e7\u00e3o por RNase e DNase.<\/p>\n<p><strong>Satisfazer as suas necessidades de apar\u00eancia mais exigentes<\/strong><\/p>\n<p>O elemento filtrante Lvyuan para cabe\u00e7a de aspira\u00e7\u00e3o integra a experi\u00eancia de produ\u00e7\u00e3o de centenas de milh\u00f5es de elementos filtrantes da Biocomma. \u00c9 processado com moldes de precis\u00e3o sem rebarbas. O elemento filtrante tem uma elasticidade moderada e corresponde perfeitamente ao di\u00e2metro interior da cabe\u00e7a de aspira\u00e7\u00e3o para satisfazer os seus requisitos de apar\u00eancia mais exigentes. .<\/p>\n<p>Mesmo o elemento mais pequeno (di\u00e2metro de 1,45 mm, espessura de 1,6 mm) \u00e9 intransigente na precis\u00e3o da apar\u00eancia.<\/p>\n<p><strong>Uma variedade de especifica\u00e7\u00f5es \u00e0 escolha<\/strong><\/p>\n<p>Os filtros Lvyuan para pontas de aspira\u00e7\u00e3o est\u00e3o dispon\u00edveis em dezenas de especifica\u00e7\u00f5es para satisfazer as suas necessidades de conce\u00e7\u00e3o de produtos diferenciados.<\/p>\n<p><img decoding=\"async\" src=\"https:\/\/img.yfisher.com\/m6076\/1725732742htq\/jpg70-t3-scale100.webp\" alt=\"F\u00e1brica OEM sinterizada Filtro de polietileno poroso pe para pontas de pipetas filtradas 6\" data-lazy=\"2\" title=\"\"><\/p>\n<p><strong>Pontas de pipeta Lvyuan 10ul<\/strong><\/p>\n<div class=\"table-responsive\">\n<table>\n<tbody>\n<tr class=\"firstRow\">\n<td valign=\"top\" width=\"199\"><strong>Item No.<\/strong><\/td>\n<td valign=\"top\" width=\"199\"><strong>Di\u00e2metro (mm)<\/strong><\/td>\n<td valign=\"top\" width=\"199\"><strong>Espessura<\/strong><\/td>\n<td valign=\"top\" width=\"199\"><strong>Abertura<\/strong><\/td>\n<td valign=\"top\" width=\"199\"><strong>Utiliza\u00e7\u00e3o<\/strong><\/td>\n<td valign=\"top\" width=\"199\"><strong>Embalagem<\/strong><\/td>\n<\/tr>\n<tr>\n<td valign=\"top\" width=\"199\">LV10-14-16<\/td>\n<td valign=\"top\" width=\"199\">1.4<\/td>\n<td valign=\"top\" width=\"199\">1.6<\/td>\n<td valign=\"top\" width=\"199\">10<\/td>\n<td valign=\"top\" width=\"199\">10\u03bcL<\/td>\n<td valign=\"top\" width=\"199\">10000pcs\/saco<\/td>\n<\/tr>\n<tr>\n<td valign=\"top\" width=\"199\">LV10-14-35<\/td>\n<td valign=\"top\" width=\"199\">1.4<\/td>\n<td valign=\"top\" width=\"199\">3.5<\/td>\n<td valign=\"top\" width=\"199\">10<\/td>\n<td valign=\"top\" width=\"199\">10\u03bcL<\/td>\n<td valign=\"top\" width=\"199\">10000pcs\/saco<\/td>\n<\/tr>\n<tr>\n<td valign=\"top\" width=\"199\">LV10-16-35<\/td>\n<td valign=\"top\" width=\"199\">1.6<\/td>\n<td valign=\"top\" width=\"199\">3.5<\/td>\n<td valign=\"top\" width=\"199\">10<\/td>\n<td valign=\"top\" width=\"199\">10\u03bcL<\/td>\n<td valign=\"top\" width=\"199\">10000pcs\/saco<\/td>\n<\/tr>\n<tr>\n<td valign=\"top\" width=\"199\">LV10-18-35<\/td>\n<td valign=\"top\" width=\"199\">1.8<\/td>\n<td valign=\"top\" width=\"199\">3.5<\/td>\n<td valign=\"top\" width=\"199\">10<\/td>\n<td valign=\"top\" width=\"199\">10\u03bcL<\/td>\n<td valign=\"top\" width=\"199\">10000pcs\/saco<\/td>\n<\/tr>\n<\/tbody>\n<\/table>\n<\/div>\n<p><strong>Pontas de pipeta Lvyuan 200ul<\/strong><\/p>\n<div class=\"table-responsive\">\n<table>\n<tbody>\n<tr class=\"firstRow\">\n<td valign=\"top\" width=\"199\"><strong>Item No.<\/strong><\/td>\n<td valign=\"top\" width=\"199\"><strong>Di\u00e2metro (mm)<\/strong><\/td>\n<td valign=\"top\" width=\"199\"><strong>Espessura<\/strong><\/td>\n<td valign=\"top\" width=\"199\"><strong>Abertura<\/strong><\/td>\n<td valign=\"top\" width=\"199\"><strong>Utiliza\u00e7\u00e3o<\/strong><\/td>\n<td valign=\"top\" width=\"199\"><strong>Embalagem<\/strong><\/td>\n<\/tr>\n<tr>\n<td valign=\"top\" width=\"199\">LV200-40-35<\/td>\n<td valign=\"top\" width=\"199\">4<\/td>\n<td valign=\"top\" width=\"199\">3.5<\/td>\n<td valign=\"top\" width=\"199\">10<\/td>\n<td valign=\"top\" width=\"199\">200\u03bcL<\/td>\n<td valign=\"top\" width=\"199\">10000pcs\/saco<\/td>\n<\/tr>\n<tr>\n<td valign=\"top\" width=\"199\">LV200-41-35<\/td>\n<td valign=\"top\" width=\"199\">4.1<\/td>\n<td valign=\"top\" width=\"199\">3.5<\/td>\n<td valign=\"top\" width=\"199\">10<\/td>\n<td valign=\"top\" width=\"199\">200\u03bcL<\/td>\n<td valign=\"top\" width=\"199\">10000pcs\/saco<\/td>\n<\/tr>\n<tr>\n<td valign=\"top\" width=\"199\">LV200-43-35<\/td>\n<td valign=\"top\" width=\"199\">4.3<\/td>\n<td valign=\"top\" width=\"199\">3.5<\/td>\n<td valign=\"top\" width=\"199\">10<\/td>\n<td valign=\"top\" width=\"199\">200\u03bcL<\/td>\n<td valign=\"top\" width=\"199\">10000pcs\/saco<\/td>\n<\/tr>\n<tr>\n<td valign=\"top\" width=\"199\">LV200-45-35<\/td>\n<td valign=\"top\" width=\"199\">4.5<\/td>\n<td valign=\"top\" width=\"199\">3.5<\/td>\n<td valign=\"top\" width=\"199\">10<\/td>\n<td valign=\"top\" width=\"199\">200\u03bcL<\/td>\n<td valign=\"top\" width=\"199\">10000pcs\/saco<\/td>\n<\/tr>\n<tr>\n<td valign=\"top\" width=\"199\">LV200-47-35<\/td>\n<td valign=\"top\" width=\"199\">4.7<\/td>\n<td valign=\"top\" width=\"199\">3.5<\/td>\n<td valign=\"top\" width=\"199\">10<\/td>\n<td valign=\"top\" width=\"199\">200\u03bcL<\/td>\n<td valign=\"top\" width=\"199\">10000pcs\/saco<\/td>\n<\/tr>\n<tr>\n<td valign=\"top\" width=\"199\">LV200-49-35<\/td>\n<td valign=\"top\" width=\"199\">4.9<\/td>\n<td valign=\"top\" width=\"199\">3.5<\/td>\n<td valign=\"top\" width=\"199\">10<\/td>\n<td valign=\"top\" width=\"199\">200\u03bcL<\/td>\n<td valign=\"top\" width=\"199\">10000pcs\/saco<\/td>\n<\/tr>\n<tr>\n<td valign=\"top\" width=\"199\">LV200-51-35<\/td>\n<td valign=\"top\" width=\"199\">5.1<\/td>\n<td valign=\"top\" width=\"199\">3.5<\/td>\n<td valign=\"top\" width=\"199\">10<\/td>\n<td valign=\"top\" width=\"199\">200\u03bcL<\/td>\n<td valign=\"top\" width=\"199\">10000pcs\/saco<\/td>\n<\/tr>\n<\/tbody>\n<\/table>\n<\/div>\n<p><strong>Pontas de pipeta Lvyuan 1000ul<\/strong><\/p>\n<div class=\"table-responsive\">\n<table>\n<tbody>\n<tr class=\"firstRow\">\n<td valign=\"top\" width=\"199\"><strong>Item No.<\/strong><\/td>\n<td valign=\"top\" width=\"199\"><strong>Di\u00e2metro (mm)<\/strong><\/td>\n<td valign=\"top\" width=\"199\"><strong>Espessura<\/strong><\/td>\n<td valign=\"top\" width=\"199\"><strong>Abertura<\/strong><\/td>\n<td valign=\"top\" width=\"199\"><strong>Utiliza\u00e7\u00e3o<\/strong><\/td>\n<td valign=\"top\" width=\"199\"><strong>Embalagem<\/strong><\/td>\n<\/tr>\n<tr>\n<td valign=\"top\" width=\"199\">LV1000-70-40<\/td>\n<td valign=\"top\" width=\"199\">7<\/td>\n<td valign=\"top\" width=\"199\">4<\/td>\n<td valign=\"top\" width=\"199\">10<\/td>\n<td valign=\"top\" width=\"199\">1000\u03bcL<\/td>\n<td valign=\"top\" width=\"199\">10000pcs\/saco<\/td>\n<\/tr>\n<tr>\n<td valign=\"top\" width=\"199\">LV1000-71-40<\/td>\n<td valign=\"top\" width=\"199\">7.1<\/td>\n<td valign=\"top\" width=\"199\">4<\/td>\n<td valign=\"top\" width=\"199\">10<\/td>\n<td valign=\"top\" width=\"199\">1000\u03bcL<\/td>\n<td valign=\"top\" width=\"199\">10000pcs\/saco<\/td>\n<\/tr>\n<tr>\n<td valign=\"top\" width=\"199\">LV1000-72-40<\/td>\n<td valign=\"top\" width=\"199\">7.2<\/td>\n<td valign=\"top\" width=\"199\">4<\/td>\n<td valign=\"top\" width=\"199\">10<\/td>\n<td valign=\"top\" width=\"199\">1000\u03bcL<\/td>\n<td valign=\"top\" width=\"199\">10000pcs\/saco<\/td>\n<\/tr>\n<tr>\n<td valign=\"top\" width=\"199\">LV1000-74-40<\/td>\n<td valign=\"top\" width=\"199\">7.4<\/td>\n<td valign=\"top\" width=\"199\">4<\/td>\n<td valign=\"top\" width=\"199\">10<\/td>\n<td valign=\"top\" width=\"199\">1000\u03bcL<\/td>\n<td valign=\"top\" width=\"199\">10000pcs\/saco<\/td>\n<\/tr>\n<\/tbody>\n<\/table>\n<\/div>\n<p><strong>Mais especifica\u00e7\u00f5es<\/strong><\/p>\n<div class=\"table-responsive\">\n<table>\n<tbody>\n<tr class=\"firstRow\">\n<td valign=\"top\" width=\"199\"><strong>Item No.<\/strong><\/td>\n<td valign=\"top\" width=\"199\"><strong>Di\u00e2metro (mm)<\/strong><\/td>\n<td valign=\"top\" width=\"199\"><strong>Espessura<\/strong><\/td>\n<td valign=\"top\" width=\"199\"><strong>Espessura<\/strong><\/td>\n<td valign=\"top\" width=\"199\"><strong>Espessura<\/strong><\/td>\n<td valign=\"top\" width=\"199\"><strong>Espessura<\/strong><\/td>\n<\/tr>\n<tr>\n<td colspan=\"1\" rowspan=\"1\" valign=\"top\">LV1<\/td>\n<td colspan=\"1\" rowspan=\"1\" valign=\"top\">1.2<\/td>\n<td colspan=\"1\" rowspan=\"1\" valign=\"top\">3.0<\/td>\n<td colspan=\"1\" rowspan=\"1\" valign=\"top\">3.5<\/td>\n<td colspan=\"1\" rowspan=\"1\" valign=\"top\">4.0<\/td>\n<td colspan=\"1\" rowspan=\"1\" valign=\"top\">5.0<\/td>\n<\/tr>\n<tr>\n<td valign=\"top\" width=\"243\">LV2<\/td>\n<td valign=\"top\" width=\"243\">1.3<\/td>\n<td valign=\"top\" width=\"243\">3.0<\/td>\n<td valign=\"top\" width=\"243\">3.5<\/td>\n<td valign=\"top\" width=\"243\">4.0<\/td>\n<td valign=\"top\" width=\"243\">5.0<\/td>\n<\/tr>\n<tr>\n<td valign=\"top\" width=\"243\">LV3<\/td>\n<td valign=\"top\" width=\"243\">1.4<\/td>\n<td valign=\"top\" width=\"243\">3.0<\/td>\n<td valign=\"top\" width=\"243\">3.5<\/td>\n<td valign=\"top\" width=\"243\">4.0<\/td>\n<td valign=\"top\" width=\"243\">5.0<\/td>\n<\/tr>\n<tr>\n<td valign=\"top\" width=\"243\">LV4<\/td>\n<td valign=\"top\" width=\"243\">1.5<\/td>\n<td valign=\"top\" width=\"243\">3.0<\/td>\n<td valign=\"top\" width=\"243\">3.5<\/td>\n<td valign=\"top\" width=\"243\">4.0<\/td>\n<td valign=\"top\" width=\"243\">5.0<\/td>\n<\/tr>\n<tr>\n<td valign=\"top\" width=\"243\">LV9<\/td>\n<td valign=\"top\" width=\"243\">2.0<\/td>\n<td valign=\"top\" width=\"243\">3.0<\/td>\n<td valign=\"top\" width=\"243\">3.5<\/td>\n<td valign=\"top\" width=\"243\">4.0<\/td>\n<td valign=\"top\" width=\"243\">5.0<\/td>\n<\/tr>\n<tr>\n<td valign=\"top\" width=\"243\">LV10<\/td>\n<td valign=\"top\" width=\"243\">2.1<\/td>\n<td valign=\"top\" width=\"243\">3.0<\/td>\n<td valign=\"top\" width=\"243\">3.5<\/td>\n<td valign=\"top\" width=\"243\">4.0<\/td>\n<td valign=\"top\" width=\"243\">5.0<\/td>\n<\/tr>\n<tr>\n<td valign=\"top\" width=\"243\">LV11<\/td>\n<td valign=\"top\" width=\"243\">2.23<\/td>\n<td valign=\"top\" width=\"243\">3.0<\/td>\n<td valign=\"top\" width=\"243\">3.5<\/td>\n<td valign=\"top\" width=\"243\">4.0<\/td>\n<td valign=\"top\" width=\"243\">5.0<\/td>\n<\/tr>\n<tr>\n<td valign=\"top\" width=\"243\">LV12<\/td>\n<td valign=\"top\" width=\"243\">2.63<\/td>\n<td valign=\"top\" width=\"243\">3.0<\/td>\n<td valign=\"top\" width=\"243\">3.5<\/td>\n<td valign=\"top\" width=\"243\">4.0<\/td>\n<td valign=\"top\" width=\"243\">5.0<\/td>\n<\/tr>\n<tr>\n<td valign=\"top\" width=\"243\">LV16<\/td>\n<td valign=\"top\" width=\"243\">3.0<\/td>\n<td valign=\"top\" width=\"243\">3.0<\/td>\n<td valign=\"top\" width=\"243\">3.5<\/td>\n<td valign=\"top\" width=\"243\">4.0<\/td>\n<td valign=\"top\" width=\"243\">5.0<\/td>\n<\/tr>\n<tr>\n<td valign=\"top\" width=\"243\">LV17<\/td>\n<td valign=\"top\" width=\"243\">3.1<\/td>\n<td valign=\"top\" width=\"243\">3.0<\/td>\n<td valign=\"top\" width=\"243\">3.5<\/td>\n<td valign=\"top\" width=\"243\">4.0<\/td>\n<td valign=\"top\" width=\"243\">5.0<\/td>\n<\/tr>\n<tr>\n<td valign=\"top\" width=\"243\">LV18<\/td>\n<td valign=\"top\" width=\"243\">3.2<\/td>\n<td valign=\"top\" width=\"243\">3.0<\/td>\n<td valign=\"top\" width=\"243\">3.5<\/td>\n<td valign=\"top\" width=\"243\">4.0<\/td>\n<td valign=\"top\" width=\"243\">5.0<\/td>\n<\/tr>\n<tr>\n<td colspan=\"1\" rowspan=\"1\" valign=\"top\">LV19<\/td>\n<td colspan=\"1\" rowspan=\"1\" valign=\"top\">3.3<\/td>\n<td colspan=\"1\" rowspan=\"1\" valign=\"top\">3.0<\/td>\n<td colspan=\"1\" rowspan=\"1\" valign=\"top\">3.5<\/td>\n<td colspan=\"1\" rowspan=\"1\" valign=\"top\">4.0<\/td>\n<td colspan=\"1\" rowspan=\"1\" valign=\"top\">5.0<\/td>\n<\/tr>\n<tr>\n<td colspan=\"1\" rowspan=\"1\" valign=\"top\">LV26<\/td>\n<td colspan=\"1\" rowspan=\"1\" valign=\"top\">4.02<\/td>\n<td colspan=\"1\" rowspan=\"1\" valign=\"top\">3.0<\/td>\n<td colspan=\"1\" rowspan=\"1\" valign=\"top\">3.5<\/td>\n<td colspan=\"1\" rowspan=\"1\" valign=\"top\">4.0<\/td>\n<td colspan=\"1\" rowspan=\"1\" valign=\"top\">5.0<\/td>\n<\/tr>\n<tr>\n<td colspan=\"1\" rowspan=\"1\" valign=\"top\">LV27<\/td>\n<td colspan=\"1\" rowspan=\"1\" valign=\"top\">4.1<\/td>\n<td colspan=\"1\" rowspan=\"1\" valign=\"top\">3.0<\/td>\n<td colspan=\"1\" rowspan=\"1\" valign=\"top\">3.5<\/td>\n<td colspan=\"1\" rowspan=\"1\" valign=\"top\">4.0<\/td>\n<td colspan=\"1\" rowspan=\"1\" valign=\"top\">5.0<\/td>\n<\/tr>\n<tr>\n<td colspan=\"1\" rowspan=\"1\" valign=\"top\">LV28<\/td>\n<td colspan=\"1\" rowspan=\"1\" valign=\"top\">4.2<\/td>\n<td colspan=\"1\" rowspan=\"1\" valign=\"top\">3.0<\/td>\n<td colspan=\"1\" rowspan=\"1\" valign=\"top\">3.5<\/td>\n<td colspan=\"1\" rowspan=\"1\" valign=\"top\">4.0<\/td>\n<td colspan=\"1\" rowspan=\"1\" valign=\"top\">5.0<\/td>\n<\/tr>\n<\/tbody>\n<\/table>\n<\/div>\n<p><img decoding=\"async\" src=\"https:\/\/img.yfisher.com\/m6076\/17257327423e8\/jpg70-t3-scale100.webp\" alt=\"F\u00e1brica OEM sinterizada Filtro de polietileno poroso pe para pontas de pipetas filtradas 7\" data-lazy=\"2\" title=\"\"><\/p>\n<\/div>","protected":false},"excerpt":{"rendered":"<table>\n<thead>\n<tr>\n<th>item<\/th>\n<th>pormenores<\/th>\n<\/tr>\n<\/thead>\n<tbody>\n<tr>\n<td>porta de arranque<\/td>\n<td>Guangzhou<\/td>\n<\/tr>\n<tr>\n<td>capacidade de produ\u00e7\u00e3o<\/td>\n<td>10000 unidades\/m\u00eas<\/td>\n<\/tr>\n<tr>\n<td>local de origem<\/td>\n<td>Guangdong, China<\/td>\n<\/tr>\n<tr>\n<td>pagamento<\/td>\n<td>T\/T, garantia de com\u00e9rcio Alibaba, paypal<\/td>\n<\/tr>\n<tr>\n<td>moq<\/td>\n<td>1 unidade<\/td>\n<\/tr>\n<tr>\n<td>prazo de entrega<\/td>\n<td>no prazo de 7 dias \u00fateis<\/td>\n<\/tr>\n<tr>\n<td>certifica\u00e7\u00e3o<\/td>\n<td>ISO 9001<\/td>\n<\/tr>\n<tr>\n<td>marca<\/td>\n<td>OEM\/Lvyuan<\/td>\n<\/tr>\n<\/tbody>\n<\/table>","protected":false},"featured_media":2451,"comment_status":"open","ping_status":"closed","template":"","meta":{"_gspb_post_css":""},"product_brand":[],"product_cat":[24],"product_tag":[956,967,964,260,955,965],"class_list":{"0":"post-2444","1":"product","2":"type-product","3":"status-publish","4":"has-post-thumbnail","6":"product_cat-sintered-porous-plastic","7":"product_tag-1-piece-moq","8":"product_tag-7-day-delivery","9":"product_tag-guangdong-manufacturer","10":"product_tag-iso-9001","11":"product_tag-oem-packaging","12":"product_tag-paper-tubes","14":"first","15":"instock","16":"shipping-taxable","17":"product-type-simple"},"_links":{"self":[{"href":"https:\/\/lyfilter.com\/pt\/wp-json\/wp\/v2\/product\/2444","targetHints":{"allow":["GET"]}}],"collection":[{"href":"https:\/\/lyfilter.com\/pt\/wp-json\/wp\/v2\/product"}],"about":[{"href":"https:\/\/lyfilter.com\/pt\/wp-json\/wp\/v2\/types\/product"}],"replies":[{"embeddable":true,"href":"https:\/\/lyfilter.com\/pt\/wp-json\/wp\/v2\/comments?post=2444"}],"wp:featuredmedia":[{"embeddable":true,"href":"https:\/\/lyfilter.com\/pt\/wp-json\/wp\/v2\/media\/2451"}],"wp:attachment":[{"href":"https:\/\/lyfilter.com\/pt\/wp-json\/wp\/v2\/media?parent=2444"}],"wp:term":[{"taxonomy":"product_brand","embeddable":true,"href":"https:\/\/lyfilter.com\/pt\/wp-json\/wp\/v2\/product_brand?post=2444"},{"taxonomy":"product_cat","embeddable":true,"href":"https:\/\/lyfilter.com\/pt\/wp-json\/wp\/v2\/product_cat?post=2444"},{"taxonomy":"product_tag","embeddable":true,"href":"https:\/\/lyfilter.com\/pt\/wp-json\/wp\/v2\/product_tag?post=2444"}],"curies":[{"name":"wp","href":"https:\/\/api.w.org\/{rel}","templated":true}]}}