{"id":2438,"date":"2026-01-07T02:46:54","date_gmt":"2026-01-07T02:46:54","guid":{"rendered":"https:\/\/lyfilter.com\/?post_type=product&#038;p=2438"},"modified":"2026-01-07T02:47:17","modified_gmt":"2026-01-07T02:47:17","slug":"factory-price-sintered-porous-pe-pp-filter-discs","status":"publish","type":"product","link":"https:\/\/lyfilter.com\/pt\/factory-price-sintered-porous-pe-pp-filter-discs\/","title":{"rendered":"Pre\u00e7o de f\u00e1brica Discos de filtro PE PP porosos sinterizados"},"content":{"rendered":"<div class=\"unit-detail-html-tabs__content-attr\">\n<div class=\"unit-product-attrparam\">\n<div class=\"unit-product-attrparam__items row\">\n<div class=\"col-12 col-md-6\">\n<div class=\"unit-product-attrparam__item\">\n<div class=\"unit-product-attrparam__label\">\n<table>\n<thead>\n<tr>\n<th>item<\/th>\n<th>pormenores<\/th>\n<\/tr>\n<\/thead>\n<tbody>\n<tr>\n<td>capacidade de fornecimento<\/td>\n<td>1000000 pe\u00e7as\/m\u00eas<\/td>\n<\/tr>\n<tr>\n<td>material<\/td>\n<td>pp<\/td>\n<\/tr>\n<tr>\n<td>disponibilidade<\/td>\n<td>de origem<\/td>\n<\/tr>\n<\/tbody>\n<\/table>\n<\/div>\n<\/div>\n<\/div>\n<\/div>\n<\/div>\n<\/div>\n<div class=\"unit-detail-html-tabs__content-html\">\n<p><strong>Pre\u00e7o de f\u00e1brica Discos de filtro PE PP porosos sinterizados<\/strong><\/p>\n<p>O filtro de bateria, a placa \u00e0 prova de explos\u00e3o, o filtro de \u00e1cido, o respiradouro, o filtro de ar, a placa de exaust\u00e3o, o filtro de p\u00f3, o tamp\u00e3o do filtro de p\u00f3 e outros produtos produzidos pela nossa f\u00e1brica cumprem rigorosamente a norma de v\u00e1lvula de seguran\u00e7a de armazenamento de \u00e1cido de chumbo regulada por v\u00e1lvula de \u00e1cido microporoso JB\/T11340.5-2012. O produto \u00e9 feito de p\u00f3 PE\/PP atrav\u00e9s de sinteriza\u00e7\u00e3o de propor\u00e7\u00e3o cient\u00edfica, que tem as carater\u00edsticas de alta resist\u00eancia, di\u00e2metro de poro uniforme, boa permeabilidade, etc. O filtro PP n\u00e3o se deforma ou fica amarelo ap\u00f3s 400 horas a 150 \u2103. As especifica\u00e7\u00f5es do produto s\u00e3o 5-30mm de di\u00e2metro e 2-7mm de espessura. Especifica\u00e7\u00f5es especiais podem ser personalizadas.<\/p>\n<p>&nbsp;<\/p>\n<div class=\"table-responsive\">\n<table>\n<tbody>\n<tr class=\"firstRow\">\n<td valign=\"top\" height=\"20\">Di\u00e2metro<\/td>\n<td valign=\"top\" height=\"20\">10mm,20mm,30mm,40mm,50mm,60mm,70mm,80mm,90mm,100mm,110mm,<br \/>\n120mm, 200mm, etc.<\/td>\n<\/tr>\n<tr>\n<td valign=\"top\">Espessura<\/td>\n<td valign=\"top\">2-7mm<\/td>\n<\/tr>\n<tr>\n<td valign=\"top\">Taxa de microns<\/td>\n<td valign=\"top\">1um,5um,10um,20um,30um,etc.<\/td>\n<\/tr>\n<tr>\n<td valign=\"top\">Temperatura de funcionamento<\/td>\n<td valign=\"top\">PE\u226480\u2103; PTFE\u2265200\u2103;PA\u2264120\u2103<\/td>\n<\/tr>\n<tr>\n<td valign=\"top\">Conector do filtro<\/td>\n<td valign=\"top\">PLANO, TIPO INSER\u00c7\u00c3O, TIPO ROSCA, 226,222,215, PERSONALIZADO<\/td>\n<\/tr>\n<tr>\n<td valign=\"top\">Observa\u00e7\u00e3o<\/td>\n<td valign=\"top\">O tamanho do filtro e os microns podem ser personalizados. Tamanho mais pequeno ou maior!<\/td>\n<\/tr>\n<\/tbody>\n<\/table>\n<\/div>\n<p>&nbsp;<\/p>\n<div class=\"table-responsive\">\n<table data-sort=\"sortDisabled\">\n<tbody>\n<tr class=\"firstRow\">\n<td colspan=\"8\" rowspan=\"1\" align=\"center\" valign=\"top\">Especifica\u00e7\u00f5es do molde do disco de filtro existente<\/td>\n<\/tr>\n<tr>\n<td valign=\"top\">Di\u00e2metro (mm)<\/td>\n<td valign=\"top\">Espessura (mm)<\/td>\n<td valign=\"top\"><\/td>\n<td valign=\"top\">Di\u00e2metro (mm)<\/td>\n<td valign=\"top\">Espessura (mm)<\/td>\n<td valign=\"top\"><\/td>\n<td valign=\"top\">Di\u00e2metro (mm)<\/td>\n<td valign=\"top\">Espessura (mm)<\/td>\n<\/tr>\n<tr>\n<td valign=\"top\">10<\/td>\n<td valign=\"top\">3<\/td>\n<td valign=\"top\"><\/td>\n<td valign=\"top\">18<\/td>\n<td valign=\"top\">3.1<\/td>\n<td valign=\"top\"><\/td>\n<td valign=\"top\">15<\/td>\n<td valign=\"top\">3<\/td>\n<\/tr>\n<tr>\n<td valign=\"top\">4<\/td>\n<td valign=\"top\">3<\/td>\n<td valign=\"top\"><\/td>\n<td valign=\"top\">9.8<\/td>\n<td valign=\"top\">3<\/td>\n<td valign=\"top\"><\/td>\n<td valign=\"top\">12<\/td>\n<td valign=\"top\">3<\/td>\n<\/tr>\n<tr>\n<td valign=\"top\">13<\/td>\n<td valign=\"top\">3<\/td>\n<td valign=\"top\"><\/td>\n<td valign=\"top\">8<\/td>\n<td valign=\"top\">2.5<\/td>\n<td valign=\"top\"><\/td>\n<td valign=\"top\">8.8<\/td>\n<td valign=\"top\">2.2<\/td>\n<\/tr>\n<tr>\n<td valign=\"top\">5<\/td>\n<td valign=\"top\">3.5<\/td>\n<td valign=\"top\"><\/td>\n<td valign=\"top\">14.45<\/td>\n<td valign=\"top\">4<\/td>\n<td valign=\"top\"><\/td>\n<td valign=\"top\">17<\/td>\n<td valign=\"top\">3.2<\/td>\n<\/tr>\n<tr>\n<td valign=\"top\">12.6<\/td>\n<td valign=\"top\">3.2<\/td>\n<td valign=\"top\"><\/td>\n<td valign=\"top\">25<\/td>\n<td valign=\"top\">3<\/td>\n<td valign=\"top\"><\/td>\n<td valign=\"top\">20<\/td>\n<td valign=\"top\">3.2<\/td>\n<\/tr>\n<tr>\n<td valign=\"top\">16.2<\/td>\n<td valign=\"top\">3.5<\/td>\n<td valign=\"top\"><\/td>\n<td valign=\"top\">16<\/td>\n<td valign=\"top\">2.5<\/td>\n<td valign=\"top\"><\/td>\n<td valign=\"top\">16<\/td>\n<td valign=\"top\">5.5<\/td>\n<\/tr>\n<tr>\n<td valign=\"top\">23<\/td>\n<td valign=\"top\">1.6<\/td>\n<td valign=\"top\"><\/td>\n<td valign=\"top\">13<\/td>\n<td valign=\"top\">3.4<\/td>\n<td valign=\"top\"><\/td>\n<td valign=\"top\">6.1<\/td>\n<td valign=\"top\">3<\/td>\n<\/tr>\n<tr>\n<td valign=\"top\">8.5<\/td>\n<td valign=\"top\">3<\/td>\n<td valign=\"top\"><\/td>\n<td valign=\"top\">16.1<\/td>\n<td valign=\"top\">2.65<\/td>\n<td valign=\"top\"><\/td>\n<td valign=\"top\">8.5<\/td>\n<td valign=\"top\">2<\/td>\n<\/tr>\n<\/tbody>\n<\/table>\n<\/div>\n<p><img decoding=\"async\" src=\"https:\/\/img.yfisher.com\/m6076\/1725732739cgm\/jpg70-t3-scale100.webp\" alt=\"Pre\u00e7o de f\u00e1brica Discos de filtro PE PP porosos sinterizados 5\" data-lazy=\"2\" title=\"\"><\/p>\n<\/div>","protected":false},"excerpt":{"rendered":"<table>\n<thead>\n<tr>\n<th>item<\/th>\n<th>pormenores<\/th>\n<\/tr>\n<\/thead>\n<tbody>\n<tr>\n<td>porta de arranque<\/td>\n<td>Guangzhou<\/td>\n<\/tr>\n<tr>\n<td>capacidade de produ\u00e7\u00e3o<\/td>\n<td>10000 unidades\/m\u00eas<\/td>\n<\/tr>\n<tr>\n<td>local de origem<\/td>\n<td>Guangdong, China<\/td>\n<\/tr>\n<tr>\n<td>pagamento<\/td>\n<td>T\/T, Western Union, Garantia de com\u00e9rcio de Alibaba, paypal<\/td>\n<\/tr>\n<tr>\n<td>moq<\/td>\n<td>1 unidade<\/td>\n<\/tr>\n<tr>\n<td>prazo de entrega<\/td>\n<td>No prazo de 7 dias \u00fateis<\/td>\n<\/tr>\n<tr>\n<td>marca<\/td>\n<td>OEM\/Lvyuan<\/td>\n<\/tr>\n<\/tbody>\n<\/table>","protected":false},"featured_media":2445,"comment_status":"open","ping_status":"closed","template":"","meta":{"_gspb_post_css":""},"product_brand":[],"product_cat":[24],"product_tag":[956,279,964,965,288,971],"class_list":{"0":"post-2438","1":"product","2":"type-product","3":"status-publish","4":"has-post-thumbnail","6":"product_cat-sintered-porous-plastic","7":"product_tag-1-piece-moq","8":"product_tag-alibaba-trade-assurance","9":"product_tag-guangdong-manufacturer","10":"product_tag-paper-tubes","11":"product_tag-paypal","12":"product_tag-western-union","14":"first","15":"instock","16":"shipping-taxable","17":"product-type-simple"},"_links":{"self":[{"href":"https:\/\/lyfilter.com\/pt\/wp-json\/wp\/v2\/product\/2438","targetHints":{"allow":["GET"]}}],"collection":[{"href":"https:\/\/lyfilter.com\/pt\/wp-json\/wp\/v2\/product"}],"about":[{"href":"https:\/\/lyfilter.com\/pt\/wp-json\/wp\/v2\/types\/product"}],"replies":[{"embeddable":true,"href":"https:\/\/lyfilter.com\/pt\/wp-json\/wp\/v2\/comments?post=2438"}],"wp:featuredmedia":[{"embeddable":true,"href":"https:\/\/lyfilter.com\/pt\/wp-json\/wp\/v2\/media\/2445"}],"wp:attachment":[{"href":"https:\/\/lyfilter.com\/pt\/wp-json\/wp\/v2\/media?parent=2438"}],"wp:term":[{"taxonomy":"product_brand","embeddable":true,"href":"https:\/\/lyfilter.com\/pt\/wp-json\/wp\/v2\/product_brand?post=2438"},{"taxonomy":"product_cat","embeddable":true,"href":"https:\/\/lyfilter.com\/pt\/wp-json\/wp\/v2\/product_cat?post=2438"},{"taxonomy":"product_tag","embeddable":true,"href":"https:\/\/lyfilter.com\/pt\/wp-json\/wp\/v2\/product_tag?post=2438"}],"curies":[{"name":"wp","href":"https:\/\/api.w.org\/{rel}","templated":true}]}}