{"id":2432,"date":"2026-01-07T02:37:41","date_gmt":"2026-01-07T02:37:41","guid":{"rendered":"https:\/\/lyfilter.com\/?post_type=product&#038;p=2432"},"modified":"2026-01-07T02:37:41","modified_gmt":"2026-01-07T02:37:41","slug":"factory-price-sintered-copper-powder-filter","status":"publish","type":"product","link":"https:\/\/lyfilter.com\/pt\/factory-price-sintered-copper-powder-filter\/","title":{"rendered":"Pre\u00e7o de F\u00e1brica Filtro de Cobre em P\u00f3 Sinterizado"},"content":{"rendered":"<div class=\"unit-detail-html-tabs__content-attr\">\n<div class=\"unit-product-attrparam\">\n<div class=\"unit-product-attrparam__items row\">\n<div class=\"col-12 col-md-6\">\n<div class=\"unit-product-attrparam__item\">\n<div class=\"unit-product-attrparam__label\">\n<table>\n<thead>\n<tr>\n<th>item<\/th>\n<th>pormenores<\/th>\n<\/tr>\n<\/thead>\n<tbody>\n<tr>\n<td>capacidade de fornecimento<\/td>\n<td>1000000 pe\u00e7as\/m\u00eas<\/td>\n<\/tr>\n<tr>\n<td>material<\/td>\n<td>cobre<\/td>\n<\/tr>\n<tr>\n<td>disponibilidade<\/td>\n<td>de origem<\/td>\n<\/tr>\n<\/tbody>\n<\/table>\n<\/div>\n<\/div>\n<\/div>\n<\/div>\n<\/div>\n<\/div>\n<div class=\"unit-detail-html-tabs__content-featuresAttr\"><\/div>\n<div class=\"unit-detail-html-tabs__content-html\">\n<p>O elemento filtrante sinterizado em p\u00f3 de cobre tem um bom desempenho de filtragem de permea\u00e7\u00e3o e uma elevada precis\u00e3o de filtragem, pode suportar melhor a press\u00e3o t\u00e9rmica e o impacto, alta resist\u00eancia, boa plasticidade, resist\u00eancia \u00e0 oxida\u00e7\u00e3o e resist\u00eancia \u00e0 corros\u00e3o. Boa montagem, pode ser soldado, colado e maquinado; forte capacidade de regenera\u00e7\u00e3o, longa vida \u00fatil; v\u00e1rias porosidades (28%-50%), tamanho dos poros (4u-160U) e precis\u00e3o de filtra\u00e7\u00e3o (0,2um-100um), canais cruzados, podem ser utilizados a 300 temperaturas elevadas, resistentes ao arrefecimento r\u00e1pido e ao aquecimento r\u00e1pido. Em compara\u00e7\u00e3o com os filtros feitos de papel, malha de fio de cobre e outros tecidos de fibra, tem um desempenho superior e \u00e9 f\u00e1cil de montar, desmontar e limpar. \u00c9 utilizado principalmente para filtrar g\u00e1s, l\u00edquido e \u00f3leo combust\u00edvel. \u00c9 amplamente utilizado nas ind\u00fastrias petrol\u00edfera, qu\u00edmica, autom\u00f3vel, de tractores, avi\u00f5es e constru\u00e7\u00e3o naval. \u00c9 amplamente utilizado no mundo, e tamb\u00e9m \u00e9 amplamente utilizado nos elementos filtrantes de circuitos pneum\u00e1ticos e hidr\u00e1ulicos. O cartucho de filtro sinterizado de p\u00f3 de cobre pode filtrar \u00f3leo, \u00e1gua e impurezas no ar, e tamb\u00e9m pode reduzir o ru\u00eddo. No dispositivo de auto-resgate de ar comprimido, o seu fornecimento de ar geralmente adopta a conduta de ar comprimido da mina, que desempenha fun\u00e7\u00f5es como descompress\u00e3o, redu\u00e7\u00e3o de ru\u00eddo, ajuste de fluxo, filtragem de \u00f3leo e \u00e1gua, etc., para fornecer ar fresco ao pessoal. Os elementos filtrantes sinterizados de cobre t\u00eam as fun\u00e7\u00f5es de filtragem do ar e de redu\u00e7\u00e3o do ru\u00eddo e s\u00e3o amplamente utilizados em processadores de fontes de ar para componentes pneum\u00e1ticos.<\/p>\n<p><img decoding=\"async\" src=\"https:\/\/img.yfisher.com\/m6076\/1725732736yr2\/jpg70-t3-scale100.webp\" alt=\"Pre\u00e7o de F\u00e1brica Filtro de Cobre em P\u00f3 Sinterizado 6\" data-lazy=\"2\" title=\"\"><\/p>\n<p><img decoding=\"async\" src=\"https:\/\/img.yfisher.com\/m6076\/1725732736po4\/jpg70-t3-scale100.webp\" alt=\"Pre\u00e7o de F\u00e1brica Filtro de Cobre em P\u00f3 Sinterizado 7\" data-lazy=\"2\" title=\"\"><\/p>\n<p><img decoding=\"async\" src=\"https:\/\/img.yfisher.com\/m6076\/1725732736q6z\/jpg70-t3-scale100.webp\" alt=\"Pre\u00e7o de F\u00e1brica Filtro de Cobre em P\u00f3 Sinterizado 8\" data-lazy=\"2\" title=\"\"><\/p>\n<p><img decoding=\"async\" src=\"https:\/\/img.yfisher.com\/m6076\/1725732736a4m\/jpg70-t3-scale100.webp\" alt=\"Pre\u00e7o de F\u00e1brica Filtro de Cobre em P\u00f3 Sinterizado 9\" data-lazy=\"2\" title=\"\"><\/p>\n<p><img decoding=\"async\" src=\"https:\/\/img.yfisher.com\/m6076\/1725732736s7d\/jpg70-t3-scale100.webp\" alt=\"Pre\u00e7o de F\u00e1brica Filtro de Cobre em P\u00f3 Sinterizado 10\" data-lazy=\"2\" title=\"\"><\/p>\n<p><img decoding=\"async\" src=\"https:\/\/img.yfisher.com\/m6076\/17257327365t1\/jpg70-t3-scale100.webp\" alt=\"Pre\u00e7o de F\u00e1brica Filtro de Cobre em P\u00f3 Sinterizado 11\" data-lazy=\"2\" title=\"\"><\/p>\n<p><img decoding=\"async\" src=\"https:\/\/img.yfisher.com\/m6076\/1725732736b3t\/jpg70-t3-scale100.webp\" alt=\"Pre\u00e7o de F\u00e1brica Filtro de Cobre em P\u00f3 Sinterizado 12\" data-lazy=\"2\" title=\"\"><\/p>\n<\/div>","protected":false},"excerpt":{"rendered":"<table>\n<thead>\n<tr>\n<th>item<\/th>\n<th>pormenores<\/th>\n<\/tr>\n<\/thead>\n<tbody>\n<tr>\n<td>porta de arranque<\/td>\n<td>Guangzhou<\/td>\n<\/tr>\n<tr>\n<td>capacidade de produ\u00e7\u00e3o<\/td>\n<td>10000 unidades\/m\u00eas<\/td>\n<\/tr>\n<tr>\n<td>local de origem<\/td>\n<td>Guangdong, China<\/td>\n<\/tr>\n<tr>\n<td>pagamento<\/td>\n<td>T\/T, garantia de com\u00e9rcio Alibaba, paypal<\/td>\n<\/tr>\n<tr>\n<td>moq<\/td>\n<td>1 unidade<\/td>\n<\/tr>\n<tr>\n<td>certifica\u00e7\u00e3o<\/td>\n<td>ISO 9001<\/td>\n<\/tr>\n<tr>\n<td>marca<\/td>\n<td>OEM\/Lvyuan<\/td>\n<\/tr>\n<\/tbody>\n<\/table>","protected":false},"featured_media":2439,"comment_status":"open","ping_status":"closed","template":"","meta":{"_gspb_post_css":""},"product_brand":[],"product_cat":[17,18],"product_tag":[956,279,964,260,955,965],"class_list":{"0":"post-2432","1":"product","2":"type-product","3":"status-publish","4":"has-post-thumbnail","6":"product_cat-sediment-filter","7":"product_cat-sintered-metal-filters","8":"product_tag-1-piece-moq","9":"product_tag-alibaba-trade-assurance","10":"product_tag-guangdong-manufacturer","11":"product_tag-iso-9001","12":"product_tag-oem-packaging","13":"product_tag-paper-tubes","15":"first","16":"instock","17":"shipping-taxable","18":"product-type-simple"},"_links":{"self":[{"href":"https:\/\/lyfilter.com\/pt\/wp-json\/wp\/v2\/product\/2432","targetHints":{"allow":["GET"]}}],"collection":[{"href":"https:\/\/lyfilter.com\/pt\/wp-json\/wp\/v2\/product"}],"about":[{"href":"https:\/\/lyfilter.com\/pt\/wp-json\/wp\/v2\/types\/product"}],"replies":[{"embeddable":true,"href":"https:\/\/lyfilter.com\/pt\/wp-json\/wp\/v2\/comments?post=2432"}],"wp:featuredmedia":[{"embeddable":true,"href":"https:\/\/lyfilter.com\/pt\/wp-json\/wp\/v2\/media\/2439"}],"wp:attachment":[{"href":"https:\/\/lyfilter.com\/pt\/wp-json\/wp\/v2\/media?parent=2432"}],"wp:term":[{"taxonomy":"product_brand","embeddable":true,"href":"https:\/\/lyfilter.com\/pt\/wp-json\/wp\/v2\/product_brand?post=2432"},{"taxonomy":"product_cat","embeddable":true,"href":"https:\/\/lyfilter.com\/pt\/wp-json\/wp\/v2\/product_cat?post=2432"},{"taxonomy":"product_tag","embeddable":true,"href":"https:\/\/lyfilter.com\/pt\/wp-json\/wp\/v2\/product_tag?post=2432"}],"curies":[{"name":"wp","href":"https:\/\/api.w.org\/{rel}","templated":true}]}}