{"id":2426,"date":"2026-01-07T02:35:16","date_gmt":"2026-01-07T02:35:16","guid":{"rendered":"https:\/\/lyfilter.com\/?post_type=product&#038;p=2426"},"modified":"2026-01-07T02:35:16","modified_gmt":"2026-01-07T02:35:16","slug":"factory-price-oem-size-316-metal-stainless-steel-pleated-filter-cartridge-ss-filter-element","status":"publish","type":"product","link":"https:\/\/lyfilter.com\/pt\/factory-price-oem-size-316-metal-stainless-steel-pleated-filter-cartridge-ss-filter-element\/","title":{"rendered":"Pre\u00e7o de f\u00e1brica OEM tamanho 316 metal Cartucho de filtro plissado de a\u00e7o inoxid\u00e1vel Elemento filtrante SS"},"content":{"rendered":"<div class=\"unit-detail-html-tabs__content-attr\">\n<div class=\"unit-product-attrparam\">\n<div class=\"unit-product-attrparam__items row\">\n<div class=\"col-12 col-md-6\">\n<div class=\"unit-product-attrparam__item\">\n<div class=\"unit-product-attrparam__label\">Capacidade de fornecimento<\/div>\n<div class=\"unit-product-attrparam__value\" title=\"1000000pc\/m\u00eas\">1000000pc\/m\u00eas<\/div>\n<\/div>\n<\/div>\n<div class=\"col-12 col-md-6\">\n<div class=\"unit-product-attrparam__item\">\n<div class=\"unit-product-attrparam__label\">Material<\/div>\n<div class=\"unit-product-attrparam__value\" title=\"A\u00e7o inoxid\u00e1vel\">A\u00e7o inoxid\u00e1vel<\/div>\n<\/div>\n<\/div>\n<div class=\"col-12 col-md-6\">\n<div class=\"unit-product-attrparam__item\">\n<div class=\"unit-product-attrparam__label\">Disponibilidade<\/div>\n<div class=\"unit-product-attrparam__value\" title=\"OEM\">OEM<\/div>\n<\/div>\n<\/div>\n<\/div>\n<\/div>\n<\/div>\n<div class=\"unit-detail-html-tabs__content-featuresAttr\"><\/div>\n<div class=\"unit-detail-html-tabs__content-html\">\n<p><img decoding=\"async\" src=\"https:\/\/img.yfisher.com\/m6076\/1725732733omv\/jpg70-t3-scale100.webp\" alt=\"Pre\u00e7o de f\u00e1brica OEM tamanho 316 metal Cartucho de filtro plissado de a\u00e7o inoxid\u00e1vel Elemento filtrante SS 6\" data-lazy=\"2\" title=\"\"><\/p>\n<p><img decoding=\"async\" src=\"https:\/\/img.yfisher.com\/m6076\/1725732733560\/jpg70-t3-scale100.webp\" alt=\"Pre\u00e7o de f\u00e1brica OEM tamanho 316 metal Cartucho de filtro plissado de a\u00e7o inoxid\u00e1vel Elemento filtrante SS 7\" data-lazy=\"2\" title=\"\"><\/p>\n<p><img decoding=\"async\" src=\"https:\/\/img.yfisher.com\/m6076\/172573273371a\/jpg70-t3-scale100.webp\" alt=\"Pre\u00e7o de f\u00e1brica OEM tamanho 316 metal Cartucho de filtro plissado de a\u00e7o inoxid\u00e1vel Elemento filtrante SS 8\" data-lazy=\"2\" title=\"\"><\/p>\n<p><img decoding=\"async\" src=\"https:\/\/img.yfisher.com\/m6076\/1725732733zf9\/jpg70-t3-scale100.webp\" alt=\"Pre\u00e7o de f\u00e1brica OEM tamanho 316 metal Cartucho de filtro plissado de a\u00e7o inoxid\u00e1vel Elemento filtrante SS 9\" data-lazy=\"2\" title=\"\"><\/p>\n<p><img decoding=\"async\" src=\"https:\/\/img.yfisher.com\/m6076\/172573273393d\/jpg70-t3-scale100.webp\" alt=\"Pre\u00e7o de f\u00e1brica OEM tamanho 316 metal Cartucho de filtro plissado de a\u00e7o inoxid\u00e1vel Elemento filtrante SS 10\" data-lazy=\"2\" title=\"\"><\/p>\n<p><img decoding=\"async\" src=\"https:\/\/img.yfisher.com\/m6076\/1725732733g58\/jpg70-t3-scale100.webp\" alt=\"Pre\u00e7o de f\u00e1brica OEM tamanho 316 metal Cartucho de filtro plissado de a\u00e7o inoxid\u00e1vel Elemento filtrante SS 11\" data-lazy=\"2\" title=\"\"><\/p>\n<\/div>","protected":false},"excerpt":{"rendered":"<table>\n<thead>\n<tr>\n<th>item<\/th>\n<th>pormenores<\/th>\n<\/tr>\n<\/thead>\n<tbody>\n<tr>\n<td>porta de arranque<\/td>\n<td>Guangzhou<\/td>\n<\/tr>\n<tr>\n<td>capacidade de produ\u00e7\u00e3o<\/td>\n<td>10000 unidades\/m\u00eas<\/td>\n<\/tr>\n<tr>\n<td>local de origem<\/td>\n<td>Guangdong, China<\/td>\n<\/tr>\n<tr>\n<td>pagamento<\/td>\n<td>T\/T, garantia de com\u00e9rcio Alibaba, paypal<\/td>\n<\/tr>\n<tr>\n<td>moq<\/td>\n<td>1 unidade<\/td>\n<\/tr>\n<tr>\n<td>prazo de entrega<\/td>\n<td>No prazo de 7 dias \u00fateis<\/td>\n<\/tr>\n<tr>\n<td>certifica\u00e7\u00e3o<\/td>\n<td>ISO 9001<\/td>\n<\/tr>\n<tr>\n<td>marca<\/td>\n<td>OEM\/Lvyuan<\/td>\n<\/tr>\n<\/tbody>\n<\/table>","protected":false},"featured_media":2433,"comment_status":"open","ping_status":"closed","template":"","meta":{"_gspb_post_css":""},"product_brand":[],"product_cat":[17,18],"product_tag":[279,954,964,260,955,965],"class_list":{"0":"post-2426","1":"product","2":"type-product","3":"status-publish","4":"has-post-thumbnail","6":"product_cat-sediment-filter","7":"product_cat-sintered-metal-filters","8":"product_tag-alibaba-trade-assurance","9":"product_tag-custom-paper-tubes","10":"product_tag-guangdong-manufacturer","11":"product_tag-iso-9001","12":"product_tag-oem-packaging","13":"product_tag-paper-tubes","15":"first","16":"instock","17":"shipping-taxable","18":"product-type-simple"},"_links":{"self":[{"href":"https:\/\/lyfilter.com\/pt\/wp-json\/wp\/v2\/product\/2426","targetHints":{"allow":["GET"]}}],"collection":[{"href":"https:\/\/lyfilter.com\/pt\/wp-json\/wp\/v2\/product"}],"about":[{"href":"https:\/\/lyfilter.com\/pt\/wp-json\/wp\/v2\/types\/product"}],"replies":[{"embeddable":true,"href":"https:\/\/lyfilter.com\/pt\/wp-json\/wp\/v2\/comments?post=2426"}],"wp:featuredmedia":[{"embeddable":true,"href":"https:\/\/lyfilter.com\/pt\/wp-json\/wp\/v2\/media\/2433"}],"wp:attachment":[{"href":"https:\/\/lyfilter.com\/pt\/wp-json\/wp\/v2\/media?parent=2426"}],"wp:term":[{"taxonomy":"product_brand","embeddable":true,"href":"https:\/\/lyfilter.com\/pt\/wp-json\/wp\/v2\/product_brand?post=2426"},{"taxonomy":"product_cat","embeddable":true,"href":"https:\/\/lyfilter.com\/pt\/wp-json\/wp\/v2\/product_cat?post=2426"},{"taxonomy":"product_tag","embeddable":true,"href":"https:\/\/lyfilter.com\/pt\/wp-json\/wp\/v2\/product_tag?post=2426"}],"curies":[{"name":"wp","href":"https:\/\/api.w.org\/{rel}","templated":true}]}}