{"id":2419,"date":"2026-01-07T02:33:33","date_gmt":"2026-01-07T02:33:33","guid":{"rendered":"https:\/\/lyfilter.com\/?post_type=product&#038;p=2419"},"modified":"2026-01-07T02:33:33","modified_gmt":"2026-01-07T02:33:33","slug":"oem-micro-316-stainless-steel-filter-cartridge-sintered-metal-powder-filter-element","status":"publish","type":"product","link":"https:\/\/lyfilter.com\/pt\/oem-micro-316-stainless-steel-filter-cartridge-sintered-metal-powder-filter-element\/","title":{"rendered":"Cartucho de filtro de a\u00e7o inoxid\u00e1vel micro 316 OEM Elemento de filtro de p\u00f3 met\u00e1lico sinterizado"},"content":{"rendered":"<div class=\"unit-detail-html-tabs__content-attr\">\n<div class=\"unit-product-attrparam\">\n<div class=\"unit-product-attrparam__items row\">\n<div class=\"col-12 col-md-6\">\n<div class=\"unit-product-attrparam__item\">\n<div class=\"unit-product-attrparam__label\">\n<table>\n<thead>\n<tr>\n<th>item<\/th>\n<th>pormenores<\/th>\n<\/tr>\n<\/thead>\n<tbody>\n<tr>\n<td>capacidade de fornecimento<\/td>\n<td>1000000 pe\u00e7as\/m\u00eas<\/td>\n<\/tr>\n<tr>\n<td>material<\/td>\n<td>a\u00e7o inoxid\u00e1vel<\/td>\n<\/tr>\n<tr>\n<td>disponibilidade<\/td>\n<td>de origem<\/td>\n<\/tr>\n<\/tbody>\n<\/table>\n<\/div>\n<\/div>\n<\/div>\n<\/div>\n<\/div>\n<\/div>\n<div class=\"unit-detail-html-tabs__content-featuresAttr\"><\/div>\n<div class=\"unit-detail-html-tabs__content-html\">\n<p>O elemento filtrante de p\u00f3 met\u00e1lico sinterizado em a\u00e7o inoxid\u00e1vel tem as carater\u00edsticas de poros lisos, limpeza f\u00e1cil, resist\u00eancia a altas temperaturas, resist\u00eancia \u00e0 corros\u00e3o, aus\u00eancia de queda da malha de arame e ciclo de filtra\u00e7\u00e3o longo. O feltro sinterizado de fibra de a\u00e7o inoxid\u00e1vel \u00e9 um material de filtro profundo poroso feito de fibra de a\u00e7o inoxid\u00e1vel sinterizada a alta temperatura. O seu n\u00facleo de onda dobrada tem as carater\u00edsticas de elevada porosidade, boa permeabilidade ao ar, forte capacidade de reten\u00e7\u00e3o de sujidade e forte capacidade de regenera\u00e7\u00e3o. Principais carater\u00edsticas: grande \u00e1rea de filtragem (5-10 vezes a dos elementos filtrantes cil\u00edndricos comuns), ampla gama de precis\u00e3o de filtragem (1-300um) Principais m\u00e9todos de liga\u00e7\u00e3o: interface padr\u00e3o (como 222, 220, 226), liga\u00e7\u00e3o de interface r\u00e1pida, liga\u00e7\u00e3o roscada, liga\u00e7\u00e3o de flange, liga\u00e7\u00e3o de tirante, interface especial personalizada. \u00c9 utilizado principalmente na filtra\u00e7\u00e3o de pol\u00edmeros de elevado peso molecular e no tratamento de \u00f3leo e \u00e1gua, g\u00e1s a alta temperatura, produtos farmac\u00eauticos e outros meios.<\/p>\n<p><img decoding=\"async\" src=\"https:\/\/img.yfisher.com\/m6076\/1725732731zgv\/jpg70-t3-scale100.webp\" alt=\"Cartucho de filtro de a\u00e7o inoxid\u00e1vel micro 316 OEM Elemento de filtro de p\u00f3 met\u00e1lico sinterizado 6\" data-lazy=\"2\" title=\"\"><\/p>\n<p><img decoding=\"async\" src=\"https:\/\/img.yfisher.com\/m6076\/1725732731pwm\/jpg70-t3-scale100.webp\" alt=\"Cartucho de filtro de a\u00e7o inoxid\u00e1vel micro 316 OEM Elemento de filtro de p\u00f3 met\u00e1lico sinterizado 7\" data-lazy=\"2\" title=\"\"><\/p>\n<p><img decoding=\"async\" src=\"https:\/\/img.yfisher.com\/m6076\/1725732731sr3\/jpg70-t3-scale100.webp\" alt=\"Cartucho de filtro de a\u00e7o inoxid\u00e1vel micro 316 OEM Elemento de filtro de p\u00f3 met\u00e1lico sinterizado 8\" data-lazy=\"2\" title=\"\"><\/p>\n<p><img decoding=\"async\" src=\"https:\/\/img.yfisher.com\/m6076\/1725732731hc6\/jpg70-t3-scale100.webp\" alt=\"Cartucho de filtro de a\u00e7o inoxid\u00e1vel micro 316 OEM Elemento de filtro de p\u00f3 met\u00e1lico sinterizado 9\" data-lazy=\"2\" title=\"\"><\/p>\n<p><img decoding=\"async\" src=\"https:\/\/img.yfisher.com\/m6076\/172573273176j\/jpg70-t3-scale100.webp\" alt=\"Cartucho de filtro de a\u00e7o inoxid\u00e1vel micro 316 OEM Elemento de filtro de p\u00f3 met\u00e1lico sinterizado 10\" data-lazy=\"2\" title=\"\"><\/p>\n<p><img decoding=\"async\" src=\"https:\/\/img.yfisher.com\/m6076\/1725732731t9s\/jpg70-t3-scale100.webp\" alt=\"Cartucho de filtro de a\u00e7o inoxid\u00e1vel micro 316 OEM Elemento de filtro de p\u00f3 met\u00e1lico sinterizado 11\" data-lazy=\"2\" title=\"\"><\/p>\n<\/div>","protected":false},"excerpt":{"rendered":"<table>\n<thead>\n<tr>\n<th>item<\/th>\n<th>pormenores<\/th>\n<\/tr>\n<\/thead>\n<tbody>\n<tr>\n<td>porta de arranque<\/td>\n<td>Guangzhou<\/td>\n<\/tr>\n<tr>\n<td>capacidade de produ\u00e7\u00e3o<\/td>\n<td>10000 unidades\/m\u00eas<\/td>\n<\/tr>\n<tr>\n<td>local de origem<\/td>\n<td>Guangdong, China<\/td>\n<\/tr>\n<tr>\n<td>pagamento<\/td>\n<td>T\/T, garantia de com\u00e9rcio Alibaba, paypal<\/td>\n<\/tr>\n<tr>\n<td>moq<\/td>\n<td>1 unidade<\/td>\n<\/tr>\n<tr>\n<td>prazo de entrega<\/td>\n<td>No prazo de 7 dias \u00fateis<\/td>\n<\/tr>\n<tr>\n<td>certifica\u00e7\u00e3o<\/td>\n<td>ISO 9001<\/td>\n<\/tr>\n<\/tbody>\n<\/table>","protected":false},"featured_media":2427,"comment_status":"open","ping_status":"closed","template":"","meta":{"_gspb_post_css":""},"product_brand":[],"product_cat":[17,18],"product_tag":[956,279,969,970,260,965],"class_list":{"0":"post-2419","1":"product","2":"type-product","3":"status-publish","4":"has-post-thumbnail","6":"product_cat-sediment-filter","7":"product_cat-sintered-metal-filters","8":"product_tag-1-piece-moq","9":"product_tag-alibaba-trade-assurance","10":"product_tag-custom-packaging","11":"product_tag-guangdong-factory","12":"product_tag-iso-9001","13":"product_tag-paper-tubes","15":"first","16":"instock","17":"shipping-taxable","18":"product-type-simple"},"_links":{"self":[{"href":"https:\/\/lyfilter.com\/pt\/wp-json\/wp\/v2\/product\/2419","targetHints":{"allow":["GET"]}}],"collection":[{"href":"https:\/\/lyfilter.com\/pt\/wp-json\/wp\/v2\/product"}],"about":[{"href":"https:\/\/lyfilter.com\/pt\/wp-json\/wp\/v2\/types\/product"}],"replies":[{"embeddable":true,"href":"https:\/\/lyfilter.com\/pt\/wp-json\/wp\/v2\/comments?post=2419"}],"wp:featuredmedia":[{"embeddable":true,"href":"https:\/\/lyfilter.com\/pt\/wp-json\/wp\/v2\/media\/2427"}],"wp:attachment":[{"href":"https:\/\/lyfilter.com\/pt\/wp-json\/wp\/v2\/media?parent=2419"}],"wp:term":[{"taxonomy":"product_brand","embeddable":true,"href":"https:\/\/lyfilter.com\/pt\/wp-json\/wp\/v2\/product_brand?post=2419"},{"taxonomy":"product_cat","embeddable":true,"href":"https:\/\/lyfilter.com\/pt\/wp-json\/wp\/v2\/product_cat?post=2419"},{"taxonomy":"product_tag","embeddable":true,"href":"https:\/\/lyfilter.com\/pt\/wp-json\/wp\/v2\/product_tag?post=2419"}],"curies":[{"name":"wp","href":"https:\/\/api.w.org\/{rel}","templated":true}]}}