{"id":2407,"date":"2026-01-07T02:28:12","date_gmt":"2026-01-07T02:28:12","guid":{"rendered":"https:\/\/lyfilter.com\/?post_type=product&#038;p=2407"},"modified":"2026-01-07T02:29:15","modified_gmt":"2026-01-07T02:29:15","slug":"sintered-stainless-steel-ss316-cartridge-basket-strainer-element","status":"publish","type":"product","link":"https:\/\/lyfilter.com\/pt\/sintered-stainless-steel-ss316-cartridge-basket-strainer-element\/","title":{"rendered":"Elemento filtrante do cesto do cartucho em a\u00e7o inoxid\u00e1vel sinterizado SS316"},"content":{"rendered":"<div class=\"unit-detail-html-tabs__content-attr\">\n<div class=\"unit-product-attrparam\">\n<div class=\"unit-product-attrparam__items row\">\n<div class=\"col-12 col-md-6\">\n<div class=\"unit-product-attrparam__item\">\n<div class=\"unit-product-attrparam__label\">\n<table>\n<thead>\n<tr>\n<th>capacidade de fornecimento<\/th>\n<th>1000000 pe\u00e7as\/m\u00eas<\/th>\n<\/tr>\n<\/thead>\n<tbody>\n<tr>\n<td>material<\/td>\n<td>a\u00e7o inoxid\u00e1vel<\/td>\n<\/tr>\n<tr>\n<td>disponibilidade<\/td>\n<td>de origem<\/td>\n<\/tr>\n<\/tbody>\n<\/table>\n<\/div>\n<\/div>\n<\/div>\n<\/div>\n<\/div>\n<\/div>\n<div class=\"unit-detail-html-tabs__content-featuresAttr\"><\/div>\n<div class=\"unit-detail-html-tabs__content-html\">\n<p><strong>Elemento filtrante do cesto do cartucho em a\u00e7o inoxid\u00e1vel sinterizado SS316<\/strong><\/p>\n<p>O filtro Lvyuan\u00a0<strong>filtros de a\u00e7o inoxid\u00e1vel coadores<\/strong>\u00a0s\u00e3o fabricados a partir de SS316, uma qualidade superior de a\u00e7o inoxid\u00e1vel reconhecida pela sua resist\u00eancia superior \u00e0 corros\u00e3o e toler\u00e2ncia a altas temperaturas, este filtro coador de a\u00e7o inoxid\u00e1vel garante fiabilidade em ambientes agressivos, como no processamento qu\u00edmico, nas ind\u00fastrias petroqu\u00edmicas ou mesmo em condi\u00e7\u00f5es sanit\u00e1rias rigorosas exigidas pelo sector alimentar e de bebidas. O processo de sinteriza\u00e7\u00e3o funde part\u00edculas de metal sob calor e press\u00e3o intensos, resultando numa estrutura porosa mas robusta para o cartucho. Este cartucho de filtro sinterizado em a\u00e7o inoxid\u00e1vel aumenta significativamente a efici\u00eancia da filtragem, oferecendo uma maior \u00e1rea de superf\u00edcie para a captura de part\u00edculas.<\/p>\n<p>Com uma configura\u00e7\u00e3o de estilo de cesto adaptador de cartucho de filtro, este cartucho de filtro de cesto em a\u00e7o inoxid\u00e1vel ret\u00e9m eficazmente detritos, sedimentos e impurezas at\u00e9 n\u00edveis micr\u00f3nicos, protegendo o equipamento sens\u00edvel de potenciais danos causados por contaminantes.  O nosso elemento coador de sedimentos SS316 pode acomodar as necessidades de filtra\u00e7\u00e3o grosseira e fina com classifica\u00e7\u00f5es de m\u00edcron personaliz\u00e1veis adaptadas aos requisitos espec\u00edficos do processo. A sua constru\u00e7\u00e3o robusta facilita a limpeza e reutiliza\u00e7\u00e3o repetidas, reduzindo os custos operacionais associados a substitui\u00e7\u00f5es frequentes, normalmente necess\u00e1rias para elementos filtrantes menos resistentes. A resist\u00eancia inerente do elemento filtrante de cesto em a\u00e7o inoxid\u00e1vel a uma vasta gama de produtos qu\u00edmicos torna-o adequado para utiliza\u00e7\u00e3o com diversos tipos de fluidos, incluindo \u00e1cidos, \u00e1lcalis e sistemas de \u00e1gua de elevada pureza.<\/p>\n<p><strong>Carater\u00edsticas<\/strong><\/p>\n<p><strong>Materiais:<\/strong>\u00a0201, 304, 304L, 316, 316L, malha perfurada de a\u00e7o inoxid\u00e1vel, malha tecida de a\u00e7o inoxid\u00e1vel, malha soldada de a\u00e7o inoxid\u00e1vel, malha expandida de a\u00e7o inoxid\u00e1vel, placa de a\u00e7o inoxid\u00e1vel, malha sinterizada de a\u00e7o inoxid\u00e1vel e outras malhas de filtro de liga rara.<\/p>\n<p><strong>Estilo de filtragem:\u00a0<\/strong>Tipo de cesto, tipo de cone, tipo de orelha dupla, tipo de flange, cartucho de filtro de cesto, tipo de interface roscada, etc.<\/p>\n<p><strong>S\u00e9rie de cartuchos de filtro:<\/strong>\u00a0cartucho de filtro de malha sinterizada, cartucho de filtro de cesto, cartucho de filtro c\u00f3nico, cartucho de filtro de placa perfurada, cartucho de filtro de arame em cunha, cartucho de filtro composto<\/p>\n<p><strong>Estilo:\u00a0<\/strong>camada \u00fanica, multi-camada (cilindro de malha de filtro de metal, tubo de rede, balde de rede, tubo de filtro, soldado por malha de a\u00e7o inoxid\u00e1vel, malha de ferro dupla perfurada de a\u00e7o inoxid\u00e1vel, placa de a\u00e7o inoxid\u00e1vel, placa de ferro. Soldadura de camada \u00fanica, soldadura de v\u00e1rias camadas, tamb\u00e9m pode ser soldada numa \u00fanica camada e, em seguida, o cilindro de rede met\u00e1lica do filtro, o tubo de rede, o balde de rede, o elemento filtrante e o tubo de filtro s\u00e3o sobrepostos e intercalados para formar um filtro de v\u00e1rias camadas).<\/p>\n<p><img decoding=\"async\" title=\"filtros de a\u00e7o inoxid\u00e1vel coadores\" src=\"https:\/\/img.yfisher.com\/m6076\/1725732722dho\/jpg70-t3-scale100.webp\" alt=\"filtros de a\u00e7o inoxid\u00e1vel coadores\" border=\"0\" vspace=\"0\" data-lazy=\"2\" \/><\/p>\n<p><img decoding=\"async\" title=\"cartucho coador de cesto em a\u00e7o inoxid\u00e1vel \" src=\"https:\/\/img.yfisher.com\/m6076\/17257327224xo\/jpg70-t3-scale100.webp\" alt=\"cartucho coador de cesto em a\u00e7o inoxid\u00e1vel \" border=\"0\" vspace=\"0\" data-lazy=\"2\" \/><\/p>\n<p><img decoding=\"async\" title=\"elemento filtrante sedimento\" src=\"https:\/\/img.yfisher.com\/m6076\/17257327229sz\/jpg70-t3-scale100.webp\" alt=\"elemento filtrante sedimento\" border=\"0\" vspace=\"0\" data-lazy=\"2\" \/><\/p>\n<p><img decoding=\"async\" title=\"elemento filtrante do cesto\" src=\"https:\/\/img.yfisher.com\/m6076\/17257327225jy\/jpg70-t3-scale100.webp\" alt=\"elemento filtrante do cesto\" border=\"0\" vspace=\"0\" data-lazy=\"2\" \/><\/p>\n<p><img decoding=\"async\" title=\"cartucho do filtro coador\" src=\"https:\/\/img.yfisher.com\/m6076\/17257327222x4\/jpg70-t3-scale100.webp\" alt=\"cartucho do filtro coador\" border=\"0\" vspace=\"0\" data-lazy=\"2\" \/><\/p>\n<p><img decoding=\"async\" title=\"F\u00e1brica de filtros Lvyuan\" src=\"https:\/\/img.yfisher.com\/m6076\/1725732722bmo\/jpg70-t3-scale100.webp\" alt=\"F\u00e1brica de filtros Lvyuan\" border=\"0\" vspace=\"0\" data-lazy=\"2\" \/><\/p>\n<p><img decoding=\"async\" title=\"Certificado do filtro Lvyuan\" src=\"https:\/\/img.yfisher.com\/m6076\/1725732722cyf\/jpg70-t3-scale100.webp\" alt=\"Certificado do filtro Lvyuan\" border=\"0\" vspace=\"0\" data-lazy=\"2\" \/><\/p>\n<\/div>","protected":false},"excerpt":{"rendered":"<table>\n<thead>\n<tr>\n<th>item<\/th>\n<th>pormenores<\/th>\n<\/tr>\n<\/thead>\n<tbody>\n<tr>\n<td>porta de arranque<\/td>\n<td>Guangzhou<\/td>\n<\/tr>\n<tr>\n<td>local de origem<\/td>\n<td>Guangdong, China<\/td>\n<\/tr>\n<tr>\n<td>pagamento<\/td>\n<td>T\/T, garantia de com\u00e9rcio Alibaba, paypal<\/td>\n<\/tr>\n<tr>\n<td>moq<\/td>\n<td>1 unidade<\/td>\n<\/tr>\n<tr>\n<td>prazo de entrega<\/td>\n<td>No prazo de 7 dias \u00fateis<\/td>\n<\/tr>\n<tr>\n<td>certifica\u00e7\u00e3o<\/td>\n<td>ISO 9001<\/td>\n<\/tr>\n<tr>\n<td>marca<\/td>\n<td>OEM\/Lvyuan<\/td>\n<\/tr>\n<\/tbody>\n<\/table>","protected":false},"featured_media":2415,"comment_status":"open","ping_status":"closed","template":"","meta":{"_gspb_post_css":""},"product_brand":[],"product_cat":[17,18],"product_tag":[956,966,260,968,965,288],"class_list":{"0":"post-2407","1":"product","2":"type-product","3":"status-publish","4":"has-post-thumbnail","6":"product_cat-sediment-filter","7":"product_cat-sintered-metal-filters","8":"product_tag-1-piece-moq","9":"product_tag-guangdong-supplier","10":"product_tag-iso-9001","11":"product_tag-oem-paper-tubes","12":"product_tag-paper-tubes","13":"product_tag-paypal","15":"first","16":"instock","17":"shipping-taxable","18":"product-type-simple"},"_links":{"self":[{"href":"https:\/\/lyfilter.com\/pt\/wp-json\/wp\/v2\/product\/2407","targetHints":{"allow":["GET"]}}],"collection":[{"href":"https:\/\/lyfilter.com\/pt\/wp-json\/wp\/v2\/product"}],"about":[{"href":"https:\/\/lyfilter.com\/pt\/wp-json\/wp\/v2\/types\/product"}],"replies":[{"embeddable":true,"href":"https:\/\/lyfilter.com\/pt\/wp-json\/wp\/v2\/comments?post=2407"}],"wp:featuredmedia":[{"embeddable":true,"href":"https:\/\/lyfilter.com\/pt\/wp-json\/wp\/v2\/media\/2415"}],"wp:attachment":[{"href":"https:\/\/lyfilter.com\/pt\/wp-json\/wp\/v2\/media?parent=2407"}],"wp:term":[{"taxonomy":"product_brand","embeddable":true,"href":"https:\/\/lyfilter.com\/pt\/wp-json\/wp\/v2\/product_brand?post=2407"},{"taxonomy":"product_cat","embeddable":true,"href":"https:\/\/lyfilter.com\/pt\/wp-json\/wp\/v2\/product_cat?post=2407"},{"taxonomy":"product_tag","embeddable":true,"href":"https:\/\/lyfilter.com\/pt\/wp-json\/wp\/v2\/product_tag?post=2407"}],"curies":[{"name":"wp","href":"https:\/\/api.w.org\/{rel}","templated":true}]}}