{"id":2395,"date":"2026-01-07T02:22:59","date_gmt":"2026-01-07T02:22:59","guid":{"rendered":"https:\/\/lyfilter.com\/?post_type=product&#038;p=2395"},"modified":"2026-01-07T02:22:59","modified_gmt":"2026-01-07T02:22:59","slug":"factory-price-oem-size-titanium-rob-sintered-filter-element","status":"publish","type":"product","link":"https:\/\/lyfilter.com\/pt\/factory-price-oem-size-titanium-rob-sintered-filter-element\/","title":{"rendered":"Pre\u00e7o de f\u00e1brica OEM Tamanho do elemento filtrante sinterizado de tit\u00e2nio Rob"},"content":{"rendered":"<div class=\"unit-detail-html-tabs__content-attr\">\n<div class=\"unit-product-attrparam\">\n<div class=\"unit-product-attrparam__items row\">\n<div class=\"col-12 col-md-6\">\n<div class=\"unit-product-attrparam__item\">\n<div class=\"unit-product-attrparam__label\">\n<table>\n<thead>\n<tr>\n<th>capacidade de fornecimento<\/th>\n<th>1000000 pe\u00e7as\/m\u00eas<\/th>\n<\/tr>\n<\/thead>\n<tbody>\n<tr>\n<td>material<\/td>\n<td>a\u00e7o inoxid\u00e1vel<\/td>\n<\/tr>\n<tr>\n<td>disponibilidade<\/td>\n<td>de origem<\/td>\n<\/tr>\n<\/tbody>\n<\/table>\n<\/div>\n<\/div>\n<\/div>\n<\/div>\n<\/div>\n<\/div>\n<div class=\"unit-detail-html-tabs__content-featuresAttr\"><\/div>\n<div class=\"unit-detail-html-tabs__content-html\">\n<p><strong>Pre\u00e7o de f\u00e1brica OEM Tamanho do elemento filtrante sinterizado de tit\u00e2nio Rob<\/strong><\/p>\n<p>P\u00f3 de tit\u00e2nio de alta pureza (99%) sinterizado a alta temperatura. Resistente a \u00e1cidos fortes, alcalinos e \u00e0 oxida\u00e7\u00e3o por ozono, pode ser lavado e reutilizado. Adequado para a separa\u00e7\u00e3o e purifica\u00e7\u00e3o de s\u00f3lidos \/ l\u00edquidos \/ gases em materiais l\u00edquidos de baixa viscosidade (com part\u00edculas r\u00edgidas)<\/p>\n<p><img decoding=\"async\" src=\"https:\/\/img.yfisher.com\/m6076\/1725732717j5n\/jpg70-t3-scale100.webp\" alt=\"Pre\u00e7o de f\u00e1brica OEM Tamanho do elemento filtrante sinterizado de tit\u00e2nio Rob 6\" data-lazy=\"2\" title=\"\"><\/p>\n<p><img decoding=\"async\" src=\"https:\/\/img.yfisher.com\/m6076\/1725732717se3\/jpg70-t3-scale100.webp\" alt=\"Pre\u00e7o de f\u00e1brica OEM Tamanho do elemento filtrante sinterizado de tit\u00e2nio Rob 7\" data-lazy=\"2\" title=\"\"><\/p>\n<p><img decoding=\"async\" src=\"https:\/\/img.yfisher.com\/m6076\/1725732717nx9\/jpg70-t3-scale100.webp\" alt=\"Pre\u00e7o de f\u00e1brica OEM Tamanho do elemento filtrante sinterizado de tit\u00e2nio Rob 8\" data-lazy=\"2\" title=\"\"><\/p>\n<p><img decoding=\"async\" src=\"https:\/\/img.yfisher.com\/m6076\/17257327175xy\/jpg70-t3-scale100.webp\" alt=\"Pre\u00e7o de f\u00e1brica OEM Tamanho do elemento filtrante sinterizado de tit\u00e2nio Rob 9\" data-lazy=\"2\" title=\"\"><\/p>\n<p><img decoding=\"async\" src=\"https:\/\/img.yfisher.com\/m6076\/1725732717ysc\/jpg70-t3-scale100.webp\" alt=\"Pre\u00e7o de f\u00e1brica OEM Tamanho do elemento filtrante sinterizado de tit\u00e2nio Rob 10\" data-lazy=\"2\" title=\"\"><\/p>\n<\/div>","protected":false},"excerpt":{"rendered":"<table>\n<thead>\n<tr>\n<th>item<\/th>\n<th>pormenores<\/th>\n<\/tr>\n<\/thead>\n<tbody>\n<tr>\n<td>porta de arranque<\/td>\n<td>Guangzhou<\/td>\n<\/tr>\n<tr>\n<td>capacidade de produ\u00e7\u00e3o<\/td>\n<td>10000 unidades\/m\u00eas<\/td>\n<\/tr>\n<tr>\n<td>local de origem<\/td>\n<td>Guangdong, China<\/td>\n<\/tr>\n<tr>\n<td>pagamento<\/td>\n<td>T\/T, paypal<\/td>\n<\/tr>\n<tr>\n<td>moq<\/td>\n<td>1 unidade<\/td>\n<\/tr>\n<tr>\n<td>prazo de entrega<\/td>\n<td>No prazo de 7 dias \u00fateis<\/td>\n<\/tr>\n<tr>\n<td>certifica\u00e7\u00e3o<\/td>\n<td>ISO 9001<\/td>\n<\/tr>\n<tr>\n<td>marca<\/td>\n<td>OEM\/Lvyuan<\/td>\n<\/tr>\n<\/tbody>\n<\/table>","protected":false},"featured_media":2402,"comment_status":"open","ping_status":"closed","template":"","meta":{"_gspb_post_css":""},"product_brand":[],"product_cat":[15],"product_tag":[956,964,260,968,965,941],"class_list":{"0":"post-2395","1":"product","2":"type-product","3":"status-publish","4":"has-post-thumbnail","6":"product_cat-stainless-steel-filter-housing","7":"product_tag-1-piece-moq","8":"product_tag-guangdong-manufacturer","9":"product_tag-iso-9001","10":"product_tag-oem-paper-tubes","11":"product_tag-paper-tubes","12":"product_tag-paypal-payment","14":"first","15":"instock","16":"shipping-taxable","17":"product-type-simple"},"_links":{"self":[{"href":"https:\/\/lyfilter.com\/pt\/wp-json\/wp\/v2\/product\/2395","targetHints":{"allow":["GET"]}}],"collection":[{"href":"https:\/\/lyfilter.com\/pt\/wp-json\/wp\/v2\/product"}],"about":[{"href":"https:\/\/lyfilter.com\/pt\/wp-json\/wp\/v2\/types\/product"}],"replies":[{"embeddable":true,"href":"https:\/\/lyfilter.com\/pt\/wp-json\/wp\/v2\/comments?post=2395"}],"wp:featuredmedia":[{"embeddable":true,"href":"https:\/\/lyfilter.com\/pt\/wp-json\/wp\/v2\/media\/2402"}],"wp:attachment":[{"href":"https:\/\/lyfilter.com\/pt\/wp-json\/wp\/v2\/media?parent=2395"}],"wp:term":[{"taxonomy":"product_brand","embeddable":true,"href":"https:\/\/lyfilter.com\/pt\/wp-json\/wp\/v2\/product_brand?post=2395"},{"taxonomy":"product_cat","embeddable":true,"href":"https:\/\/lyfilter.com\/pt\/wp-json\/wp\/v2\/product_cat?post=2395"},{"taxonomy":"product_tag","embeddable":true,"href":"https:\/\/lyfilter.com\/pt\/wp-json\/wp\/v2\/product_tag?post=2395"}],"curies":[{"name":"wp","href":"https:\/\/api.w.org\/{rel}","templated":true}]}}