{"id":2389,"date":"2026-01-07T02:20:23","date_gmt":"2026-01-07T02:20:23","guid":{"rendered":"https:\/\/lyfilter.com\/?post_type=product&#038;p=2389"},"modified":"2026-01-07T02:20:23","modified_gmt":"2026-01-07T02:20:23","slug":"factory-price-compressed-actived-carbon-filter","status":"publish","type":"product","link":"https:\/\/lyfilter.com\/pt\/factory-price-compressed-actived-carbon-filter\/","title":{"rendered":"Pre\u00e7o de f\u00e1brica Filtro de carv\u00e3o ativado comprimido"},"content":{"rendered":"<div class=\"unit-detail-html-tabs__content-attr\">\n<div class=\"unit-product-attrparam\">\n<div class=\"unit-product-attrparam__items row\">\n<div class=\"col-12 col-md-6\">\n<div class=\"unit-product-attrparam__item\">\n<div class=\"unit-product-attrparam__label\">\n<table>\n<thead>\n<tr>\n<th>capacidade de fornecimento<\/th>\n<th>1000000 pe\u00e7as\/m\u00eas<\/th>\n<\/tr>\n<\/thead>\n<tbody>\n<tr>\n<td>material<\/td>\n<td>a\u00e7o inoxid\u00e1vel<\/td>\n<\/tr>\n<tr>\n<td>disponibilidade<\/td>\n<td>de origem<\/td>\n<\/tr>\n<\/tbody>\n<\/table>\n<\/div>\n<\/div>\n<\/div>\n<\/div>\n<\/div>\n<\/div>\n<div class=\"unit-detail-html-tabs__content-html\">\n<p><strong>Pre\u00e7o de f\u00e1brica Filtro de carv\u00e3o ativado comprimido<\/strong><\/p>\n<p>Material adsorvente altamente poroso, produzido pelo aquecimento de mat\u00e9ria org\u00e2nica, como o carv\u00e3o, a madeira e a casca de coco, na aus\u00eancia de ar, que \u00e9 depois triturada em gr\u00e2nulos. O carv\u00e3o ativado tem uma carga positiva e, por conseguinte, \u00e9 capaz de remover i\u00f5es negativos da \u00e1gua, tais como ozono, cloro, fluoretos e solutos org\u00e2nicos dissolvidos, atrav\u00e9s da absor\u00e7\u00e3o pelo carv\u00e3o ativado.<\/p>\n<p><img decoding=\"async\" src=\"https:\/\/img.yfisher.com\/m6076\/17257327154fd\/jpg70-t3-scale100.webp\" alt=\"Pre\u00e7o de f\u00e1brica Filtro de carv\u00e3o ativado comprimido 6\" data-lazy=\"2\" title=\"\"><\/p>\n<p><img decoding=\"async\" src=\"https:\/\/img.yfisher.com\/m6076\/1725732715br7\/jpg70-t3-scale100.webp\" alt=\"Pre\u00e7o de f\u00e1brica Filtro de carv\u00e3o ativado comprimido 7\" data-lazy=\"2\" title=\"\"><\/p>\n<p><img decoding=\"async\" src=\"https:\/\/img.yfisher.com\/m6076\/1725732715q13\/jpg70-t3-scale100.webp\" alt=\"Pre\u00e7o de f\u00e1brica Filtro de carv\u00e3o ativado comprimido 8\" data-lazy=\"2\" title=\"\"><\/p>\n<p><img decoding=\"async\" src=\"https:\/\/img.yfisher.com\/m6076\/1725732715ws9\/jpg70-t3-scale100.webp\" alt=\"Pre\u00e7o de f\u00e1brica Filtro de carv\u00e3o ativado comprimido 9\" data-lazy=\"2\" title=\"\"><\/p>\n<p><img decoding=\"async\" src=\"https:\/\/img.yfisher.com\/m6076\/17257327151kq\/jpg70-t3-scale100.webp\" alt=\"Pre\u00e7o de f\u00e1brica Filtro de carv\u00e3o ativado comprimido 10\" data-lazy=\"2\" title=\"\"><\/p>\n<p><img decoding=\"async\" src=\"https:\/\/img.yfisher.com\/m6076\/17257327158bf\/jpg70-t3-scale100.webp\" alt=\"Pre\u00e7o de f\u00e1brica Filtro de carv\u00e3o ativado comprimido 11\" data-lazy=\"2\" title=\"\"><\/p>\n<\/div>","protected":false},"excerpt":{"rendered":"<table>\n<thead>\n<tr>\n<th>item<\/th>\n<th>pormenores<\/th>\n<\/tr>\n<\/thead>\n<tbody>\n<tr>\n<td>porta de arranque<\/td>\n<td>Guangzhou<\/td>\n<\/tr>\n<tr>\n<td>capacidade de produ\u00e7\u00e3o<\/td>\n<td>10000 unidades\/m\u00eas<\/td>\n<\/tr>\n<tr>\n<td>local de origem<\/td>\n<td>Guangdong, China<\/td>\n<\/tr>\n<tr>\n<td>pagamento<\/td>\n<td>T\/T, garantia de com\u00e9rcio Alibaba, paypal<\/td>\n<\/tr>\n<tr>\n<td>moq<\/td>\n<td>1 unidade<\/td>\n<\/tr>\n<tr>\n<td>prazo de entrega<\/td>\n<td>No prazo de 7 dias \u00fateis<\/td>\n<\/tr>\n<tr>\n<td>certifica\u00e7\u00e3o<\/td>\n<td>ISO 9001<\/td>\n<\/tr>\n<\/tbody>\n<\/table>","protected":false},"featured_media":2396,"comment_status":"open","ping_status":"closed","template":"","meta":{"_gspb_post_css":""},"product_brand":[],"product_cat":[17],"product_tag":[956,969,263,970,260,965],"class_list":{"0":"post-2389","1":"product","2":"type-product","3":"status-publish","4":"has-post-thumbnail","6":"product_cat-sediment-filter","7":"product_tag-1-piece-moq","8":"product_tag-custom-packaging","9":"product_tag-fast-delivery","10":"product_tag-guangdong-factory","11":"product_tag-iso-9001","12":"product_tag-paper-tubes","14":"first","15":"instock","16":"shipping-taxable","17":"product-type-simple"},"_links":{"self":[{"href":"https:\/\/lyfilter.com\/pt\/wp-json\/wp\/v2\/product\/2389","targetHints":{"allow":["GET"]}}],"collection":[{"href":"https:\/\/lyfilter.com\/pt\/wp-json\/wp\/v2\/product"}],"about":[{"href":"https:\/\/lyfilter.com\/pt\/wp-json\/wp\/v2\/types\/product"}],"replies":[{"embeddable":true,"href":"https:\/\/lyfilter.com\/pt\/wp-json\/wp\/v2\/comments?post=2389"}],"wp:featuredmedia":[{"embeddable":true,"href":"https:\/\/lyfilter.com\/pt\/wp-json\/wp\/v2\/media\/2396"}],"wp:attachment":[{"href":"https:\/\/lyfilter.com\/pt\/wp-json\/wp\/v2\/media?parent=2389"}],"wp:term":[{"taxonomy":"product_brand","embeddable":true,"href":"https:\/\/lyfilter.com\/pt\/wp-json\/wp\/v2\/product_brand?post=2389"},{"taxonomy":"product_cat","embeddable":true,"href":"https:\/\/lyfilter.com\/pt\/wp-json\/wp\/v2\/product_cat?post=2389"},{"taxonomy":"product_tag","embeddable":true,"href":"https:\/\/lyfilter.com\/pt\/wp-json\/wp\/v2\/product_tag?post=2389"}],"curies":[{"name":"wp","href":"https:\/\/api.w.org\/{rel}","templated":true}]}}