{"id":2382,"date":"2026-01-07T02:17:33","date_gmt":"2026-01-07T02:17:33","guid":{"rendered":"https:\/\/lyfilter.com\/?post_type=product&#038;p=2382"},"modified":"2026-01-07T02:19:16","modified_gmt":"2026-01-07T02:19:16","slug":"wholesale-polypropylene-pp-meltblown-filter-element","status":"publish","type":"product","link":"https:\/\/lyfilter.com\/pt\/wholesale-polypropylene-pp-meltblown-filter-element\/","title":{"rendered":"Elemento de filtro por atacado de polipropileno PP Meltblown"},"content":{"rendered":"<div class=\"unit-detail-html-tabs__content-attr\">\n<div class=\"unit-product-attrparam\">\n<div class=\"unit-product-attrparam__items row\">\n<div class=\"col-12 col-md-6\">\n<div class=\"unit-product-attrparam__item\">\n<div class=\"unit-product-attrparam__label\">\n<table>\n<thead>\n<tr>\n<th>capacidade de fornecimento<\/th>\n<th>1000000 pe\u00e7as\/m\u00eas<\/th>\n<\/tr>\n<\/thead>\n<tbody>\n<tr>\n<td>material<\/td>\n<td>a\u00e7o inoxid\u00e1vel<\/td>\n<\/tr>\n<tr>\n<td>disponibilidade<\/td>\n<td>de origem<\/td>\n<\/tr>\n<\/tbody>\n<\/table>\n<\/div>\n<\/div>\n<\/div>\n<\/div>\n<\/div>\n<\/div>\n<div class=\"unit-detail-html-tabs__content-html\">\n<p><strong>Elemento de filtro por atacado de polipropileno PP Meltblown<\/strong><\/p>\n<p>Carater\u00edsticas do elemento filtrante pp<\/p>\n<p>(1), a abertura do filtro \u00e9 compacta e uniforme, e a efici\u00eancia da filtra\u00e7\u00e3o \u00e9 elevada. Uma vez que as part\u00edculas se depositam no canal do filtro, as part\u00edculas mais pequenas do que o canal tamb\u00e9m podem ser bloqueadas e a efici\u00eancia da filtragem \u00e9 elevada.<\/p>\n<p>(2), elevada limpeza, sem polui\u00e7\u00e3o da qualidade da \u00e1gua.<\/p>\n<p>(3), resistente \u00e0 corros\u00e3o de reagentes qu\u00edmicos, tais como \u00e1cidos e \u00e1lcalis e solventes org\u00e2nicos.<\/p>\n<p>(4), forte, quando a press\u00e3o de entrada e de sa\u00edda do filtro \u00e9 de 0,4 mpaQuando, o elemento filtrante n\u00e3o est\u00e1 deformado.<\/p>\n<p>Modo de utiliza\u00e7\u00e3o<\/p>\n<p>1. ind\u00fastria eletr\u00f3nica e de energia: \u00e1gua pura, g\u00e1s, fluido el\u00e9trico, placa de arame para impress\u00e3o, etc.<\/p>\n<p>2. ind\u00fastria qu\u00edmica, ind\u00fastria petroqu\u00edmica: solvente, revestimento, pasta magn\u00e9tica, detergente, cera l\u00edquida, etc.<\/p>\n<p>3. ind\u00fastria farmac\u00eautica: \u00e1gua hospitalar, inje\u00e7\u00e3o farmac\u00eautica, l\u00edquido m\u00e9dio, etc.<\/p>\n<p>4. ind\u00fastria alimentar: Alimentos, bebidas, \u00e1gua pot\u00e1vel, \u00e1lcool, etc.<\/p>\n<p><img decoding=\"async\" src=\"https:\/\/img.yfisher.com\/m6076\/1725732712feb\/jpg70-t3-scale100.webp\" alt=\"Elemento de filtro por atacado de polipropileno PP Meltblown 6\" data-lazy=\"2\" title=\"\"><\/p>\n<p><img decoding=\"async\" src=\"https:\/\/img.yfisher.com\/m6076\/1725732712xo8\/jpg70-t3-scale100.webp\" alt=\"Elemento de filtro por atacado de polipropileno PP Meltblown 7\" data-lazy=\"2\" title=\"\"><\/p>\n<p><img decoding=\"async\" src=\"https:\/\/img.yfisher.com\/m6076\/1725732712txe\/jpg70-t3-scale100.webp\" alt=\"Elemento de filtro por atacado de polipropileno PP Meltblown 8\" data-lazy=\"2\" title=\"\"><\/p>\n<p><img decoding=\"async\" src=\"https:\/\/img.yfisher.com\/m6076\/1725732712acw\/jpg70-t3-scale100.webp\" alt=\"Elemento de filtro por atacado de polipropileno PP Meltblown 9\" data-lazy=\"2\" title=\"\"><\/p>\n<p><img decoding=\"async\" src=\"https:\/\/img.yfisher.com\/m6076\/1725732713t1y\/jpg70-t3-scale100.webp\" alt=\"Elemento de filtro por atacado de polipropileno PP Meltblown 10\" data-lazy=\"2\" title=\"\"><\/p>\n<p><img decoding=\"async\" src=\"https:\/\/img.yfisher.com\/m6076\/1725732713fzx\/jpg70-t3-scale100.webp\" alt=\"Elemento de filtro por atacado de polipropileno PP Meltblown 11\" data-lazy=\"2\" title=\"\"><\/p>\n<\/div>","protected":false},"excerpt":{"rendered":"<table>\n<thead>\n<tr>\n<th>item<\/th>\n<th>pormenores<\/th>\n<\/tr>\n<\/thead>\n<tbody>\n<tr>\n<td>porta de arranque<\/td>\n<td>guangzhou<\/td>\n<\/tr>\n<tr>\n<td>capacidade de produ\u00e7\u00e3o<\/td>\n<td>10000 unidades\/m\u00eas<\/td>\n<\/tr>\n<tr>\n<td>local de origem<\/td>\n<td>guangdong, china<\/td>\n<\/tr>\n<tr>\n<td>pagamento<\/td>\n<td>t\/t, garantia comercial alibaba, paypal<\/td>\n<\/tr>\n<tr>\n<td>moq<\/td>\n<td>1 unidade<\/td>\n<\/tr>\n<tr>\n<td>prazo de entrega<\/td>\n<td>no prazo de 7 dias \u00fateis<\/td>\n<\/tr>\n<tr>\n<td>certifica\u00e7\u00e3o<\/td>\n<td>iso 9001<\/td>\n<\/tr>\n<tr>\n<td>marca<\/td>\n<td>oem\/lvyuan<\/td>\n<\/tr>\n<\/tbody>\n<\/table>","protected":false},"featured_media":2390,"comment_status":"open","ping_status":"closed","template":"","meta":{"_gspb_post_css":""},"product_brand":[],"product_cat":[17],"product_tag":[956,279,964,260,968,965],"class_list":{"0":"post-2382","1":"product","2":"type-product","3":"status-publish","4":"has-post-thumbnail","6":"product_cat-sediment-filter","7":"product_tag-1-piece-moq","8":"product_tag-alibaba-trade-assurance","9":"product_tag-guangdong-manufacturer","10":"product_tag-iso-9001","11":"product_tag-oem-paper-tubes","12":"product_tag-paper-tubes","14":"first","15":"instock","16":"shipping-taxable","17":"product-type-simple"},"_links":{"self":[{"href":"https:\/\/lyfilter.com\/pt\/wp-json\/wp\/v2\/product\/2382","targetHints":{"allow":["GET"]}}],"collection":[{"href":"https:\/\/lyfilter.com\/pt\/wp-json\/wp\/v2\/product"}],"about":[{"href":"https:\/\/lyfilter.com\/pt\/wp-json\/wp\/v2\/types\/product"}],"replies":[{"embeddable":true,"href":"https:\/\/lyfilter.com\/pt\/wp-json\/wp\/v2\/comments?post=2382"}],"wp:featuredmedia":[{"embeddable":true,"href":"https:\/\/lyfilter.com\/pt\/wp-json\/wp\/v2\/media\/2390"}],"wp:attachment":[{"href":"https:\/\/lyfilter.com\/pt\/wp-json\/wp\/v2\/media?parent=2382"}],"wp:term":[{"taxonomy":"product_brand","embeddable":true,"href":"https:\/\/lyfilter.com\/pt\/wp-json\/wp\/v2\/product_brand?post=2382"},{"taxonomy":"product_cat","embeddable":true,"href":"https:\/\/lyfilter.com\/pt\/wp-json\/wp\/v2\/product_cat?post=2382"},{"taxonomy":"product_tag","embeddable":true,"href":"https:\/\/lyfilter.com\/pt\/wp-json\/wp\/v2\/product_tag?post=2382"}],"curies":[{"name":"wp","href":"https:\/\/api.w.org\/{rel}","templated":true}]}}