{"id":2375,"date":"2026-01-07T02:15:40","date_gmt":"2026-01-07T02:15:40","guid":{"rendered":"https:\/\/lyfilter.com\/?post_type=product&#038;p=2375"},"modified":"2026-01-07T02:20:34","modified_gmt":"2026-01-07T02:20:34","slug":"1-3-5-10-25-50-75-100-micron-micro-porous-pe-sintered-filter-element","status":"publish","type":"product","link":"https:\/\/lyfilter.com\/pt\/1-3-5-10-25-50-75-100-micron-micro-porous-pe-sintered-filter-element\/","title":{"rendered":"1 3 5 10 25 50 75 100 Micron Elemento filtrante microporoso PE sinterizado"},"content":{"rendered":"<div class=\"unit-detail-html-tabs__content-attr\">\n<div class=\"unit-product-attrparam\">\n<div class=\"unit-product-attrparam__items row\">\n<div class=\"col-12 col-md-6\">\n<div class=\"unit-product-attrparam__item\">\n<div class=\"unit-product-attrparam__label\">\n<table>\n<thead>\n<tr>\n<th>capacidade de fornecimento<\/th>\n<th>1000000 pe\u00e7as\/m\u00eas<\/th>\n<\/tr>\n<\/thead>\n<tbody>\n<tr>\n<td>material<\/td>\n<td>a\u00e7o inoxid\u00e1vel<\/td>\n<\/tr>\n<tr>\n<td>disponibilidade<\/td>\n<td>de origem<\/td>\n<\/tr>\n<\/tbody>\n<\/table>\n<\/div>\n<\/div>\n<\/div>\n<\/div>\n<\/div>\n<\/div>\n<div class=\"unit-detail-html-tabs__content-featuresAttr\"><\/div>\n<div class=\"unit-detail-html-tabs__content-html\">\n<p><strong>1 3 5 10 25 50 75 100 Micron Elemento filtrante microporoso PE sinterizado<\/strong><\/p>\n<p>Descri\u00e7\u00e3o do produto<\/p>\n<p>O tubo de filtro sinterizado \u00e9 um elemento filtrante microporoso formado pela sinteriza\u00e7\u00e3o de materiais em p\u00f3. O material do tubo de filtro \u00e9 cer\u00e2mica, areia de vidro, pl\u00e1stico (polietileno ou cloreto de polivinilo), etc.<\/p>\n<p>Categoria do produto<\/p>\n<p>(1) Os tubos filtrantes de pl\u00e1stico s\u00e3o adequados para a filtragem de v\u00e1rios l\u00edquidos, \u00e1gua industrial e \u00e1gua pot\u00e1vel. Existem mais de 10 especifica\u00e7\u00f5es deste tipo de tubo microporoso, o seu di\u00e2metro exterior \u00e9 de 24-150mm, o di\u00e2metro interior correspondente \u00e9 de 8-120mm, e o comprimento \u00e9 maioritariamente de 1000mm, e a \u00e1rea de filtragem efectiva de cada tubo de filtro \u00e9 de 0,039-0,3m2.<\/p>\n<p>(2) Tubo de filtro cer\u00e2mico O tubo de filtro cer\u00e2mico sinterizado utiliza um tubo de filtro cer\u00e2mico sinterizado como elemento filtrante, que pode ser composto por um \u00fanico tubo de filtro ou por v\u00e1rios tubos de filtro. A capacidade de tratamento de \u00e1gua de um \u00fanico tubo de filtro \u00e9 de 600-1500L\/h, e \u00e9 geralmente adequado para press\u00e3o de trabalho inferior a 0,3MPa .<\/p>\n<p><img decoding=\"async\" src=\"https:\/\/img.yfisher.com\/m6076\/1725732710wdr\/jpg70-t3-scale100.webp\" alt=\"1 3 5 10 25 50 75 100 Micron Elemento filtrante microporoso PE sinterizado 6\" data-lazy=\"2\" title=\"\"><\/p>\n<p><img decoding=\"async\" src=\"https:\/\/img.yfisher.com\/m6076\/1725732710h6t\/jpg70-t3-scale100.webp\" alt=\"1 3 5 10 25 50 75 100 Micron Elemento filtrante microporoso PE sinterizado 7\" data-lazy=\"2\" title=\"\"><\/p>\n<p><img decoding=\"async\" src=\"https:\/\/img.yfisher.com\/m6076\/1725732710vyt\/jpg70-t3-scale100.webp\" alt=\"1 3 5 10 25 50 75 100 Micron Elemento filtrante microporoso PE sinterizado 8\" data-lazy=\"2\" title=\"\"><\/p>\n<p><img decoding=\"async\" src=\"https:\/\/img.yfisher.com\/m6076\/1725732710zc9\/jpg70-t3-scale100.webp\" alt=\"1 3 5 10 25 50 75 100 Micron Elemento filtrante microporoso PE sinterizado 9\" data-lazy=\"2\" title=\"\"><\/p>\n<p><img decoding=\"async\" src=\"https:\/\/img.yfisher.com\/m6076\/1725732710nqy\/jpg70-t3-scale100.webp\" alt=\"1 3 5 10 25 50 75 100 Micron Elemento filtrante microporoso PE sinterizado 10\" data-lazy=\"2\" title=\"\"><\/p>\n<p><img decoding=\"async\" src=\"https:\/\/img.yfisher.com\/m6076\/1725732710vj4\/jpg70-t3-scale100.webp\" alt=\"1 3 5 10 25 50 75 100 Micron Elemento filtrante microporoso PE sinterizado 11\" data-lazy=\"2\" title=\"\"><\/p>\n<p><img decoding=\"async\" src=\"https:\/\/img.yfisher.com\/m6076\/17257327104dp\/jpg70-t3-scale100.webp\" alt=\"1 3 5 10 25 50 75 100 Micron Elemento filtrante microporoso PE sinterizado 12\" data-lazy=\"2\" title=\"\"><\/p>\n<\/div>","protected":false},"excerpt":{"rendered":"<table>\n<thead>\n<tr>\n<th>item<\/th>\n<th>pormenores<\/th>\n<\/tr>\n<\/thead>\n<tbody>\n<tr>\n<td>porta de arranque<\/td>\n<td>Guangzhou<\/td>\n<\/tr>\n<tr>\n<td>capacidade de produ\u00e7\u00e3o<\/td>\n<td>10000 unidades\/m\u00eas<\/td>\n<\/tr>\n<tr>\n<td>local de origem<\/td>\n<td>Guangdong, China<\/td>\n<\/tr>\n<tr>\n<td>pagamento<\/td>\n<td>T\/T, Garantia de com\u00e9rcio de Alibaba<\/td>\n<\/tr>\n<tr>\n<td>moq<\/td>\n<td>1 unidade<\/td>\n<\/tr>\n<tr>\n<td>prazo de entrega<\/td>\n<td>No prazo de 7 dias \u00fateis<\/td>\n<\/tr>\n<tr>\n<td>certifica\u00e7\u00e3o<\/td>\n<td>ISO 9001<\/td>\n<\/tr>\n<tr>\n<td>marca<\/td>\n<td>OEM\/Lvyuan<\/td>\n<\/tr>\n<\/tbody>\n<\/table>","protected":false},"featured_media":2384,"comment_status":"open","ping_status":"closed","template":"","meta":{"_gspb_post_css":""},"product_brand":[],"product_cat":[17],"product_tag":[956,279,964,260,955,965],"class_list":{"0":"post-2375","1":"product","2":"type-product","3":"status-publish","4":"has-post-thumbnail","6":"product_cat-sediment-filter","7":"product_tag-1-piece-moq","8":"product_tag-alibaba-trade-assurance","9":"product_tag-guangdong-manufacturer","10":"product_tag-iso-9001","11":"product_tag-oem-packaging","12":"product_tag-paper-tubes","14":"first","15":"instock","16":"shipping-taxable","17":"product-type-simple"},"_links":{"self":[{"href":"https:\/\/lyfilter.com\/pt\/wp-json\/wp\/v2\/product\/2375","targetHints":{"allow":["GET"]}}],"collection":[{"href":"https:\/\/lyfilter.com\/pt\/wp-json\/wp\/v2\/product"}],"about":[{"href":"https:\/\/lyfilter.com\/pt\/wp-json\/wp\/v2\/types\/product"}],"replies":[{"embeddable":true,"href":"https:\/\/lyfilter.com\/pt\/wp-json\/wp\/v2\/comments?post=2375"}],"wp:featuredmedia":[{"embeddable":true,"href":"https:\/\/lyfilter.com\/pt\/wp-json\/wp\/v2\/media\/2384"}],"wp:attachment":[{"href":"https:\/\/lyfilter.com\/pt\/wp-json\/wp\/v2\/media?parent=2375"}],"wp:term":[{"taxonomy":"product_brand","embeddable":true,"href":"https:\/\/lyfilter.com\/pt\/wp-json\/wp\/v2\/product_brand?post=2375"},{"taxonomy":"product_cat","embeddable":true,"href":"https:\/\/lyfilter.com\/pt\/wp-json\/wp\/v2\/product_cat?post=2375"},{"taxonomy":"product_tag","embeddable":true,"href":"https:\/\/lyfilter.com\/pt\/wp-json\/wp\/v2\/product_tag?post=2375"}],"curies":[{"name":"wp","href":"https:\/\/api.w.org\/{rel}","templated":true}]}}