{"id":2368,"date":"2026-01-07T02:12:40","date_gmt":"2026-01-07T02:12:40","guid":{"rendered":"https:\/\/lyfilter.com\/?post_type=product&#038;p=2368"},"modified":"2026-01-07T02:20:28","modified_gmt":"2026-01-07T02:20:28","slug":"pa-sintered-filter-eement","status":"publish","type":"product","link":"https:\/\/lyfilter.com\/pt\/pa-sintered-filter-eement\/","title":{"rendered":"Eemento de filtro sinterizado PA"},"content":{"rendered":"<div class=\"unit-detail-html-tabs__content-attr\">\n<div class=\"unit-product-attrparam\">\n<div class=\"unit-product-attrparam__items row\">\n<div class=\"col-12 col-md-6\">\n<div class=\"unit-product-attrparam__item\">\n<div class=\"unit-product-attrparam__label\">\n<table>\n<thead>\n<tr>\n<th>capacidade de fornecimento<\/th>\n<th>1000000 pe\u00e7as\/m\u00eas<\/th>\n<\/tr>\n<\/thead>\n<tbody>\n<tr>\n<td>material<\/td>\n<td>a\u00e7o inoxid\u00e1vel<\/td>\n<\/tr>\n<tr>\n<td>disponibilidade<\/td>\n<td>de origem<\/td>\n<\/tr>\n<\/tbody>\n<\/table>\n<\/div>\n<\/div>\n<\/div>\n<\/div>\n<\/div>\n<\/div>\n<div class=\"unit-detail-html-tabs__content-featuresAttr\"><\/div>\n<div class=\"unit-detail-html-tabs__content-html\">\n<p><strong>Eemento de filtro sinterizado PA<\/strong><\/p>\n<p>Mat\u00e9ria-prima: A mat\u00e9ria-prima de sinteriza\u00e7\u00e3o produzida por nossa empresa adota ultra-alta pe\\ppa\\ptfe, que est\u00e1 em conformidade com GMP. Pa\u00edses Baixos.    Estrutura: Com f\u00f3rmula cient\u00edfica espessa e fabrica\u00e7\u00e3o de alta temperatura, tem excelentes propriedades mec\u00e2nicas, e o meio filtrante \u00e9 diversificado, e tamb\u00e9m pode garantir o efeito de filtragem de v\u00e1rias camadas do produto quando \u00e9 f\u00e1cil de recuar. E cada dispositivo pode ser testado antes.<\/p>\n<p>Pot\u00eancia de moagem Especifica\u00e7\u00f5es do produto:    Gama de precis\u00e3o: 0.2-140um, gama de di\u00e2metro do tubo: 10mm-120mm.    Especifica\u00e7\u00f5es comuns: \u03a638*20*1000 \u03a650*20*1000 \u03a665*30*1000 \u03a670*40*1000 Especifica\u00e7\u00f5es do conetor: \u03a636 \u03a630 \u03a625 \u03a622 \u03a614 \u03a612 Tipo de press\u00e3o plana geral internacional: di\u00e2metro externo \u03a665 di\u00e2metro interno \u03a630 comprimento 10, 20, 30, 40 polegadas Tipo de encaixe: di\u00e2metro externo \u03a670 di\u00e2metro interno \u03a630 comprimento 10, 20, 30, 40 polegadas O soquete \u00e9 dividido em dois tipos: 226 (di\u00e2metro externo do O-ring 56) 222 (di\u00e2metro externo do O-ring 44) Tamb\u00e9m pode produzir placas de filtro: espessura 3-50mm largura 1000mm v\u00e1rios comprimentos 1500mm placa de filtro de especifica\u00e7\u00e3o. Se tiver necessidades especiais, pode solicitar uma produ\u00e7\u00e3o personalizada.<\/p>\n<p><img decoding=\"async\" src=\"https:\/\/img.yfisher.com\/m6076\/17257327076b5\/jpg70-t3-scale100.webp\" alt=\"Filtro sinterizado PA Eement 7\" data-lazy=\"2\" title=\"\"><\/p>\n<p><img decoding=\"async\" src=\"https:\/\/img.yfisher.com\/m6076\/1725732707gyz\/jpg70-t3-scale100.webp\" alt=\"Filtro sinterizado PA Eement 8\" data-lazy=\"2\" title=\"\"><\/p>\n<p><img decoding=\"async\" src=\"https:\/\/img.yfisher.com\/m6076\/17257327078q7\/jpg70-t3-scale100.webp\" alt=\"Filtro sinterizado PA Eement 9\" data-lazy=\"2\" title=\"\"><\/p>\n<p><img decoding=\"async\" src=\"https:\/\/img.yfisher.com\/m6076\/1725732707qvj\/jpg70-t3-scale100.webp\" alt=\"Filtro sinterizado PA Eement 10\" data-lazy=\"2\" title=\"\"><\/p>\n<p><img decoding=\"async\" src=\"https:\/\/img.yfisher.com\/m6076\/1725732707ai3\/jpg70-t3-scale100.webp\" alt=\"Filtro sinterizado PA Eement 11\" data-lazy=\"2\" title=\"\"><\/p>\n<\/div>","protected":false},"excerpt":{"rendered":"<table>\n<thead>\n<tr>\n<th>item<\/th>\n<th>pormenores<\/th>\n<\/tr>\n<\/thead>\n<tbody>\n<tr>\n<td>porta de arranque<\/td>\n<td>Guangzhou<\/td>\n<\/tr>\n<tr>\n<td>capacidade de produ\u00e7\u00e3o<\/td>\n<td>10000 unidades\/m\u00eas<\/td>\n<\/tr>\n<tr>\n<td>local de origem<\/td>\n<td>Guangdong, China<\/td>\n<\/tr>\n<tr>\n<td>pagamento<\/td>\n<td>T\/T, paypal<\/td>\n<\/tr>\n<tr>\n<td>moq<\/td>\n<td>1 unidade<\/td>\n<\/tr>\n<tr>\n<td>prazo de entrega<\/td>\n<td>No prazo de 7 dias \u00fateis<\/td>\n<\/tr>\n<tr>\n<td>certifica\u00e7\u00e3o<\/td>\n<td>ISO 9001<\/td>\n<\/tr>\n<tr>\n<td>marca<\/td>\n<td>OEM\/Lvyuan<\/td>\n<\/tr>\n<\/tbody>\n<\/table>","protected":false},"featured_media":2376,"comment_status":"open","ping_status":"closed","template":"","meta":{"_gspb_post_css":""},"product_brand":[],"product_cat":[17],"product_tag":[956,967,966,260,955,965],"class_list":{"0":"post-2368","1":"product","2":"type-product","3":"status-publish","4":"has-post-thumbnail","6":"product_cat-sediment-filter","7":"product_tag-1-piece-moq","8":"product_tag-7-day-delivery","9":"product_tag-guangdong-supplier","10":"product_tag-iso-9001","11":"product_tag-oem-packaging","12":"product_tag-paper-tubes","14":"first","15":"instock","16":"shipping-taxable","17":"product-type-simple"},"_links":{"self":[{"href":"https:\/\/lyfilter.com\/pt\/wp-json\/wp\/v2\/product\/2368","targetHints":{"allow":["GET"]}}],"collection":[{"href":"https:\/\/lyfilter.com\/pt\/wp-json\/wp\/v2\/product"}],"about":[{"href":"https:\/\/lyfilter.com\/pt\/wp-json\/wp\/v2\/types\/product"}],"replies":[{"embeddable":true,"href":"https:\/\/lyfilter.com\/pt\/wp-json\/wp\/v2\/comments?post=2368"}],"wp:featuredmedia":[{"embeddable":true,"href":"https:\/\/lyfilter.com\/pt\/wp-json\/wp\/v2\/media\/2376"}],"wp:attachment":[{"href":"https:\/\/lyfilter.com\/pt\/wp-json\/wp\/v2\/media?parent=2368"}],"wp:term":[{"taxonomy":"product_brand","embeddable":true,"href":"https:\/\/lyfilter.com\/pt\/wp-json\/wp\/v2\/product_brand?post=2368"},{"taxonomy":"product_cat","embeddable":true,"href":"https:\/\/lyfilter.com\/pt\/wp-json\/wp\/v2\/product_cat?post=2368"},{"taxonomy":"product_tag","embeddable":true,"href":"https:\/\/lyfilter.com\/pt\/wp-json\/wp\/v2\/product_tag?post=2368"}],"curies":[{"name":"wp","href":"https:\/\/api.w.org\/{rel}","templated":true}]}}