{"id":2354,"date":"2026-01-07T02:07:28","date_gmt":"2026-01-07T02:07:28","guid":{"rendered":"https:\/\/lyfilter.com\/?post_type=product&#038;p=2354"},"modified":"2026-01-07T02:08:13","modified_gmt":"2026-01-07T02:08:13","slug":"stainless-steel-mobile-filtration-system","status":"publish","type":"product","link":"https:\/\/lyfilter.com\/pt\/stainless-steel-mobile-filtration-system\/","title":{"rendered":"Sistema de filtragem m\u00f3vel em a\u00e7o inoxid\u00e1vel"},"content":{"rendered":"<div class=\"unit-detail-html-tabs__content-attr\">\n<div class=\"unit-product-attrparam\">\n<div class=\"unit-product-attrparam__items row\">\n<div class=\"col-12 col-md-6\">\n<div class=\"unit-product-attrparam__item\">\n<div class=\"unit-product-attrparam__label\">\n<table>\n<thead>\n<tr>\n<th>capacidade de fornecimento<\/th>\n<th>1000000 pe\u00e7as\/m\u00eas<\/th>\n<\/tr>\n<\/thead>\n<tbody>\n<tr>\n<td>material<\/td>\n<td>a\u00e7o inoxid\u00e1vel<\/td>\n<\/tr>\n<tr>\n<td>disponibilidade<\/td>\n<td>de origem<\/td>\n<\/tr>\n<\/tbody>\n<\/table>\n<\/div>\n<\/div>\n<\/div>\n<\/div>\n<\/div>\n<\/div>\n<div class=\"unit-detail-html-tabs__content-featuresAttr\"><\/div>\n<div class=\"unit-detail-html-tabs__content-html\">\n<p><strong>Sistema de filtragem m\u00f3vel em a\u00e7o inoxid\u00e1vel<\/strong><\/p>\n<p>O equipamento do sistema de filtro de mangas m\u00f3vel produzido pela Guangzhou Lvyuan inclui um filtro de mangas padr\u00e3o (40AM, 80AM, 40AST, 840AST), bomba pneum\u00e1tica de diafragma de c\u00e2mara dupla Wei Li ou Wilden PW25\/50, caixa de interruptores de controlo, O tubo exterior de recolha DN25, DN50 de sa\u00edda est\u00e1 ligado, e a flange do tubo exterior de recolha DN25, DN50 de entrada ou o dispositivo de liga\u00e7\u00e3o do fio exterior est\u00e1 instalado na plataforma de instala\u00e7\u00e3o do carrinho. Pode ser movido livremente para qualquer linha de produ\u00e7\u00e3o de trabalho com instala\u00e7\u00e3o fixa de um passo para filtra\u00e7\u00e3o.<\/p>\n<p><img decoding=\"async\" src=\"https:\/\/img.yfisher.com\/m6076\/1725732677qe6\/jpg70-t3-scale100.webp\" alt=\"Sistema de filtragem m\u00f3vel em a\u00e7o inoxid\u00e1vel 6\" data-lazy=\"2\" title=\"\"><\/p>\n<p><img decoding=\"async\" src=\"https:\/\/img.yfisher.com\/m6076\/17257326772m3\/jpg70-t3-scale100.webp\" alt=\"Sistema de filtragem m\u00f3vel em a\u00e7o inoxid\u00e1vel 7\" data-lazy=\"2\" title=\"\"><\/p>\n<p><img decoding=\"async\" src=\"https:\/\/img.yfisher.com\/m6076\/17257326774fy\/jpg70-t3-scale100.webp\" alt=\"Sistema de filtragem m\u00f3vel em a\u00e7o inoxid\u00e1vel 8\" data-lazy=\"2\" title=\"\"><\/p>\n<p><img decoding=\"async\" src=\"https:\/\/img.yfisher.com\/m6076\/1725732677gt2\/jpg70-t3-scale100.webp\" alt=\"Sistema de filtragem m\u00f3vel em a\u00e7o inoxid\u00e1vel 9\" data-lazy=\"2\" title=\"\"><\/p>\n<p><img decoding=\"async\" src=\"https:\/\/img.yfisher.com\/m6076\/1725732677sin\/jpg70-t3-scale100.webp\" alt=\"Sistema de filtragem m\u00f3vel em a\u00e7o inoxid\u00e1vel 10\" data-lazy=\"2\" title=\"\"><\/p>\n<p><img decoding=\"async\" src=\"https:\/\/img.yfisher.com\/m6076\/1725732677qrj\/jpg70-t3-scale100.webp\" alt=\"Sistema de filtragem m\u00f3vel em a\u00e7o inoxid\u00e1vel 11\" data-lazy=\"2\" title=\"\"><\/p>\n<p><img decoding=\"async\" src=\"https:\/\/img.yfisher.com\/m6076\/1725732677vio\/jpg70-t3-scale100.webp\" alt=\"Sistema de filtragem m\u00f3vel em a\u00e7o inoxid\u00e1vel 12\" data-lazy=\"2\" title=\"\"><\/p>\n<p><img decoding=\"async\" src=\"https:\/\/img.yfisher.com\/m6076\/1725732677fpk\/jpg70-t3-scale100.webp\" alt=\"Sistema de filtragem m\u00f3vel em a\u00e7o inoxid\u00e1vel 13\" data-lazy=\"2\" title=\"\"><\/p>\n<\/div>","protected":false},"excerpt":{"rendered":"<table>\n<thead>\n<tr>\n<th>porta de arranque<\/th>\n<th>Guangzhou<\/th>\n<\/tr>\n<\/thead>\n<tbody>\n<tr>\n<td>capacidade de produ\u00e7\u00e3o<\/td>\n<td>10000 unidades\/m\u00eas<\/td>\n<\/tr>\n<tr>\n<td>local de origem<\/td>\n<td>Guangdong, China<\/td>\n<\/tr>\n<tr>\n<td>pagamento<\/td>\n<td>T\/T, Garantia de com\u00e9rcio de Alibaba<\/td>\n<\/tr>\n<tr>\n<td>moq<\/td>\n<td>1 unidade<\/td>\n<\/tr>\n<tr>\n<td>prazo de entrega<\/td>\n<td>No prazo de 7 dias \u00fateis<\/td>\n<\/tr>\n<tr>\n<td>certifica\u00e7\u00e3o<\/td>\n<td>CE, ISO 9001<\/td>\n<\/tr>\n<tr>\n<td>marca<\/td>\n<td>OEM\/Lvyuan<\/td>\n<\/tr>\n<\/tbody>\n<\/table>","protected":false},"featured_media":2362,"comment_status":"open","ping_status":"closed","template":"","meta":{"_gspb_post_css":""},"product_brand":[],"product_cat":[15],"product_tag":[963,263,289,260,280,282],"class_list":{"0":"post-2354","1":"product","2":"type-product","3":"status-publish","4":"has-post-thumbnail","6":"product_cat-stainless-steel-filter-housing","7":"product_tag-ce-certified","8":"product_tag-fast-delivery","9":"product_tag-guangzhou-shipping","10":"product_tag-iso-9001","11":"product_tag-low-moq","12":"product_tag-oem-lvyuan","14":"first","15":"instock","16":"shipping-taxable","17":"product-type-simple"},"_links":{"self":[{"href":"https:\/\/lyfilter.com\/pt\/wp-json\/wp\/v2\/product\/2354","targetHints":{"allow":["GET"]}}],"collection":[{"href":"https:\/\/lyfilter.com\/pt\/wp-json\/wp\/v2\/product"}],"about":[{"href":"https:\/\/lyfilter.com\/pt\/wp-json\/wp\/v2\/types\/product"}],"replies":[{"embeddable":true,"href":"https:\/\/lyfilter.com\/pt\/wp-json\/wp\/v2\/comments?post=2354"}],"wp:featuredmedia":[{"embeddable":true,"href":"https:\/\/lyfilter.com\/pt\/wp-json\/wp\/v2\/media\/2362"}],"wp:attachment":[{"href":"https:\/\/lyfilter.com\/pt\/wp-json\/wp\/v2\/media?parent=2354"}],"wp:term":[{"taxonomy":"product_brand","embeddable":true,"href":"https:\/\/lyfilter.com\/pt\/wp-json\/wp\/v2\/product_brand?post=2354"},{"taxonomy":"product_cat","embeddable":true,"href":"https:\/\/lyfilter.com\/pt\/wp-json\/wp\/v2\/product_cat?post=2354"},{"taxonomy":"product_tag","embeddable":true,"href":"https:\/\/lyfilter.com\/pt\/wp-json\/wp\/v2\/product_tag?post=2354"}],"curies":[{"name":"wp","href":"https:\/\/api.w.org\/{rel}","templated":true}]}}