{"id":2342,"date":"2026-01-07T02:03:24","date_gmt":"2026-01-07T02:03:24","guid":{"rendered":"https:\/\/lyfilter.com\/?post_type=product&#038;p=2342"},"modified":"2026-04-24T16:53:22","modified_gmt":"2026-04-24T16:53:22","slug":"stainless-steel-single-core-big-blue-filter-housing","status":"publish","type":"product","link":"https:\/\/lyfilter.com\/pt\/stainless-steel-single-core-big-blue-filter-housing\/","title":{"rendered":"Caixa do filtro Big Blue de n\u00facleo \u00fanico em a\u00e7o inoxid\u00e1vel"},"content":{"rendered":"<div class=\"unit-detail-html-tabs__content-attr\">\n<div class=\"unit-product-attrparam\">\n<div class=\"unit-product-attrparam__items row\">\n<div class=\"col-12 col-md-6\">\n<div class=\"unit-product-attrparam__item\">\n<div class=\"unit-product-attrparam__label\">\n<table>\n<thead>\n<tr>\n<th>capacidade de fornecimento<\/th>\n<th>1000000 pe\u00e7as\/m\u00eas<\/th>\n<\/tr>\n<\/thead>\n<tbody>\n<tr>\n<td>material<\/td>\n<td>a\u00e7o inoxid\u00e1vel<\/td>\n<\/tr>\n<tr>\n<td>disponibilidade<\/td>\n<td>de origem<\/td>\n<\/tr>\n<\/tbody>\n<\/table>\n<\/div>\n<\/div>\n<\/div>\n<\/div>\n<\/div>\n<\/div>\n<div class=\"unit-detail-html-tabs__content-html\">\n<p><strong>Caixa do filtro Big Blue de n\u00facleo \u00fanico em a\u00e7o inoxid\u00e1vel<\/strong><\/p>\n<p><img decoding=\"async\" src=\"https:\/\/img.yfisher.com\/m6076\/1725732665nws\/jpg70-t3-scale100.webp\" alt=\"Caixa de filtro azul grande de n\u00facleo \u00fanico em a\u00e7o inoxid\u00e1vel 6\" data-lazy=\"2\" title=\"\"><\/p>\n<p><img decoding=\"async\" src=\"https:\/\/img.yfisher.com\/m6076\/1725732665a4y\/jpg70-t3-scale100.webp\" alt=\"Caixa do filtro Big Blue de n\u00facleo \u00fanico em a\u00e7o inoxid\u00e1vel 7\" data-lazy=\"2\" title=\"\"><\/p>\n<p><img decoding=\"async\" src=\"https:\/\/img.yfisher.com\/m6076\/17257326651rs\/jpg70-t3-scale100.webp\" alt=\"Caixa de filtro azul grande de n\u00facleo \u00fanico em a\u00e7o inoxid\u00e1vel 8\" data-lazy=\"2\" title=\"\"><\/p>\n<p><img decoding=\"async\" src=\"https:\/\/img.yfisher.com\/m6076\/1725732665whc\/jpg70-t3-scale100.webp\" alt=\"Caixa de filtro azul grande de n\u00facleo \u00fanico em a\u00e7o inoxid\u00e1vel 9\" data-lazy=\"2\" title=\"\"><\/p>\n<p><img decoding=\"async\" src=\"https:\/\/img.yfisher.com\/m6076\/1725732665bkg\/jpg70-t3-scale100.webp\" alt=\"Caixa de filtro azul grande de n\u00facleo \u00fanico em a\u00e7o inoxid\u00e1vel 10\" data-lazy=\"2\" title=\"\"><\/p>\n<\/div>","protected":false},"excerpt":{"rendered":"<table>\n<thead>\n<tr>\n<th>porta de arranque<\/th>\n<th>Guangzhou<\/th>\n<\/tr>\n<\/thead>\n<tbody>\n<tr>\n<td>capacidade de produ\u00e7\u00e3o<\/td>\n<td>10000 unidades\/m\u00eas<\/td>\n<\/tr>\n<tr>\n<td>local de origem<\/td>\n<td>Guangdong, China<\/td>\n<\/tr>\n<tr>\n<td>pagamento<\/td>\n<td>T\/T, garantia de com\u00e9rcio Alibaba, paypal<\/td>\n<\/tr>\n<tr>\n<td>moq<\/td>\n<td>1 unidade<\/td>\n<\/tr>\n<tr>\n<td>prazo de entrega<\/td>\n<td>No prazo de 7 dias \u00fateis<\/td>\n<\/tr>\n<tr>\n<td>certifica\u00e7\u00e3o<\/td>\n<td>ISO 9001<\/td>\n<\/tr>\n<tr>\n<td>marca<\/td>\n<td>OEM\/Lvyuan<\/td>\n<\/tr>\n<\/tbody>\n<\/table>","protected":false},"featured_media":2349,"comment_status":"open","ping_status":"closed","template":"","meta":{"_gspb_post_css":""},"product_brand":[],"product_cat":[15],"product_tag":[263,964,289,260,280,282],"class_list":{"0":"post-2342","1":"product","2":"type-product","3":"status-publish","4":"has-post-thumbnail","6":"product_cat-stainless-steel-filter-housing","7":"product_tag-fast-delivery","8":"product_tag-guangdong-manufacturer","9":"product_tag-guangzhou-shipping","10":"product_tag-iso-9001","11":"product_tag-low-moq","12":"product_tag-oem-lvyuan","14":"first","15":"instock","16":"shipping-taxable","17":"product-type-simple"},"_links":{"self":[{"href":"https:\/\/lyfilter.com\/pt\/wp-json\/wp\/v2\/product\/2342","targetHints":{"allow":["GET"]}}],"collection":[{"href":"https:\/\/lyfilter.com\/pt\/wp-json\/wp\/v2\/product"}],"about":[{"href":"https:\/\/lyfilter.com\/pt\/wp-json\/wp\/v2\/types\/product"}],"replies":[{"embeddable":true,"href":"https:\/\/lyfilter.com\/pt\/wp-json\/wp\/v2\/comments?post=2342"}],"wp:featuredmedia":[{"embeddable":true,"href":"https:\/\/lyfilter.com\/pt\/wp-json\/wp\/v2\/media\/2349"}],"wp:attachment":[{"href":"https:\/\/lyfilter.com\/pt\/wp-json\/wp\/v2\/media?parent=2342"}],"wp:term":[{"taxonomy":"product_brand","embeddable":true,"href":"https:\/\/lyfilter.com\/pt\/wp-json\/wp\/v2\/product_brand?post=2342"},{"taxonomy":"product_cat","embeddable":true,"href":"https:\/\/lyfilter.com\/pt\/wp-json\/wp\/v2\/product_cat?post=2342"},{"taxonomy":"product_tag","embeddable":true,"href":"https:\/\/lyfilter.com\/pt\/wp-json\/wp\/v2\/product_tag?post=2342"}],"curies":[{"name":"wp","href":"https:\/\/api.w.org\/{rel}","templated":true}]}}