{"id":2291,"date":"2026-01-07T01:44:12","date_gmt":"2026-01-07T01:44:12","guid":{"rendered":"https:\/\/lyfilter.com\/?post_type=product&#038;p=2291"},"modified":"2026-01-07T01:44:13","modified_gmt":"2026-01-07T01:44:13","slug":"filter-element-stainless-steel-filter-tube","status":"publish","type":"product","link":"https:\/\/lyfilter.com\/pt\/filter-element-stainless-steel-filter-tube\/","title":{"rendered":"Elemento filtrante tubo de filtro em a\u00e7o inoxid\u00e1vel"},"content":{"rendered":"<div class=\"unit-detail-html-tabs__content-attr\">\n<div class=\"unit-product-attrparam\">\n<div class=\"unit-product-attrparam__items row\">\n<div class=\"col-12 col-md-6\">\n<div class=\"unit-product-attrparam__item\">\n<div class=\"unit-product-attrparam__label\">\n<table>\n<thead>\n<tr>\n<th>material<\/th>\n<th>a\u00e7o inoxid\u00e1vel<\/th>\n<\/tr>\n<\/thead>\n<tbody>\n<tr>\n<td>disponibilidade<\/td>\n<td>de origem<\/td>\n<\/tr>\n<\/tbody>\n<\/table>\n<\/div>\n<\/div>\n<\/div>\n<\/div>\n<\/div>\n<\/div>\n<div class=\"unit-detail-html-tabs__content-featuresAttr\"><\/div>\n<div class=\"unit-detail-html-tabs__content-html\">\n<p><strong>Elemento filtrante tubo de filtro em a\u00e7o inoxid\u00e1vel<\/strong><\/p>\n<p>O tubo de filtro de a\u00e7o inoxid\u00e1vel \u00e9 composto por uma malha sinterizada padr\u00e3o de cinco camadas, que \u00e9 laminada e sinterizada no v\u00e1cuo. Este tipo de cartucho de filtro tem as seguintes vantagens: elevada resist\u00eancia, elevada corrosividade, excelente permeabilidade, facilidade de lavagem e retrolavagem, efici\u00eancia de filtragem precisa, etc.<\/p>\n<p>A malha sinterizada Standrad \u00e9 constitu\u00edda por cinco camadas: a camada protetora, a camada filtrante, a camada de dispers\u00e3o, duas malhas de refor\u00e7o. Devido \u00e0 sua constru\u00e7\u00e3o de filtragem de superf\u00edcie e ao fio liso da malha, \u00e9 boa para a retrolavagem e regenera\u00e7\u00e3o. Al\u00e9m disso, esta malha \u00e9 f\u00e1cil de ser formada, maquinada e soldada. Pode ser produzida em v\u00e1rios tipos de formas, como circular, cartucho, cone e pregas.<\/p>\n<p>Descri\u00e7\u00e3o do produto<\/p>\n<p>classifica\u00e7\u00e3o nominal do filtro (um):2,5,10,20,40<\/p>\n<p>camada de controlo (malha):325*2400 200*1400 165*1400 165*800 50*250<\/p>\n<p>permeabilidade(%):38<\/p>\n<p>press\u00e3o do ponto de bolha:280-640(2um) 250-600(5um) 220-550(10um) 180-450(20um) 150-400(40um)<\/p>\n<p>espessura (mm):1,7<\/p>\n<p>peso (kg):8,4<\/p>\n<p>Tipo de liga\u00e7\u00e3o principal<\/p>\n<p>*Interface padr\u00e3o, como 222, 220, 226<\/p>\n<p>*Interface r\u00e1pida<\/p>\n<p>*Liga\u00e7\u00e3o por flange<\/p>\n<p>*Liga\u00e7\u00e3o por tirantes<\/p>\n<p>*Liga\u00e7\u00e3o encadeada<\/p>\n<p>*Liga\u00e7\u00e3o personalizada<\/p>\n<\/div>","protected":false},"excerpt":{"rendered":"<table>\n<thead>\n<tr>\n<th>porta de arranque<\/th>\n<th>Guangzhou<\/th>\n<\/tr>\n<\/thead>\n<tbody>\n<tr>\n<td>capacidade de produ\u00e7\u00e3o<\/td>\n<td>10000 unidades\/m\u00eas<\/td>\n<\/tr>\n<tr>\n<td>local de origem<\/td>\n<td>Guangdong, China<\/td>\n<\/tr>\n<tr>\n<td>pagamento<\/td>\n<td>T\/T, garantia de com\u00e9rcio Alibaba, paypal<\/td>\n<\/tr>\n<tr>\n<td>moq<\/td>\n<td>1 unidade<\/td>\n<\/tr>\n<tr>\n<td>modelo<\/td>\n<td>LY-FB<\/td>\n<\/tr>\n<tr>\n<td>prazo de entrega<\/td>\n<td>No prazo de 7 dias \u00fateis<\/td>\n<\/tr>\n<tr>\n<td>certifica\u00e7\u00e3o<\/td>\n<td>ISO 9001<\/td>\n<\/tr>\n<tr>\n<td>marca<\/td>\n<td>OEM\/Lvyuan<\/td>\n<\/tr>\n<\/tbody>\n<\/table>","protected":false},"featured_media":2304,"comment_status":"open","ping_status":"closed","template":"","meta":{"_gspb_post_css":""},"product_brand":[],"product_cat":[17,22],"product_tag":[954,289,260,280,282,953],"class_list":{"0":"post-2291","1":"product","2":"type-product","3":"status-publish","4":"has-post-thumbnail","6":"product_cat-sediment-filter","7":"product_cat-sintered-filter-cartridge","8":"product_tag-custom-paper-tubes","9":"product_tag-guangzhou-shipping","10":"product_tag-iso-9001","11":"product_tag-low-moq","12":"product_tag-oem-lvyuan","13":"product_tag-paper-tube-packaging","15":"first","16":"instock","17":"shipping-taxable","18":"product-type-simple"},"_links":{"self":[{"href":"https:\/\/lyfilter.com\/pt\/wp-json\/wp\/v2\/product\/2291","targetHints":{"allow":["GET"]}}],"collection":[{"href":"https:\/\/lyfilter.com\/pt\/wp-json\/wp\/v2\/product"}],"about":[{"href":"https:\/\/lyfilter.com\/pt\/wp-json\/wp\/v2\/types\/product"}],"replies":[{"embeddable":true,"href":"https:\/\/lyfilter.com\/pt\/wp-json\/wp\/v2\/comments?post=2291"}],"wp:featuredmedia":[{"embeddable":true,"href":"https:\/\/lyfilter.com\/pt\/wp-json\/wp\/v2\/media\/2304"}],"wp:attachment":[{"href":"https:\/\/lyfilter.com\/pt\/wp-json\/wp\/v2\/media?parent=2291"}],"wp:term":[{"taxonomy":"product_brand","embeddable":true,"href":"https:\/\/lyfilter.com\/pt\/wp-json\/wp\/v2\/product_brand?post=2291"},{"taxonomy":"product_cat","embeddable":true,"href":"https:\/\/lyfilter.com\/pt\/wp-json\/wp\/v2\/product_cat?post=2291"},{"taxonomy":"product_tag","embeddable":true,"href":"https:\/\/lyfilter.com\/pt\/wp-json\/wp\/v2\/product_tag?post=2291"}],"curies":[{"name":"wp","href":"https:\/\/api.w.org\/{rel}","templated":true}]}}