{"id":2289,"date":"2026-01-07T01:42:03","date_gmt":"2026-01-07T01:42:03","guid":{"rendered":"https:\/\/lyfilter.com\/?post_type=product&#038;p=2289"},"modified":"2026-01-07T01:42:03","modified_gmt":"2026-01-07T01:42:03","slug":"pneumatic-plastic-muffler-silencer-with-sound-absorbing","status":"publish","type":"product","link":"https:\/\/lyfilter.com\/pt\/pneumatic-plastic-muffler-silencer-with-sound-absorbing\/","title":{"rendered":"Silenciador pneum\u00e1tico de pl\u00e1stico com absor\u00e7\u00e3o de som"},"content":{"rendered":"<div class=\"unit-detail-html-tabs__content-attr\">\n<div class=\"unit-product-attrparam\">\n<div class=\"unit-product-attrparam__items row\">\n<div class=\"col-12 col-md-6\">\n<div class=\"unit-product-attrparam__item\">\n<div class=\"unit-product-attrparam__label\">\n<table>\n<thead>\n<tr>\n<th>capacidade de fornecimento<\/th>\n<th>1000000 pe\u00e7as\/m\u00eas<\/th>\n<\/tr>\n<\/thead>\n<tbody>\n<tr>\n<td>material<\/td>\n<td>pe<\/td>\n<\/tr>\n<tr>\n<td>disponibilidade<\/td>\n<td>de origem<\/td>\n<\/tr>\n<\/tbody>\n<\/table>\n<\/div>\n<\/div>\n<\/div>\n<\/div>\n<\/div>\n<\/div>\n<div class=\"unit-detail-html-tabs__content-featuresAttr\"><\/div>\n<div class=\"unit-detail-html-tabs__content-html\">\n<p><strong>Silenciador pneum\u00e1tico de pl\u00e1stico com absor\u00e7\u00e3o de som<\/strong><\/p>\n<p><strong>Silenciador de pl\u00e1stico\u00a0<\/strong>\u00a0s\u00e3o utilizados em v\u00e1rios tipos de vapor de caldeira em equipamentos industriais, petroqu\u00edmicos e metal\u00fargicos.<\/p>\n<p>Na ind\u00fastria moderna, os silenciadores podem reduzir eficazmente o ru\u00eddo do equipamento de produ\u00e7\u00e3o e podem fornecer o equipamento mais pequeno do sistema e o melhor sistema de equil\u00edbrio durante a utiliza\u00e7\u00e3o.<\/p>\n<p>Em geral, os dispositivos t\u00eam uma vasta gama de tamanhos, posicionamento normalizado para chips e interfaces robustas que garantem uma dissipa\u00e7\u00e3o f\u00e1cil para equipamento pneum\u00e1tico.<\/p>\n<p>Vantagens\uff1a<\/p>\n<p>Em muitos aspectos, o peso de um silenciador met\u00e1lico \u00e9 mais significativo do que o de um silenciador: redu\u00e7\u00e3o do ru\u00eddo, maior resist\u00eancia ao ar filtrado, maior capacidade, dispersibilidade e material sol, durabilidade, rapidez de montagem e custo.<\/p>\n<\/div>","protected":false},"excerpt":{"rendered":"<table>\n<thead>\n<tr>\n<th>porta de arranque<\/th>\n<th>Guangzhou<\/th>\n<\/tr>\n<\/thead>\n<tbody>\n<tr>\n<td>capacidade de produ\u00e7\u00e3o<\/td>\n<td>10000 unidades\/m\u00eas<\/td>\n<\/tr>\n<tr>\n<td>local de origem<\/td>\n<td>Guangdong, China<\/td>\n<\/tr>\n<tr>\n<td>pagamento<\/td>\n<td>T\/T, garantia de com\u00e9rcio Alibaba, paypal<\/td>\n<\/tr>\n<tr>\n<td>moq<\/td>\n<td>1 unidade<\/td>\n<\/tr>\n<tr>\n<td>prazo de entrega<\/td>\n<td>No prazo de 7 dias \u00fateis<\/td>\n<\/tr>\n<tr>\n<td>certifica\u00e7\u00e3o<\/td>\n<td>ISO 9001<\/td>\n<\/tr>\n<tr>\n<td>marca<\/td>\n<td>OEM\/Lvyuan<\/td>\n<\/tr>\n<\/tbody>\n<\/table>","protected":false},"featured_media":2292,"comment_status":"open","ping_status":"closed","template":"","meta":{"_gspb_post_css":""},"product_brand":[],"product_cat":[17,22],"product_tag":[954,289,260,280,282,953],"class_list":{"0":"post-2289","1":"product","2":"type-product","3":"status-publish","4":"has-post-thumbnail","6":"product_cat-sediment-filter","7":"product_cat-sintered-filter-cartridge","8":"product_tag-custom-paper-tubes","9":"product_tag-guangzhou-shipping","10":"product_tag-iso-9001","11":"product_tag-low-moq","12":"product_tag-oem-lvyuan","13":"product_tag-paper-tube-packaging","15":"first","16":"instock","17":"shipping-taxable","18":"product-type-simple"},"_links":{"self":[{"href":"https:\/\/lyfilter.com\/pt\/wp-json\/wp\/v2\/product\/2289","targetHints":{"allow":["GET"]}}],"collection":[{"href":"https:\/\/lyfilter.com\/pt\/wp-json\/wp\/v2\/product"}],"about":[{"href":"https:\/\/lyfilter.com\/pt\/wp-json\/wp\/v2\/types\/product"}],"replies":[{"embeddable":true,"href":"https:\/\/lyfilter.com\/pt\/wp-json\/wp\/v2\/comments?post=2289"}],"wp:featuredmedia":[{"embeddable":true,"href":"https:\/\/lyfilter.com\/pt\/wp-json\/wp\/v2\/media\/2292"}],"wp:attachment":[{"href":"https:\/\/lyfilter.com\/pt\/wp-json\/wp\/v2\/media?parent=2289"}],"wp:term":[{"taxonomy":"product_brand","embeddable":true,"href":"https:\/\/lyfilter.com\/pt\/wp-json\/wp\/v2\/product_brand?post=2289"},{"taxonomy":"product_cat","embeddable":true,"href":"https:\/\/lyfilter.com\/pt\/wp-json\/wp\/v2\/product_cat?post=2289"},{"taxonomy":"product_tag","embeddable":true,"href":"https:\/\/lyfilter.com\/pt\/wp-json\/wp\/v2\/product_tag?post=2289"}],"curies":[{"name":"wp","href":"https:\/\/api.w.org\/{rel}","templated":true}]}}