{"id":2283,"date":"2026-01-07T01:37:49","date_gmt":"2026-01-07T01:37:49","guid":{"rendered":"https:\/\/lyfilter.com\/?post_type=product&#038;p=2283"},"modified":"2026-01-07T01:37:49","modified_gmt":"2026-01-07T01:37:49","slug":"sintered-plastic-pe-pp-ptfe-outdoor-moisture-filter","status":"publish","type":"product","link":"https:\/\/lyfilter.com\/pt\/sintered-plastic-pe-pp-ptfe-outdoor-moisture-filter\/","title":{"rendered":"Filtro de humidade exterior de pl\u00e1stico sinterizado PE PP PTFE"},"content":{"rendered":"<div class=\"unit-detail-html-tabs__content-attr\">\n<div class=\"unit-product-attrparam\">\n<div class=\"unit-product-attrparam__items row\">\n<div class=\"col-12 col-md-6\">\n<div class=\"unit-product-attrparam__item\">\n<div class=\"unit-product-attrparam__label\">\n<table>\n<thead>\n<tr>\n<th>material<\/th>\n<th>pe<\/th>\n<\/tr>\n<\/thead>\n<tbody>\n<tr>\n<td>disponibilidade<\/td>\n<td>OEM\/ODM<\/td>\n<\/tr>\n<\/tbody>\n<\/table>\n<\/div>\n<\/div>\n<\/div>\n<\/div>\n<\/div>\n<\/div>\n<div class=\"unit-detail-html-tabs__content-featuresAttr\"><\/div>\n<div class=\"unit-detail-html-tabs__content-html\">\n<p><strong>Filtro de humidade exterior de pl\u00e1stico sinterizado PE PP PTFE<\/strong><\/p>\n<div class=\"table-responsive\">\n<table width=\"462\" cellspacing=\"0\" cellpadding=\"0\" data-spm-anchor-id=\"a2700.details.0.i31.45026d68wBggxE\">\n<tbody>\n<tr class=\"firstRow\">\n<td width=\"205\" height=\"10\">\n<p data-spm-anchor-id=\"a2700.details.0.i30.45026d68wBggxE\">Estilo<\/p>\n<\/td>\n<td width=\"237\" height=\"10\">Cilindro<\/td>\n<\/tr>\n<tr>\n<td width=\"205\" height=\"2\">Composi\u00e7\u00e3o do material<\/td>\n<td width=\"237\" height=\"2\">PE,PP<\/td>\n<\/tr>\n<tr>\n<td width=\"205\" height=\"27\">Item No.<\/td>\n<td width=\"237\" height=\"27\">SPF1522170PEDGM20<\/td>\n<\/tr>\n<tr>\n<td width=\"205\" height=\"27\">Forma<\/td>\n<td width=\"237\" height=\"27\">Cilindro<\/td>\n<\/tr>\n<tr>\n<td width=\"205\" height=\"27\">ID<\/td>\n<td width=\"237\" height=\"27\">15<\/td>\n<\/tr>\n<tr>\n<td width=\"205\" height=\"27\">OD<\/td>\n<td width=\"237\" height=\"27\">22<\/td>\n<\/tr>\n<tr>\n<td width=\"205\" height=\"27\">Comprimento<\/td>\n<td width=\"237\" height=\"27\">170<\/td>\n<\/tr>\n<tr>\n<td width=\"205\" height=\"30\">Remove part\u00edculas de tamanho inferior a<\/td>\n<td width=\"237\" height=\"30\">\n<p data-spm-anchor-id=\"a2700.details.0.i32.45026d68wBggxE\">20 microns<\/p>\n<\/td>\n<\/tr>\n<tr>\n<td width=\"205\" height=\"21\">Caudal m\u00e1ximo<\/td>\n<td width=\"237\" height=\"21\">9 scfm a 100 psi<\/td>\n<\/tr>\n<\/tbody>\n<\/table>\n<\/div>\n<p><img decoding=\"async\" src=\"https:\/\/img.yfisher.com\/m6076\/17257326288n0\/png70-t3-scale100.webp\" alt=\"Filtro de humidade exterior de pl\u00e1stico sinterizado PE PP PTFE 2\" data-lazy=\"2\" title=\"\"><\/p>\n<p>- Queda de press\u00e3o. A porosidade diminui a press\u00e3o do fluido que circula atrav\u00e9s dela. As diferentes aplica\u00e7\u00f5es s\u00e3o: controlo da press\u00e3o em circuitos pneum\u00e1ticos e hidr\u00e1ulicos (compensadores, drenadores, reguladores), absor\u00e7\u00e3o do ru\u00eddo de tubagens de g\u00e1s (silenciadores), cilindros pneum\u00e1ticos, prote\u00e7\u00e3o de sensores e man\u00f3metros, caixas de velocidades, etc.<\/p>\n<p>- Controlo do fluxo. A porosidade isotr\u00f3pica e homog\u00e9nea permite que um fluido que circule atrav\u00e9s dela tenha um fluxo constante \u00e0 sa\u00edda da pe\u00e7a porosa. As aplica\u00e7\u00f5es t\u00edpicas s\u00e3o os permutadores de calor, gases medicinais, mergulho, gases industriais, etc.<\/p>\n<p>- Aera\u00e7\u00e3o. A circula\u00e7\u00e3o do ar atrav\u00e9s da porosidade resulta num fluxo de ar constante e controlado \u00e0 sa\u00edda do componente poroso. Os sectores de utiliza\u00e7\u00e3o s\u00e3o: repasse de l\u00edquidos na ind\u00fastria alimentar (licores, vinhos e bebidas gasosas), ioniza\u00e7\u00e3o, queimadores de g\u00e1s, aqu\u00e1rios, an\u00e1lises cl\u00ednicas, etc.<\/p>\n<p>- Fluidiza\u00e7\u00e3o. A circula\u00e7\u00e3o de ar atrav\u00e9s do componente poroso tem como resultado que o fluxo de sa\u00edda \u00e9 distribu\u00eddo com a mesma press\u00e3o em todos os pontos, permitindo assim o manuseamento controlado de produtos em p\u00f3. Esta propriedade \u00e9 utilizada para: transporte de cimento, farinha, alumina, cinzas, p\u00f3 de toner, etc.<\/p>\n<\/div>","protected":false},"excerpt":{"rendered":"<table>\n<thead>\n<tr>\n<th>porta de arranque<\/th>\n<th>Guangzhou<\/th>\n<\/tr>\n<\/thead>\n<tbody>\n<tr>\n<td>capacidade de produ\u00e7\u00e3o<\/td>\n<td>10000 unidades\/m\u00eas<\/td>\n<\/tr>\n<tr>\n<td>local de origem<\/td>\n<td>Guangdong, China<\/td>\n<\/tr>\n<tr>\n<td>pagamento<\/td>\n<td>T\/T<\/td>\n<\/tr>\n<tr>\n<td>moq<\/td>\n<td>1 unidade<\/td>\n<\/tr>\n<tr>\n<td>modelo<\/td>\n<td>LY-FB<\/td>\n<\/tr>\n<tr>\n<td>prazo de entrega<\/td>\n<td>No prazo de 7 dias \u00fateis<\/td>\n<\/tr>\n<tr>\n<td>marca<\/td>\n<td>OEM\/Lvyuan<\/td>\n<\/tr>\n<\/tbody>\n<\/table>","protected":false},"featured_media":2290,"comment_status":"open","ping_status":"closed","template":"","meta":{"_gspb_post_css":""},"product_brand":[],"product_cat":[17,22],"product_tag":[954,263,289,280,282,953],"class_list":{"0":"post-2283","1":"product","2":"type-product","3":"status-publish","4":"has-post-thumbnail","6":"product_cat-sediment-filter","7":"product_cat-sintered-filter-cartridge","8":"product_tag-custom-paper-tubes","9":"product_tag-fast-delivery","10":"product_tag-guangzhou-shipping","11":"product_tag-low-moq","12":"product_tag-oem-lvyuan","13":"product_tag-paper-tube-packaging","15":"first","16":"instock","17":"shipping-taxable","18":"product-type-simple"},"_links":{"self":[{"href":"https:\/\/lyfilter.com\/pt\/wp-json\/wp\/v2\/product\/2283","targetHints":{"allow":["GET"]}}],"collection":[{"href":"https:\/\/lyfilter.com\/pt\/wp-json\/wp\/v2\/product"}],"about":[{"href":"https:\/\/lyfilter.com\/pt\/wp-json\/wp\/v2\/types\/product"}],"replies":[{"embeddable":true,"href":"https:\/\/lyfilter.com\/pt\/wp-json\/wp\/v2\/comments?post=2283"}],"wp:featuredmedia":[{"embeddable":true,"href":"https:\/\/lyfilter.com\/pt\/wp-json\/wp\/v2\/media\/2290"}],"wp:attachment":[{"href":"https:\/\/lyfilter.com\/pt\/wp-json\/wp\/v2\/media?parent=2283"}],"wp:term":[{"taxonomy":"product_brand","embeddable":true,"href":"https:\/\/lyfilter.com\/pt\/wp-json\/wp\/v2\/product_brand?post=2283"},{"taxonomy":"product_cat","embeddable":true,"href":"https:\/\/lyfilter.com\/pt\/wp-json\/wp\/v2\/product_cat?post=2283"},{"taxonomy":"product_tag","embeddable":true,"href":"https:\/\/lyfilter.com\/pt\/wp-json\/wp\/v2\/product_tag?post=2283"}],"curies":[{"name":"wp","href":"https:\/\/api.w.org\/{rel}","templated":true}]}}