{"id":2280,"date":"2026-01-07T01:36:14","date_gmt":"2026-01-07T01:36:14","guid":{"rendered":"https:\/\/lyfilter.com\/?post_type=product&#038;p=2280"},"modified":"2026-04-24T16:47:04","modified_gmt":"2026-04-24T16:47:04","slug":"exhaust-control-pneumatic-pe-plastic-silencer-muffler","status":"publish","type":"product","link":"https:\/\/lyfilter.com\/pt\/exhaust-control-pneumatic-pe-plastic-silencer-muffler\/","title":{"rendered":"Silenciador pneum\u00e1tico de pl\u00e1stico PE para controlo dos gases de escape"},"content":{"rendered":"<div class=\"unit-detail-html-tabs__content-attr\">\n<div class=\"unit-product-attrparam\">\n<div class=\"unit-product-attrparam__items row\">\n<div class=\"col-12 col-md-6\">\n<div class=\"unit-product-attrparam__item\">\n<div class=\"unit-product-attrparam__label\">\n<table>\n<thead>\n<tr>\n<th>material<\/th>\n<th>pe<\/th>\n<\/tr>\n<\/thead>\n<tbody>\n<tr>\n<td>disponibilidade<\/td>\n<td>OEM\/ODM<\/td>\n<\/tr>\n<\/tbody>\n<\/table>\n<\/div>\n<\/div>\n<\/div>\n<\/div>\n<\/div>\n<\/div>\n<div class=\"unit-detail-html-tabs__content-featuresAttr\"><\/div>\n<div class=\"unit-detail-html-tabs__content-html\">\n<p><strong>Silenciador pneum\u00e1tico de pl\u00e1stico PE para controlo dos gases de escape<\/strong><\/p>\n<p><strong>Dimens\u00f5es do produto<\/strong><\/p>\n<p>Silenciador de pl\u00e1stico sil\u00eancio de pl\u00e1stico pneum\u00e1tico<\/p>\n<p>Material do inv\u00f3lucro:POM<\/p>\n<p>Material do filtro:PE<\/p>\n<div class=\"table-responsive\">\n<table align=\"left\" data-sort=\"sortDisabled\">\n<tbody>\n<tr class=\"firstRow\">\n<td colspan=\"1\" rowspan=\"2\" valign=\"top\" width=\"403\">\u00a0 \u00a0 \u00a0 \u00a0 \u00a0 \u00a0 \u00a0 \u00a0\u00a0<strong>\u00a0 \u00a0 \u00a0 \u00a0 Modelo PSE<\/strong><\/td>\n<td colspan=\"2\" rowspan=\"1\" valign=\"top\" height=\"20\">\u00a0 \u00a0 \u00a0 \u00a0 \u00a0 \u00a0 \u00a0 \u00a0 \u00a0 \u00a0 \u00a0 \u00a0 \u00a0 \u00a0 \u00a0 \u00a0 \u00a0 \u00a0 \u00a0 \u00a0 \u00a0 \u00a0 \u00a0 \u00a0 \u00a0 \u00a0 \u00a0 \u00a0 \u00a0 \u00a0 \u00a0 \u00a0 \u00a0 \u00a0\u00a0<strong>\u00a0 \u00a0 \u00a0Dimens\u00e3o<\/strong><\/td>\n<\/tr>\n<tr>\n<td align=\"center\" valign=\"middle\" width=\"403\" height=\"20\"><strong>L<\/strong><\/td>\n<td align=\"center\" valign=\"middle\" width=\"403\" height=\"20\"><strong>S<\/strong><\/td>\n<\/tr>\n<tr>\n<td align=\"center\" valign=\"middle\" width=\"403\" height=\"20\">1\/8\u201d<\/td>\n<td align=\"center\" valign=\"middle\" width=\"403\" height=\"20\">5<\/td>\n<td align=\"center\" valign=\"middle\" width=\"403\" height=\"20\">6<\/td>\n<\/tr>\n<tr>\n<td align=\"center\" valign=\"middle\" width=\"403\" height=\"20\">1\/4\u201d<\/td>\n<td align=\"center\" valign=\"middle\" width=\"403\" height=\"20\">6<\/td>\n<td align=\"center\" valign=\"middle\" width=\"403\" height=\"20\">8<\/td>\n<\/tr>\n<tr>\n<td align=\"center\" valign=\"middle\" width=\"403\" height=\"20\">3\/8\u201d<\/td>\n<td align=\"center\" valign=\"middle\" width=\"403\" height=\"20\">7<\/td>\n<td align=\"center\" valign=\"middle\" width=\"403\" height=\"20\">10<\/td>\n<\/tr>\n<tr>\n<td align=\"center\" valign=\"middle\" width=\"403\" height=\"20\">1\/2\u201d<\/td>\n<td align=\"center\" valign=\"middle\" width=\"403\" height=\"20\">8<\/td>\n<td align=\"center\" valign=\"middle\" width=\"403\" height=\"20\">15<\/td>\n<\/tr>\n<tr>\n<td align=\"center\" valign=\"middle\" width=\"403\" height=\"20\">3\/4\u201d<\/td>\n<td align=\"center\" valign=\"middle\" width=\"403\" height=\"20\">9<\/td>\n<td align=\"center\" valign=\"middle\" width=\"403\" height=\"20\">20<\/td>\n<\/tr>\n<tr>\n<td align=\"center\" valign=\"middle\" width=\"403\" height=\"20\">1\/8\u201d<\/td>\n<td align=\"center\" valign=\"middle\" width=\"403\" height=\"20\">10<\/td>\n<td align=\"center\" valign=\"middle\" width=\"403\" height=\"20\">26<\/td>\n<\/tr>\n<\/tbody>\n<\/table>\n<\/div>\n<p><img decoding=\"async\" src=\"https:\/\/img.yfisher.com\/m6076\/1725286994kf5\/jpg70-t3-scale100.webp\" alt=\"Controlo dos gases de escape silenciador pneum\u00e1tico de pl\u00e1stico PE 6\" data-lazy=\"2\" title=\"\"><\/p>\n<p><strong>Especifica\u00e7\u00e3o:<\/strong><\/p>\n<p>1. Autope\u00e7as silenciador de escape<\/p>\n<p>2. Totalmente em tit\u00e2nio de alto desempenho<\/p>\n<p>3. Material: a\u00e7o inoxid\u00e1vel ou tit\u00e2nio integral \u00e9 opcional<\/p>\n<p>4. controlo rigoroso da qualidade durante o processo<\/p>\n<p>5. conce\u00e7\u00e3o profissional<\/p>\n<p>6. Sistema de escape completo de alto desempenho<\/p>\n<p>7. acabamento espelhado ou mate<\/p>\n<p><img decoding=\"async\" src=\"https:\/\/img.yfisher.com\/m6076\/1725286994d5r\/jpg70-t3-scale100.webp\" alt=\"Controlo dos gases de escape silenciador pneum\u00e1tico de pl\u00e1stico PE 7\" data-lazy=\"2\" title=\"\"><\/p>\n<p><strong>Oficina de produ\u00e7\u00e3o<\/strong><\/p>\n<p><img decoding=\"async\" src=\"https:\/\/img.yfisher.com\/m6076\/1725286994yiv\/jpg70-t3-scale100.webp\" alt=\"Controlo dos gases de escape silenciador pneum\u00e1tico de pl\u00e1stico PE 8\" data-lazy=\"2\" title=\"\"><\/p>\n<\/div>","protected":false},"excerpt":{"rendered":"<table>\n<thead>\n<tr>\n<th>porta de arranque<\/th>\n<th>Guangzhou<\/th>\n<\/tr>\n<\/thead>\n<tbody>\n<tr>\n<td>capacidade de produ\u00e7\u00e3o<\/td>\n<td>10000 unidades\/m\u00eas<\/td>\n<\/tr>\n<tr>\n<td>local de origem<\/td>\n<td>Guangdong, China<\/td>\n<\/tr>\n<tr>\n<td>pagamento<\/td>\n<td>T\/T, Garantia de com\u00e9rcio de Alibaba<\/td>\n<\/tr>\n<tr>\n<td>moq<\/td>\n<td>1 unidade<\/td>\n<\/tr>\n<tr>\n<td>modelo<\/td>\n<td>LY-FB<\/td>\n<\/tr>\n<tr>\n<td>prazo de entrega<\/td>\n<td>No prazo de 7 dias \u00fateis<\/td>\n<\/tr>\n<tr>\n<td>certifica\u00e7\u00e3o<\/td>\n<td>ISO 9001<\/td>\n<\/tr>\n<tr>\n<td>marca<\/td>\n<td>OEM\/Lvyuan<\/td>\n<\/tr>\n<\/tbody>\n<\/table>","protected":false},"featured_media":2284,"comment_status":"open","ping_status":"closed","template":"","meta":{"_gspb_post_css":""},"product_brand":[],"product_cat":[17,22],"product_tag":[956,279,954,289,260,282,953],"class_list":{"0":"post-2280","1":"product","2":"type-product","3":"status-publish","4":"has-post-thumbnail","6":"product_cat-sediment-filter","7":"product_cat-sintered-filter-cartridge","8":"product_tag-1-piece-moq","9":"product_tag-alibaba-trade-assurance","10":"product_tag-custom-paper-tubes","11":"product_tag-guangzhou-shipping","12":"product_tag-iso-9001","13":"product_tag-oem-lvyuan","14":"product_tag-paper-tube-packaging","16":"first","17":"instock","18":"shipping-taxable","19":"product-type-simple"},"_links":{"self":[{"href":"https:\/\/lyfilter.com\/pt\/wp-json\/wp\/v2\/product\/2280","targetHints":{"allow":["GET"]}}],"collection":[{"href":"https:\/\/lyfilter.com\/pt\/wp-json\/wp\/v2\/product"}],"about":[{"href":"https:\/\/lyfilter.com\/pt\/wp-json\/wp\/v2\/types\/product"}],"replies":[{"embeddable":true,"href":"https:\/\/lyfilter.com\/pt\/wp-json\/wp\/v2\/comments?post=2280"}],"wp:featuredmedia":[{"embeddable":true,"href":"https:\/\/lyfilter.com\/pt\/wp-json\/wp\/v2\/media\/2284"}],"wp:attachment":[{"href":"https:\/\/lyfilter.com\/pt\/wp-json\/wp\/v2\/media?parent=2280"}],"wp:term":[{"taxonomy":"product_brand","embeddable":true,"href":"https:\/\/lyfilter.com\/pt\/wp-json\/wp\/v2\/product_brand?post=2280"},{"taxonomy":"product_cat","embeddable":true,"href":"https:\/\/lyfilter.com\/pt\/wp-json\/wp\/v2\/product_cat?post=2280"},{"taxonomy":"product_tag","embeddable":true,"href":"https:\/\/lyfilter.com\/pt\/wp-json\/wp\/v2\/product_tag?post=2280"}],"curies":[{"name":"wp","href":"https:\/\/api.w.org\/{rel}","templated":true}]}}