{"id":2274,"date":"2026-01-07T01:30:24","date_gmt":"2026-01-07T01:30:24","guid":{"rendered":"https:\/\/lyfilter.com\/?post_type=product&#038;p=2274"},"modified":"2026-01-07T01:30:24","modified_gmt":"2026-01-07T01:30:24","slug":"stainless-steel-sintered-filter-disc-custom-metal-filter-discs","status":"publish","type":"product","link":"https:\/\/lyfilter.com\/pt\/stainless-steel-sintered-filter-disc-custom-metal-filter-discs\/","title":{"rendered":"Disco de filtro sinterizado de a\u00e7o inoxid\u00e1vel Discos de filtro de metal personalizados"},"content":{"rendered":"<p>Disco de filtro sinterizado de a\u00e7o inoxid\u00e1vel Discos de filtro de metal personalizados<\/p>\n<p>Os filtros de disco sinterizado Lvyuan s\u00e3o constitu\u00eddos por redes de poros altamente uniformes e interligados com traject\u00f3rias tortuosas que ret\u00eam as part\u00edculas s\u00f3lidas no g\u00e1s ou no l\u00edquido. Excelentes filtros de profundidade com uma resist\u00eancia mec\u00e2nica superior. O a\u00e7o inoxid\u00e1vel tipo 316L suporta temperaturas at\u00e9 750\u00b0F (399\u00b0C) em ambientes oxidantes e 900\u00b0F (482\u00b0C) em ambientes redutores. Estes filtros podem ser limpos por outros m\u00e9todos, tais como banhos de ultra-sons ou lavagem de fluxo inverso. Se a sua aplica\u00e7\u00e3o exigir uma resist\u00eancia ainda maior \u00e0 corros\u00e3o, temperatura, desgaste e vibra\u00e7\u00e3o, est\u00e3o dispon\u00edveis outras ligas \u00e0 base de n\u00edquel. Contacte-nos<\/p>\n<p>info@lyfilter.com<\/p>","protected":false},"excerpt":{"rendered":"<table>\n<thead>\n<tr>\n<th>porta de arranque<\/th>\n<th>Guangzhou<\/th>\n<\/tr>\n<\/thead>\n<tbody>\n<tr>\n<td>capacidade de produ\u00e7\u00e3o<\/td>\n<td>10000 unidades\/m\u00eas<\/td>\n<\/tr>\n<tr>\n<td>local de origem<\/td>\n<td>Guangdong, China<\/td>\n<\/tr>\n<tr>\n<td>pagamento<\/td>\n<td>T\/T, Western Union<\/td>\n<\/tr>\n<tr>\n<td>moq<\/td>\n<td>1 unidade<\/td>\n<\/tr>\n<tr>\n<td>modelo<\/td>\n<td>LY-FB<\/td>\n<\/tr>\n<tr>\n<td>prazo de entrega<\/td>\n<td>No prazo de 7 dias \u00fateis<\/td>\n<\/tr>\n<tr>\n<td>certifica\u00e7\u00e3o<\/td>\n<td>ISO 9001<\/td>\n<\/tr>\n<tr>\n<td>marca<\/td>\n<td>OEM\/Lvyuan<\/td>\n<\/tr>\n<\/tbody>\n<\/table>","protected":false},"featured_media":2279,"comment_status":"open","ping_status":"closed","template":"","meta":{"_gspb_post_css":""},"product_brand":[],"product_cat":[17,22],"product_tag":[956,954,289,260,282,953],"class_list":{"0":"post-2274","1":"product","2":"type-product","3":"status-publish","4":"has-post-thumbnail","6":"product_cat-sediment-filter","7":"product_cat-sintered-filter-cartridge","8":"product_tag-1-piece-moq","9":"product_tag-custom-paper-tubes","10":"product_tag-guangzhou-shipping","11":"product_tag-iso-9001","12":"product_tag-oem-lvyuan","13":"product_tag-paper-tube-packaging","15":"first","16":"instock","17":"shipping-taxable","18":"product-type-simple"},"_links":{"self":[{"href":"https:\/\/lyfilter.com\/pt\/wp-json\/wp\/v2\/product\/2274","targetHints":{"allow":["GET"]}}],"collection":[{"href":"https:\/\/lyfilter.com\/pt\/wp-json\/wp\/v2\/product"}],"about":[{"href":"https:\/\/lyfilter.com\/pt\/wp-json\/wp\/v2\/types\/product"}],"replies":[{"embeddable":true,"href":"https:\/\/lyfilter.com\/pt\/wp-json\/wp\/v2\/comments?post=2274"}],"wp:featuredmedia":[{"embeddable":true,"href":"https:\/\/lyfilter.com\/pt\/wp-json\/wp\/v2\/media\/2279"}],"wp:attachment":[{"href":"https:\/\/lyfilter.com\/pt\/wp-json\/wp\/v2\/media?parent=2274"}],"wp:term":[{"taxonomy":"product_brand","embeddable":true,"href":"https:\/\/lyfilter.com\/pt\/wp-json\/wp\/v2\/product_brand?post=2274"},{"taxonomy":"product_cat","embeddable":true,"href":"https:\/\/lyfilter.com\/pt\/wp-json\/wp\/v2\/product_cat?post=2274"},{"taxonomy":"product_tag","embeddable":true,"href":"https:\/\/lyfilter.com\/pt\/wp-json\/wp\/v2\/product_tag?post=2274"}],"curies":[{"name":"wp","href":"https:\/\/api.w.org\/{rel}","templated":true}]}}