{"id":2270,"date":"2026-01-07T01:26:34","date_gmt":"2026-01-07T01:26:34","guid":{"rendered":"https:\/\/lyfilter.com\/?post_type=product&#038;p=2270"},"modified":"2026-05-08T01:23:44","modified_gmt":"2026-05-08T01:23:44","slug":"microns-porous-sinter-filter-tube-plastic-pe","status":"publish","type":"product","link":"https:\/\/lyfilter.com\/pt\/microns-porous-sinter-filter-tube-plastic-pe\/","title":{"rendered":"Tubo de filtro de sinteriza\u00e7\u00e3o poroso de m\u00edcrons Pl\u00e1stico PE"},"content":{"rendered":"<p><strong>Tubo de filtro de sinteriza\u00e7\u00e3o poroso de m\u00edcrons Pl\u00e1stico PE\u00a0<\/strong><\/p>\n<p>O filtro sinterizado Lvyuan \u00e9 feito principalmente de polietileno de peso molecular ultra-alto (PE e PA), politetrafluoroetileno (PTFE), p\u00f3 de a\u00e7o inoxid\u00e1vel, sinteriza\u00e7\u00e3o de p\u00f3 de cobre e outros materiais, compacto, forte, leve, capaz de trabalhar sob alta press\u00e3o, ins\u00edpido n\u00e3o t\u00f3xico, tem boa resist\u00eancia \u00e0 corros\u00e3o de \u00e1cido, \u00e1lcali e solventes. A sele\u00e7\u00e3o do filtro sinterizado, a seguran\u00e7a do trabalho, a melhoria do ambiente de produ\u00e7\u00e3o e a \u00e1rea \u00e9 pequena, a \u00e1rea de filtragem do fluxo de l\u00edquido sob qualquer sele\u00e7\u00e3o (1 - 200m2), particularmente adequada para o tratamento de \u00e1guas residuais e o fabrico de produtos qu\u00edmicos, farmac\u00eauticos, alimentares e outra filtragem de l\u00edquidos.<\/p>\n<p><img decoding=\"async\" src=\"https:\/\/img.yfisher.com\/m6076\/1725732617lty\/png70-t3-scale100.webp\" alt=\"Microns Tubo de filtro de sinteriza\u00e7\u00e3o poroso Pl\u00e1stico PE 2\" data-lazy=\"2\" title=\"\"><\/p>\n<p><strong>Teste hidrof\u00f3bico e hidrof\u00edlico<\/strong><\/p>\n<p><img decoding=\"async\" src=\"https:\/\/img.yfisher.com\/m6076\/1725732617qyx\/png70-t3-scale100.webp\" alt=\"Microns Tubo de filtro de sinteriza\u00e7\u00e3o poroso Pl\u00e1stico PE 3\" data-lazy=\"2\" title=\"\"><\/p>\n<p><img decoding=\"async\" src=\"https:\/\/img.yfisher.com\/m6076\/172573261772x\/png70-t3-scale100.webp\" alt=\"Microns Tubo de filtro de sinteriza\u00e7\u00e3o poroso Pl\u00e1stico PE 4\" data-lazy=\"2\" title=\"\"><\/p>\n<p>Se os nossos tamanhos padr\u00e3o n\u00e3o corresponderem \u00e0s suas necessidades, podem ser encomendados tamanhos personalizados. As suas amostras de prot\u00f3tipo de tamanho personalizado estar\u00e3o dispon\u00edveis rapidamente.<\/p>","protected":false},"excerpt":{"rendered":"<table>\n<thead>\n<tr>\n<th>item<\/th>\n<th>pormenores<\/th>\n<\/tr>\n<\/thead>\n<tbody>\n<tr>\n<td>porta de arranque<\/td>\n<td>Guangzhou<\/td>\n<\/tr>\n<tr>\n<td>capacidade de produ\u00e7\u00e3o<\/td>\n<td>10000 unidades\/m\u00eas<\/td>\n<\/tr>\n<tr>\n<td>local de origem<\/td>\n<td>Guangdong, China<\/td>\n<\/tr>\n<tr>\n<td>pagamento<\/td>\n<td>Western Union, Garantia de com\u00e9rcio Alibaba<\/td>\n<\/tr>\n<tr>\n<td>moq<\/td>\n<td>1 unidade<\/td>\n<\/tr>\n<tr>\n<td>modelo<\/td>\n<td>LY-FB<\/td>\n<\/tr>\n<tr>\n<td>prazo de entrega<\/td>\n<td>No prazo de 7 dias \u00fateis<\/td>\n<\/tr>\n<tr>\n<td>certifica\u00e7\u00e3o<\/td>\n<td>ISO 9001<\/td>\n<\/tr>\n<tr>\n<td>marca<\/td>\n<td>OEM\/Lvyuan<\/td>\n<\/tr>\n<\/tbody>\n<\/table>","protected":false},"featured_media":2273,"comment_status":"open","ping_status":"closed","template":"","meta":{"_gspb_post_css":""},"product_brand":[],"product_cat":[17,22],"product_tag":[956,954,289,260,282,953],"class_list":{"0":"post-2270","1":"product","2":"type-product","3":"status-publish","4":"has-post-thumbnail","6":"product_cat-sediment-filter","7":"product_cat-sintered-filter-cartridge","8":"product_tag-1-piece-moq","9":"product_tag-custom-paper-tubes","10":"product_tag-guangzhou-shipping","11":"product_tag-iso-9001","12":"product_tag-oem-lvyuan","13":"product_tag-paper-tube-packaging","15":"first","16":"instock","17":"shipping-taxable","18":"product-type-simple"},"_links":{"self":[{"href":"https:\/\/lyfilter.com\/pt\/wp-json\/wp\/v2\/product\/2270","targetHints":{"allow":["GET"]}}],"collection":[{"href":"https:\/\/lyfilter.com\/pt\/wp-json\/wp\/v2\/product"}],"about":[{"href":"https:\/\/lyfilter.com\/pt\/wp-json\/wp\/v2\/types\/product"}],"replies":[{"embeddable":true,"href":"https:\/\/lyfilter.com\/pt\/wp-json\/wp\/v2\/comments?post=2270"}],"wp:featuredmedia":[{"embeddable":true,"href":"https:\/\/lyfilter.com\/pt\/wp-json\/wp\/v2\/media\/2273"}],"wp:attachment":[{"href":"https:\/\/lyfilter.com\/pt\/wp-json\/wp\/v2\/media?parent=2270"}],"wp:term":[{"taxonomy":"product_brand","embeddable":true,"href":"https:\/\/lyfilter.com\/pt\/wp-json\/wp\/v2\/product_brand?post=2270"},{"taxonomy":"product_cat","embeddable":true,"href":"https:\/\/lyfilter.com\/pt\/wp-json\/wp\/v2\/product_cat?post=2270"},{"taxonomy":"product_tag","embeddable":true,"href":"https:\/\/lyfilter.com\/pt\/wp-json\/wp\/v2\/product_tag?post=2270"}],"curies":[{"name":"wp","href":"https:\/\/api.w.org\/{rel}","templated":true}]}}