{"id":2266,"date":"2026-01-07T01:16:53","date_gmt":"2026-01-07T01:16:53","guid":{"rendered":"https:\/\/lyfilter.com\/?post_type=product&#038;p=2266"},"modified":"2026-01-07T01:16:53","modified_gmt":"2026-01-07T01:16:53","slug":"plastic-sintered-liquid-cartridge-filter-industrial-waste-water-gas-air-treatment","status":"publish","type":"product","link":"https:\/\/lyfilter.com\/pt\/plastic-sintered-liquid-cartridge-filter-industrial-waste-water-gas-air-treatment\/","title":{"rendered":"Filtro de Cartucho de L\u00edquido Sinterizado de Pl\u00e1stico Tratamento de Ar de G\u00e1s de \u00c1gua Residual Industrial"},"content":{"rendered":"<div class=\"unit-detail-html-tabs__content-attr\">\n<div class=\"unit-product-attrparam\">\n<div class=\"unit-product-attrparam__items row\">\n<div class=\"col-12 col-md-6\">\n<div class=\"unit-product-attrparam__item\">\n<div class=\"unit-product-attrparam__label\">Material<\/div>\n<div class=\"unit-product-attrparam__value\" title=\"pe \">pe<\/div>\n<\/div>\n<\/div>\n<div class=\"col-12 col-md-6\">\n<div class=\"unit-product-attrparam__item\">\n<div class=\"unit-product-attrparam__label\">Disponibilidade<\/div>\n<div class=\"unit-product-attrparam__value\" title=\"OEM\">OEM<\/div>\n<\/div>\n<\/div>\n<\/div>\n<\/div>\n<\/div>\n<div class=\"unit-detail-html-tabs__content-featuresAttr\"><\/div>\n<div class=\"unit-detail-html-tabs__content-html\">\n<div>\n<div id=\"detail_decorate_root\" data-host=\"112190218\" data-id=\"detail_decorate_root\" data-magic-global=\"%7B%22bizId%22%3A17381045746%2C%22pageId%22%3A5101297240%2C%22siteId%22%3A5005126472%7D\">\n<div class=\"J_module\">\n<div class=\"detail-decorate-json-renderer-container\">\n<div class=\"magic-0\">\n<h3 class=\"magic-1\" data-id=\"title0\">Filtro de Cartucho de L\u00edquido Sinterizado de Pl\u00e1stico Tratamento de Ar de G\u00e1s de \u00c1gua Residual Industrial<\/h3>\n<\/div>\n<\/div>\n<\/div>\n<div class=\"J_module\">\n<div class=\"detail-decorate-json-renderer-container\">\n<div class=\"magic-0\">\n<div class=\"magic-2\">\n<div class=\"magic-3\">\n<div class=\"magic-4\" data-id=\"paragraph0\">A Lvyuan produz uma vasta gama de produtos de filtragem de pl\u00e1stico poroso sinterizado, incluindo PE poroso, HDPE, PTFE, PVDF, PA, Nylon 6, fibra de vidro com formas de tubo, haste, vela, folha, placa, disco, bast\u00e3o, etc. Com v\u00e1rias taxas de filtragem, formas e carater\u00edsticas, os cartuchos de filtro de pl\u00e1stico poroso sinterizado s\u00e3o amplamente utilizados no tratamento de \u00e1gua, engenharia qu\u00edmica, tratamento m\u00e9dico, autom\u00f3vel, prote\u00e7\u00e3o ambiental e outras ind\u00fastrias, tais como separador de \u00e1gua de \u00f3leo e silenciador, testador de condu\u00e7\u00e3o embriagado, tamp\u00e3o cego para tratamento m\u00e9dico, xarope e dispositivo de filtro de gordura, fatias anti-explos\u00e3o para bateria industrial, fatias \u00e0 prova de \u00e1cido para bateria de autom\u00f3vel, tratamento de \u00e1guas residuais, sistema de filtro de purifica\u00e7\u00e3o de \u00e1gua e muito mais. Os filtros de pl\u00e1sticos porosos sinterizados Lvyuan podem atender aos requisitos de diferentes clientes. Formas moldadas personalizadas est\u00e3o dispon\u00edveis.<\/div>\n<\/div>\n<\/div>\n<\/div>\n<\/div>\n<\/div>\n<div class=\"J_module\">\n<div id=\"ali-anchor-AliMagic-9dmlpd\" class=\"magic-5\" data-section=\"AliMagic-9dmlpd\" data-section-title=\"Product Feature\">Carater\u00edstica do produto<\/div>\n<\/div>\n<div class=\"J_module\">\n<div class=\"detail-decorate-json-renderer-container\">\n<div class=\"magic-0\">\n<div class=\"magic-2\">\n<div class=\"magic-3\">\n<div class=\"magic-4\">1. Elevada porosidade para garantir um maior fluxo por unidade de \u00e1rea; 2. superf\u00edcie exterior lisa, as impurezas n\u00e3o s\u00e3o f\u00e1ceis de aderir, a lavagem das costas \u00e9 f\u00e1cil e completa; 3. capacidade anti-incrustante: a pequena dimens\u00e3o do filtro faz com que as impurezas n\u00e3o possam ser retidas no corpo do filtro; 4. resist\u00eancia a \u00e1cidos fortes, corros\u00e3o alcalina, resist\u00eancia a solventes org\u00e2nicos; 5. excelentes propriedades mec\u00e2nicas; 6. sem liberta\u00e7\u00e3o de part\u00edculas. 7. Ampla gama de produtos e vasto \u00e2mbito de aplica\u00e7\u00e3o<\/div>\n<\/div>\n<\/div>\n<\/div>\n<\/div>\n<\/div>\n<div class=\"J_module\">\n<div class=\"ife-detail-decorate-table\">\n<div class=\"table-responsive\">\n<table class=\"hight-light-first-column all magic-19\">\n<tbody>\n<tr class=\"firstRow\">\n<td colspan=\"1\" rowspan=\"1\">\n<div class=\"magic-20\">Meios filtrantes<\/div>\n<\/td>\n<td colspan=\"1\" rowspan=\"1\">\n<div class=\"magic-21\">PE, HDPE, PTFE, PVDF, PA\/Nylon, etc.<\/div>\n<\/td>\n<\/tr>\n<tr>\n<td colspan=\"1\" rowspan=\"1\">\n<div class=\"magic-20\">Taxa de microns<\/div>\n<\/td>\n<td colspan=\"1\" rowspan=\"1\">\n<div class=\"magic-21\">0,2um, 0,5um, 1um, 3um, 5um, 10um, 25um, 30um, 50um, 75um, 100um, etc<\/div>\n<\/td>\n<\/tr>\n<tr>\n<td colspan=\"1\" rowspan=\"1\">\n<div class=\"magic-20\">Dimens\u00e3o de refer\u00eancia<\/p>\n<div>(mm)<\/div>\n<\/div>\n<\/td>\n<td colspan=\"1\" rowspan=\"1\">\n<div class=\"magic-21\">31x12x1000, 31x20x1000, 38x20x1000, 38x18x1000, 38x20x1200, 38x20x1300, 38x20x150, 38x20x400, 38x20x250, 38x20x200, 38x20x180,<br \/>\n38x20x150, 50x20x1000, 50x31x1000, 50x38x1000, 65x31x1000, 65x38x1000, 64x44x1000, 78x62x750mm, etc.<\/div>\n<\/td>\n<\/tr>\n<tr>\n<td colspan=\"1\" rowspan=\"1\">\n<div class=\"magic-20\">Tipo de conetor<\/div>\n<\/td>\n<td colspan=\"1\" rowspan=\"1\">\n<div class=\"magic-21\">DOE, SOE, plano, inserto, rosca, 226, 222, 215, M36, M30, M27, M25, M22, M14, M12, ou conforme pedido.<\/div>\n<\/td>\n<\/tr>\n<tr>\n<td colspan=\"1\" rowspan=\"1\">\n<div class=\"magic-20\">Temperatura m\u00e1xima de funcionamento<\/div>\n<\/td>\n<td colspan=\"1\" rowspan=\"1\">\n<div class=\"magic-21\">PE\u226482\u2103; PTFE\u2265200\u2103; PA\u2264120\u2103<\/div>\n<\/td>\n<\/tr>\n<\/tbody>\n<\/table>\n<\/div>\n<p><img decoding=\"async\" src=\"https:\/\/img.yfisher.com\/m6076\/17257326026ld\/jpg70-t3-scale100.webp\" alt=\"Filtro de Cartucho de L\u00edquido Sinterizado de Pl\u00e1stico Tratamento de Ar de G\u00e1s de \u00c1gua Residual Industrial 2\" data-lazy=\"2\" title=\"\"><\/p>\n<\/div>\n<\/div>\n<div class=\"J_module\">\n<div class=\"detail-decorate-json-renderer-container\">\n<div class=\"magic-0\">\n<h3 class=\"magic-1\" data-id=\"title0\">M\u00e9dico e farmac\u00eautico<\/h3>\n<div class=\"magic-2\">\n<div class=\"magic-3\">\n<div class=\"magic-4\" data-id=\"paragraph0\">1. Remo\u00e7\u00e3o de impurezas, descarboniza\u00e7\u00e3o e filtragem fina. 2. Dedu\u00e7\u00e3o a seco de g\u00e1s \u00e1cido 3. Filtragem de descarboniza\u00e7\u00e3o 4. Filtros auto-selantes em saco de revestimento de suc\u00e7\u00e3o<\/div>\n<\/div>\n<\/div>\n<\/div>\n<\/div>\n<\/div>\n<div class=\"J_module\">\n<div class=\"detail-decorate-json-renderer-container\">\n<div class=\"magic-0\">\n<h3 class=\"magic-1\" data-id=\"title0\">Alimenta\u00e7\u00e3o e bebidas<\/h3>\n<div class=\"magic-2\">\n<div class=\"magic-3\">\n<div class=\"magic-4\" data-id=\"paragraph0\">1. Filtra\u00e7\u00e3o da levedura restante e da terra de diatom\u00e1ceas 2. Filtra\u00e7\u00e3o de clarifica\u00e7\u00e3o em bebidas 3. Filtra\u00e7\u00e3o de \u00e1gua em bebidas e cervejarias 4. Filtra\u00e7\u00e3o de ar est\u00e9ril em cerveja e cervejaria<\/div>\n<\/div>\n<\/div>\n<\/div>\n<\/div>\n<\/div>\n<div class=\"J_module\">\n<div class=\"detail-decorate-json-renderer-container\">\n<div class=\"magic-0\">\n<h3 class=\"magic-1\" data-id=\"title0\">Petr\u00f3leo e g\u00e1s<\/h3>\n<div class=\"magic-2\">\n<div class=\"magic-3\">\n<div class=\"magic-4\" data-id=\"paragraph0\">1. Filtra\u00e7\u00e3o de reciclagem de solventes org\u00e2nicos 2. Filtragem de \u00e1gua de inje\u00e7\u00e3o 3. Filtragem de vapor, ar comprimido e catalisador 4. Filtragem do produto final<\/div>\n<\/div>\n<\/div>\n<\/div>\n<\/div>\n<\/div>\n<div class=\"J_module\">\n<div class=\"detail-decorate-json-renderer-container\">\n<div class=\"magic-0\">\n<h3 class=\"magic-1\" data-id=\"title0\">Qu\u00edmica<\/h3>\n<div class=\"magic-2\">\n<div class=\"magic-3\">\n<div class=\"magic-4\" data-id=\"paragraph0\">1. Recupera\u00e7\u00e3o do catalisador 2. Descarboniza\u00e7\u00e3o interm\u00e9dia de medicamentos e filtra\u00e7\u00e3o fina 3. Filtra\u00e7\u00e3o do processo H2O2<\/div>\n<\/div>\n<\/div>\n<\/div>\n<\/div>\n<\/div>\n<div class=\"J_module\">\n<div class=\"detail-decorate-json-renderer-container\">\n<div class=\"magic-0\">\n<h3 class=\"magic-1\" data-id=\"title0\">Tratamento da \u00e1gua<\/h3>\n<div class=\"magic-2\">\n<div class=\"magic-3\">\n<div class=\"magic-4\" data-id=\"paragraph0\">1. Prote\u00e7\u00e3o da osmose inversa na dessaliniza\u00e7\u00e3o da \u00e1gua do mar 2. Filtra\u00e7\u00e3o est\u00e9ril por ozono e arejamento por ozono 3. Prote\u00e7\u00e3o de sistemas de ultrafiltra\u00e7\u00e3o, RO, EDI<\/div>\n<\/div>\n<\/div>\n<\/div>\n<\/div>\n<\/div>\n<div class=\"J_module\">\n<div class=\"detail-decorate-json-renderer-container\">\n<div class=\"magic-0\">\n<h3 class=\"magic-1\" data-id=\"title0\">Ind\u00fastria<\/h3>\n<div class=\"magic-2\">\n<div class=\"magic-3\">\n<div class=\"magic-4\" data-id=\"paragraph0\">1. Filtros em sistemas de an\u00e1lise de gases de combust\u00e3o e CEMS 2. Arejamento do ar 3. Silenciador e silenciador 4. Filtragem de ar comprimido 5. Filtros de instrumentos de metal poroso CMI<\/div>\n<\/div>\n<\/div>\n<\/div>\n<\/div>\n<\/div>\n<div class=\"J_module\">\n<div id=\"ali-anchor-AliMagic-q1wbbq\" class=\"magic-5\" data-section=\"AliMagic-q1wbbq\" data-section-title=\"Certifications\">Certifica\u00e7\u00f5es<\/div>\n<\/div>\n<\/div>\n<\/div>\n<\/div>","protected":false},"excerpt":{"rendered":"<table>\n<thead>\n<tr>\n<th>item<\/th>\n<th>pormenores<\/th>\n<\/tr>\n<\/thead>\n<tbody>\n<tr>\n<td>porta de arranque<\/td>\n<td>Guangzhou<\/td>\n<\/tr>\n<tr>\n<td>capacidade de produ\u00e7\u00e3o<\/td>\n<td>10000 unidades\/m\u00eas<\/td>\n<\/tr>\n<tr>\n<td>local de origem<\/td>\n<td>Guangdong, China<\/td>\n<\/tr>\n<tr>\n<td>pagamento<\/td>\n<td>T\/T, garantia de com\u00e9rcio Alibaba, paypal<\/td>\n<\/tr>\n<tr>\n<td>moq<\/td>\n<td>1 unidade<\/td>\n<\/tr>\n<tr>\n<td>modelo<\/td>\n<td>LY-HFPL<\/td>\n<\/tr>\n<tr>\n<td>prazo de entrega<\/td>\n<td>No prazo de 7 dias \u00fateis<\/td>\n<\/tr>\n<tr>\n<td>certifica\u00e7\u00e3o<\/td>\n<td>ISO 9001<\/td>\n<\/tr>\n<tr>\n<td>marca<\/td>\n<td>OEM\/Lvyuan<\/td>\n<\/tr>\n<\/tbody>\n<\/table>","protected":false},"featured_media":2268,"comment_status":"open","ping_status":"closed","template":"","meta":{"_gspb_post_css":""},"product_brand":[],"product_cat":[17,22],"product_tag":[954,289,260,280,955,953],"class_list":{"0":"post-2266","1":"product","2":"type-product","3":"status-publish","4":"has-post-thumbnail","6":"product_cat-sediment-filter","7":"product_cat-sintered-filter-cartridge","8":"product_tag-custom-paper-tubes","9":"product_tag-guangzhou-shipping","10":"product_tag-iso-9001","11":"product_tag-low-moq","12":"product_tag-oem-packaging","13":"product_tag-paper-tube-packaging","15":"first","16":"instock","17":"shipping-taxable","18":"product-type-simple"},"_links":{"self":[{"href":"https:\/\/lyfilter.com\/pt\/wp-json\/wp\/v2\/product\/2266","targetHints":{"allow":["GET"]}}],"collection":[{"href":"https:\/\/lyfilter.com\/pt\/wp-json\/wp\/v2\/product"}],"about":[{"href":"https:\/\/lyfilter.com\/pt\/wp-json\/wp\/v2\/types\/product"}],"replies":[{"embeddable":true,"href":"https:\/\/lyfilter.com\/pt\/wp-json\/wp\/v2\/comments?post=2266"}],"wp:featuredmedia":[{"embeddable":true,"href":"https:\/\/lyfilter.com\/pt\/wp-json\/wp\/v2\/media\/2268"}],"wp:attachment":[{"href":"https:\/\/lyfilter.com\/pt\/wp-json\/wp\/v2\/media?parent=2266"}],"wp:term":[{"taxonomy":"product_brand","embeddable":true,"href":"https:\/\/lyfilter.com\/pt\/wp-json\/wp\/v2\/product_brand?post=2266"},{"taxonomy":"product_cat","embeddable":true,"href":"https:\/\/lyfilter.com\/pt\/wp-json\/wp\/v2\/product_cat?post=2266"},{"taxonomy":"product_tag","embeddable":true,"href":"https:\/\/lyfilter.com\/pt\/wp-json\/wp\/v2\/product_tag?post=2266"}],"curies":[{"name":"wp","href":"https:\/\/api.w.org\/{rel}","templated":true}]}}