{"id":2259,"date":"2026-01-06T10:24:19","date_gmt":"2026-01-06T10:24:19","guid":{"rendered":"https:\/\/lyfilter.com\/?post_type=product&#038;p=2259"},"modified":"2026-01-06T10:24:19","modified_gmt":"2026-01-06T10:24:19","slug":"liquid-filtration-30mpa-mini-sintered-uhmwpe-pvdf-porous-filter-disc","status":"publish","type":"product","link":"https:\/\/lyfilter.com\/pt\/liquid-filtration-30mpa-mini-sintered-uhmwpe-pvdf-porous-filter-disc\/","title":{"rendered":"Filtra\u00e7\u00e3o de l\u00edquidos 30Mpa Mini disco de filtro poroso UHMWPE PVDF sinterizado"},"content":{"rendered":"<div class=\"unit-detail-html-tabs__content-attr\">\n<div class=\"unit-product-attrparam\">\n<div class=\"unit-product-attrparam__items row\">\n<div class=\"col-12 col-md-6\">\n<div class=\"unit-product-attrparam__item\">\n<div class=\"unit-product-attrparam__label\">Material:pe<br \/>\nDisponibilidade: OEM\/ODM<\/div>\n<\/div>\n<\/div>\n<\/div>\n<\/div>\n<\/div>\n<div class=\"unit-detail-html-tabs__content-featuresAttr\"><\/div>\n<div class=\"unit-detail-html-tabs__content-html\">\n<div class=\"detail-decorate-json-renderer-container\">\n<div class=\"magic-0\">\n<h3 class=\"magic-1\" data-id=\"title0\"><strong>Discos de filtro sint\u00e9ticos sinterizados mini disco de filtro de ar para PVDF PTFE PE sinterizado<\/strong><\/h3>\n<\/div>\n<\/div>\n<div id=\"ali-anchor-AliMagic-vfkybt\" class=\"magic-5\" data-section=\"AliMagic-vfkybt\" data-section-title=\"Product Description\">Descri\u00e7\u00e3o do produto<\/div>\n<div class=\"magic-5\" data-section=\"AliMagic-vfkybt\" data-section-title=\"Product Description\"><\/div>\n<div class=\"magic-5\" data-section=\"AliMagic-vfkybt\" data-section-title=\"Product Description\">O filtro sinterizado \u00e9 feito principalmente de polietileno de peso molecular ultra-elevado (PE e PA), politetrafluoroetileno (PTFE), p\u00f3 de a\u00e7o inoxid\u00e1vel, sinteriza\u00e7\u00e3o de p\u00f3 de cobre e outros materiais, compacto, forte, leve, capaz de trabalhar sob alta press\u00e3o, ins\u00edpido n\u00e3o t\u00f3xico, tem boa resist\u00eancia \u00e0 corros\u00e3o de \u00e1cidos, \u00e1lcalis e solventes.<\/div>\n<div class=\"icbu-pc-detailManyImage magic-6\" data-module-name=\"icbu-pc-detailManyImage\">\n<div class=\"magic-7\"><\/div>\n<\/div>\n<div class=\"detail-decorate-json-renderer-container\">\n<div class=\"magic-0\">\n<div class=\"magic-15\">\n<div class=\"magic-3\">\n<div class=\"magic-4\" data-id=\"paragraph0\"><img decoding=\"async\" src=\"https:\/\/img.yfisher.com\/m6076\/17257325984ow\/jpg70-t3-scale100.webp\" alt=\"Filtra\u00e7\u00e3o de l\u00edquidos 30Mpa Mini disco de filtro poroso UHMWPE PVDF sinterizado 2\" data-lazy=\"2\" title=\"\"><\/div>\n<\/div>\n<\/div>\n<\/div>\n<\/div>\n<div class=\"magic-5\" data-section=\"AliMagic-12llv1\" data-section-title=\"Product Feature\"><\/div>\n<div class=\"table-responsive\">\n<table border=\"1\" width=\"475\" cellspacing=\"0\" cellpadding=\"0\">\n<colgroup>\n<col \/>\n<col \/><\/colgroup>\n<tbody>\n<tr class=\"firstRow\">\n<td height=\"41\">\n<div data-spm-anchor-id=\"a2700.details.pronpeci14.i2.fb5d3b02h2q9RT\">Nome do produto<\/div>\n<\/td>\n<td>\n<div>filtro de disco de pl\u00e1stico para humidificadores m\u00e9dicos de pe sinterizado de 2 m\u00edcrones<\/div>\n<\/td>\n<\/tr>\n<tr>\n<td height=\"39\">\n<div data-spm-anchor-id=\"a2700.details.pronpeci14.i1.fb5d3b02h2q9RT\">Material<\/div>\n<\/td>\n<td>\n<div>Polietileno de peso molecular ultra-elevado (UHMWPE)<\/div>\n<\/td>\n<\/tr>\n<tr>\n<td height=\"21\">\n<div>Cor<\/div>\n<\/td>\n<td>\n<div>branco<\/div>\n<\/td>\n<\/tr>\n<tr>\n<td height=\"21\">\n<div>Padr\u00e3o<\/div>\n<\/td>\n<td>\n<div>ISO SGS<\/div>\n<\/td>\n<\/tr>\n<tr>\n<td height=\"58\">\n<div>Usado<\/div>\n<\/td>\n<td>\n<div>\u00e1gua pura, \u00e1gua viva, bebida, medicamento, l\u00edquido de galvanoplastia, emuls\u00e3o, l\u00edquido de lavagem, solu\u00e7\u00e3o \u00e1cida ou alcalina<\/div>\n<\/td>\n<\/tr>\n<\/tbody>\n<\/table>\n<\/div>\n<p>&nbsp;<\/p>\n<div class=\"magic-5\" data-section=\"AliMagic-jjk5wz\" data-section-title=\"Application\"><\/div>\n<div class=\"magic-5\" data-section=\"AliMagic-jjk5wz\" data-section-title=\"Application\"><strong>O nosso servi\u00e7o<\/strong><\/div>\n<div class=\"magic-5\" data-section=\"AliMagic-jjk5wz\" data-section-title=\"Application\"><\/div>\n<div class=\"magic-5\" data-section=\"AliMagic-jjk5wz\" data-section-title=\"Application\">\n<ul>\n<li>Em linha com \u201co que os clientes precisam \u00e9 o que devemos fazer\u201d, n\u00f3s sempre aderimos \u00e0s nossas pol\u00edticas de qualidade de:<\/li>\n<li>Ganhar o mercado atrav\u00e9s de uma qualidade superior,<\/li>\n<li>Alcan\u00e7ar uma efici\u00eancia elevada e beneficiar de uma gest\u00e3o excelente,<\/li>\n<li>Ser sincero e honesto, cumprindo as leis e os regulamentos,<\/li>\n<li>Promover o desenvolvimento atrav\u00e9s de uma melhoria sustentada.<\/li>\n<li>Al\u00e9m disso, de acordo com o nosso lema de gest\u00e3o \u201ccriatividade, servi\u00e7o e abordagem win-win\", faremos o nosso melhor para fornecer aos nossos clientes produtos e servi\u00e7os de qualidade superior.<\/li>\n<\/ul>\n<\/div>\n<\/div>","protected":false},"excerpt":{"rendered":"<table>\n<thead>\n<tr>\n<th>item<\/th>\n<th>pormenores<\/th>\n<\/tr>\n<\/thead>\n<tbody>\n<tr>\n<td>porta de arranque<\/td>\n<td>guangzhou<\/td>\n<\/tr>\n<tr>\n<td>capacidade de produ\u00e7\u00e3o<\/td>\n<td>10000 unidades\/m\u00eas<\/td>\n<\/tr>\n<tr>\n<td>local de origem<\/td>\n<td>guangdong, china<\/td>\n<\/tr>\n<tr>\n<td>pagamento<\/td>\n<td>t\/t, garantia comercial alibaba<\/td>\n<\/tr>\n<tr>\n<td>modelo<\/td>\n<td>ly-hfpl<\/td>\n<\/tr>\n<tr>\n<td>prazo de entrega<\/td>\n<td>no prazo de 7 dias \u00fateis<\/td>\n<\/tr>\n<tr>\n<td>certifica\u00e7\u00e3o<\/td>\n<td>iso 9001<\/td>\n<\/tr>\n<tr>\n<td>marca<\/td>\n<td>oem\/lvyuan<\/td>\n<\/tr>\n<\/tbody>\n<\/table>","protected":false},"featured_media":2240,"comment_status":"open","ping_status":"closed","template":"","meta":{"_gspb_post_css":""},"product_brand":[],"product_cat":[17,22],"product_tag":[279,261,262,260,268,282],"class_list":{"0":"post-2259","1":"product","2":"type-product","3":"status-publish","4":"has-post-thumbnail","6":"product_cat-sediment-filter","7":"product_cat-sintered-filter-cartridge","8":"product_tag-alibaba-trade-assurance","9":"product_tag-guangdong-china","10":"product_tag-guangzhou-port","11":"product_tag-iso-9001","12":"product_tag-ly-hfpl","13":"product_tag-oem-lvyuan","15":"first","16":"instock","17":"shipping-taxable","18":"product-type-simple"},"_links":{"self":[{"href":"https:\/\/lyfilter.com\/pt\/wp-json\/wp\/v2\/product\/2259","targetHints":{"allow":["GET"]}}],"collection":[{"href":"https:\/\/lyfilter.com\/pt\/wp-json\/wp\/v2\/product"}],"about":[{"href":"https:\/\/lyfilter.com\/pt\/wp-json\/wp\/v2\/types\/product"}],"replies":[{"embeddable":true,"href":"https:\/\/lyfilter.com\/pt\/wp-json\/wp\/v2\/comments?post=2259"}],"wp:featuredmedia":[{"embeddable":true,"href":"https:\/\/lyfilter.com\/pt\/wp-json\/wp\/v2\/media\/2240"}],"wp:attachment":[{"href":"https:\/\/lyfilter.com\/pt\/wp-json\/wp\/v2\/media?parent=2259"}],"wp:term":[{"taxonomy":"product_brand","embeddable":true,"href":"https:\/\/lyfilter.com\/pt\/wp-json\/wp\/v2\/product_brand?post=2259"},{"taxonomy":"product_cat","embeddable":true,"href":"https:\/\/lyfilter.com\/pt\/wp-json\/wp\/v2\/product_cat?post=2259"},{"taxonomy":"product_tag","embeddable":true,"href":"https:\/\/lyfilter.com\/pt\/wp-json\/wp\/v2\/product_tag?post=2259"}],"curies":[{"name":"wp","href":"https:\/\/api.w.org\/{rel}","templated":true}]}}