{"id":2251,"date":"2026-01-06T10:20:31","date_gmt":"2026-01-06T10:20:31","guid":{"rendered":"https:\/\/lyfilter.com\/?post_type=product&#038;p=2251"},"modified":"2026-01-06T10:20:31","modified_gmt":"2026-01-06T10:20:31","slug":"exhaust-air-line-silencer-spillover-prevention-filters-for-discharge-liquid-bag","status":"publish","type":"product","link":"https:\/\/lyfilter.com\/pt\/exhaust-air-line-silencer-spillover-prevention-filters-for-discharge-liquid-bag\/","title":{"rendered":"Silenciador da linha de ar de exaust\u00e3o Filtros de preven\u00e7\u00e3o de derrames para saco de l\u00edquido de descarga"},"content":{"rendered":"<div class=\"unit-detail-html-tabs__content-attr\">\n<div class=\"unit-product-attrparam\">\n<div class=\"unit-product-attrparam__items row\">\n<div class=\"col-12 col-md-6\">\n<div class=\"unit-product-attrparam__item\">\n<div class=\"unit-product-attrparam__label\">Material:pe<br \/>\nDisponibilidade: OEM\/ODM<\/div>\n<\/div>\n<\/div>\n<\/div>\n<\/div>\n<\/div>\n<div class=\"unit-detail-html-tabs__content-featuresAttr\"><\/div>\n<div class=\"unit-detail-html-tabs__content-html\">\n<p><strong>Silenciador da linha de ar de exaust\u00e3o Filtros de preven\u00e7\u00e3o de derrames para saco de l\u00edquido de descarga<\/strong><\/p>\n<div class=\"J_module\">\n<div class=\"detail-decorate-json-renderer-container\">\n<div class=\"magic-1\">\n<div class=\"magic-2\" data-spm-anchor-id=\"a2700.wholesale.0.i16.645f57536S1GwK\">\n<div class=\"magic-3\">\n<div class=\"magic-4\">1. Elevada porosidade para assegurar um maior fluxo por unidade de \u00e1rea;<\/p>\n<div>2. Superf\u00edcie exterior lisa, as impurezas n\u00e3o s\u00e3o f\u00e1ceis de aderir, lavagem posterior<br \/>\nf\u00e1cil e completo;<\/div>\n<div>3. Capacidade anti-incrustante: a pequena dimens\u00e3o do filtro faz com que as impurezas n\u00e3o fiquem retidas no corpo do filtro;<br \/>\n4. Resist\u00eancia a \u00e1cidos fortes, corros\u00e3o alcalina, resist\u00eancia a solventes org\u00e2nicos;<\/div>\n<div>5. Excelentes propriedades mec\u00e2nicas;<\/div>\n<div>6. N\u00e3o h\u00e1 liberta\u00e7\u00e3o de part\u00edculas.<\/div>\n<div>7. Ampla gama de produtos e vasto \u00e2mbito de aplica\u00e7\u00e3o<\/div>\n<\/div>\n<\/div>\n<\/div>\n<\/div>\n<\/div>\n<\/div>\n<div class=\"J_module\">\n<div class=\"ife-detail-decorate-table\">\n<div class=\"table-responsive\">\n<table class=\"has-title all magic-5\" width=\"750\">\n<tbody>\n<tr class=\"firstRow\">\n<td colspan=\"1\" rowspan=\"1\" height=\"20\">\n<div class=\"magic-6\">Meios filtrantes<\/div>\n<\/td>\n<td colspan=\"1\" rowspan=\"1\" height=\"20\">\n<div class=\"magic-7\">PE, HDPE, PTFE, PVDF, PA\/Nylon, etc.<\/div>\n<\/td>\n<\/tr>\n<tr>\n<td colspan=\"1\" rowspan=\"1\" height=\"20\">\n<div class=\"magic-6\">Taxa de microns<\/div>\n<\/td>\n<td colspan=\"1\" rowspan=\"1\" height=\"20\">\n<div class=\"magic-7\">0,2um, 0,5um, 1um, 3um, 5um, 10um, 25um, 30um, 50um, 75um, 100um, etc<\/div>\n<\/td>\n<\/tr>\n<tr>\n<td colspan=\"1\" rowspan=\"1\" height=\"20\">\n<div class=\"magic-6\">Dimens\u00e3o de refer\u00eancia (mm)<\/div>\n<\/td>\n<td colspan=\"1\" rowspan=\"1\" height=\"20\">\n<div class=\"magic-7\">38x20x150, 50x20x1000, 50x31x1000, 50x38x1000, 65x31x1000, 65x38x1000, 64x44x1000, 78x62x750mm, etc.<\/div>\n<\/td>\n<\/tr>\n<tr>\n<td colspan=\"1\" rowspan=\"1\" height=\"20\">\n<div class=\"magic-6\">Tipo de conetor<\/div>\n<\/td>\n<td colspan=\"1\" rowspan=\"1\" height=\"20\">\n<div class=\"magic-7\">DOE, SOE, plano, inserto, rosca, 226, 222, 215, M36, M30, M27, M25, M22, M14, M12, ou conforme pedido.<\/div>\n<\/td>\n<\/tr>\n<tr>\n<td colspan=\"1\" rowspan=\"1\" height=\"20\">\n<div class=\"magic-6\">Temperatura m\u00e1xima de funcionamento<\/div>\n<\/td>\n<td colspan=\"1\" rowspan=\"1\" height=\"20\">\n<div class=\"magic-7\">PE\u226482\u2103; PTFE\u2265200\u2103; PA\u2264120\u2103<\/div>\n<\/td>\n<\/tr>\n<\/tbody>\n<\/table>\n<\/div>\n<\/div>\n<\/div>\n<p><img decoding=\"async\" src=\"https:\/\/img.yfisher.com\/m6076\/17257325944an\/png70-t3-scale100.webp\" alt=\"Silenciador da linha de ar de exaust\u00e3o Filtros de preven\u00e7\u00e3o de derrames para o saco de l\u00edquido de descarga 2\" data-lazy=\"2\" title=\"\"><\/p>\n<p><img decoding=\"async\" src=\"https:\/\/img.yfisher.com\/m6076\/1725732594k8d\/png70-t3-scale100.webp\" alt=\"Silenciador da linha de ar de exaust\u00e3o Filtros de preven\u00e7\u00e3o de derrames para o saco de l\u00edquido de descarga 3\" data-lazy=\"2\" title=\"\"><\/p>\n<\/div>","protected":false},"excerpt":{"rendered":"<table>\n<thead>\n<tr>\n<th>item<\/th>\n<th>pormenores<\/th>\n<\/tr>\n<\/thead>\n<tbody>\n<tr>\n<td>porta de arranque<\/td>\n<td>guangzhou<\/td>\n<\/tr>\n<tr>\n<td>capacidade de produ\u00e7\u00e3o<\/td>\n<td>10000 unidades\/m\u00eas<\/td>\n<\/tr>\n<tr>\n<td>local de origem<\/td>\n<td>guangdong, china<\/td>\n<\/tr>\n<tr>\n<td>pagamento<\/td>\n<td>t\/t, paypal<\/td>\n<\/tr>\n<tr>\n<td>moq<\/td>\n<td>1 unidade<\/td>\n<\/tr>\n<tr>\n<td>modelo<\/td>\n<td>ly-hfpl<\/td>\n<\/tr>\n<tr>\n<td>prazo de entrega<\/td>\n<td>no prazo de 7 dias \u00fateis<\/td>\n<\/tr>\n<tr>\n<td>certifica\u00e7\u00e3o<\/td>\n<td>iso 9001<\/td>\n<\/tr>\n<tr>\n<td>marca<\/td>\n<td>oem\/lvyuan<\/td>\n<\/tr>\n<\/tbody>\n<\/table>","protected":false},"featured_media":2256,"comment_status":"open","ping_status":"closed","template":"","meta":{"_gspb_post_css":""},"product_brand":[],"product_cat":[17,22],"product_tag":[939,262,260,268,282,941],"class_list":{"0":"post-2251","1":"product","2":"type-product","3":"status-publish","4":"has-post-thumbnail","6":"product_cat-sediment-filter","7":"product_cat-sintered-filter-cartridge","8":"product_tag-1-pcs-moq","9":"product_tag-guangzhou-port","10":"product_tag-iso-9001","11":"product_tag-ly-hfpl","12":"product_tag-oem-lvyuan","13":"product_tag-paypal-payment","15":"first","16":"instock","17":"shipping-taxable","18":"product-type-simple"},"_links":{"self":[{"href":"https:\/\/lyfilter.com\/pt\/wp-json\/wp\/v2\/product\/2251","targetHints":{"allow":["GET"]}}],"collection":[{"href":"https:\/\/lyfilter.com\/pt\/wp-json\/wp\/v2\/product"}],"about":[{"href":"https:\/\/lyfilter.com\/pt\/wp-json\/wp\/v2\/types\/product"}],"replies":[{"embeddable":true,"href":"https:\/\/lyfilter.com\/pt\/wp-json\/wp\/v2\/comments?post=2251"}],"wp:featuredmedia":[{"embeddable":true,"href":"https:\/\/lyfilter.com\/pt\/wp-json\/wp\/v2\/media\/2256"}],"wp:attachment":[{"href":"https:\/\/lyfilter.com\/pt\/wp-json\/wp\/v2\/media?parent=2251"}],"wp:term":[{"taxonomy":"product_brand","embeddable":true,"href":"https:\/\/lyfilter.com\/pt\/wp-json\/wp\/v2\/product_brand?post=2251"},{"taxonomy":"product_cat","embeddable":true,"href":"https:\/\/lyfilter.com\/pt\/wp-json\/wp\/v2\/product_cat?post=2251"},{"taxonomy":"product_tag","embeddable":true,"href":"https:\/\/lyfilter.com\/pt\/wp-json\/wp\/v2\/product_tag?post=2251"}],"curies":[{"name":"wp","href":"https:\/\/api.w.org\/{rel}","templated":true}]}}