{"id":2248,"date":"2026-01-06T10:18:37","date_gmt":"2026-01-06T10:18:37","guid":{"rendered":"https:\/\/lyfilter.com\/?post_type=product&#038;p=2248"},"modified":"2026-01-06T10:18:38","modified_gmt":"2026-01-06T10:18:38","slug":"hospital-chemical-filter-0-45-5-1-10-microns-pe-polyethylene-powder-sintered-filter","status":"publish","type":"product","link":"https:\/\/lyfilter.com\/pt\/hospital-chemical-filter-0-45-5-1-10-microns-pe-polyethylene-powder-sintered-filter\/","title":{"rendered":"Filtro Qu\u00edmico Hospitalar 0.45 5 1 10 Microns PE Polietileno Filtro Sinterizado em P\u00f3"},"content":{"rendered":"<div class=\"unit-detail-html-tabs__content-attr\">\n<div class=\"unit-product-attrparam\">\n<div class=\"unit-product-attrparam__items row\">\n<div class=\"col-12 col-md-6\">\n<div class=\"unit-product-attrparam__item\">\n<div class=\"unit-product-attrparam__label\">Disponibilidade<\/div>\n<div class=\"unit-product-attrparam__value\" title=\"OEM\">OEM<\/div>\n<\/div>\n<\/div>\n<\/div>\n<\/div>\n<\/div>\n<div class=\"unit-detail-html-tabs__content-featuresAttr\"><\/div>\n<div class=\"unit-detail-html-tabs__content-html\">\n<div>\n<div>\n<div id=\"myybv\">\n<h3>Filtro qu\u00edmico hospitalar 0,45 5 1 10 m\u00edcrons Filtro sinterizado de polietileno em p\u00f3 PE<\/h3>\n<\/div>\n<div id=\"moyu5\">\n<p>A nossa empresa fabrica o filtro sinterizado de polietileno de peso molecular ultra-alto, o peso molecular \u00e9 superior a 3 milh\u00f5es de part\u00edculas de sinteriza\u00e7\u00e3o, utilizando um molde para utilizar a press\u00e3o no forno de sinteriza\u00e7\u00e3o. Ao adicionar materiais funcionais de v\u00e1rios tipos, por exemplo, carbono ativo, a mat\u00e9rias-primas pl\u00e1sticas convencionais, podemos remover eficazmente subst\u00e2ncias nocivas para o ambiente em gases e l\u00edquidos, tais como cheiro peculiar e mat\u00e9rias org\u00e2nicas, etc. Os whiskers de titanato de pot\u00e1ssio, por exemplo, podem trocar os i\u00f5es de metais pesados contidos nas \u00e1guas residuais, pelo que t\u00eam um excelente desempenho no tratamento de esgotos.<\/p>\n<p><img decoding=\"async\" src=\"https:\/\/img.yfisher.com\/m6076\/1725732589a2l\/png70-t3-scale100.webp\" alt=\"Filtro Qu\u00edmico Hospitalar 0,45 5 1 10 Microns PE Polietileno em P\u00f3 Sinterizado Filtro 2\" data-lazy=\"2\" title=\"\"><\/p>\n<\/div>\n<\/div>\n<\/div>\n<div>\n<div id=\"xxvdi\">\n<div class=\"table-responsive\">\n<table class=\"aliDataTable\">\n<tbody>\n<tr class=\"firstRow\">\n<td>\n<div>Nome do produto<\/div>\n<\/td>\n<td colspan=\"3\">\n<div>Tubo de filtro hidrof\u00edlico PE em p\u00f3 10\/50 m\u00edcrons de polietileno sinterizado\u00a0<a href=\"https:\/\/lyfilter.com\/pt\/products.html\/\">elemento filtrante<\/a>\u00a0para garrafa de oxig\u00e9nio hospitalar<\/div>\n<\/td>\n<\/tr>\n<tr>\n<td>\n<div>Di\u00e2metro<\/div>\n<\/td>\n<td colspan=\"3\">\n<div>10mm,20mm,30mm,40mm,50mm,60mm,70mm,80mm,90mm,100mm,110mm,<br \/>\n120mm, 200mm, etc.<\/div>\n<\/td>\n<\/tr>\n<tr>\n<td>\n<div>Comprimento<\/div>\n<\/td>\n<td colspan=\"3\">\n<div>1\u2033, 2,5\u2033, 5\u2033, 10\u2033 ,20\u2033 ,30\u2033 ,40\u2033, 50\u2033 etc<\/div>\n<\/td>\n<\/tr>\n<tr>\n<td>\n<div>Taxa de microns<\/div>\n<\/td>\n<td colspan=\"3\">\n<div>0.2um,0.3um,0.45um,1um,3um,5um,10um,20um,30um,40um,50um,100um,etc.<\/div>\n<\/td>\n<\/tr>\n<tr>\n<td>\n<div>Temperatura de funcionamento<\/div>\n<\/td>\n<td colspan=\"3\">\n<div>PE\u226480\u2103; PTFE\u2265200\u2103;PA\u2264120\u2103<\/div>\n<\/td>\n<\/tr>\n<tr>\n<td>\n<div>Conector do filtro<\/div>\n<\/td>\n<td colspan=\"3\">\n<div>PLANO, TIPO INSER\u00c7\u00c3O, TIPO ROSCA, 226,222,215, PERSONALIZADO<\/div>\n<\/td>\n<\/tr>\n<tr>\n<td>\n<div>Observa\u00e7\u00e3o<\/div>\n<\/td>\n<td colspan=\"3\">\n<div><strong>O tamanho do filtro e os microns podem ser personalizados. Tamanho mais pequeno ou maior!<\/strong><\/div>\n<\/td>\n<\/tr>\n<\/tbody>\n<\/table>\n<\/div>\n<\/div>\n<\/div>\n<div>\n<div>\n<div id=\"68vz7\">\n<p><strong>A. Ind\u00fastria ligeira e ind\u00fastria alimentar<\/strong><br \/>\n(1)Filtragem de xarope<br \/>\n(2)Filtragem da bebida<br \/>\n(3)Filtragem de vinho e de bebidas espirituosas brancas<br \/>\n(4)Filtragem de precis\u00e3o de \u00f3leo vegetal<br \/>\n(5)Filtragem de \u00f3leo essencial<br \/>\n(6)Filtragem de \u00e1gua mineral<\/p>\n<p><strong>B. M\u00e1quinas e ind\u00fastria petrol\u00edfera<\/strong><br \/>\n(1)Filtragem da solu\u00e7\u00e3o de revestimento<br \/>\n(2)Filtragem de precis\u00e3o de fluidos de limpeza de motores de combust\u00e3o interna<br \/>\n(3)Filtragem de lavagem de campos petrol\u00edferos<br \/>\n(4)Equipamento de \u00e1gua ultrapura para a ind\u00fastria el\u00e9ctrica<\/p>\n<p><strong>C. Tratamento de \u00e1guas residuais<\/strong><br \/>\n(1)Tratamento de \u00e1guas residuais de hidr\u00f3xidos mentais pesados<br \/>\n(2)Tratamento de \u00e1guas residuais de misturas de metais pesados<br \/>\n(3)Tratamento qu\u00edmico de \u00e1guas residuais<br \/>\n(4)Tratamento de \u00e1guas residuais de cer\u00e2mica<br \/>\n(5)Tratamento de \u00e1guas residuais contendo alum\u00ednio<br \/>\n(6)Outro tratamento de \u00e1guas residuais.<\/p>\n<\/div>\n<\/div>\n<\/div>\n<\/div>","protected":false},"excerpt":{"rendered":"<table>\n<thead>\n<tr>\n<th>item<\/th>\n<th>pormenores<\/th>\n<\/tr>\n<\/thead>\n<tbody>\n<tr>\n<td>porta de arranque<\/td>\n<td>guangzhou<\/td>\n<\/tr>\n<tr>\n<td>capacidade de produ\u00e7\u00e3o<\/td>\n<td>10000 unidades\/m\u00eas<\/td>\n<\/tr>\n<tr>\n<td>local de origem<\/td>\n<td>guangdong, china<\/td>\n<\/tr>\n<tr>\n<td>pagamento<\/td>\n<td>t\/t, garantia comercial alibaba<\/td>\n<\/tr>\n<tr>\n<td>moq<\/td>\n<td>1 unidade<\/td>\n<\/tr>\n<tr>\n<td>modelo<\/td>\n<td>ly-hfpl<\/td>\n<\/tr>\n<tr>\n<td>prazo de entrega<\/td>\n<td>no prazo de 7 dias \u00fateis<\/td>\n<\/tr>\n<tr>\n<td>certifica\u00e7\u00e3o<\/td>\n<td>iso 9001<\/td>\n<\/tr>\n<tr>\n<td>marca<\/td>\n<td>oem\/lvyuan<\/td>\n<\/tr>\n<\/tbody>\n<\/table>","protected":false},"featured_media":2253,"comment_status":"open","ping_status":"closed","template":"","meta":{"_gspb_post_css":""},"product_brand":[],"product_cat":[17,22],"product_tag":[939,261,262,260,268,282],"class_list":{"0":"post-2248","1":"product","2":"type-product","3":"status-publish","4":"has-post-thumbnail","6":"product_cat-sediment-filter","7":"product_cat-sintered-filter-cartridge","8":"product_tag-1-pcs-moq","9":"product_tag-guangdong-china","10":"product_tag-guangzhou-port","11":"product_tag-iso-9001","12":"product_tag-ly-hfpl","13":"product_tag-oem-lvyuan","15":"first","16":"instock","17":"shipping-taxable","18":"product-type-simple"},"_links":{"self":[{"href":"https:\/\/lyfilter.com\/pt\/wp-json\/wp\/v2\/product\/2248","targetHints":{"allow":["GET"]}}],"collection":[{"href":"https:\/\/lyfilter.com\/pt\/wp-json\/wp\/v2\/product"}],"about":[{"href":"https:\/\/lyfilter.com\/pt\/wp-json\/wp\/v2\/types\/product"}],"replies":[{"embeddable":true,"href":"https:\/\/lyfilter.com\/pt\/wp-json\/wp\/v2\/comments?post=2248"}],"wp:featuredmedia":[{"embeddable":true,"href":"https:\/\/lyfilter.com\/pt\/wp-json\/wp\/v2\/media\/2253"}],"wp:attachment":[{"href":"https:\/\/lyfilter.com\/pt\/wp-json\/wp\/v2\/media?parent=2248"}],"wp:term":[{"taxonomy":"product_brand","embeddable":true,"href":"https:\/\/lyfilter.com\/pt\/wp-json\/wp\/v2\/product_brand?post=2248"},{"taxonomy":"product_cat","embeddable":true,"href":"https:\/\/lyfilter.com\/pt\/wp-json\/wp\/v2\/product_cat?post=2248"},{"taxonomy":"product_tag","embeddable":true,"href":"https:\/\/lyfilter.com\/pt\/wp-json\/wp\/v2\/product_tag?post=2248"}],"curies":[{"name":"wp","href":"https:\/\/api.w.org\/{rel}","templated":true}]}}