{"id":2245,"date":"2026-01-06T10:17:16","date_gmt":"2026-01-06T10:17:16","guid":{"rendered":"https:\/\/lyfilter.com\/?post_type=product&#038;p=2245"},"modified":"2026-01-06T10:17:16","modified_gmt":"2026-01-06T10:17:16","slug":"m22-m20-thread-0-2-0-5-microns-pe-ptfe-sintered-disc-filter","status":"publish","type":"product","link":"https:\/\/lyfilter.com\/pt\/m22-m20-thread-0-2-0-5-microns-pe-ptfe-sintered-disc-filter\/","title":{"rendered":"M22 M20 Rosca 0.2 0.5 Microns PE PTFE Filtro de disco sinterizado"},"content":{"rendered":"<div id=\"ali-anchor-AliMagic-lhfchv\" class=\"magic-0\" data-section=\"AliMagic-lhfchv\" data-section-title=\"Product Description\"><strong>0.2 0.5 1 5 10 25 50 100 Microns Poroso Sinter PE PTFE Disco Frisado Disco de Filtro de Pl\u00e1stico Sinterizado<\/strong><\/div>\n<div class=\"magic-0\" data-section=\"AliMagic-lhfchv\" data-section-title=\"Product Description\"><\/div>\n<div class=\"icbu-pc-detailManyImage magic-1\" data-module-name=\"icbu-pc-detailManyImage\">\n<div class=\"magic-2\">O elemento filtrante PE tem uma distribui\u00e7\u00e3o uniforme do tamanho dos poros, forte resist\u00eancia a \u00e1cidos e \u00e1lcalis, resist\u00eancia a altas temperaturas, boas propriedades mec\u00e2nicas e forte resist\u00eancia a solventes org\u00e2nicos. A produ\u00e7\u00e3o de equipamento de tratamento de \u00e1gua em grande escala pode adotar o m\u00e9todo de remo\u00e7\u00e3o de esc\u00f3rias por refluxo autom\u00e1tico ou manual, as part\u00edculas s\u00f3lidas podem ser recuperadas por remo\u00e7\u00e3o de esc\u00f3rias secas, sem substitui\u00e7\u00e3o frequente de elementos filtrantes, funcionamento autom\u00e1tico, baixo custo de filtra\u00e7\u00e3o e outras vantagens, que s\u00e3o bem recebidas pelos utilizadores.<\/div>\n<\/div>\n<div class=\"detail-decorate-json-renderer-container\">\n<div class=\"magic-4\">\n<div class=\"magic-15\">\n<div class=\"magic-10\">\n<div class=\"magic-16\"><\/div>\n<\/div>\n<\/div>\n<\/div>\n<\/div>\n<div class=\"icbu-pc-images magic-22\">\n<div class=\"flex-layout-v\">\n<div class=\"flex-layout-h magic-22\">\n<div class=\"magic-23\"><img decoding=\"async\" src=\"https:\/\/img.yfisher.com\/m6076\/17257325876wq\/png70-t3-scale100.webp\" alt=\"M22 M20 Rosca 0.2 0.5 Microns PE PTFE Filtro de disco sinterizado 2\" data-lazy=\"2\" title=\"\"><\/div>\n<div class=\"magic-23\"><img decoding=\"async\" src=\"https:\/\/img.yfisher.com\/m6076\/1729225219lmv\/png70-t3-scale100.webp\" alt=\"M22 M20 Rosca 0.2 0.5 Microns PE PTFE Filtro de disco sinterizado 3\" data-lazy=\"2\" title=\"\"><\/div>\n<div class=\"magic-23\"><\/div>\n<div class=\"magic-23\"><strong>FAQ<\/strong><\/div>\n<\/div>\n<\/div>\n<\/div>\n<div class=\"icbu-pc-images magic-22\">\n<div class=\"flex-layout-v\">\n<div class=\"flex-layout-h magic-22\">\n<div class=\"magic-23\"><\/div>\n<\/div>\n<\/div>\n<\/div>\n<div id=\"ali-anchor-AliMagic-i4q4yj\" class=\"magic-0\" data-section=\"AliMagic-i4q4yj\" data-section-title=\"Application\">\n<p>Resposta: Normalmente \u00e9 necess\u00e1rio MOQ aqui, mas temos um vasto stock de produtos, pode fazer uma encomenda experimental. Podemos fornecer para si.<br \/>\nO tempo est\u00e1 dependente da sua quantidade;<\/p>\n<p>Q2: Posso obter uma amostra antes de fazer a encomenda formal?<br \/>\nResposta: Sim. Podemos apoiar-lhe amostras gr\u00e1tis para verificar a nossa qualidade, mas o frete tem de ser cobrado, se tiver conta expresso,<br \/>\ntamb\u00e9m podemos utilizar a sua conta para lhe enviar as nossas amostras.<\/p>\n<p>&nbsp;<\/p>\n<p>Q3: Sou um pequeno grossista, aceitam encomendas pequenas?<br \/>\nR: N\u00e3o h\u00e1 problema se for um pequeno grossista, gostar\u00edamos de crescer consigo.<\/p>\n<p>Q4: Posso acrescentar o meu log\u00f3tipo nos produtos m\u00e9dicos?<br \/>\nA: Sim, OEM e ODM est\u00e3o dispon\u00edveis para n\u00f3s.<\/p>\n<\/div>","protected":false},"excerpt":{"rendered":"<table>\n<thead>\n<tr>\n<th>sec\u00e7\u00e3o<\/th>\n<th>pormenores<\/th>\n<\/tr>\n<\/thead>\n<tbody>\n<tr>\n<td>produto<\/td>\n<td>disco filtrante de pl\u00e1stico sinterizado poroso \/ disco frisado (pe, ptfe)<\/td>\n<\/tr>\n<tr>\n<td>classifica\u00e7\u00f5es micr\u00f3nicas<\/td>\n<td>0,2, 0,5, 1, 5, 10, 25, 50, 100 microns<\/td>\n<\/tr>\n<tr>\n<td>materiais<\/td>\n<td>pe, ptfe<\/td>\n<\/tr>\n<tr>\n<td>carater\u00edsticas principais<\/td>\n<td>distribui\u00e7\u00e3o uniforme dos poros; forte resist\u00eancia a \u00e1cidos\/alcalinos; resist\u00eancia a altas temperaturas; boa resist\u00eancia mec\u00e2nica; resistente a solventes org\u00e2nicos<\/td>\n<\/tr>\n<tr>\n<td>aplica\u00e7\u00e3o t\u00edpica<\/td>\n<td>equipamento de tratamento de \u00e1gua em grande escala<\/td>\n<\/tr>\n<tr>\n<td>limpeza \/ manuten\u00e7\u00e3o<\/td>\n<td>remo\u00e7\u00e3o autom\u00e1tica ou manual de esc\u00f3rias por refluxo; a remo\u00e7\u00e3o de esc\u00f3rias a seco permite a recupera\u00e7\u00e3o de part\u00edculas s\u00f3lidas; n\u00e3o \u00e9 necess\u00e1ria a substitui\u00e7\u00e3o frequente de elementos; suporta o funcionamento autom\u00e1tico; baixo custo de filtra\u00e7\u00e3o<\/td>\n<\/tr>\n<tr>\n<td>op\u00e7\u00f5es de rosca apresentadas<\/td>\n<td>m22, m20<\/td>\n<\/tr>\n<tr>\n<td>exemplos de artigos listados<\/td>\n<td>\u201cm22 m20 rosca 0,2 0,5 microns pe ptfe filtro de disco sinterizado 2\u201d; \u201c... filtro 3\u201d<\/td>\n<\/tr>\n<tr>\n<td>moq \/ encomenda<\/td>\n<td>pode aplicar-se um prazo de validade, mas um vasto stock permite encomendas experimentais; o prazo de entrega depende da quantidade<\/td>\n<\/tr>\n<tr>\n<td>amostras<\/td>\n<td>amostras gr\u00e1tis dispon\u00edveis para verifica\u00e7\u00e3o da qualidade; frete a cobrar; pode enviar atrav\u00e9s da sua conta expresso<\/td>\n<\/tr>\n<tr>\n<td>pequenas encomendas<\/td>\n<td>aceite; adequado para pequenos grossistas<\/td>\n<\/tr>\n<tr>\n<td>personaliza\u00e7\u00e3o<\/td>\n<td>dispon\u00edvel oem\/odm; pode ser acrescentado um log\u00f3tipo<\/td>\n<\/tr>\n<\/tbody>\n<\/table>","protected":false},"featured_media":2250,"comment_status":"open","ping_status":"closed","template":"","meta":{"_gspb_post_css":""},"product_brand":[],"product_cat":[17,22],"product_tag":[951,952,949,950,948,642],"class_list":{"0":"post-2245","1":"product","2":"type-product","3":"status-publish","4":"has-post-thumbnail","6":"product_cat-sediment-filter","7":"product_cat-sintered-filter-cartridge","8":"product_tag-0-2-micron-filter","9":"product_tag-oem-odm-available","10":"product_tag-porous-pe-filter","11":"product_tag-ptfe-fritted-disc","12":"product_tag-sintered-filter-disc","13":"product_tag-water-treatment-filtration","15":"first","16":"instock","17":"shipping-taxable","18":"product-type-simple"},"_links":{"self":[{"href":"https:\/\/lyfilter.com\/pt\/wp-json\/wp\/v2\/product\/2245","targetHints":{"allow":["GET"]}}],"collection":[{"href":"https:\/\/lyfilter.com\/pt\/wp-json\/wp\/v2\/product"}],"about":[{"href":"https:\/\/lyfilter.com\/pt\/wp-json\/wp\/v2\/types\/product"}],"replies":[{"embeddable":true,"href":"https:\/\/lyfilter.com\/pt\/wp-json\/wp\/v2\/comments?post=2245"}],"wp:featuredmedia":[{"embeddable":true,"href":"https:\/\/lyfilter.com\/pt\/wp-json\/wp\/v2\/media\/2250"}],"wp:attachment":[{"href":"https:\/\/lyfilter.com\/pt\/wp-json\/wp\/v2\/media?parent=2245"}],"wp:term":[{"taxonomy":"product_brand","embeddable":true,"href":"https:\/\/lyfilter.com\/pt\/wp-json\/wp\/v2\/product_brand?post=2245"},{"taxonomy":"product_cat","embeddable":true,"href":"https:\/\/lyfilter.com\/pt\/wp-json\/wp\/v2\/product_cat?post=2245"},{"taxonomy":"product_tag","embeddable":true,"href":"https:\/\/lyfilter.com\/pt\/wp-json\/wp\/v2\/product_tag?post=2245"}],"curies":[{"name":"wp","href":"https:\/\/api.w.org\/{rel}","templated":true}]}}