{"id":2243,"date":"2026-01-06T10:15:27","date_gmt":"2026-01-06T10:15:27","guid":{"rendered":"https:\/\/lyfilter.com\/?post_type=product&#038;p=2243"},"modified":"2026-01-06T10:15:27","modified_gmt":"2026-01-06T10:15:27","slug":"medical-industry-sintered-60um-polyethylene-porous-filter-disc","status":"publish","type":"product","link":"https:\/\/lyfilter.com\/pt\/medical-industry-sintered-60um-polyethylene-porous-filter-disc\/","title":{"rendered":"Ind\u00fastria m\u00e9dica Disco de filtro poroso de polietileno sinterizado 60um"},"content":{"rendered":"<div class=\"unit-detail-html-tabs__content-attr\">\n<div class=\"unit-product-attrparam\">\n<div class=\"unit-product-attrparam__items row\">\n<div class=\"col-12 col-md-6\">\n<div class=\"unit-product-attrparam__item\">\n<div class=\"unit-product-attrparam__label\">Material<\/div>\n<div class=\"unit-product-attrparam__value\" title=\"pe \">pe<\/div>\n<\/div>\n<\/div>\n<div class=\"col-12 col-md-6\">\n<div class=\"unit-product-attrparam__item\">\n<div class=\"unit-product-attrparam__label\">Disponibilidade<\/div>\n<div class=\"unit-product-attrparam__value\" title=\"OEM\">OEM<\/div>\n<\/div>\n<\/div>\n<\/div>\n<\/div>\n<\/div>\n<div class=\"unit-detail-html-tabs__content-featuresAttr\"><\/div>\n<div class=\"unit-detail-html-tabs__content-html\">\n<div id=\"_root\" class=\"engine-app\" data-reactroot=\"\">\n<div id=\"ali-anchor-AliMagic-4nwo8b\" class=\"magic-0\" data-section=\"AliMagic-4nwo8b\" data-section-title=\"Product Description\"><strong>Filtros de disco de polietileno sinterizado PE poroso PP para a ind\u00fastria m\u00e9dica<\/strong><\/div>\n<div class=\"magic-0\" data-section=\"AliMagic-4nwo8b\" data-section-title=\"Product Description\"><\/div>\n<div class=\"magic-0\" data-section=\"AliMagic-4nwo8b\" data-section-title=\"Product Description\"><strong>Descri\u00e7\u00e3o do produto<\/strong><\/div>\n<p>&nbsp;<\/p>\n<p><img decoding=\"async\" src=\"https:\/\/img.yfisher.com\/m6076\/17257325856xw\/png70-t3-scale100.webp\" alt=\"Ind\u00fastria m\u00e9dica Disco de filtro poroso de polietileno sinterizado 60um 2\" data-lazy=\"2\" title=\"\"><\/p>\n<p><img decoding=\"async\" src=\"https:\/\/img.yfisher.com\/m6076\/17257325850nm\/png70-t3-scale100.webp\" alt=\"Ind\u00fastria m\u00e9dica Disco de filtro poroso de polietileno sinterizado 60um 3\" data-lazy=\"2\" title=\"\"><\/p>\n<div class=\"icbu-pc-images magic-1\">\n<div class=\"flex-layout-v\">\n<div class=\"flex-layout-h magic-1\">\n<div class=\"magic-2\"><\/div>\n<\/div>\n<\/div>\n<\/div>\n<div class=\"detail-decorate-json-renderer-container\">\n<div class=\"magic-4\">\n<div class=\"magic-7\">\n<div class=\"magic-8\">\n<div class=\"magic-9\">\n<p><strong>Vantagens dos produtos microporosos PP\/PE<\/strong><\/p>\n<p>N\u00e3o t\u00f3xico<br \/>\nLimpeza satisfat\u00f3ria<br \/>\nElevada precis\u00e3o de filtragem 5-60um<br \/>\nExcelente resist\u00eancia \u00e0 corros\u00e3o<br \/>\nLonga dura\u00e7\u00e3o e f\u00e1cil substitui\u00e7\u00e3o<\/p>\n<\/div>\n<\/div>\n<\/div>\n<\/div>\n<\/div>\n<div class=\"icbu-pc-images magic-1\">\n<div class=\"flex-layout-v\">\n<div class=\"flex-layout-h magic-1\">\n<div class=\"magic-13\"><\/div>\n<\/div>\n<\/div>\n<\/div>\n<div id=\"ali-anchor-AliMagic-u5zd9b\" class=\"magic-0\" data-section=\"AliMagic-u5zd9b\" data-section-title=\"Specification\">Especifica\u00e7\u00e3o<\/div>\n<div class=\"magic-0\" data-section=\"AliMagic-u5zd9b\" data-section-title=\"Specification\"><\/div>\n<div class=\"table-responsive\">\n<table border=\"1\" width=\"475\" cellspacing=\"0\" cellpadding=\"0\">\n<colgroup>\n<col \/>\n<col \/><\/colgroup>\n<tbody>\n<tr class=\"firstRow\">\n<td height=\"19\" data-spm-anchor-id=\"a2700.details.pronpeci14.i1.31556e41v5knch\">material<\/td>\n<td>PP PE em p\u00f3<\/td>\n<\/tr>\n<tr>\n<td height=\"19\">tamanho do poro<\/td>\n<td>5-60 m\u00edcrones<\/td>\n<\/tr>\n<tr>\n<td height=\"19\">forma<\/td>\n<td>disco, tubo, barra ou personalizado<\/td>\n<\/tr>\n<tr>\n<td height=\"19\">QUANTIDADE M\u00c1XIMA DE ENCOMENDA<\/td>\n<td>1 unidade<\/td>\n<\/tr>\n<\/tbody>\n<\/table>\n<\/div>\n<p>&nbsp;<\/p>\n<p>Carater\u00edsticas<\/p>\n<div class=\"magic-0\" data-section=\"AliMagic-0xxzp9\" data-section-title=\"Features\"><\/div>\n<div class=\"detail-decorate-json-renderer-container\">\n<div class=\"magic-4\">\n<div class=\"magic-7\">\n<div class=\"magic-8\">\n<div class=\"magic-9\">\n<p class=\"magic-10\">1. Elevada porosidade (60%) para assegurar um maior caudal por unidade de \u00e1rea.<br \/>\n2. Superf\u00edcie exterior lisa, as impurezas n\u00e3o s\u00e3o f\u00e1ceis de aderir, a lavagem das costas \u00e9 f\u00e1cil e completa.<br \/>\n3. R\u00edgido, excelentes propriedades mec\u00e2nicas.<br \/>\n4. Excelente resist\u00eancia a \u00e1cidos fortes, corros\u00e3o alcalina e resist\u00eancia a solventes org\u00e2nicos.<br \/>\n5. N\u00e3o h\u00e1 liberta\u00e7\u00e3o de part\u00edculas.<\/p>\n<p class=\"magic-10\">\n<\/div>\n<\/div>\n<\/div>\n<\/div>\n<\/div>\n<div id=\"ali-anchor-AliMagic-9lb9rt\" class=\"magic-0\" data-section=\"AliMagic-9lb9rt\" data-section-title=\"Application\">Aplica\u00e7\u00e3o<\/div>\n<div class=\"detail-decorate-json-renderer-container\">\n<div class=\"magic-4\">\n<div class=\"magic-7\">\n<div class=\"magic-8\">\n<div class=\"magic-9\">\n<p class=\"magic-10\">1. Ind\u00fastria farmac\u00eautica<br \/>\n2. Ind\u00fastria qu\u00edmica<br \/>\n3. Ind\u00fastria ligeira e ind\u00fastria alimentar<br \/>\n4. Ind\u00fastria de m\u00e1quinas e petr\u00f3leo<br \/>\n5. Fibra qu\u00edmica e ind\u00fastria t\u00eaxtil<br \/>\n6. Ind\u00fastria de tratamento de \u00e1guas residuais<\/p>\n<\/div>\n<\/div>\n<\/div>\n<\/div>\n<\/div>\n<div class=\"magic-0\" data-section=\"AliMagic-nc32gj\" data-section-title=\"Our Company\"><\/div>\n<div id=\"ali-anchor-AliMagic-nc32gj\" class=\"magic-0\" data-section=\"AliMagic-nc32gj\" data-section-title=\"Our Company\">A nossa empresa<\/div>\n<div class=\"icbu-pc-images magic-1\">\n<div class=\"flex-layout-v\">\n<div class=\"flex-layout-h magic-1\">\n<div class=\"magic-18\"><\/div>\n<\/div>\n<\/div>\n<\/div>\n<div class=\"icbu-pc-images magic-1\">\n<div class=\"flex-layout-v\">\n<div class=\"flex-layout-h magic-1\">\n<div class=\"magic-22\">Somos especializados na conce\u00e7\u00e3o e produ\u00e7\u00e3o de v\u00e1rios n\u00facleos de filtro, incluindo n\u00facleos de filtro PE de mol\u00e9cula ultra-alta, n\u00facleos de filtro de garrafa humidificadora, n\u00facleos de filtro com abertura para preven\u00e7\u00e3o de derrames para fins m\u00e9dicos com precis\u00e3o de filtro de 5-100 microns. Os produtos expandem-se imediatamente em \u00e1gua ou l\u00edquido para formar uma camada de prote\u00e7\u00e3o na superf\u00edcie. Sob a press\u00e3o de 0,06-0,05 mpa, o filtro impede o fluxo de l\u00edquido. Os n\u00facleos e cabe\u00e7as de filtro de preven\u00e7\u00e3o de derrames s\u00e3o amplamente aplicados em instrumentos m\u00e9dicos, como sacos de recolha de res\u00edduos descart\u00e1veis, tubos de revestimento para testes ESR e inje\u00e7\u00e3o, etc. Obtivemos com sucesso o certificado ISO9001:2008.<\/div>\n<\/div>\n<\/div>\n<\/div>\n<\/div>\n<\/div>","protected":false},"excerpt":{"rendered":"<table>\n<thead>\n<tr>\n<th>item<\/th>\n<th>pormenores<\/th>\n<\/tr>\n<\/thead>\n<tbody>\n<tr>\n<td>porta de arranque<\/td>\n<td>guangzhou<\/td>\n<\/tr>\n<tr>\n<td>capacidade de produ\u00e7\u00e3o<\/td>\n<td>10000 unidades\/m\u00eas<\/td>\n<\/tr>\n<tr>\n<td>local de origem<\/td>\n<td>guangdong, china<\/td>\n<\/tr>\n<tr>\n<td>pagamento<\/td>\n<td>t\/t<\/td>\n<\/tr>\n<tr>\n<td>moq<\/td>\n<td>1 unidade<\/td>\n<\/tr>\n<tr>\n<td>modelo<\/td>\n<td>ly-hfpl-7<\/td>\n<\/tr>\n<tr>\n<td>prazo de entrega<\/td>\n<td>no prazo de 7 dias \u00fateis<\/td>\n<\/tr>\n<tr>\n<td>certifica\u00e7\u00e3o<\/td>\n<td>iso 9001<\/td>\n<\/tr>\n<tr>\n<td>marca<\/td>\n<td>oem\/lvyuan<\/td>\n<\/tr>\n<\/tbody>\n<\/table>","protected":false},"featured_media":2246,"comment_status":"open","ping_status":"closed","template":"","meta":{"_gspb_post_css":""},"product_brand":[],"product_cat":[17,22],"product_tag":[939,261,262,260,278,282],"class_list":{"0":"post-2243","1":"product","2":"type-product","3":"status-publish","4":"has-post-thumbnail","6":"product_cat-sediment-filter","7":"product_cat-sintered-filter-cartridge","8":"product_tag-1-pcs-moq","9":"product_tag-guangdong-china","10":"product_tag-guangzhou-port","11":"product_tag-iso-9001","12":"product_tag-ly-hfpl-7","13":"product_tag-oem-lvyuan","15":"first","16":"instock","17":"shipping-taxable","18":"product-type-simple"},"_links":{"self":[{"href":"https:\/\/lyfilter.com\/pt\/wp-json\/wp\/v2\/product\/2243","targetHints":{"allow":["GET"]}}],"collection":[{"href":"https:\/\/lyfilter.com\/pt\/wp-json\/wp\/v2\/product"}],"about":[{"href":"https:\/\/lyfilter.com\/pt\/wp-json\/wp\/v2\/types\/product"}],"replies":[{"embeddable":true,"href":"https:\/\/lyfilter.com\/pt\/wp-json\/wp\/v2\/comments?post=2243"}],"wp:featuredmedia":[{"embeddable":true,"href":"https:\/\/lyfilter.com\/pt\/wp-json\/wp\/v2\/media\/2246"}],"wp:attachment":[{"href":"https:\/\/lyfilter.com\/pt\/wp-json\/wp\/v2\/media?parent=2243"}],"wp:term":[{"taxonomy":"product_brand","embeddable":true,"href":"https:\/\/lyfilter.com\/pt\/wp-json\/wp\/v2\/product_brand?post=2243"},{"taxonomy":"product_cat","embeddable":true,"href":"https:\/\/lyfilter.com\/pt\/wp-json\/wp\/v2\/product_cat?post=2243"},{"taxonomy":"product_tag","embeddable":true,"href":"https:\/\/lyfilter.com\/pt\/wp-json\/wp\/v2\/product_tag?post=2243"}],"curies":[{"name":"wp","href":"https:\/\/api.w.org\/{rel}","templated":true}]}}