{"id":2241,"date":"2026-01-06T10:14:02","date_gmt":"2026-01-06T10:14:02","guid":{"rendered":"https:\/\/lyfilter.com\/?post_type=product&#038;p=2241"},"modified":"2026-01-06T10:14:02","modified_gmt":"2026-01-06T10:14:02","slug":"500mm-width-0-5-1-10-micron-polyethylene-sintered-disc-filter","status":"publish","type":"product","link":"https:\/\/lyfilter.com\/pt\/500mm-width-0-5-1-10-micron-polyethylene-sintered-disc-filter\/","title":{"rendered":"Filtro de disco sinterizado de polietileno de 500 mm de largura 0,5 1 10 m\u00edcrons"},"content":{"rendered":"<div class=\"unit-detail-html-tabs__content-attr\">\n<div class=\"unit-product-attrparam\">\n<div class=\"unit-product-attrparam__items row\">\n<div class=\"col-12 col-md-6\">\n<div class=\"unit-product-attrparam__item\">\n<div class=\"unit-product-attrparam__label\">Material:pe<br \/>\nDisponibilidade: OEM\/ODM<\/div>\n<\/div>\n<\/div>\n<\/div>\n<\/div>\n<\/div>\n<div class=\"unit-detail-html-tabs__content-featuresAttr\"><\/div>\n<div class=\"unit-detail-html-tabs__content-html\">\n<div class=\"detail-decorate-json-renderer-container\"><strong>Filtro de disco sinterizado de polietileno de 500 mm de largura 0,5 1 10 m\u00edcrons<\/strong><\/p>\n<div class=\"magic-0\">\n<h3 class=\"magic-1\" data-id=\"title0\"><\/h3>\n<\/div>\n<\/div>\n<div id=\"ali-anchor-AliMagic-ernild\" class=\"magic-5\" data-section=\"AliMagic-ernild\" data-section-title=\"Product Description\">Descri\u00e7\u00e3o do produto<\/div>\n<div class=\"magic-5\" data-section=\"AliMagic-ernild\" data-section-title=\"Product Description\">O elemento filtrante sinterizado PE \u00e9 feito de polietileno de peso molecular ultra-elevado sinterizado e moldado, que \u00e9 compacto em estrutura, forte, leve em peso, capaz de suportar alta press\u00e3o de filtra\u00e7\u00e3o, n\u00e3o t\u00f3xico e ins\u00edpido, e tem boa resist\u00eancia \u00e0 corros\u00e3o de solventes \u00e1cidos e alcalinos.<br \/>\nO elemento filtrante PE tem uma distribui\u00e7\u00e3o uniforme do tamanho dos poros, forte resist\u00eancia a \u00e1cidos e \u00e1lcalis, resist\u00eancia a altas temperaturas, boas propriedades mec\u00e2nicas e forte resist\u00eancia a solventes org\u00e2nicos. A produ\u00e7\u00e3o de equipamento de tratamento de \u00e1gua em grande escala pode adotar o m\u00e9todo de remo\u00e7\u00e3o de esc\u00f3rias por refluxo autom\u00e1tico ou manual, as part\u00edculas s\u00f3lidas podem ser recuperadas por remo\u00e7\u00e3o de esc\u00f3rias secas, sem substitui\u00e7\u00e3o frequente de elementos filtrantes, funcionamento autom\u00e1tico, baixo custo de filtra\u00e7\u00e3o e outras vantagens, que s\u00e3o bem recebidas pelos utilizadores.<\/div>\n<div class=\"icbu-pc-detailManyImage magic-6\" data-module-name=\"icbu-pc-detailManyImage\">\n<div class=\"magic-7\">\n<div class=\"magic-10\">\n<div class=\"magic-16\">\n<div class=\"table-responsive\">\n<table border=\"1\" width=\"523\" cellspacing=\"0\" cellpadding=\"0\">\n<colgroup>\n<col \/>\n<col \/><\/colgroup>\n<tbody>\n<tr class=\"firstRow\">\n<td height=\"22\" data-spm-anchor-id=\"a2700.details.pronpeci14.i0.361d6ac1iKO6Ch\">Material<\/td>\n<td>pl\u00e1stico PE PP<\/td>\n<\/tr>\n<tr>\n<td height=\"42\">Aplica\u00e7\u00e3o<\/td>\n<td>F\u00e1brica de produ\u00e7\u00e3o, F\u00e1brica de alimentos e bebidas, Fazendas, Uso dom\u00e9stico, Energia e minera\u00e7\u00e3o, Sistema de filtragem<\/td>\n<\/tr>\n<tr>\n<td height=\"43\">Tamanho dos poros<\/td>\n<td>0,5um, 2um, 5um, 10um, 15um, 20um, 40um, 60um, 90um, 100um<\/td>\n<\/tr>\n<tr>\n<td rowspan=\"2\" height=\"42\">Carater\u00edstica<\/td>\n<td><\/td>\n<\/tr>\n<tr>\n<td height=\"22\">Distribui\u00e7\u00e3o uniforme das part\u00edculas, sem esc\u00f3rias, aspeto bonito<\/td>\n<\/tr>\n<tr>\n<td height=\"22\">Classifica\u00e7\u00e3o do filtro<\/td>\n<td>99.99%<\/td>\n<\/tr>\n<tr>\n<td height=\"22\">Espessura<\/td>\n<td>1-1000mm<\/td>\n<\/tr>\n<tr>\n<td height=\"22\">Largura<\/td>\n<td>0,1-500mm<\/td>\n<\/tr>\n<tr>\n<td height=\"21\">Forma<\/td>\n<td>Disco, tubo, copo ou forma personalizada<\/td>\n<\/tr>\n<tr>\n<td height=\"20\">Utiliza\u00e7\u00e3o<\/td>\n<td>Filtro de ar<\/td>\n<\/tr>\n<\/tbody>\n<\/table>\n<\/div>\n<\/div>\n<\/div>\n<\/div>\n<\/div>\n<p><img decoding=\"async\" src=\"https:\/\/img.yfisher.com\/m6076\/1725732581yet\/jpg70-t3-scale100.webp\" alt=\"Filtro de disco sinterizado de polietileno de 500 mm de largura 0,5 1 10 m\u00edcrones 2\" data-lazy=\"2\" title=\"\"><\/p>\n<div class=\"icbu-pc-images magic-22\">\n<div class=\"flex-layout-v\">\n<div class=\"flex-layout-h magic-22\">\n<div class=\"magic-28\">\n<p><strong>As nossas vantagens:<\/strong><\/p>\n<ul>\n<li>Fabricante profissional com muitos anos de experi\u00eancia<\/li>\n<li>Boa qualidade e pre\u00e7o competitivo<\/li>\n<li>OEM e ODM s\u00e3o bem-vindos<\/li>\n<li>Produzir de acordo com a sua amostra ou desenho<\/li>\n<li>S\u00e3o aceites v\u00e1rios elementos de pagamento<\/li>\n<li>Bom servi\u00e7o prestado por um gestor experiente<\/li>\n<li>Cada produto \u00e9 submetido a uma inspe\u00e7\u00e3o rigorosa individual<\/li>\n<li>Entrega atempada<\/li>\n<li>MOQ pequeno \u00e9 aceit\u00e1vel<\/li>\n<li>Rica experi\u00eancia em exporta\u00e7\u00e3o para \u00c1frica, M\u00e9dio Oriente, Sudeste Asi\u00e1tico e Am\u00e9rica do Sul<\/li>\n<\/ul>\n<\/div>\n<\/div>\n<\/div>\n<\/div>\n<\/div>","protected":false},"excerpt":{"rendered":"<table>\n<thead>\n<tr>\n<th>item<\/th>\n<th>pormenores<\/th>\n<\/tr>\n<\/thead>\n<tbody>\n<tr>\n<td>porta de arranque<\/td>\n<td>guangzhou<\/td>\n<\/tr>\n<tr>\n<td>capacidade de produ\u00e7\u00e3o<\/td>\n<td>10000 unidades\/m\u00eas<\/td>\n<\/tr>\n<tr>\n<td>local de origem<\/td>\n<td>guangdong, china<\/td>\n<\/tr>\n<tr>\n<td>pagamento<\/td>\n<td>t\/t, garantia comercial alibaba, paypal<\/td>\n<\/tr>\n<tr>\n<td>moq<\/td>\n<td>1 unidade<\/td>\n<\/tr>\n<tr>\n<td>modelo<\/td>\n<td>ly-hfpl<\/td>\n<\/tr>\n<tr>\n<td>prazo de entrega<\/td>\n<td>no prazo de 7 dias \u00fateis<\/td>\n<\/tr>\n<tr>\n<td>certifica\u00e7\u00e3o<\/td>\n<td>iso 9001<\/td>\n<\/tr>\n<tr>\n<td>marca<\/td>\n<td>oem\/lvyu<\/td>\n<\/tr>\n<\/tbody>\n<\/table>","protected":false},"featured_media":2244,"comment_status":"open","ping_status":"closed","template":"","meta":{"_gspb_post_css":""},"product_brand":[],"product_cat":[17,22],"product_tag":[939,261,262,260,268,947],"class_list":{"0":"post-2241","1":"product","2":"type-product","3":"status-publish","4":"has-post-thumbnail","6":"product_cat-sediment-filter","7":"product_cat-sintered-filter-cartridge","8":"product_tag-1-pcs-moq","9":"product_tag-guangdong-china","10":"product_tag-guangzhou-port","11":"product_tag-iso-9001","12":"product_tag-ly-hfpl","13":"product_tag-oem-lvyu","15":"first","16":"instock","17":"shipping-taxable","18":"product-type-simple"},"_links":{"self":[{"href":"https:\/\/lyfilter.com\/pt\/wp-json\/wp\/v2\/product\/2241","targetHints":{"allow":["GET"]}}],"collection":[{"href":"https:\/\/lyfilter.com\/pt\/wp-json\/wp\/v2\/product"}],"about":[{"href":"https:\/\/lyfilter.com\/pt\/wp-json\/wp\/v2\/types\/product"}],"replies":[{"embeddable":true,"href":"https:\/\/lyfilter.com\/pt\/wp-json\/wp\/v2\/comments?post=2241"}],"wp:featuredmedia":[{"embeddable":true,"href":"https:\/\/lyfilter.com\/pt\/wp-json\/wp\/v2\/media\/2244"}],"wp:attachment":[{"href":"https:\/\/lyfilter.com\/pt\/wp-json\/wp\/v2\/media?parent=2241"}],"wp:term":[{"taxonomy":"product_brand","embeddable":true,"href":"https:\/\/lyfilter.com\/pt\/wp-json\/wp\/v2\/product_brand?post=2241"},{"taxonomy":"product_cat","embeddable":true,"href":"https:\/\/lyfilter.com\/pt\/wp-json\/wp\/v2\/product_cat?post=2241"},{"taxonomy":"product_tag","embeddable":true,"href":"https:\/\/lyfilter.com\/pt\/wp-json\/wp\/v2\/product_tag?post=2241"}],"curies":[{"name":"wp","href":"https:\/\/api.w.org\/{rel}","templated":true}]}}