{"id":2239,"date":"2026-01-06T10:12:21","date_gmt":"2026-01-06T10:12:21","guid":{"rendered":"https:\/\/lyfilter.com\/?post_type=product&#038;p=2239"},"modified":"2026-01-06T10:12:21","modified_gmt":"2026-01-06T10:12:21","slug":"60-sintered-microporous-ptfe-tubing-30mpa-polyethylene-filters","status":"publish","type":"product","link":"https:\/\/lyfilter.com\/pt\/60-sintered-microporous-ptfe-tubing-30mpa-polyethylene-filters\/","title":{"rendered":"60\u201d Tubo de PTFE microporoso sinterizado Filtros de polietileno 30Mpa"},"content":{"rendered":"<div class=\"unit-detail-html-tabs__content-attr\">\n<div class=\"unit-product-attrparam\">\n<div class=\"unit-product-attrparam__items row\">\n<div class=\"col-12 col-md-6\">\n<div class=\"unit-product-attrparam__item\">\n<div class=\"unit-product-attrparam__label\">Material:pe<br \/>\nDisponibilidade: OEM\/ODM<\/div>\n<\/div>\n<\/div>\n<\/div>\n<\/div>\n<\/div>\n<div class=\"unit-detail-html-tabs__content-featuresAttr\"><\/div>\n<div class=\"unit-detail-html-tabs__content-html\">\n<div class=\"detail-decorate-json-renderer-container\">60\u201d Tubo de PTFE microporoso sinterizado Filtros de polietileno 30Mpa<\/p>\n<div class=\"magic-0\"><\/div>\n<\/div>\n<div id=\"ali-anchor-AliMagic-crxh1x\" class=\"magic-5\" data-section=\"AliMagic-crxh1x\" data-section-title=\"Product Description\"><strong>Carater\u00edsticas:<\/strong><\/div>\n<div class=\"detail-decorate-json-renderer-container\">\n<div class=\"magic-0\">\n<div class=\"magic-2\">\n<div class=\"magic-3\">\n<div class=\"magic-4\" data-id=\"paragraph0\">1. A placa fluidizada \u00e9 usada para equipamentos de revestimento em p\u00f3 ou m\u00e1quinas industriais.<br \/>\n2. Qualquer espessura de placa de fluidiza\u00e7\u00e3o de revestimento em p\u00f3: 3 a 50mm ou outros.<br \/>\n3. O tamanho e a forma (redondo ou quadrado) podem ser personalizados de acordo com os requisitos.<br \/>\n4. Esta placa de fluidiza\u00e7\u00e3o \u00e9 amplamente utilizada na tremonha de revestimento em p\u00f3, parte necess\u00e1ria para a pulveriza\u00e7\u00e3o de p\u00f3 suave e uniforme.<br \/>\n5. A placa de fluidifica\u00e7\u00e3o \u00e9 feita de material anti-est\u00e1tico, resistente a produtos qu\u00edmicos e \u00e0 prova de \u00e1gua.<\/div>\n<\/div>\n<\/div>\n<\/div>\n<\/div>\n<div class=\"detail-decorate-json-renderer-container\">\n<div class=\"magic-0\">\n<div class=\"magic-2\">\n<div class=\"magic-3\">\n<div class=\"magic-4\">1. Elevada porosidade para garantir um maior fluxo por unidade de \u00e1rea; 2. superf\u00edcie exterior lisa, as impurezas n\u00e3o s\u00e3o f\u00e1ceis de aderir, a lavagem das costas \u00e9 f\u00e1cil e completa; 3. capacidade anti-incrustante: a pequena dimens\u00e3o do filtro faz com que as impurezas n\u00e3o possam ser retidas no corpo do filtro; 4. resist\u00eancia a \u00e1cidos fortes, corros\u00e3o alcalina, resist\u00eancia a solventes org\u00e2nicos; 5. excelentes propriedades mec\u00e2nicas; 6. sem liberta\u00e7\u00e3o de part\u00edculas. 7. Ampla gama de produtos e vasto \u00e2mbito de aplica\u00e7\u00e3o<\/div>\n<\/div>\n<\/div>\n<\/div>\n<\/div>\n<div class=\"ife-detail-decorate-table\">\n<div class=\"table-responsive\">\n<table class=\"hight-light-first-column all magic-19\" border=\"1\" cellspacing=\"0\" cellpadding=\"0\">\n<tbody>\n<tr class=\"firstRow\">\n<td colspan=\"1\" rowspan=\"1\">\n<div class=\"magic-20\">Meios filtrantes<\/div>\n<\/td>\n<td colspan=\"1\" rowspan=\"1\">\n<div class=\"magic-21\">PE, HDPE, PTFE, PVDF, PA\/Nylon, etc.<\/div>\n<\/td>\n<\/tr>\n<tr>\n<td colspan=\"1\" rowspan=\"1\">\n<div class=\"magic-20\">Taxa de microns<\/div>\n<\/td>\n<td colspan=\"1\" rowspan=\"1\">\n<div class=\"magic-21\">0,2um, 0,5um, 1um, 3um, 5um, 10um, 25um, 30um, 50um, 75um, 100um, etc<\/div>\n<\/td>\n<\/tr>\n<tr>\n<td colspan=\"1\" rowspan=\"1\">\n<div class=\"magic-20\">Dimens\u00e3o de refer\u00eancia<\/p>\n<div>(mm)<\/div>\n<\/div>\n<\/td>\n<td colspan=\"1\" rowspan=\"1\">\n<div class=\"magic-21\">31x12x1000, 31x20x1000, 38x20x1000, 38x18x1000, 38x20x1200, 38x20x1300, 38x20x150, 38x20x400, 38x20x250, 38x20x200, 38x20x180,<br \/>\n38x20x150, 50x20x1000, 50x31x1000, 50x38x1000, 65x31x1000, 65x38x1000, 64x44x1000, 78x62x750mm, etc.<\/div>\n<\/td>\n<\/tr>\n<tr>\n<td colspan=\"1\" rowspan=\"1\">\n<div class=\"magic-20\">Tipo de conetor<\/div>\n<\/td>\n<td colspan=\"1\" rowspan=\"1\">\n<div class=\"magic-21\">DOE, SOE, plano, inserto, rosca, 226, 222, 215, M36, M30, M27, M25, M22, M14, M12, ou conforme pedido.<\/div>\n<\/td>\n<\/tr>\n<tr>\n<td colspan=\"1\" rowspan=\"1\">\n<div class=\"magic-20\">Temperatura m\u00e1xima de funcionamento<\/div>\n<\/td>\n<td colspan=\"1\" rowspan=\"1\">\n<div class=\"magic-21\">PE\u226482\u2103; PTFE\u2265200\u2103; PA\u2264120\u2103<\/div>\n<\/td>\n<\/tr>\n<\/tbody>\n<\/table>\n<\/div>\n<\/div>\n<p><img decoding=\"async\" src=\"https:\/\/img.yfisher.com\/m6076\/1725732580py8\/png70-t3-scale100.webp\" alt=\"60&#039;&#039; Tubo de PTFE microporoso sinterizado 30Mpa Filtros de polietileno 2\" data-lazy=\"2\" title=\"\"><\/p>\n<div class=\"icbu-pc-images magic-22\">\n<div class=\"flex-layout-v\">\n<div class=\"flex-layout-h magic-22\">\n<div class=\"magic-30\"><strong>FAQ<\/strong><\/div>\n<\/div>\n<\/div>\n<\/div>\n<div id=\"ali-anchor-AliMagic-9ckahp\" class=\"magic-5\" data-section=\"AliMagic-9ckahp\" data-section-title=\"Contact\">\n<p>Q1: \u00c9 fabricante?<br \/>\nA: Sim, n\u00f3s somos fabricante, nossa f\u00e1brica est\u00e1 localizada na cidade de langfang, prov\u00edncia de Hebei, China. Bem-vindo a visitar-nos!<\/p>\n<p>Q2: Aceitam OEM?<br \/>\nR: Sim, podemos fabricar de acordo com a sua exig\u00eancia.<\/p>\n<p>Q3. Posso obter algumas amostras?<br \/>\nR: Temos a honra de lhe oferecer amostras. Exceto o frete.<\/p>\n<p>Q4. Qual \u00e9 o prazo de entrega?<br \/>\nR: Se os produtos estiverem em stock, o prazo \u00e9 normalmente de 2 a 3 dias. Se a mercadoria n\u00e3o estiver em stock, o prazo \u00e9 normalmente de 7 a 15 dias. Tamb\u00e9m definimos o prazo de entrega com base no n\u00famero de artigos.<\/p>\n<p>Q5. Quais s\u00e3o as condi\u00e7\u00f5es de pagamento?<br \/>\nA: T\/T 30% como dep\u00f3sito, e 70% antes da entrega. Mostrar-lhe-emos as fotografias dos produtos e das embalagens antes de pagar o dep\u00f3sito.<br \/>\nequil\u00edbrio.<\/p>\n<\/div>\n<\/div>","protected":false},"excerpt":{"rendered":"<table>\n<thead>\n<tr>\n<th>item<\/th>\n<th>pormenores<\/th>\n<\/tr>\n<\/thead>\n<tbody>\n<tr>\n<td>porta de arranque<\/td>\n<td>guangzhou<\/td>\n<\/tr>\n<tr>\n<td>capacidade de produ\u00e7\u00e3o<\/td>\n<td>10000 unidades\/m\u00eas<\/td>\n<\/tr>\n<tr>\n<td>local de origem<\/td>\n<td>guangdong, china<\/td>\n<\/tr>\n<tr>\n<td>pagamento<\/td>\n<td>t\/t, garantia comercial alibaba, paypal<\/td>\n<\/tr>\n<tr>\n<td>moq<\/td>\n<td>1 unidade<\/td>\n<\/tr>\n<tr>\n<td>modelo<\/td>\n<td>ly-hfpl<\/td>\n<\/tr>\n<tr>\n<td>prazo de entrega<\/td>\n<td>no prazo de 7 dias \u00fateis<\/td>\n<\/tr>\n<tr>\n<td>marca<\/td>\n<td>oem\/lvyuan<\/td>\n<\/tr>\n<\/tbody>\n<\/table>","protected":false},"featured_media":2242,"comment_status":"open","ping_status":"closed","template":"","meta":{"_gspb_post_css":""},"product_brand":[],"product_cat":[22,17],"product_tag":[939,261,262,268,282,941],"class_list":{"0":"post-2239","1":"product","2":"type-product","3":"status-publish","4":"has-post-thumbnail","6":"product_cat-sintered-filter-cartridge","7":"product_cat-sediment-filter","8":"product_tag-1-pcs-moq","9":"product_tag-guangdong-china","10":"product_tag-guangzhou-port","11":"product_tag-ly-hfpl","12":"product_tag-oem-lvyuan","13":"product_tag-paypal-payment","15":"first","16":"instock","17":"shipping-taxable","18":"product-type-simple"},"_links":{"self":[{"href":"https:\/\/lyfilter.com\/pt\/wp-json\/wp\/v2\/product\/2239","targetHints":{"allow":["GET"]}}],"collection":[{"href":"https:\/\/lyfilter.com\/pt\/wp-json\/wp\/v2\/product"}],"about":[{"href":"https:\/\/lyfilter.com\/pt\/wp-json\/wp\/v2\/types\/product"}],"replies":[{"embeddable":true,"href":"https:\/\/lyfilter.com\/pt\/wp-json\/wp\/v2\/comments?post=2239"}],"wp:featuredmedia":[{"embeddable":true,"href":"https:\/\/lyfilter.com\/pt\/wp-json\/wp\/v2\/media\/2242"}],"wp:attachment":[{"href":"https:\/\/lyfilter.com\/pt\/wp-json\/wp\/v2\/media?parent=2239"}],"wp:term":[{"taxonomy":"product_brand","embeddable":true,"href":"https:\/\/lyfilter.com\/pt\/wp-json\/wp\/v2\/product_brand?post=2239"},{"taxonomy":"product_cat","embeddable":true,"href":"https:\/\/lyfilter.com\/pt\/wp-json\/wp\/v2\/product_cat?post=2239"},{"taxonomy":"product_tag","embeddable":true,"href":"https:\/\/lyfilter.com\/pt\/wp-json\/wp\/v2\/product_tag?post=2239"}],"curies":[{"name":"wp","href":"https:\/\/api.w.org\/{rel}","templated":true}]}}