{"id":2237,"date":"2026-01-06T10:10:54","date_gmt":"2026-01-06T10:10:54","guid":{"rendered":"https:\/\/lyfilter.com\/?post_type=product&#038;p=2237"},"modified":"2026-01-06T10:10:54","modified_gmt":"2026-01-06T10:10:54","slug":"beverage-gas-0-5um-2um-synthetic-glass-porous-filter-disc","status":"publish","type":"product","link":"https:\/\/lyfilter.com\/pt\/beverage-gas-0-5um-2um-synthetic-glass-porous-filter-disc\/","title":{"rendered":"G\u00e1s para bebidas 0,5um 2um Disco de filtro poroso de vidro sint\u00e9tico"},"content":{"rendered":"<div class=\"unit-detail-html-tabs__content-attr\">\n<div class=\"unit-product-attrparam\">\n<div class=\"unit-product-attrparam__items row\">\n<div class=\"col-12 col-md-6\">\n<div class=\"unit-product-attrparam__item\">\n<div class=\"unit-product-attrparam__label\">Material<\/div>\n<div class=\"unit-product-attrparam__value\" title=\"pe \">pe<\/div>\n<\/div>\n<\/div>\n<div class=\"col-12 col-md-6\">\n<div class=\"unit-product-attrparam__item\">\n<div class=\"unit-product-attrparam__label\">Disponibilidade<\/div>\n<div class=\"unit-product-attrparam__value\" title=\"OEM\">OEM<\/div>\n<\/div>\n<\/div>\n<\/div>\n<\/div>\n<\/div>\n<div class=\"unit-detail-html-tabs__content-featuresAttr\"><\/div>\n<div class=\"unit-detail-html-tabs__content-html\">\n<div class=\"detail-decorate-json-renderer-container\">\n<div class=\"magic-0\">\n<h3 class=\"magic-1\" data-id=\"title0\"><strong>Disco de filtro de polietileno de vidro de sinteriza\u00e7\u00e3o personalizado Disco de filtro de pl\u00e1stico sint\u00e9tico<\/strong><\/h3>\n<div class=\"magic-2\">\n<div class=\"magic-3\">\n<div class=\"magic-4\" data-id=\"paragraph0\">Os elementos filtrantes sinterizados s\u00e3o amplamente utilizados em produtos qu\u00edmicos, petr\u00f3leo, metalurgia, artesanato a\u00e9reo, g\u00e1s, eletr\u00f3nica, farm\u00e1cia, pneum\u00e1tica, componentes de reguladores de ar, press\u00e3o\u00a0<a href=\"https:\/\/lyfilter.com\/pt\/products.html\/\">elemento filtrante<\/a>s, filtros de ar e outros campos.<\/div>\n<div class=\"magic-4\" data-id=\"paragraph0\"><\/div>\n<p>&nbsp;<\/p>\n<div class=\"table-responsive\">\n<table border=\"1\" width=\"395\" cellspacing=\"0\" cellpadding=\"0\">\n<colgroup>\n<col \/>\n<col \/><\/colgroup>\n<tbody>\n<tr class=\"firstRow\">\n<td height=\"22\" data-spm-anchor-id=\"a2700.details.pronpeci14.i2.724435c5sezBu7\">Material<\/td>\n<td>pl\u00e1stico PE PP<\/td>\n<\/tr>\n<tr>\n<td height=\"87\">Aplica\u00e7\u00e3o<\/td>\n<td>F\u00e1brica de produ\u00e7\u00e3o, F\u00e1brica de alimentos e bebidas, Fazendas, Uso dom\u00e9stico, Energia e minera\u00e7\u00e3o, Sistema de filtragem<\/td>\n<\/tr>\n<tr>\n<td height=\"76\">Tamanho dos poros<\/td>\n<td>0,5um, 2um, 5um, 10um, 15um, 20um, 40um, 60um, 90um, 100um<\/td>\n<\/tr>\n<tr>\n<td rowspan=\"2\" height=\"62\">Carater\u00edstica<\/td>\n<td><\/td>\n<\/tr>\n<tr>\n<td height=\"43\">Distribui\u00e7\u00e3o uniforme das part\u00edculas, sem esc\u00f3rias, aspeto bonito<\/td>\n<\/tr>\n<tr>\n<td height=\"43\">Classifica\u00e7\u00e3o do filtro<\/td>\n<td>99.99%<\/td>\n<\/tr>\n<tr>\n<td height=\"22\">Espessura<\/td>\n<td>1-1000mm<\/td>\n<\/tr>\n<tr>\n<td height=\"41\">Largura<\/td>\n<td>0,1-500mm<\/td>\n<\/tr>\n<tr>\n<td height=\"48\">Forma<\/td>\n<td>Disco, tubo, copo ou forma personalizada<\/p>\n<p>&nbsp;<\/td>\n<\/tr>\n<\/tbody>\n<\/table>\n<\/div>\n<p>&nbsp;<\/p>\n<p><img decoding=\"async\" src=\"https:\/\/img.yfisher.com\/m6076\/1725732578oap\/jpg70-t3-scale100.webp\" alt=\"G\u00e1s para bebidas 0,5um 2um Disco de filtro poroso de vidro sint\u00e9tico 2\" data-lazy=\"2\" title=\"\"><\/p>\n<div class=\"magic-4\" data-id=\"paragraph0\"><\/div>\n<div class=\"magic-4\" data-id=\"paragraph0\">\n<p><strong>As nossas vantagens:<\/strong><\/p>\n<p>&nbsp;<\/p>\n<ul>\n<li>Fabricante profissional com muitos anos de experi\u00eancia<\/li>\n<li>Boa qualidade e pre\u00e7o competitivo<\/li>\n<li>OEM e ODM s\u00e3o bem-vindos<\/li>\n<li>Produzir de acordo com a sua amostra ou desenho<\/li>\n<li>S\u00e3o aceites v\u00e1rios elementos de pagamento<\/li>\n<li>Bom servi\u00e7o prestado por um gestor experiente<\/li>\n<li>Cada produto \u00e9 submetido a uma inspe\u00e7\u00e3o rigorosa individual<\/li>\n<li>Entrega atempada<\/li>\n<li>MOQ pequeno \u00e9 aceit\u00e1vel<\/li>\n<li>Rica experi\u00eancia em exporta\u00e7\u00e3o para \u00c1frica, M\u00e9dio Oriente, Sudeste Asi\u00e1tico e Am\u00e9rica do Sul<\/li>\n<\/ul>\n<\/div>\n<\/div>\n<\/div>\n<\/div>\n<\/div>\n<\/div>","protected":false},"excerpt":{"rendered":"<table>\n<thead>\n<tr>\n<th>item<\/th>\n<th>pormenores<\/th>\n<\/tr>\n<\/thead>\n<tbody>\n<tr>\n<td>porta de arranque<\/td>\n<td>guangzhou<\/td>\n<\/tr>\n<tr>\n<td>capacidade de produ\u00e7\u00e3o<\/td>\n<td>10000 unidades\/m\u00eas<\/td>\n<\/tr>\n<tr>\n<td>local de origem<\/td>\n<td>guangdong, china<\/td>\n<\/tr>\n<tr>\n<td>pagamento<\/td>\n<td>t\/t, garantia comercial alibaba, paypal<\/td>\n<\/tr>\n<tr>\n<td>moq<\/td>\n<td>1 unidade<\/td>\n<\/tr>\n<tr>\n<td>modelo<\/td>\n<td>ly-hfpl<\/td>\n<\/tr>\n<tr>\n<td>prazo de entrega<\/td>\n<td>no prazo de 7 dias \u00fateis<\/td>\n<\/tr>\n<tr>\n<td>certifica\u00e7\u00e3o<\/td>\n<td>iso 9001<\/td>\n<\/tr>\n<\/tbody>\n<\/table>","protected":false},"featured_media":2240,"comment_status":"open","ping_status":"closed","template":"","meta":{"_gspb_post_css":""},"product_brand":[],"product_cat":[15],"product_tag":[939,261,262,260,268,941],"class_list":{"0":"post-2237","1":"product","2":"type-product","3":"status-publish","4":"has-post-thumbnail","6":"product_cat-stainless-steel-filter-housing","7":"product_tag-1-pcs-moq","8":"product_tag-guangdong-china","9":"product_tag-guangzhou-port","10":"product_tag-iso-9001","11":"product_tag-ly-hfpl","12":"product_tag-paypal-payment","14":"first","15":"instock","16":"shipping-taxable","17":"product-type-simple"},"_links":{"self":[{"href":"https:\/\/lyfilter.com\/pt\/wp-json\/wp\/v2\/product\/2237","targetHints":{"allow":["GET"]}}],"collection":[{"href":"https:\/\/lyfilter.com\/pt\/wp-json\/wp\/v2\/product"}],"about":[{"href":"https:\/\/lyfilter.com\/pt\/wp-json\/wp\/v2\/types\/product"}],"replies":[{"embeddable":true,"href":"https:\/\/lyfilter.com\/pt\/wp-json\/wp\/v2\/comments?post=2237"}],"wp:featuredmedia":[{"embeddable":true,"href":"https:\/\/lyfilter.com\/pt\/wp-json\/wp\/v2\/media\/2240"}],"wp:attachment":[{"href":"https:\/\/lyfilter.com\/pt\/wp-json\/wp\/v2\/media?parent=2237"}],"wp:term":[{"taxonomy":"product_brand","embeddable":true,"href":"https:\/\/lyfilter.com\/pt\/wp-json\/wp\/v2\/product_brand?post=2237"},{"taxonomy":"product_cat","embeddable":true,"href":"https:\/\/lyfilter.com\/pt\/wp-json\/wp\/v2\/product_cat?post=2237"},{"taxonomy":"product_tag","embeddable":true,"href":"https:\/\/lyfilter.com\/pt\/wp-json\/wp\/v2\/product_tag?post=2237"}],"curies":[{"name":"wp","href":"https:\/\/api.w.org\/{rel}","templated":true}]}}