{"id":2234,"date":"2026-01-06T10:09:40","date_gmt":"2026-01-06T10:09:40","guid":{"rendered":"https:\/\/lyfilter.com\/?post_type=product&#038;p=2234"},"modified":"2026-01-06T10:09:40","modified_gmt":"2026-01-06T10:09:40","slug":"sintered-porous-polyethylene-pe-hdpe-resin-filter","status":"publish","type":"product","link":"https:\/\/lyfilter.com\/pt\/sintered-porous-polyethylene-pe-hdpe-resin-filter\/","title":{"rendered":"Filtro de resina de polietileno PE Hdpe poroso sinterizado"},"content":{"rendered":"<div class=\"unit-detail-html-tabs__content-attr\">\n<div class=\"unit-product-attrparam\">\n<div class=\"unit-product-attrparam__items row\">\n<div class=\"col-12 col-md-6\">\n<div class=\"unit-product-attrparam__item\">\n<div class=\"unit-product-attrparam__label\">Disponibilidade:OEM<\/div>\n<\/div>\n<\/div>\n<\/div>\n<\/div>\n<\/div>\n<div class=\"unit-detail-html-tabs__content-featuresAttr\"><\/div>\n<div class=\"unit-detail-html-tabs__content-html\">\n<p><strong>Filtro de resinas de polietileno PE Hdpe poroso sinterizado<\/strong><\/p>\n<p>&nbsp;<\/p>\n<p>Vantagens dos produtos microporosos PP\/PE<br \/>\nN\u00e3o t\u00f3xico<br \/>\nLimpeza satisfat\u00f3ria<br \/>\nElevada precis\u00e3o de filtragem 5-60um<br \/>\nExcelente resist\u00eancia \u00e0 corros\u00e3o<br \/>\nLonga dura\u00e7\u00e3o e f\u00e1cil substitui\u00e7\u00e3o<\/p>\n<p><img decoding=\"async\" src=\"https:\/\/img.yfisher.com\/m6076\/1725732576zgq\/jpg70-t3-scale100.webp\" alt=\"Filtro de resina de polietileno PE Hdpe poroso sinterizado 2\" data-lazy=\"2\" title=\"\"><\/p>\n<div class=\"table-responsive\">\n<table border=\"1\" width=\"400\" cellspacing=\"0\" cellpadding=\"0\">\n<colgroup>\n<col \/>\n<col \/><\/colgroup>\n<tbody>\n<tr class=\"firstRow\">\n<td height=\"19\">material<\/td>\n<td>PP PE em p\u00f3<\/td>\n<\/tr>\n<tr>\n<td height=\"19\">tamanho do poro<\/td>\n<td>5-60 m\u00edcrones<\/td>\n<\/tr>\n<tr>\n<td height=\"19\">forma<\/td>\n<td>disco, tubo, barra ou personalizado<\/td>\n<\/tr>\n<tr>\n<td height=\"19\">QUANTIDADE M\u00c1XIMA DE ENCOMENDA<\/td>\n<td data-spm-anchor-id=\"a2700.details.0.i28.10c16e41LF1TJI\">1 unidade<\/td>\n<\/tr>\n<\/tbody>\n<\/table>\n<\/div>\n<p>A nossa empresa inclui investiga\u00e7\u00e3o, design, produ\u00e7\u00e3o, venda e assist\u00eancia t\u00e9cnica, todo o processo. Dispomos de compet\u00eancias t\u00e9cnicas profissionais e de um sistema de gest\u00e3o da qualidade sistem\u00e1tico. O nosso objetivo \u00e9 fornecer um substituto de importa\u00e7\u00e3o de alta qualidade e um plano de design perfeito.<\/p>\n<p><strong>As nossas vantagens:<\/strong><\/p>\n<p>Fabricante profissional com muitos anos de experi\u00eancia<br \/>\nBoa qualidade e pre\u00e7o competitivo<br \/>\nOEM e ODM s\u00e3o bem-vindos<br \/>\nProduzir de acordo com a sua amostra ou desenho<br \/>\nS\u00e3o aceites v\u00e1rios elementos de pagamento<br \/>\nBom servi\u00e7o prestado por um gestor experiente<br \/>\nCada produto \u00e9 submetido a uma inspe\u00e7\u00e3o rigorosa individual<br \/>\nEntrega atempada<br \/>\nMOQ pequeno \u00e9 aceit\u00e1vel<br \/>\nRica experi\u00eancia em exporta\u00e7\u00e3o para \u00c1frica, M\u00e9dio Oriente, Sudeste Asi\u00e1tico e Am\u00e9rica do Sul<\/p>\n<\/div>","protected":false},"excerpt":{"rendered":"<table>\n<thead>\n<tr>\n<th>item<\/th>\n<th>pormenores<\/th>\n<\/tr>\n<\/thead>\n<tbody>\n<tr>\n<td>porta de arranque<\/td>\n<td>guangzhou<\/td>\n<\/tr>\n<tr>\n<td>capacidade de produ\u00e7\u00e3o<\/td>\n<td>10000 unidades\/m\u00eas<\/td>\n<\/tr>\n<tr>\n<td>pagamento<\/td>\n<td>t\/t, garantia comercial alibaba<\/td>\n<\/tr>\n<tr>\n<td>moq<\/td>\n<td>1 unidade<\/td>\n<\/tr>\n<tr>\n<td>modelo<\/td>\n<td>ly-hfpl<\/td>\n<\/tr>\n<tr>\n<td>prazo de entrega<\/td>\n<td>no prazo de 7 dias \u00fateis<\/td>\n<\/tr>\n<tr>\n<td>certifica\u00e7\u00e3o<\/td>\n<td>iso 9001<\/td>\n<\/tr>\n<\/tbody>\n<\/table>","protected":false},"featured_media":2238,"comment_status":"open","ping_status":"closed","template":"","meta":{"_gspb_post_css":""},"product_brand":[],"product_cat":[17,22],"product_tag":[939,279,262,260,268,946],"class_list":{"0":"post-2234","1":"product","2":"type-product","3":"status-publish","4":"has-post-thumbnail","6":"product_cat-sediment-filter","7":"product_cat-sintered-filter-cartridge","8":"product_tag-1-pcs-moq","9":"product_tag-alibaba-trade-assurance","10":"product_tag-guangzhou-port","11":"product_tag-iso-9001","12":"product_tag-ly-hfpl","13":"product_tag-t-t-payment","15":"first","16":"instock","17":"shipping-taxable","18":"product-type-simple"},"_links":{"self":[{"href":"https:\/\/lyfilter.com\/pt\/wp-json\/wp\/v2\/product\/2234","targetHints":{"allow":["GET"]}}],"collection":[{"href":"https:\/\/lyfilter.com\/pt\/wp-json\/wp\/v2\/product"}],"about":[{"href":"https:\/\/lyfilter.com\/pt\/wp-json\/wp\/v2\/types\/product"}],"replies":[{"embeddable":true,"href":"https:\/\/lyfilter.com\/pt\/wp-json\/wp\/v2\/comments?post=2234"}],"wp:featuredmedia":[{"embeddable":true,"href":"https:\/\/lyfilter.com\/pt\/wp-json\/wp\/v2\/media\/2238"}],"wp:attachment":[{"href":"https:\/\/lyfilter.com\/pt\/wp-json\/wp\/v2\/media?parent=2234"}],"wp:term":[{"taxonomy":"product_brand","embeddable":true,"href":"https:\/\/lyfilter.com\/pt\/wp-json\/wp\/v2\/product_brand?post=2234"},{"taxonomy":"product_cat","embeddable":true,"href":"https:\/\/lyfilter.com\/pt\/wp-json\/wp\/v2\/product_cat?post=2234"},{"taxonomy":"product_tag","embeddable":true,"href":"https:\/\/lyfilter.com\/pt\/wp-json\/wp\/v2\/product_tag?post=2234"}],"curies":[{"name":"wp","href":"https:\/\/api.w.org\/{rel}","templated":true}]}}